{"id":1534,"date":"2019-04-02T10:07:35","date_gmt":"2019-04-02T13:07:35","guid":{"rendered":"http:\/\/propesp.uepa.br\/?page_id=1534"},"modified":"2026-04-08T14:28:25","modified_gmt":"2026-04-08T14:28:25","slug":"comites-de-etica-em-pesquisa","status":"publish","type":"page","link":"https:\/\/propesp.uepa.br\/index.php\/comites-de-etica-em-pesquisa\/","title":{"rendered":"Comit\u00eas de \u00c9tica em Pesquisa"},"content":{"rendered":"\n<div class=\"wp-block-uagb-container uagb-block-9d7aaeb6 alignfull uagb-is-root-container\"><div class=\"uagb-container-inner-blocks-wrap\">\n<div class=\"wp-block-uagb-advanced-heading uagb-block-a030ac15\"><h1 class=\"uagb-heading-text\">Comit\u00eas de \u00c9tica em Pesquisa<\/h1><div class=\"uagb-separator\"><\/div><\/div>\n\n\n\n<div class=\"wp-block-uagb-container uagb-block-dd2dd899\">\n<div class=\"wp-block-uagb-advanced-heading uagb-block-47602856\"><h3 class=\"uagb-heading-text\">Centro de Ci\u00eancias Biol\u00f3gicas e da Sa\u00fade \u2013 CCBS (Campus II)<\/h3><div class=\"uagb-separator\"><\/div><\/div>\n\n\n\n<div class=\"wp-block-uagb-advanced-heading uagb-block-41f3944e\"><p class=\"uagb-heading-text\"><strong>Munic\u00edpio:&nbsp;<\/strong>Bel\u00e9m<br><strong>Coordenador(a):&nbsp;<\/strong>Regina Gabriela Caldas de Moraes<br><strong>Vice-Coordenador(a):<\/strong>&nbsp;Alessandra Eluan da Silva<br><strong>Secret\u00e1ria:&nbsp;<\/strong>Cristina Maria Costa da Silva<br><strong>Endere\u00e7o:&nbsp;<\/strong>Tv. Perebebu\u00ed, 2623, 1o. Andar Biblioteca. Marco. Bel\u00e9m \u2013 PA. CEP 66087-670<br><strong>Telefone:&nbsp;<\/strong>(91) 3131-1781<br><strong>E-mail:<\/strong>&nbsp;<a href=\"mailto:cepccbs@uepa.br\">cepccbs@uepa.br<\/a><br><strong>Data da Implanta\u00e7\u00e3o:&nbsp;<\/strong>09\/08\/2018<br><strong>Validade junto ao CONEP:&nbsp;<\/strong>28\/09\/2024<\/p><\/div>\n\n\n\t\t\t<div \n\t\t\tclass=\"wp-block-uagb-google-map uagb-google-map__wrap uagb-block-d01f8fe5     \"\n\t\t\tstyle=\"\" >\n\t\t\t\t<iframe\n\t\t\t\t\tclass=\"uagb-google-map__iframe\"\n\t\t\t\t\ttitle=\"Google Map for \"\n\t\t\t\t\tsrc=\"https:\/\/maps.google.com\/maps?q=Tv.%20Perebebu%C3%AD%2C%202623%2C%201o.%20Andar%20Biblioteca.%20Marco.%20Bel%C3%A9m%20%E2%80%93%20PA.%20CEP%2066087-670&#038;z=15&#038;hl=en&#038;t=m&#038;output=embed&#038;iwloc=near\"\n\t\t\t\t\twidth=\"640\"\n\t\t\t\t\theight=\"200\"\n\t\t\t\t\tloading=\"lazy\"\n\t\t\t\t><\/iframe>\n\t\t\t<\/div>\n\t\t\t<\/div>\n\n\n\n<div class=\"wp-block-uagb-container uagb-block-19fa5499\">\n<div class=\"wp-block-uagb-advanced-heading uagb-block-daa7e49b\"><h3 class=\"uagb-heading-text\">Centro de Sa\u00fade Escola do Marco (Campus II)<\/h3><div class=\"uagb-separator\"><\/div><\/div>\n\n\n\n<div class=\"wp-block-uagb-advanced-heading uagb-block-004532fa\"><p class=\"uagb-heading-text\"><strong>Munic\u00edpio:&nbsp;<\/strong>Bel\u00e9m<br><strong>Coordenador:&nbsp;<\/strong>Nelson Antonio Bail\u00e3o Ribeiro<br><strong>Vice-Coordenador(a):&nbsp;<\/strong>Ana L\u00facia da Silva Ferreira<br><strong>Secret\u00e1ria:&nbsp;<\/strong>Ana Claudia Bragan\u00e7a de Souza<br><strong>Endere\u00e7o:&nbsp;<\/strong>Tv. Romulo Maiorana, 2558. Marco. Bel\u00e9m \u2013 PA. CEP 66093-000<br><strong>Telefone:&nbsp;<\/strong>(91) 3131-1760<strong>&nbsp;<\/strong><br><strong>E-mail:&nbsp;<\/strong><a href=\"mailto:cep.csem.uepa@gmail.com\">cep.csem.uepa@gmail.com<\/a><strong>&nbsp;<\/strong><br><strong>Data da Implanta\u00e7\u00e3o:&nbsp;<\/strong>05\/06\/2018<br><strong>Validade junto ao CONEP:&nbsp;<\/strong>11\/08\/2025<\/p><\/div>\n\n\n\t\t\t<div \n\t\t\tclass=\"wp-block-uagb-google-map uagb-google-map__wrap uagb-block-beb949a2     \"\n\t\t\tstyle=\"\" >\n\t\t\t\t<iframe\n\t\t\t\t\tclass=\"uagb-google-map__iframe\"\n\t\t\t\t\ttitle=\"Google Map for \"\n\t\t\t\t\tsrc=\"https:\/\/maps.google.com\/maps?q=Tv.%20Romulo%20Maiorana%2C%202558.%20Marco.%20Bel%C3%A9m%20%E2%80%93%20PA.%20CEP%2066093-000&#038;z=15&#038;hl=en&#038;t=m&#038;output=embed&#038;iwloc=near\"\n\t\t\t\t\twidth=\"640\"\n\t\t\t\t\theight=\"200\"\n\t\t\t\t\tloading=\"lazy\"\n\t\t\t\t><\/iframe>\n\t\t\t<\/div>\n\t\t\t<\/div>\n\n\n\n<div class=\"wp-block-uagb-container uagb-block-58478b73\">\n<div class=\"wp-block-uagb-advanced-heading uagb-block-4885e28a\"><h3 class=\"uagb-heading-text\">Educa\u00e7\u00e3o F\u00edsica (Campus III)\/INATIVO<\/h3><div class=\"uagb-separator\"><\/div><\/div>\n\n\n\n<div class=\"wp-block-uagb-advanced-heading uagb-block-2366da4e\"><p class=\"uagb-heading-text\"><strong>Munic\u00edpio:&nbsp;<\/strong>Bel\u00e9m<br><strong>Coordenador:&nbsp;<\/strong>Divaldo Martins de Souza<br><strong>Vice-Coordenador:&nbsp;<\/strong>Aguardando informa\u00e7\u00e3o<br><strong>Secret\u00e1ria:&nbsp;<\/strong>Rosana Santa Rosa<br><strong>Endere\u00e7o:&nbsp;<\/strong>Av. Jo\u00e3o Paulo II, n\u00ba 817. Marco. Bel\u00e9m \u2013 PA. CEP&nbsp;66095-049<br><strong>Telefone:&nbsp;<\/strong>(91) 3213-5782 (91) 3246-1153<br><strong>E-mail:&nbsp;<\/strong><a href=\"mailto:ceouepacampusiii@gmail.com\">cepuepacampusiii@gmail.com<\/a><br><strong>Data da Implanta\u00e7\u00e3o:&nbsp;<\/strong>Aguardando informa\u00e7\u00e3o<br><strong>Validade junto ao CONEP:&nbsp;<\/strong>Aguardando informa\u00e7\u00e3o<\/p><\/div>\n\n\n\t\t\t<div \n\t\t\tclass=\"wp-block-uagb-google-map uagb-google-map__wrap uagb-block-6c1bde23     wp-block-uagb-google-map uagb-google-map__wrap uagb-block-6c1bde23\"\n\t\t\tstyle=\"\" >\n\t\t\t\t<iframe\n\t\t\t\t\tclass=\"uagb-google-map__iframe\"\n\t\t\t\t\ttitle=\"Google Map for \"\n\t\t\t\t\tsrc=\"https:\/\/maps.google.com\/maps?q=Av.%20Jo%C3%A3o%20Paulo%20II%2C%20n%C2%BA%20817.%20Marco.%20Bel%C3%A9m%20%E2%80%93%20PA.%20CEP%2066095-049&#038;z=15&#038;hl=en&#038;t=m&#038;output=embed&#038;iwloc=near\"\n\t\t\t\t\twidth=\"640\"\n\t\t\t\t\theight=\"200\"\n\t\t\t\t\tloading=\"lazy\"\n\t\t\t\t><\/iframe>\n\t\t\t<\/div>\n\t\t\t<\/div>\n\n\n\n<div class=\"wp-block-uagb-container uagb-block-b9e23489\">\n<div class=\"wp-block-uagb-advanced-heading uagb-block-be417f72\"><h3 class=\"uagb-heading-text\">Enfermagem (Campus IV)<\/h3><div class=\"uagb-separator\"><\/div><\/div>\n\n\n\n<div class=\"wp-block-uagb-advanced-heading uagb-block-7b2acb20\"><p class=\"uagb-heading-text\"><strong>Munic\u00edpio:&nbsp;<\/strong>Bel\u00e9m<br><strong>Coordenador(a):&nbsp;<\/strong>Juliana Concei\u00e7\u00e3o Dias Garcez<br><strong>Vice-Coordenador(a):<\/strong>Paulo Elias Gotardelo Audebert Delage<br><strong>Secret\u00e1rio(a):&nbsp;<\/strong>Lucas dos Anjos Raphael<br><strong>Endere\u00e7o:&nbsp;<\/strong>Av. Jos\u00e9 Bonif\u00e1cio, 1289, Bloco 1, 1\u00b0 andar. sala 03 Guam\u00e1\/Bel\u00e9m. CEP 66063-010<br><strong>Telefone:&nbsp;<\/strong>(91)&nbsp;3284-9826<br><strong>E-mail:&nbsp;<\/strong>cepenfermagem@uepa.br<br><strong>Data da Implanta\u00e7\u00e3o:&nbsp;<\/strong>04\/04\/2005<br><strong>Validade junto ao CONEP:&nbsp;<\/strong>28\/04\/2029<\/p><\/div>\n\n\n\n<p><a href=\"https:\/\/propesp.uepa.br\/wp-content\/uploads\/2026\/04\/arte-submissao_atualizado-.pdf\">Informa\u00e7\u00f5es complementares para submiss\u00e3o:<\/a><\/p>\n\n\n\t\t\t<div \n\t\t\tclass=\"wp-block-uagb-google-map uagb-google-map__wrap uagb-block-f28be565     \"\n\t\t\tstyle=\"\" >\n\t\t\t\t<iframe\n\t\t\t\t\tclass=\"uagb-google-map__iframe\"\n\t\t\t\t\ttitle=\"Google Map for \"\n\t\t\t\t\tsrc=\"https:\/\/maps.google.com\/maps?q=Av.%20Jos%C3%A9%20Bonif%C3%A1cio%2C%201289.%20Guam%C3%A1.%20Bel%C3%A9m%20%E2%80%93%20PA.%20CEP%2066063-010&#038;z=15&#038;hl=en&#038;t=m&#038;output=embed&#038;iwloc=near\"\n\t\t\t\t\twidth=\"640\"\n\t\t\t\t\theight=\"200\"\n\t\t\t\t\tloading=\"lazy\"\n\t\t\t\t><\/iframe>\n\t\t\t<\/div>\n\t\t\t<\/div>\n\n\n\n<div class=\"wp-block-uagb-container uagb-block-9d15ed80\">\n<div class=\"wp-block-uagb-advanced-heading uagb-block-09822c31\"><h3 class=\"uagb-heading-text\">CEUA (CCBS \u2013 Campus II \u2013 Animais)<\/h3><div class=\"uagb-separator\"><\/div><\/div>\n\n\n\n<div class=\"wp-block-uagb-advanced-heading uagb-block-738091f6\"><p class=\"uagb-heading-text\"><strong>Munic\u00edpio:&nbsp;<\/strong>Bel\u00e9m<strong>&nbsp;<\/strong><br><strong>Coordenador:&nbsp;<\/strong>Rodrigo Santiago Barbosa Rocha<br><strong>Vice-Coordenador(a):&nbsp;<\/strong>Clarisse Beltr\u00e3o Rosas Rocha<br><strong>Secret\u00e1ria:&nbsp;<\/strong>S\u00f4nia Maria Souza Palheta<br><strong>Endere\u00e7o:&nbsp;<\/strong>TV; Perebebu\u00ed,2623 \u2013 Marco, CEP:66.087-670<br><strong>Telefone:&nbsp;<\/strong>(91)3131-1778<br><strong>E-mail:&nbsp;<\/strong><a href=\"mailto:ceuauepa2017@gmail.com\">ceuauepa2017@gmail.com<\/a><br><strong>Home page:&nbsp;<\/strong><a href=\"http:\/\/www.ceuauepa.wordpress.com\/\">www.ceuauepa.wordpress.com<\/a><br><strong>Data da Implanta\u00e7\u00e3o:&nbsp;<\/strong>05\/09\/2013<br><strong>Validade junto ao CONCEA:&nbsp;<\/strong>07\/06\/2024<\/p><\/div>\n\n\n\t\t\t<div \n\t\t\tclass=\"wp-block-uagb-google-map uagb-google-map__wrap uagb-block-f6f117c0     \"\n\t\t\tstyle=\"\" >\n\t\t\t\t<iframe\n\t\t\t\t\tclass=\"uagb-google-map__iframe\"\n\t\t\t\t\ttitle=\"Google Map for \"\n\t\t\t\t\tsrc=\"https:\/\/maps.google.com\/maps?q=TV%3B%20Perebebu%C3%AD%2C2623%20%E2%80%93%20Marco%2C%20CEP%3A66.087-670&#038;z=15&#038;hl=en&#038;t=m&#038;output=embed&#038;iwloc=near\"\n\t\t\t\t\twidth=\"640\"\n\t\t\t\t\theight=\"200\"\n\t\t\t\t\tloading=\"lazy\"\n\t\t\t\t><\/iframe>\n\t\t\t<\/div>\n\t\t\t<\/div>\n\n\n\n<div class=\"wp-block-uagb-container uagb-block-659a259e\">\n<div class=\"wp-block-uagb-advanced-heading uagb-block-6804fbdd\"><h3 class=\"uagb-heading-text\">N\u00facleo de Forma\u00e7\u00e3o Ind\u00edgena<\/h3><div class=\"uagb-separator\"><\/div><\/div>\n\n\n\n<div class=\"wp-block-uagb-advanced-heading uagb-block-23ee5754\"><p class=\"uagb-heading-text\"><strong>Munic\u00edpio:&nbsp;<\/strong>Bel\u00e9m<strong>&nbsp;<\/strong><br><strong>Coordenador:&nbsp;<\/strong>Eliete de Jesus Bararu\u00e1 Solano<br><strong>Vice-Coordenador(a):&nbsp;<\/strong>Messias Furtado da Silva<br><strong>Secret\u00e1ria:&nbsp;<\/strong>B\u00e1rbara Let\u00edcia S. Pinheiro<br><strong>Endere\u00e7o:&nbsp;<\/strong>Tv. Djalma Dutra, S\/N \u2013 Bloco 1, 1\u00ba andar \u2013 Tel\u00e9grafo \u2013 CEP: 66.050-540<strong>&nbsp;<\/strong><br><strong>Telefone:&nbsp;<\/strong>(91) 4009-9520<br><strong>E-mail:&nbsp;<\/strong><a href=\"mailto:nuficep@uepa.br\">nuficep@uepa.br<\/a><br><strong>Data da Implanta\u00e7\u00e3o:&nbsp;<\/strong>01\/09\/2020<br><strong>Validade junto ao CONEP:&nbsp;<\/strong>18\/09\/2027<\/p><\/div>\n\n\n\t\t\t<div \n\t\t\tclass=\"wp-block-uagb-google-map uagb-google-map__wrap uagb-block-2e57d5bc     \"\n\t\t\tstyle=\"\" >\n\t\t\t\t<iframe\n\t\t\t\t\tclass=\"uagb-google-map__iframe\"\n\t\t\t\t\ttitle=\"Google Map for \"\n\t\t\t\t\tsrc=\"https:\/\/maps.google.com\/maps?q=Tv.%20Djalma%20Dutra%2C%20S%2FN%20%E2%80%93%20Tel%C3%A9grafo%20%E2%80%93%20CEP%3A%2066.050-540%C2%A0&#038;z=15&#038;hl=en&#038;t=m&#038;output=embed&#038;iwloc=near\"\n\t\t\t\t\twidth=\"640\"\n\t\t\t\t\theight=\"200\"\n\t\t\t\t\tloading=\"lazy\"\n\t\t\t\t><\/iframe>\n\t\t\t<\/div>\n\t\t\t<\/div>\n\n\n\n<div class=\"wp-block-uagb-container uagb-block-54e401ee\">\n<div class=\"wp-block-uagb-advanced-heading uagb-block-3dba18d7\"><h3 class=\"uagb-heading-text\">Concei\u00e7\u00e3o do Araguaia (Campus VII)<\/h3><div class=\"uagb-separator\"><\/div><\/div>\n\n\n\n<div class=\"wp-block-uagb-advanced-heading uagb-block-51b798c0\"><p class=\"uagb-heading-text\"><strong>Munic\u00edpio:&nbsp;<\/strong>Concei\u00e7\u00e3o do Araguaia<br><strong>Coordenador(a):&nbsp;<\/strong>Adriana Paiva Camargo Saraiva<br><strong>Vice-Coordenador(a):&nbsp;&nbsp;<\/strong>Raphael do Nascimento Gentil<br><strong>Secret\u00e1ria:&nbsp;<\/strong>Bet\u00e2nia Luz Lima<br><strong>Endere\u00e7o:&nbsp;<\/strong>Av. Araguaia s\/n, sala 2. Vila Cruzeiro. Concei\u00e7\u00e3o do Araguaia-PA. CEP 68540-000<strong>&nbsp;<\/strong><br><strong>Telefone:&nbsp;<\/strong>(94) 3421-1824&nbsp; (94) 3421-4100&nbsp; (94) 9914-81765<strong>&nbsp;<\/strong><br><strong>E-mail:&nbsp;<\/strong><a href=\"mailto:cepar@uepa.br\">cepar@uepa.br<\/a><strong>&nbsp;<\/strong><br><strong>Website:<\/strong>&nbsp;<a href=\"https:\/\/paginas.uepa.br\/cepar\/\">https:\/\/paginas.uepa.br\/cepar\/<\/a><br><strong>Data da Implanta\u00e7\u00e3o:&nbsp;<\/strong>13\/05\/2016<br><strong>Validade junto ao CONEP:&nbsp;<\/strong>08\/05\/2023 (em processo de renova\u00e7\u00e3o)<\/p><\/div>\n\n\n\t\t\t<div \n\t\t\tclass=\"wp-block-uagb-google-map uagb-google-map__wrap uagb-block-d2370319     \"\n\t\t\tstyle=\"\" >\n\t\t\t\t<iframe\n\t\t\t\t\tclass=\"uagb-google-map__iframe\"\n\t\t\t\t\ttitle=\"Google Map for \"\n\t\t\t\t\tsrc=\"https:\/\/maps.google.com\/maps?q=Av.%20Araguaia%20s%2Fn%2C%20Vila%20Cruzeiro.%20Concei%C3%A7%C3%A3o%20do%20Araguaia-PA.%20CEP%2068540-000%C2%A0&#038;z=15&#038;hl=en&#038;t=m&#038;output=embed&#038;iwloc=near\"\n\t\t\t\t\twidth=\"640\"\n\t\t\t\t\theight=\"200\"\n\t\t\t\t\tloading=\"lazy\"\n\t\t\t\t><\/iframe>\n\t\t\t<\/div>\n\t\t\t<\/div>\n\n\n\n<div class=\"wp-block-uagb-container uagb-block-9574add0\">\n<div class=\"wp-block-uagb-advanced-heading uagb-block-85334317\"><h3 class=\"uagb-heading-text\">Marab\u00e1 (Campus VIII)<\/h3><div class=\"uagb-separator\"><\/div><\/div>\n\n\n\n<div class=\"wp-block-uagb-advanced-heading uagb-block-de448302\"><p class=\"uagb-heading-text\"><strong>Munic\u00edpio:&nbsp;<\/strong>Marab\u00e1<br><strong>Coordenador(a):&nbsp;<\/strong>Daniela Soares Leite<br><strong>Vice-Coordenador(a):&nbsp;<\/strong>Monica Gomes Lima Maximino<br><strong>Secret\u00e1ria:&nbsp;<\/strong>Loide Nunes dos Santos Daudt Brito<br><strong>Endere\u00e7o:&nbsp;<\/strong>Av. Hil\u00e9ia, s\/n. Agr\u00f3poles do Incra-Amap\u00e1. Marab\u00e1-PA. CEP 68502-100<br><strong>Telefone:&nbsp;<\/strong>(94) 3312-2103<br><strong>E-mail:&nbsp;<\/strong><a href=\"mailto:cepmaraba@uepa.br\">cepmaraba@uepa.br<\/a><br><strong>Website:<a href=\"https:\/\/paginas.uepa.br\/campusmaraba\/index.php\/comite-de-etica\/\">&nbsp;https:\/\/paginas.uepa.br\/campusmaraba\/index.php\/comite-de-etica\/<\/a><\/strong><br><strong>Data da Implanta\u00e7\u00e3o:&nbsp;<\/strong>21\/03\/2017<br><strong>Validade junto ao CONEP:&nbsp;<\/strong>04\/05\/2024 <\/p><\/div>\n\n\n\t\t\t<div \n\t\t\tclass=\"wp-block-uagb-google-map uagb-google-map__wrap uagb-block-6b55874b     \"\n\t\t\tstyle=\"\" >\n\t\t\t\t<iframe\n\t\t\t\t\tclass=\"uagb-google-map__iframe\"\n\t\t\t\t\ttitle=\"Google Map for \"\n\t\t\t\t\tsrc=\"https:\/\/maps.google.com\/maps?q=Av.%20Hil%C3%A9ia%2C%20s%2Fn.%20Agr%C3%B3poles%20do%20Incra-Amap%C3%A1.%20Marab%C3%A1-PA.%20CEP%2068502-100&#038;z=15&#038;hl=en&#038;t=m&#038;output=embed&#038;iwloc=near\"\n\t\t\t\t\twidth=\"640\"\n\t\t\t\t\theight=\"200\"\n\t\t\t\t\tloading=\"lazy\"\n\t\t\t\t><\/iframe>\n\t\t\t<\/div>\n\t\t\t<\/div>\n\n\n\n<div class=\"wp-block-uagb-container uagb-block-29e9b23b\">\n<div class=\"wp-block-uagb-advanced-heading uagb-block-ed4dff49\"><h3 class=\"uagb-heading-text\">Santar\u00e9m (Campus XII \u2013 Tapaj\u00f3s)<\/h3><div class=\"uagb-separator\"><\/div><\/div>\n\n\n\n<div class=\"wp-block-uagb-advanced-heading uagb-block-0833a500\"><p class=\"uagb-heading-text\"><strong>Munic\u00edpio:&nbsp;<\/strong>Santar\u00e9m<br><strong>Coordenador:&nbsp;<\/strong>Yara Macambira Santana Lima<br><strong>Vice-Coordenador(a):&nbsp;<\/strong>Elidiane Moreira Kono<br><strong>Secret\u00e1ria:&nbsp;<\/strong>Aline Silva de Almeida Gal\u00facio<br><strong>Endere\u00e7o:&nbsp;<\/strong>Av. Pl\u00e1cido de Castro, n\u00ba 1399. Aparecida. Santar\u00e9m-PA. CEP 68040-090<br><strong>Telefone:&nbsp;<\/strong>(93) 3512-8000&nbsp; (93) 3512-8013<br><strong>E-mail:<\/strong>&nbsp;<a href=\"mailto:ceptapajos@uepa.br\">ceptapajos@uepa.br<\/a><br><strong>Website:<\/strong>&nbsp;<a href=\"https:\/\/paginas.uepa.br\/ceptapajos\">https:\/\/paginas.uepa.br\/ceptapajos<\/a><br><strong>Data da Implanta\u00e7\u00e3o:&nbsp;<\/strong>01\/11\/2019<br><strong>Validade junto ao CONEP:&nbsp;<\/strong>12\/02\/2025<\/p><\/div>\n\n\n\t\t\t<div \n\t\t\tclass=\"wp-block-uagb-google-map uagb-google-map__wrap uagb-block-2a81ff28     \"\n\t\t\tstyle=\"\" >\n\t\t\t\t<iframe\n\t\t\t\t\tclass=\"uagb-google-map__iframe\"\n\t\t\t\t\ttitle=\"Google Map for \"\n\t\t\t\t\tsrc=\"https:\/\/maps.google.com\/maps?q=Av.%20Pl%C3%A1cido%20de%20Castro%2C%20n%C2%BA%201399.%20Aparecida.%20Santar%C3%A9m-PA.%20CEP%2068040-090&#038;z=15&#038;hl=en&#038;t=m&#038;output=embed&#038;iwloc=near\"\n\t\t\t\t\twidth=\"640\"\n\t\t\t\t\theight=\"200\"\n\t\t\t\t\tloading=\"lazy\"\n\t\t\t\t><\/iframe>\n\t\t\t<\/div>\n\t\t\t<\/div>\n\n\n\n<div class=\"wp-block-uagb-container uagb-block-b61a4ef0\">\n<div class=\"wp-block-uagb-advanced-heading uagb-block-db853c6e\"><h3 class=\"uagb-heading-text\"> Centro de Ci\u00eancias Sociais e Educa\u00e7\u00e3o-CCSE (Campus I)<\/h3><div class=\"uagb-separator\"><\/div><\/div>\n\n\n\n<div class=\"wp-block-uagb-advanced-heading uagb-block-01e5c835\"><p class=\"uagb-heading-text\"><strong>Munic\u00edpio:&nbsp;<\/strong>Bel\u00e9m<br><strong>Coordenador(a):&nbsp;<\/strong>Dr\u00aa Maria Rosana de Oliveira Castro<br><strong>Vice-Coordenador:&nbsp;<\/strong>Mauro Emilio Costa Silva<strong>&nbsp;<\/strong><br><strong>Secret\u00e1ria:&nbsp;<\/strong>Arlene Ramos<strong>&nbsp;<\/strong><br><strong>Endere\u00e7o:&nbsp;<\/strong>Tv.Djalma Dutra,s\/n-Tel\u00e9grafo-66050-540. Bloco I, t\u00e9rreo,sl09 CONCEN\/CCSE<br><strong>&nbsp;Telefone:&nbsp;<\/strong>(91) 32849669<br><strong>E-mail:&nbsp;<\/strong><a href=\"cep.ccse@uepa.br\">cep.ccse@uepa.br<\/a><br><strong>Data da Implanta\u00e7\u00e3o:&nbsp;<\/strong>Aguardando Cria\u00e7\u00e3o<br><strong>Validade junto ao CONEP:&nbsp;<\/strong>Aguardando Cria\u00e7\u00e3o<\/p><\/div>\n\n\n\t\t\t<div \n\t\t\tclass=\"wp-block-uagb-google-map uagb-google-map__wrap uagb-block-21966d8c     \"\n\t\t\tstyle=\"\" >\n\t\t\t\t<iframe\n\t\t\t\t\tclass=\"uagb-google-map__iframe\"\n\t\t\t\t\ttitle=\"Google Map for \"\n\t\t\t\t\tsrc=\"https:\/\/maps.google.com\/maps?q=Universidade%20do%20Estado%20do%20Par%C3%A1%20-%20Centro%20de%20Ci%C3%AAncias%20Sociais%20e%20Educa%C3%A7%C3%A3o%20%28UEPA%20-%20CCSE%29&#038;z=12&#038;hl=en&#038;t=m&#038;output=embed&#038;iwloc=near\"\n\t\t\t\t\twidth=\"640\"\n\t\t\t\t\theight=\"300\"\n\t\t\t\t\tloading=\"lazy\"\n\t\t\t\t><\/iframe>\n\t\t\t<\/div>\n\t\t\t\n\n\n<p><\/p>\n<\/div>\n<\/div><\/div>\n","protected":false},"excerpt":{"rendered":"<p>Comit\u00eas de \u00c9tica em Pesquisa Centro de Ci\u00eancias Biol\u00f3gicas e da Sa\u00fade \u2013 CCBS (Campus II) Munic\u00edpio:&nbsp;Bel\u00e9mCoordenador(a):&nbsp;Regina Gabriela Caldas de MoraesVice-Coordenador(a):&nbsp;Alessandra Eluan da SilvaSecret\u00e1ria:&nbsp;Cristina Maria Costa da SilvaEndere\u00e7o:&nbsp;Tv. Perebebu\u00ed, 2623, 1o. Andar Biblioteca. Marco. Bel\u00e9m \u2013 PA. CEP 66087-670Telefone:&nbsp;(91) 3131-1781E-mail:&nbsp;cepccbs@uepa.brData da Implanta\u00e7\u00e3o:&nbsp;09\/08\/2018Validade junto ao CONEP:&nbsp;28\/09\/2024 Centro de Sa\u00fade Escola do Marco (Campus II) Munic\u00edpio:&nbsp;Bel\u00e9mCoordenador:&nbsp;Nelson Antonio &hellip;<\/p>\n<p class=\"read-more\"> <a class=\"\" href=\"https:\/\/propesp.uepa.br\/index.php\/comites-de-etica-em-pesquisa\/\"> <span class=\"screen-reader-text\">Comit\u00eas de \u00c9tica em Pesquisa<\/span> Leia mais &raquo;<\/a><\/p>\n","protected":false},"author":4,"featured_media":0,"parent":0,"menu_order":0,"comment_status":"closed","ping_status":"closed","template":"","meta":{"_uag_custom_page_level_css":"","site-sidebar-layout":"default","site-content-layout":"","ast-site-content-layout":"default","site-content-style":"default","site-sidebar-style":"default","ast-global-header-display":"","ast-banner-title-visibility":"","ast-main-header-display":"","ast-hfb-above-header-display":"","ast-hfb-below-header-display":"","ast-hfb-mobile-header-display":"","site-post-title":"disabled","ast-breadcrumbs-content":"","ast-featured-img":"","footer-sml-layout":"","theme-transparent-header-meta":"","adv-header-id-meta":"","stick-header-meta":"","header-above-stick-meta":"","header-main-stick-meta":"","header-below-stick-meta":"","astra-migrate-meta-layouts":"set","ast-page-background-enabled":"default","ast-page-background-meta":{"desktop":{"background-color":"var(--ast-global-color-4)","background-image":"","background-repeat":"repeat","background-position":"center center","background-size":"auto","background-attachment":"scroll","background-type":"","background-media":"","overlay-type":"","overlay-color":"","overlay-gradient":""},"tablet":{"background-color":"","background-image":"","background-repeat":"repeat","background-position":"center center","background-size":"auto","background-attachment":"scroll","background-type":"","background-media":"","overlay-type":"","overlay-color":"","overlay-gradient":""},"mobile":{"background-color":"","background-image":"","background-repeat":"repeat","background-position":"center center","background-size":"auto","background-attachment":"scroll","background-type":"","background-media":"","overlay-type":"","overlay-color":"","overlay-gradient":""}},"ast-content-background-meta":{"desktop":{"background-color":"var(--ast-global-color-5)","background-image":"","background-repeat":"repeat","background-position":"center center","background-size":"auto","background-attachment":"scroll","background-type":"","background-media":"","overlay-type":"","overlay-color":"","overlay-gradient":""},"tablet":{"background-color":"var(--ast-global-color-5)","background-image":"","background-repeat":"repeat","background-position":"center center","background-size":"auto","background-attachment":"scroll","background-type":"","background-media":"","overlay-type":"","overlay-color":"","overlay-gradient":""},"mobile":{"background-color":"var(--ast-global-color-5)","background-image":"","background-repeat":"repeat","background-position":"center center","background-size":"auto","background-attachment":"scroll","background-type":"","background-media":"","overlay-type":"","overlay-color":"","overlay-gradient":""}},"footnotes":""},"uagb_featured_image_src":{"full":false,"thumbnail":false,"medium":false,"medium_large":false,"large":false,"1536x1536":false,"2048x2048":false},"uagb_author_info":{"display_name":"Elane Falcao","author_link":"https:\/\/propesp.uepa.br\/index.php\/author\/elane-falcao\/"},"uagb_comment_info":0,"uagb_excerpt":"Comit\u00eas de \u00c9tica em Pesquisa Centro de Ci\u00eancias Biol\u00f3gicas e da Sa\u00fade \u2013 CCBS (Campus II) Munic\u00edpio:&nbsp;Bel\u00e9mCoordenador(a):&nbsp;Regina Gabriela Caldas de MoraesVice-Coordenador(a):&nbsp;Alessandra Eluan da SilvaSecret\u00e1ria:&nbsp;Cristina Maria Costa da SilvaEndere\u00e7o:&nbsp;Tv. Perebebu\u00ed, 2623, 1o. Andar Biblioteca. Marco. Bel\u00e9m \u2013 PA. CEP 66087-670Telefone:&nbsp;(91) 3131-1781E-mail:&nbsp;cepccbs@uepa.brData da Implanta\u00e7\u00e3o:&nbsp;09\/08\/2018Validade junto ao CONEP:&nbsp;28\/09\/2024 Centro de Sa\u00fade Escola do Marco (Campus II) Munic\u00edpio:&nbsp;Bel\u00e9mCoordenador:&nbsp;Nelson Antonio&hellip;","_links":{"self":[{"href":"https:\/\/propesp.uepa.br\/index.php\/wp-json\/wp\/v2\/pages\/1534"}],"collection":[{"href":"https:\/\/propesp.uepa.br\/index.php\/wp-json\/wp\/v2\/pages"}],"about":[{"href":"https:\/\/propesp.uepa.br\/index.php\/wp-json\/wp\/v2\/types\/page"}],"author":[{"embeddable":true,"href":"https:\/\/propesp.uepa.br\/index.php\/wp-json\/wp\/v2\/users\/4"}],"replies":[{"embeddable":true,"href":"https:\/\/propesp.uepa.br\/index.php\/wp-json\/wp\/v2\/comments?post=1534"}],"version-history":[{"count":9,"href":"https:\/\/propesp.uepa.br\/index.php\/wp-json\/wp\/v2\/pages\/1534\/revisions"}],"predecessor-version":[{"id":7190,"href":"https:\/\/propesp.uepa.br\/index.php\/wp-json\/wp\/v2\/pages\/1534\/revisions\/7190"}],"wp:attachment":[{"href":"https:\/\/propesp.uepa.br\/index.php\/wp-json\/wp\/v2\/media?parent=1534"}],"curies":[{"name":"wp","href":"https:\/\/api.w.org\/{rel}","templated":true}]}}