{"id":1682,"date":"2019-05-29T12:20:53","date_gmt":"2019-05-29T15:20:53","guid":{"rendered":"http:\/\/propesp.uepa.br\/?page_id=1682"},"modified":"2022-11-16T15:09:32","modified_gmt":"2022-11-16T15:09:32","slug":"plataforma-pion","status":"publish","type":"page","link":"https:\/\/propesp.uepa.br\/index.php\/plataforma-pion\/","title":{"rendered":"Plataforma P\u00edon"},"content":{"rendered":"\n<div class=\"wp-block-uagb-container uagb-block-8ba699b3 alignfull uagb-is-root-container\"><div class=\"uagb-container-inner-blocks-wrap\">\n<div class=\"wp-block-uagb-advanced-heading uagb-block-f48fcaf0\"><h1 class=\"uagb-heading-text\">Plataforma P\u00edon<\/h1><div class=\"uagb-separator\"><\/div><\/div>\n\n\n\n<div class=\"wp-block-uagb-advanced-heading uagb-block-640462f6 justify\"><p class=\"uagb-heading-text\">A plataforma P\u00edon \u00e9 um software criado pela ESIG Software que tem por objetivo melhorar a conectividade entre as Institui\u00e7\u00f5es Cient\u00edficas e Tecnol\u00f3gicas (ICTs) e a sociedade, proporcionando um acesso f\u00e1cil \u00e0s produ\u00e7\u00f5es dos pesquisadores das Universidades e Institutos.<br>Atrav\u00e9s da plataforma Pion \u00e9 poss\u00edvel buscar por palavra chave e descobrir quem pesquisa determinado assunto e possibilitando assim, por exemplo, interligar este pesquisador com empresas, ind\u00fastrias e institui\u00e7\u00f5es que necessitem daquele conhecimento para aplica\u00e7\u00e3o industrial\/comercial.<br>Para obter as informa\u00e7\u00f5es das produ\u00e7\u00f5es a plataforma Pion extrai os curr\u00edculos dos pesquisadores da Plataforma Lattes. O nome P\u00edon \u00e9 uma homenagem ao brasileiro C\u00e9sar Lattes, que foi um dos grandes respons\u00e1veis pelo trabalho de descoberta do m\u00e9son pi e pela premia\u00e7\u00e3o do seu colega de pesquisa Cecil Powell, f\u00edsico brit\u00e2nico da Universidade de Cambridge, com o Pr\u00eamio Nobel de F\u00edsica de 1950.<br>Mais informa\u00e7\u00f5es acesse o link:<\/p><\/div>\n\n\n\n<div class=\"wp-block-uagb-buttons uagb-buttons__outer-wrap uagb-btn__default-btn uagb-btn-tablet__default-btn uagb-btn-mobile__default-btn uagb-block-b9226448\"><div class=\"uagb-buttons__wrap uagb-buttons-layout-wrap\">\n<div class=\"wp-block-uagb-buttons-child uagb-buttons__outer-wrap uagb-block-cbceefaf wp-block-button is-style-outline\"><div class=\"uagb-button__wrapper\"><a class=\"uagb-buttons-repeater wp-block-button__link\" href=\"https:\/\/uepa.plataformapion.com.br\/index\/instituicao\/uepa\" rel=\"follow noopener\" target=\"_blank\"><div class=\"uagb-button__link\">Clique Aqui!<\/div><\/a><\/div><\/div>\n<\/div><\/div>\n<\/div><\/div>\n","protected":false},"excerpt":{"rendered":"<p>Plataforma P\u00edon A plataforma P\u00edon \u00e9 um software criado pela ESIG Software que tem por objetivo melhorar a conectividade entre as Institui\u00e7\u00f5es Cient\u00edficas e Tecnol\u00f3gicas (ICTs) e a sociedade, proporcionando um acesso f\u00e1cil \u00e0s produ\u00e7\u00f5es dos pesquisadores das Universidades e Institutos.Atrav\u00e9s da plataforma Pion \u00e9 poss\u00edvel buscar por palavra chave e descobrir quem pesquisa determinado &hellip;<\/p>\n<p class=\"read-more\"> <a class=\"\" href=\"https:\/\/propesp.uepa.br\/index.php\/plataforma-pion\/\"> <span class=\"screen-reader-text\">Plataforma P\u00edon<\/span> Leia mais &raquo;<\/a><\/p>\n","protected":false},"author":4,"featured_media":0,"parent":0,"menu_order":0,"comment_status":"closed","ping_status":"closed","template":"","meta":{"_uag_custom_page_level_css":"","site-sidebar-layout":"default","site-content-layout":"","ast-site-content-layout":"","site-content-style":"default","site-sidebar-style":"default","ast-global-header-display":"","ast-banner-title-visibility":"","ast-main-header-display":"","ast-hfb-above-header-display":"","ast-hfb-below-header-display":"","ast-hfb-mobile-header-display":"","site-post-title":"disabled","ast-breadcrumbs-content":"","ast-featured-img":"","footer-sml-layout":"","theme-transparent-header-meta":"","adv-header-id-meta":"","stick-header-meta":"","header-above-stick-meta":"","header-main-stick-meta":"","header-below-stick-meta":"","astra-migrate-meta-layouts":"","ast-page-background-enabled":"default","ast-page-background-meta":{"desktop":{"background-color":"var(--ast-global-color-4)","background-image":"","background-repeat":"repeat","background-position":"center center","background-size":"auto","background-attachment":"scroll","background-type":"","background-media":"","overlay-type":"","overlay-color":"","overlay-gradient":""},"tablet":{"background-color":"","background-image":"","background-repeat":"repeat","background-position":"center center","background-size":"auto","background-attachment":"scroll","background-type":"","background-media":"","overlay-type":"","overlay-color":"","overlay-gradient":""},"mobile":{"background-color":"","background-image":"","background-repeat":"repeat","background-position":"center center","background-size":"auto","background-attachment":"scroll","background-type":"","background-media":"","overlay-type":"","overlay-color":"","overlay-gradient":""}},"ast-content-background-meta":{"desktop":{"background-color":"var(--ast-global-color-5)","background-image":"","background-repeat":"repeat","background-position":"center center","background-size":"auto","background-attachment":"scroll","background-type":"","background-media":"","overlay-type":"","overlay-color":"","overlay-gradient":""},"tablet":{"background-color":"var(--ast-global-color-5)","background-image":"","background-repeat":"repeat","background-position":"center center","background-size":"auto","background-attachment":"scroll","background-type":"","background-media":"","overlay-type":"","overlay-color":"","overlay-gradient":""},"mobile":{"background-color":"var(--ast-global-color-5)","background-image":"","background-repeat":"repeat","background-position":"center center","background-size":"auto","background-attachment":"scroll","background-type":"","background-media":"","overlay-type":"","overlay-color":"","overlay-gradient":""}},"footnotes":""},"uagb_featured_image_src":{"full":false,"thumbnail":false,"medium":false,"medium_large":false,"large":false,"1536x1536":false,"2048x2048":false},"uagb_author_info":{"display_name":"Elane Falcao","author_link":"https:\/\/propesp.uepa.br\/index.php\/author\/elane-falcao\/"},"uagb_comment_info":0,"uagb_excerpt":"Plataforma P\u00edon A plataforma P\u00edon \u00e9 um software criado pela ESIG Software que tem por objetivo melhorar a conectividade entre as Institui\u00e7\u00f5es Cient\u00edficas e Tecnol\u00f3gicas (ICTs) e a sociedade, proporcionando um acesso f\u00e1cil \u00e0s produ\u00e7\u00f5es dos pesquisadores das Universidades e Institutos.Atrav\u00e9s da plataforma Pion \u00e9 poss\u00edvel buscar por palavra chave e descobrir quem pesquisa determinado&hellip;","_links":{"self":[{"href":"https:\/\/propesp.uepa.br\/index.php\/wp-json\/wp\/v2\/pages\/1682"}],"collection":[{"href":"https:\/\/propesp.uepa.br\/index.php\/wp-json\/wp\/v2\/pages"}],"about":[{"href":"https:\/\/propesp.uepa.br\/index.php\/wp-json\/wp\/v2\/types\/page"}],"author":[{"embeddable":true,"href":"https:\/\/propesp.uepa.br\/index.php\/wp-json\/wp\/v2\/users\/4"}],"replies":[{"embeddable":true,"href":"https:\/\/propesp.uepa.br\/index.php\/wp-json\/wp\/v2\/comments?post=1682"}],"version-history":[{"count":2,"href":"https:\/\/propesp.uepa.br\/index.php\/wp-json\/wp\/v2\/pages\/1682\/revisions"}],"predecessor-version":[{"id":4499,"href":"https:\/\/propesp.uepa.br\/index.php\/wp-json\/wp\/v2\/pages\/1682\/revisions\/4499"}],"wp:attachment":[{"href":"https:\/\/propesp.uepa.br\/index.php\/wp-json\/wp\/v2\/media?parent=1682"}],"curies":[{"name":"wp","href":"https:\/\/api.w.org\/{rel}","templated":true}]}}