{"id":1917,"date":"2019-11-19T15:56:34","date_gmt":"2019-11-19T17:56:34","guid":{"rendered":"http:\/\/propesp.uepa.br\/?page_id=1917"},"modified":"2026-04-01T17:41:09","modified_gmt":"2026-04-01T17:41:09","slug":"comite-cientifico-interno","status":"publish","type":"page","link":"https:\/\/propesp.uepa.br\/index.php\/comite-cientifico-interno\/","title":{"rendered":"Comit\u00ea Cient\u00edfico Interno &#8211; Pesquisa"},"content":{"rendered":"\n<div class=\"wp-block-uagb-container uagb-block-595464cf alignfull uagb-is-root-container\"><div class=\"uagb-container-inner-blocks-wrap\">\n<div class=\"wp-block-uagb-advanced-heading uagb-block-5a29a262\"><h1 class=\"uagb-heading-text\">Comit\u00ea Cient\u00edfico Interno &#8211; Pesquisa<\/h1><div class=\"uagb-separator\"><\/div><\/div>\n\n\n\n<div class=\"wp-block-uagb-call-to-action uagb-block-3201f6ec wp-block-button\"><div class=\"uagb-cta__wrap\"><h3 class=\"uagb-cta__title\">COMIT\u00ca CIENT\u00cdFICO INTERNO &#8211; 2026\/2027<\/h3><\/div><div class=\"uagb-cta__buttons\"><a href=\"https:\/\/propesp.uepa.br\/wp-content\/uploads\/2026\/04\/Publicacao-do-CCI-2026-2027.pdf\" class=\"uagb-cta__button-link-wrapper wp-block-button__link\" target=\"_self\" rel=\"noopener noreferrer\">Leia Mais!<\/a><\/div><\/div>\n\n\n\n<div class=\"wp-block-uagb-call-to-action uagb-block-0b80a3e5 wp-block-button\"><div class=\"uagb-cta__wrap\"><h3 class=\"uagb-cta__title\">COMIT\u00ca CIENT\u00cdFICO INTERNO &#8211; 2025\/2026<\/h3><\/div><div class=\"uagb-cta__buttons\"><a href=\"https:\/\/propesp.uepa.br\/wp-content\/uploads\/2025\/05\/PUBLICACAO-CCI-2025-2026-PROPESP.pdf\" class=\"uagb-cta__button-link-wrapper wp-block-button__link\" target=\"_self\" rel=\"noopener noreferrer\">Leia Mais!<\/a><\/div><\/div>\n\n\n\n<div class=\"wp-block-uagb-call-to-action uagb-block-45691566 wp-block-button\"><div class=\"uagb-cta__wrap\"><h3 class=\"uagb-cta__title\">COMIT\u00ca CIENT\u00cdFICO INTERNO &#8211; ERRATA 2024\/2025 <\/h3><\/div><div class=\"uagb-cta__buttons\"><a href=\"https:\/\/propesp.uepa.br\/wp-content\/uploads\/2024\/08\/ERRATA-CCI.pdf\" class=\"uagb-cta__button-link-wrapper wp-block-button__link\" target=\"_self\" rel=\"noopener noreferrer\">Leia Mais!<\/a><\/div><\/div>\n\n\n\n<div class=\"wp-block-uagb-call-to-action uagb-block-966c7533 wp-block-button\"><div class=\"uagb-cta__wrap\"><h3 class=\"uagb-cta__title\">COMIT\u00ca CIENT\u00cdFICO INTERNO &#8211; 2024\/2025 <\/h3><\/div><div class=\"uagb-cta__buttons\"><a href=\"https:\/\/propesp.uepa.br\/wp-content\/uploads\/2024\/05\/PUBLICACAO-COMITE-DE-PESQUISA-2024.pdf\" class=\"uagb-cta__button-link-wrapper wp-block-button__link\" target=\"_self\" rel=\"noopener noreferrer\">Leia Mais!<\/a><\/div><\/div>\n\n\n\n<div class=\"wp-block-uagb-call-to-action uagb-block-466d6488 wp-block-button\"><div class=\"uagb-cta__wrap\"><h3 class=\"uagb-cta__title\">COMIT\u00ca CIENT\u00cdFICO INTERNO &#8211; 2023\/2024<\/h3><\/div><div class=\"uagb-cta__buttons\"><a href=\"https:\/\/propesp.uepa.br\/wp-content\/uploads\/2023\/05\/Publicacao-Comite-Cientifico-Interno-2023.pdf\" class=\"uagb-cta__button-link-wrapper wp-block-button__link\" target=\"_self\" rel=\"noopener noreferrer\">Leia Mais!<\/a><\/div><\/div>\n\n\n\n<div class=\"wp-block-uagb-call-to-action uagb-block-7a35dca3 wp-block-button\"><div class=\"uagb-cta__wrap\"><h3 class=\"uagb-cta__title\">COMIT\u00ca CIENT\u00cdFICO INTERNO &#8211; 2022\/2023<\/h3><\/div><div class=\"uagb-cta__buttons\"><a href=\"https:\/\/propesp.uepa.br\/wp-content\/uploads\/2022\/05\/CCI-PROPESP-UEPA-2022-2023.pdf\" class=\"uagb-cta__button-link-wrapper wp-block-button__link\" target=\"_self\" rel=\"noopener noreferrer\">Leia Mais!<\/a><\/div><\/div>\n\n\n\n<div class=\"wp-block-uagb-call-to-action uagb-block-5a71f190 wp-block-button\"><div class=\"uagb-cta__wrap\"><h3 class=\"uagb-cta__title\">COMIT\u00ca CIENT\u00cdFICO INTERNO &#8211; 2021\/2022<\/h3><\/div><div class=\"uagb-cta__buttons\"><a href=\"https:\/\/propesp.uepa.br\/wp-content\/uploads\/2021\/10\/Portaria-CCI-2021-2022.pdf\" class=\"uagb-cta__button-link-wrapper wp-block-button__link\" target=\"_self\" rel=\"noopener noreferrer\">Leia Mais!<\/a><\/div><\/div>\n\n\n\n<div class=\"wp-block-uagb-call-to-action uagb-block-09026d1e wp-block-button\"><div class=\"uagb-cta__wrap\"><h3 class=\"uagb-cta__title\">COMIT\u00ca CIENT\u00cdFICO INTERNO &#8211; 2020\/2021<\/h3><\/div><div class=\"uagb-cta__buttons\"><a href=\"https:\/\/propesp.uepa.br\/wp-content\/uploads\/2020\/06\/Diario_oficial_Comit\u00ea-Interno-2020-2021.pdf\" class=\"uagb-cta__button-link-wrapper wp-block-button__link\" target=\"_self\" rel=\"noopener noreferrer\">Leia Mais!<\/a><\/div><\/div>\n\n\n\n<div class=\"wp-block-uagb-call-to-action uagb-block-dbcbc473 wp-block-button\"><div class=\"uagb-cta__wrap\"><h3 class=\"uagb-cta__title\">COMIT\u00ca CIENT\u00cdFICO INTERNO &#8211; 2019\/2020<\/h3><\/div><div class=\"uagb-cta__buttons\"><a href=\"https:\/\/propesp.uepa.br\/wp-content\/uploads\/2021\/10\/PORTARIA-COMIT\u00ca-CIENTIFICO-INTERNO-2019-2020.pdf\" class=\"uagb-cta__button-link-wrapper wp-block-button__link\" target=\"_self\" rel=\"noopener noreferrer\">Leia Mais!<\/a><\/div><\/div>\n\n\n\n<div class=\"wp-block-uagb-call-to-action uagb-block-59eedb42 wp-block-button\"><div class=\"uagb-cta__wrap\"><h3 class=\"uagb-cta__title\">COMIT\u00ca CIENT\u00cdFICO INTERNO &#8211; 2018\/2019<\/h3><\/div><div class=\"uagb-cta__buttons\"><a href=\"https:\/\/propesp.uepa.br\/wp-content\/uploads\/2021\/10\/Comit\u00ea-Cientifico-Interno-2018-2020-n-786-18.pdf\" class=\"uagb-cta__button-link-wrapper wp-block-button__link\" target=\"_self\" rel=\"noopener noreferrer\">Leia Mais!<\/a><\/div><\/div>\n\n\n\n<div class=\"wp-block-uagb-call-to-action uagb-block-6801e225 wp-block-button\"><div class=\"uagb-cta__wrap\"><h3 class=\"uagb-cta__title\">COMIT\u00ca CIENT\u00cdFICO INTERNO &#8211; 2017<\/h3><\/div><div class=\"uagb-cta__buttons\"><a href=\"https:\/\/propesp.uepa.br\/wp-content\/uploads\/2021\/10\/Publica\u00e7\u00e3o-no-Di\u00e1rio-do-CCI-2017.pdf\" class=\"uagb-cta__button-link-wrapper wp-block-button__link\" target=\"_self\" rel=\"noopener noreferrer\">Leia Mais!<\/a><\/div><\/div>\n\n\n\n<div class=\"wp-block-uagb-call-to-action uagb-block-e991ea56 wp-block-button\"><div class=\"uagb-cta__wrap\"><h3 class=\"uagb-cta__title\">COMIT\u00ca CIENT\u00cdFICO INTERNO &#8211; 2015\/2016<\/h3><\/div><div class=\"uagb-cta__buttons\"><a href=\"https:\/\/propesp.uepa.br\/wp-content\/uploads\/2021\/10\/Publica\u00e7\u00e3o-do-Comit\u00ea-Cient\u00edfico-2015-2016.pdf\" class=\"uagb-cta__button-link-wrapper wp-block-button__link\" target=\"_self\" rel=\"noopener noreferrer\">Leia Mais!<\/a><\/div><\/div>\n\n\n\n<div class=\"wp-block-uagb-call-to-action uagb-block-f40a78f8\"><a href=\"https:\/\/propesp.uepa.br\/wp-content\/uploads\/2019\/11\/CCI19112019-e1574186542620.jpg\" class=\"uagb-cta__link-to-all\" target=\"\" rel=\"noopener noreferrer\"><\/a><div class=\"uagb-cta__wrap\"><h3 class=\"uagb-cta__title\">ATA da 3\u00aa Reuni\u00e3o do Comit\u00ea Cient\u00edfico Interno<\/h3><\/div><div class=\"uagb-cta__buttons\"><\/div><\/div>\n<\/div><\/div>\n","protected":false},"excerpt":{"rendered":"<p>Comit\u00ea Cient\u00edfico Interno &#8211; Pesquisa<\/p>\n","protected":false},"author":4,"featured_media":0,"parent":0,"menu_order":0,"comment_status":"closed","ping_status":"closed","template":"","meta":{"_uag_custom_page_level_css":"","site-sidebar-layout":"default","site-content-layout":"","ast-site-content-layout":"default","site-content-style":"default","site-sidebar-style":"default","ast-global-header-display":"","ast-banner-title-visibility":"","ast-main-header-display":"","ast-hfb-above-header-display":"","ast-hfb-below-header-display":"","ast-hfb-mobile-header-display":"","site-post-title":"disabled","ast-breadcrumbs-content":"","ast-featured-img":"","footer-sml-layout":"","theme-transparent-header-meta":"","adv-header-id-meta":"","stick-header-meta":"","header-above-stick-meta":"","header-main-stick-meta":"","header-below-stick-meta":"","astra-migrate-meta-layouts":"set","ast-page-background-enabled":"default","ast-page-background-meta":{"desktop":{"background-color":"var(--ast-global-color-4)","background-image":"","background-repeat":"repeat","background-position":"center center","background-size":"auto","background-attachment":"scroll","background-type":"","background-media":"","overlay-type":"","overlay-color":"","overlay-gradient":""},"tablet":{"background-color":"","background-image":"","background-repeat":"repeat","background-position":"center center","background-size":"auto","background-attachment":"scroll","background-type":"","background-media":"","overlay-type":"","overlay-color":"","overlay-gradient":""},"mobile":{"background-color":"","background-image":"","background-repeat":"repeat","background-position":"center center","background-size":"auto","background-attachment":"scroll","background-type":"","background-media":"","overlay-type":"","overlay-color":"","overlay-gradient":""}},"ast-content-background-meta":{"desktop":{"background-color":"var(--ast-global-color-5)","background-image":"","background-repeat":"repeat","background-position":"center center","background-size":"auto","background-attachment":"scroll","background-type":"","background-media":"","overlay-type":"","overlay-color":"","overlay-gradient":""},"tablet":{"background-color":"var(--ast-global-color-5)","background-image":"","background-repeat":"repeat","background-position":"center center","background-size":"auto","background-attachment":"scroll","background-type":"","background-media":"","overlay-type":"","overlay-color":"","overlay-gradient":""},"mobile":{"background-color":"var(--ast-global-color-5)","background-image":"","background-repeat":"repeat","background-position":"center center","background-size":"auto","background-attachment":"scroll","background-type":"","background-media":"","overlay-type":"","overlay-color":"","overlay-gradient":""}},"footnotes":""},"uagb_featured_image_src":{"full":false,"thumbnail":false,"medium":false,"medium_large":false,"large":false,"1536x1536":false,"2048x2048":false},"uagb_author_info":{"display_name":"Elane Falcao","author_link":"https:\/\/propesp.uepa.br\/index.php\/author\/elane-falcao\/"},"uagb_comment_info":0,"uagb_excerpt":"Comit\u00ea Cient\u00edfico Interno &#8211; Pesquisa","_links":{"self":[{"href":"https:\/\/propesp.uepa.br\/index.php\/wp-json\/wp\/v2\/pages\/1917"}],"collection":[{"href":"https:\/\/propesp.uepa.br\/index.php\/wp-json\/wp\/v2\/pages"}],"about":[{"href":"https:\/\/propesp.uepa.br\/index.php\/wp-json\/wp\/v2\/types\/page"}],"author":[{"embeddable":true,"href":"https:\/\/propesp.uepa.br\/index.php\/wp-json\/wp\/v2\/users\/4"}],"replies":[{"embeddable":true,"href":"https:\/\/propesp.uepa.br\/index.php\/wp-json\/wp\/v2\/comments?post=1917"}],"version-history":[{"count":17,"href":"https:\/\/propesp.uepa.br\/index.php\/wp-json\/wp\/v2\/pages\/1917\/revisions"}],"predecessor-version":[{"id":7178,"href":"https:\/\/propesp.uepa.br\/index.php\/wp-json\/wp\/v2\/pages\/1917\/revisions\/7178"}],"wp:attachment":[{"href":"https:\/\/propesp.uepa.br\/index.php\/wp-json\/wp\/v2\/media?parent=1917"}],"curies":[{"name":"wp","href":"https:\/\/api.w.org\/{rel}","templated":true}]}}