{"id":2871,"date":"2021-09-30T08:59:34","date_gmt":"2021-09-30T11:59:34","guid":{"rendered":"http:\/\/propesp.uepa.br\/?page_id=2871"},"modified":"2023-10-19T12:25:14","modified_gmt":"2023-10-19T12:25:14","slug":"certificados","status":"publish","type":"page","link":"https:\/\/propesp.uepa.br\/index.php\/certificados\/","title":{"rendered":"CERTIFICADOS"},"content":{"rendered":"\n<div class=\"wp-block-uagb-container uagb-block-e500b1e6 alignfull uagb-is-root-container\"><div class=\"uagb-container-inner-blocks-wrap\">\n<div class=\"wp-block-uagb-advanced-heading uagb-block-4eccb407\"><h1 class=\"uagb-heading-text\">Certificados<\/h1><div class=\"uagb-separator\"><\/div><\/div>\n\n\n\n<p class=\"has-text-align-left\"><\/p>\n\n\n\n<ul>\n<li>Programa de Desenvolvimento T\u00e9cnico Cient\u00edfico Sustent\u00e1vel, <strong>Edital n\u00b0. 043\/2016<\/strong> &#8211;<strong> Termo de Coopera\u00e7\u00e3o T\u00e9cnica 002\/2016 FAPESPA\/UEPA<\/strong><\/li>\n<\/ul>\n\n\n\n<p class=\"has-text-align-left\"><span style=\"color: #008000;\"><a style=\"color: #008000;\" href=\"https:\/\/propesp.uepa.br\/wp-content\/uploads\/2023\/08\/CERTIFICADOS-043-2016.pdf\"><strong>CERTIFICADO<\/strong><\/a><\/span><\/p>\n\n\n\n<ul>\n<li>Programa Institucional de Bolsas de Inicia\u00e7\u00e3o Cient\u00edfica para o Ensino M\u00e9dio &#8211; <strong>Edital n\u00ba<\/strong> <strong>014\/2020 &#8211; PIBIC-EM\/CNPq:<\/strong><\/li>\n<\/ul>\n\n\n\n<p class=\"has-text-align-left\"><strong><a href=\"https:\/\/propesp.uepa.br\/wp-content\/uploads\/2023\/10\/Certificado-PIBICCNPq-EM-2020-2021.pdf\" data-type=\"link\" data-id=\"https:\/\/propesp.uepa.br\/wp-content\/uploads\/2023\/10\/Certificado-PIBICCNPq-EM-2020-2021.pdf\">CERTIFICADO<\/a><\/strong><\/p>\n\n\n\n<ul>\n<li>Programa Institucional de Bolsas de Inicia\u00e7\u00e3o Cient\u00edfica e de Desenvolvimento Tecnol\u00f3gico e Inova\u00e7\u00e3o &#8211; <strong>Edital n\u00ba 015\/2020 &#8211; PIBIC\/PIBITI\/CNPq\/FAPESPA\/UEPA:<\/strong><\/li>\n<\/ul>\n\n\n\n<p>PIBIC\/PIBITI\/CNPq\/UEPA &#8211;<a href=\"https:\/\/propesp.uepa.br\/wp-content\/uploads\/2023\/10\/Certificado-PIBICPIBITI-2020-2021.pdf\" data-type=\"link\" data-id=\"https:\/\/propesp.uepa.br\/wp-content\/uploads\/2023\/10\/Certificado-PIBICPIBITI-2020-2021.pdf\"> <strong>CERTIFICADO<\/strong><\/a><\/p>\n\n\n\n<p>PIBIC\/FAPESPA &#8211; <a href=\"http:\/\/propesp.uepa.br\/wp-content\/uploads\/2022\/06\/CERTIFICADO-PIBIC-FAPESPA-2020-2021.pdf\"><strong>CERTIFICADO<\/strong><\/a><\/p>\n\n\n\n<ul>\n<li>Programa Institucional de Bolsas de Inicia\u00e7\u00e3o Cient\u00edfica e de Desenvolvimento Tecnol\u00f3gico e Inova\u00e7\u00e3o &#8211; <strong>Edital n\u00ba 013\/2019 &#8211; PIBIC\/PIBITI\/CNPq\/FAPESPA\/UEPA:<\/strong><\/li>\n<\/ul>\n\n\n\n<p><a href=\"https:\/\/propesp.uepa.br\/wp-content\/uploads\/2021\/01\/CERTIFICADO-PIBICPIBITI-013-2019.pdf\"><strong>CERTIFICADO<\/strong><\/a><\/p>\n\n\n\n<ul>\n<li>Programa Institucional de Bolsas de Inicia\u00e7\u00e3o Cient\u00edfica para o Ensino M\u00e9dio &#8211; <strong>Edital n\u00ba 012\/2019 &#8211; PIBIC-EM\/CNPq:<\/strong><\/li>\n<\/ul>\n\n\n\n<p><a href=\"https:\/\/propesp.uepa.br\/wp-content\/uploads\/2021\/10\/CERTIFICADOS-PIBIC-EM-012-2019.pdf\"><strong>CERTIFICADO<\/strong><\/a><\/p>\n\n\n\n<p>Programa Institucional de Bolsas de Inicia\u00e7\u00e3o Cient\u00edfica &#8211; <strong>Edital n\u00ba 019\/2018 &#8211; PIBIC\/FAPESPA:<\/strong><\/p>\n\n\n\n<p><a href=\"https:\/\/propesp.uepa.br\/wp-content\/uploads\/2021\/10\/CERTIFICADO-PIBIC-FAPESPA-ATUAL.pdf\"><strong>CERTIFICADO<\/strong><\/a><\/p>\n<\/div><\/div>\n","protected":false},"excerpt":{"rendered":"<p>Certificados CERTIFICADO Programa Institucional de Bolsas de Inicia\u00e7\u00e3o Cient\u00edfica para o Ensino M\u00e9dio &#8211; Edital n\u00ba 014\/2020 &#8211; PIBIC-EM\/CNPq: CERTIFICADO Programa Institucional de Bolsas de Inicia\u00e7\u00e3o Cient\u00edfica e de Desenvolvimento Tecnol\u00f3gico e Inova\u00e7\u00e3o &#8211; Edital n\u00ba 015\/2020 &#8211; PIBIC\/PIBITI\/CNPq\/FAPESPA\/UEPA: PIBIC\/PIBITI\/CNPq\/UEPA &#8211; CERTIFICADO PIBIC\/FAPESPA &#8211; CERTIFICADO Programa Institucional de Bolsas de Inicia\u00e7\u00e3o Cient\u00edfica e de Desenvolvimento &hellip;<\/p>\n<p class=\"read-more\"> <a class=\"\" href=\"https:\/\/propesp.uepa.br\/index.php\/certificados\/\"> <span class=\"screen-reader-text\">CERTIFICADOS<\/span> Leia mais &raquo;<\/a><\/p>\n","protected":false},"author":4,"featured_media":0,"parent":0,"menu_order":0,"comment_status":"closed","ping_status":"closed","template":"","meta":{"_uag_custom_page_level_css":"","site-sidebar-layout":"default","site-content-layout":"","ast-site-content-layout":"default","site-content-style":"default","site-sidebar-style":"default","ast-global-header-display":"","ast-banner-title-visibility":"","ast-main-header-display":"","ast-hfb-above-header-display":"","ast-hfb-below-header-display":"","ast-hfb-mobile-header-display":"","site-post-title":"disabled","ast-breadcrumbs-content":"","ast-featured-img":"","footer-sml-layout":"","theme-transparent-header-meta":"","adv-header-id-meta":"","stick-header-meta":"","header-above-stick-meta":"","header-main-stick-meta":"","header-below-stick-meta":"","astra-migrate-meta-layouts":"set","ast-page-background-enabled":"default","ast-page-background-meta":{"desktop":{"background-color":"var(--ast-global-color-4)","background-image":"","background-repeat":"repeat","background-position":"center center","background-size":"auto","background-attachment":"scroll","background-type":"","background-media":"","overlay-type":"","overlay-color":"","overlay-gradient":""},"tablet":{"background-color":"","background-image":"","background-repeat":"repeat","background-position":"center center","background-size":"auto","background-attachment":"scroll","background-type":"","background-media":"","overlay-type":"","overlay-color":"","overlay-gradient":""},"mobile":{"background-color":"","background-image":"","background-repeat":"repeat","background-position":"center center","background-size":"auto","background-attachment":"scroll","background-type":"","background-media":"","overlay-type":"","overlay-color":"","overlay-gradient":""}},"ast-content-background-meta":{"desktop":{"background-color":"var(--ast-global-color-5)","background-image":"","background-repeat":"repeat","background-position":"center center","background-size":"auto","background-attachment":"scroll","background-type":"","background-media":"","overlay-type":"","overlay-color":"","overlay-gradient":""},"tablet":{"background-color":"var(--ast-global-color-5)","background-image":"","background-repeat":"repeat","background-position":"center center","background-size":"auto","background-attachment":"scroll","background-type":"","background-media":"","overlay-type":"","overlay-color":"","overlay-gradient":""},"mobile":{"background-color":"var(--ast-global-color-5)","background-image":"","background-repeat":"repeat","background-position":"center center","background-size":"auto","background-attachment":"scroll","background-type":"","background-media":"","overlay-type":"","overlay-color":"","overlay-gradient":""}},"footnotes":""},"uagb_featured_image_src":{"full":false,"thumbnail":false,"medium":false,"medium_large":false,"large":false,"1536x1536":false,"2048x2048":false},"uagb_author_info":{"display_name":"Elane Falcao","author_link":"https:\/\/propesp.uepa.br\/index.php\/author\/elane-falcao\/"},"uagb_comment_info":0,"uagb_excerpt":"Certificados CERTIFICADO Programa Institucional de Bolsas de Inicia\u00e7\u00e3o Cient\u00edfica para o Ensino M\u00e9dio &#8211; Edital n\u00ba 014\/2020 &#8211; PIBIC-EM\/CNPq: CERTIFICADO Programa Institucional de Bolsas de Inicia\u00e7\u00e3o Cient\u00edfica e de Desenvolvimento Tecnol\u00f3gico e Inova\u00e7\u00e3o &#8211; Edital n\u00ba 015\/2020 &#8211; PIBIC\/PIBITI\/CNPq\/FAPESPA\/UEPA: PIBIC\/PIBITI\/CNPq\/UEPA &#8211; CERTIFICADO PIBIC\/FAPESPA &#8211; CERTIFICADO Programa Institucional de Bolsas de Inicia\u00e7\u00e3o Cient\u00edfica e de Desenvolvimento&hellip;","_links":{"self":[{"href":"https:\/\/propesp.uepa.br\/index.php\/wp-json\/wp\/v2\/pages\/2871"}],"collection":[{"href":"https:\/\/propesp.uepa.br\/index.php\/wp-json\/wp\/v2\/pages"}],"about":[{"href":"https:\/\/propesp.uepa.br\/index.php\/wp-json\/wp\/v2\/types\/page"}],"author":[{"embeddable":true,"href":"https:\/\/propesp.uepa.br\/index.php\/wp-json\/wp\/v2\/users\/4"}],"replies":[{"embeddable":true,"href":"https:\/\/propesp.uepa.br\/index.php\/wp-json\/wp\/v2\/comments?post=2871"}],"version-history":[{"count":15,"href":"https:\/\/propesp.uepa.br\/index.php\/wp-json\/wp\/v2\/pages\/2871\/revisions"}],"predecessor-version":[{"id":5055,"href":"https:\/\/propesp.uepa.br\/index.php\/wp-json\/wp\/v2\/pages\/2871\/revisions\/5055"}],"wp:attachment":[{"href":"https:\/\/propesp.uepa.br\/index.php\/wp-json\/wp\/v2\/media?parent=2871"}],"curies":[{"name":"wp","href":"https:\/\/api.w.org\/{rel}","templated":true}]}}