{"id":29,"date":"2018-05-14T13:15:05","date_gmt":"2018-05-14T16:15:05","guid":{"rendered":"http:\/\/propesp.uepa.br:8081\/?page_id=29"},"modified":"2023-10-11T17:40:42","modified_gmt":"2023-10-11T17:40:42","slug":"camara-de-pesquisa-e-pos-graduacao","status":"publish","type":"page","link":"https:\/\/propesp.uepa.br\/index.php\/camara-de-pesquisa-e-pos-graduacao\/","title":{"rendered":"Membros"},"content":{"rendered":"\n<div class=\"wp-block-uagb-container uagb-block-bf706e9e alignfull uagb-is-root-container\"><div class=\"uagb-container-inner-blocks-wrap\">\n<div class=\"wp-block-uagb-advanced-heading uagb-block-06a4ed6a\"><h1 class=\"uagb-heading-text\">Membros<\/h1><div class=\"uagb-separator\"><\/div><p class=\"uagb-desc-text\">C\u00e2mara de Pesquisa e P\u00f3s-Gradua\u00e7\u00e3o &#8211; CAPEP&nbsp;<\/p><\/div>\n\n\n\n<div class=\"wp-block-uagb-container uagb-block-a8136559\">\n<div class=\"wp-block-uagb-advanced-heading uagb-block-8a8e1f92\"><h3 class=\"uagb-heading-text\"><strong>Presidente da C\u00e2mara<\/strong><\/h3><\/div>\n\n\n\n<div class=\"wp-block-uagb-advanced-heading uagb-block-7f9a6290\"><p class=\"uagb-heading-text\">Prof. Jofre Jacob da Silva Freitas<\/p><\/div>\n<\/div>\n\n\n\n<div class=\"wp-block-uagb-container uagb-block-60fe0506\">\n<div class=\"wp-block-uagb-advanced-heading uagb-block-804250c8\"><h3 class=\"uagb-heading-text\"><strong>Conselheiros<\/strong><\/h3><\/div>\n\n\n\n<div class=\"wp-block-uagb-advanced-heading uagb-block-f0d25ea8\"><p class=\"uagb-heading-text\">Gilberto Emanoel Reis Vogado<br>Willame de Oliveira Ribeiro<br><strong>Docentes do CCSE<\/strong><br><br>An\u00edbal Correia Brito Neto<br>Josyane Brasil<br><strong>Docentes do CCBS<\/strong>\u00a0<br>Amanda Kelly Costa da Costa<br><strong>Discente do CCBS<\/strong><br><br>Eliane de Castro Coutinho<br>Vitoria Nazar\u00e9 Costa Seixas<br><strong>Docente do CCNT<\/strong>\u00a0<br>Jo\u00e3o Moreira\u00a0Gon\u00e7alves Neto<br>\u00a0<strong>T\u00e9cnico Administrativo do CCNT<\/strong>\u00a0<\/p><\/div>\n<\/div>\n\n\n\n<div class=\"wp-block-uagb-container uagb-block-e77aa5ad\">\n<div class=\"wp-block-uagb-advanced-heading uagb-block-ab76e24c\"><h3 class=\"uagb-heading-text\">Secret\u00e1ria da C\u00e2mara<\/h3><\/div>\n\n\n\n<div class=\"wp-block-uagb-advanced-heading uagb-block-2ce36e81\"><p class=\"uagb-heading-text\">Selma Socorro Juc\u00e1 dos Santos<\/p><\/div>\n<\/div>\n<\/div><\/div>\n","protected":false},"excerpt":{"rendered":"<p>Membros C\u00e2mara de Pesquisa e P\u00f3s-Gradua\u00e7\u00e3o &#8211; CAPEP&nbsp; Presidente da C\u00e2mara Prof. Jofre Jacob da Silva Freitas Conselheiros Gilberto Emanoel Reis VogadoWillame de Oliveira RibeiroDocentes do CCSE An\u00edbal Correia Brito NetoJosyane BrasilDocentes do CCBS\u00a0Amanda Kelly Costa da CostaDiscente do CCBS Eliane de Castro CoutinhoVitoria Nazar\u00e9 Costa SeixasDocente do CCNT\u00a0Jo\u00e3o Moreira\u00a0Gon\u00e7alves Neto\u00a0T\u00e9cnico Administrativo do CCNT\u00a0 Secret\u00e1ria &hellip;<\/p>\n<p class=\"read-more\"> <a class=\"\" href=\"https:\/\/propesp.uepa.br\/index.php\/camara-de-pesquisa-e-pos-graduacao\/\"> <span class=\"screen-reader-text\">Membros<\/span> Leia mais &raquo;<\/a><\/p>\n","protected":false},"author":1,"featured_media":0,"parent":0,"menu_order":0,"comment_status":"closed","ping_status":"closed","template":"","meta":{"_uag_custom_page_level_css":"","site-sidebar-layout":"default","site-content-layout":"","ast-site-content-layout":"default","site-content-style":"default","site-sidebar-style":"default","ast-global-header-display":"","ast-banner-title-visibility":"","ast-main-header-display":"","ast-hfb-above-header-display":"","ast-hfb-below-header-display":"","ast-hfb-mobile-header-display":"","site-post-title":"disabled","ast-breadcrumbs-content":"","ast-featured-img":"","footer-sml-layout":"","theme-transparent-header-meta":"","adv-header-id-meta":"","stick-header-meta":"","header-above-stick-meta":"","header-main-stick-meta":"","header-below-stick-meta":"","astra-migrate-meta-layouts":"set","ast-page-background-enabled":"default","ast-page-background-meta":{"desktop":{"background-color":"var(--ast-global-color-4)","background-image":"","background-repeat":"repeat","background-position":"center center","background-size":"auto","background-attachment":"scroll","background-type":"","background-media":"","overlay-type":"","overlay-color":"","overlay-gradient":""},"tablet":{"background-color":"","background-image":"","background-repeat":"repeat","background-position":"center center","background-size":"auto","background-attachment":"scroll","background-type":"","background-media":"","overlay-type":"","overlay-color":"","overlay-gradient":""},"mobile":{"background-color":"","background-image":"","background-repeat":"repeat","background-position":"center center","background-size":"auto","background-attachment":"scroll","background-type":"","background-media":"","overlay-type":"","overlay-color":"","overlay-gradient":""}},"ast-content-background-meta":{"desktop":{"background-color":"var(--ast-global-color-5)","background-image":"","background-repeat":"repeat","background-position":"center center","background-size":"auto","background-attachment":"scroll","background-type":"","background-media":"","overlay-type":"","overlay-color":"","overlay-gradient":""},"tablet":{"background-color":"var(--ast-global-color-5)","background-image":"","background-repeat":"repeat","background-position":"center center","background-size":"auto","background-attachment":"scroll","background-type":"","background-media":"","overlay-type":"","overlay-color":"","overlay-gradient":""},"mobile":{"background-color":"var(--ast-global-color-5)","background-image":"","background-repeat":"repeat","background-position":"center center","background-size":"auto","background-attachment":"scroll","background-type":"","background-media":"","overlay-type":"","overlay-color":"","overlay-gradient":""}},"footnotes":""},"uagb_featured_image_src":{"full":false,"thumbnail":false,"medium":false,"medium_large":false,"large":false,"1536x1536":false,"2048x2048":false},"uagb_author_info":{"display_name":"adminsites@uepa.br","author_link":"https:\/\/propesp.uepa.br\/index.php\/author\/adminsitesuepa-br\/"},"uagb_comment_info":0,"uagb_excerpt":"Membros C\u00e2mara de Pesquisa e P\u00f3s-Gradua\u00e7\u00e3o &#8211; CAPEP&nbsp; Presidente da C\u00e2mara Prof. Jofre Jacob da Silva Freitas Conselheiros Gilberto Emanoel Reis VogadoWillame de Oliveira RibeiroDocentes do CCSE An\u00edbal Correia Brito NetoJosyane BrasilDocentes do CCBS\u00a0Amanda Kelly Costa da CostaDiscente do CCBS Eliane de Castro CoutinhoVitoria Nazar\u00e9 Costa SeixasDocente do CCNT\u00a0Jo\u00e3o Moreira\u00a0Gon\u00e7alves Neto\u00a0T\u00e9cnico Administrativo do CCNT\u00a0 Secret\u00e1ria&hellip;","_links":{"self":[{"href":"https:\/\/propesp.uepa.br\/index.php\/wp-json\/wp\/v2\/pages\/29"}],"collection":[{"href":"https:\/\/propesp.uepa.br\/index.php\/wp-json\/wp\/v2\/pages"}],"about":[{"href":"https:\/\/propesp.uepa.br\/index.php\/wp-json\/wp\/v2\/types\/page"}],"author":[{"embeddable":true,"href":"https:\/\/propesp.uepa.br\/index.php\/wp-json\/wp\/v2\/users\/1"}],"replies":[{"embeddable":true,"href":"https:\/\/propesp.uepa.br\/index.php\/wp-json\/wp\/v2\/comments?post=29"}],"version-history":[{"count":5,"href":"https:\/\/propesp.uepa.br\/index.php\/wp-json\/wp\/v2\/pages\/29\/revisions"}],"predecessor-version":[{"id":5038,"href":"https:\/\/propesp.uepa.br\/index.php\/wp-json\/wp\/v2\/pages\/29\/revisions\/5038"}],"wp:attachment":[{"href":"https:\/\/propesp.uepa.br\/index.php\/wp-json\/wp\/v2\/media?parent=29"}],"curies":[{"name":"wp","href":"https:\/\/api.w.org\/{rel}","templated":true}]}}