{"id":3158,"date":"2022-11-11T13:24:42","date_gmt":"2022-11-11T13:24:42","guid":{"rendered":"http:\/\/propesp.uepa.br\/?page_id=3158"},"modified":"2023-11-29T13:35:19","modified_gmt":"2023-11-29T13:35:19","slug":"pdpgamazonia-legal","status":"publish","type":"page","link":"https:\/\/propesp.uepa.br\/index.php\/proap\/pdpgamazonia-legal\/","title":{"rendered":"PDPG(AMAZ\u00d4NIA LEGAL)"},"content":{"rendered":"\n<div class=\"wp-block-uagb-container uagb-block-6c5b9ac6 alignfull uagb-is-root-container\"><div class=\"uagb-container-inner-blocks-wrap\">\n<div class=\"wp-block-uagb-advanced-heading uagb-block-31ebeed6\"><h1 class=\"uagb-heading-text\">PDPG (AMAZ\u00d4NIA LEGAL)<\/h1><div class=\"uagb-separator\"><\/div><\/div>\n\n\n\n<div class=\"wp-block-uagb-advanced-heading uagb-block-0d3f6007\"><p class=\"uagb-heading-text\">O Programa de Desenvolvimento da P\u00f3s-Gradua\u00e7\u00e3o (PDPG \u2013 Amaz\u00f4nia Legal) se enquadra nas diretrizes da CAPES de redu\u00e7\u00e3o de assimetrias no Sistema Nacional de P\u00f3s-Gradua\u00e7\u00e3o, conforme preconiza o Plano Nacional de P\u00f3s-Gradua\u00e7\u00e3o, e \u00e9 voltado \u00e0 promo\u00e7\u00e3o do desenvolvimento da P\u00f3s-Gradua\u00e7\u00e3o na Regi\u00e3o da Amaz\u00f4nia Legal.<\/p><\/div>\n\n\n\n<div class=\"wp-block-uagb-buttons uagb-buttons__outer-wrap uagb-btn__default-btn uagb-btn-tablet__default-btn uagb-btn-mobile__default-btn uagb-block-68899330\"><div class=\"uagb-buttons__wrap uagb-buttons-layout-wrap\">\n<div class=\"wp-block-uagb-buttons-child uagb-buttons__outer-wrap uagb-block-5535e7e9 wp-block-button\"><div class=\"uagb-button__wrapper\"><a class=\"uagb-buttons-repeater wp-block-button__link\" href=\"https:\/\/propesp.uepa.br\/wp-content\/uploads\/2022\/04\/19052020-edital-13-2020-pdf.pdf\" onclick=\"return true;\" rel=\"follow noopener\" target=\"_blank\"><div class=\"uagb-button__link\">EDITAL N\u00ba 13\/2020<\/div><\/a><\/div><\/div>\n\n\n\n<div class=\"wp-block-uagb-buttons-child uagb-buttons__outer-wrap uagb-block-ad053811 wp-block-button\"><div class=\"uagb-button__wrapper\"><a class=\"uagb-buttons-repeater wp-block-button__link\" href=\"https:\/\/propesp.uepa.br\/wp-content\/uploads\/2022\/04\/Portaria_059-2013_AUXPE_SIPREC-1.pdf\" onclick=\"return true;\" rel=\"follow noopener\" target=\"_blank\"><div class=\"uagb-button__link\">Portaria que disciplina a aplica\u00e7\u00e3o de recursos financeiros<\/div><\/a><\/div><\/div>\n\n\n\n<div class=\"wp-block-uagb-buttons-child uagb-buttons__outer-wrap uagb-block-0958c980 wp-block-button\"><div class=\"uagb-button__wrapper\"><a class=\"uagb-buttons-repeater wp-block-button__link\" href=\"https:\/\/propesp.uepa.br\/wp-content\/uploads\/2022\/04\/auxpe-jun13-recibomodelo-a-5-4.doc\" onclick=\"return true;\" rel=\"follow noopener\" target=\"_blank\"><div class=\"uagb-button__link\">Recibo Modelo A<\/div><\/a><\/div><\/div>\n\n\n\n<div class=\"wp-block-uagb-buttons-child uagb-buttons__outer-wrap uagb-block-2b087449 wp-block-button\"><div class=\"uagb-button__wrapper\"><a class=\"uagb-buttons-repeater wp-block-button__link\" href=\"Portaria-n\u00ba-132-de-18-de-Agosto-de-2016-Di\u00e1ria-Capes.pdf\" onclick=\"return true;\" rel=\"follow noopener\" target=\"_blank\"><div class=\"uagb-button__link\">Portaria de aux\u00edlio financeiro di\u00e1rio para benefici\u00e1rio \u2013 CAPES<\/div><\/a><\/div><\/div>\n<\/div><\/div>\n<\/div><\/div>\n","protected":false},"excerpt":{"rendered":"<p>PDPG (AMAZ\u00d4NIA LEGAL) O Programa de Desenvolvimento da P\u00f3s-Gradua\u00e7\u00e3o (PDPG \u2013 Amaz\u00f4nia Legal) se enquadra nas diretrizes da CAPES de redu\u00e7\u00e3o de assimetrias no Sistema Nacional de P\u00f3s-Gradua\u00e7\u00e3o, conforme preconiza o Plano Nacional de P\u00f3s-Gradua\u00e7\u00e3o, e \u00e9 voltado \u00e0 promo\u00e7\u00e3o do desenvolvimento da P\u00f3s-Gradua\u00e7\u00e3o na Regi\u00e3o da Amaz\u00f4nia Legal.<\/p>\n","protected":false},"author":4,"featured_media":0,"parent":50,"menu_order":1,"comment_status":"closed","ping_status":"closed","template":"","meta":{"_uag_custom_page_level_css":"","site-sidebar-layout":"default","site-content-layout":"","ast-site-content-layout":"default","site-content-style":"default","site-sidebar-style":"default","ast-global-header-display":"","ast-banner-title-visibility":"","ast-main-header-display":"","ast-hfb-above-header-display":"","ast-hfb-below-header-display":"","ast-hfb-mobile-header-display":"","site-post-title":"disabled","ast-breadcrumbs-content":"","ast-featured-img":"","footer-sml-layout":"","theme-transparent-header-meta":"","adv-header-id-meta":"","stick-header-meta":"","header-above-stick-meta":"","header-main-stick-meta":"","header-below-stick-meta":"","astra-migrate-meta-layouts":"set","ast-page-background-enabled":"default","ast-page-background-meta":{"desktop":{"background-color":"var(--ast-global-color-4)","background-image":"","background-repeat":"repeat","background-position":"center center","background-size":"auto","background-attachment":"scroll","background-type":"","background-media":"","overlay-type":"","overlay-color":"","overlay-gradient":""},"tablet":{"background-color":"","background-image":"","background-repeat":"repeat","background-position":"center center","background-size":"auto","background-attachment":"scroll","background-type":"","background-media":"","overlay-type":"","overlay-color":"","overlay-gradient":""},"mobile":{"background-color":"","background-image":"","background-repeat":"repeat","background-position":"center center","background-size":"auto","background-attachment":"scroll","background-type":"","background-media":"","overlay-type":"","overlay-color":"","overlay-gradient":""}},"ast-content-background-meta":{"desktop":{"background-color":"var(--ast-global-color-5)","background-image":"","background-repeat":"repeat","background-position":"center center","background-size":"auto","background-attachment":"scroll","background-type":"","background-media":"","overlay-type":"","overlay-color":"","overlay-gradient":""},"tablet":{"background-color":"var(--ast-global-color-5)","background-image":"","background-repeat":"repeat","background-position":"center center","background-size":"auto","background-attachment":"scroll","background-type":"","background-media":"","overlay-type":"","overlay-color":"","overlay-gradient":""},"mobile":{"background-color":"var(--ast-global-color-5)","background-image":"","background-repeat":"repeat","background-position":"center center","background-size":"auto","background-attachment":"scroll","background-type":"","background-media":"","overlay-type":"","overlay-color":"","overlay-gradient":""}},"footnotes":""},"uagb_featured_image_src":{"full":false,"thumbnail":false,"medium":false,"medium_large":false,"large":false,"1536x1536":false,"2048x2048":false},"uagb_author_info":{"display_name":"Elane Falcao","author_link":"https:\/\/propesp.uepa.br\/index.php\/author\/elane-falcao\/"},"uagb_comment_info":0,"uagb_excerpt":"PDPG (AMAZ\u00d4NIA LEGAL) O Programa de Desenvolvimento da P\u00f3s-Gradua\u00e7\u00e3o (PDPG \u2013 Amaz\u00f4nia Legal) se enquadra nas diretrizes da CAPES de redu\u00e7\u00e3o de assimetrias no Sistema Nacional de P\u00f3s-Gradua\u00e7\u00e3o, conforme preconiza o Plano Nacional de P\u00f3s-Gradua\u00e7\u00e3o, e \u00e9 voltado \u00e0 promo\u00e7\u00e3o do desenvolvimento da P\u00f3s-Gradua\u00e7\u00e3o na Regi\u00e3o da Amaz\u00f4nia Legal.","_links":{"self":[{"href":"https:\/\/propesp.uepa.br\/index.php\/wp-json\/wp\/v2\/pages\/3158"}],"collection":[{"href":"https:\/\/propesp.uepa.br\/index.php\/wp-json\/wp\/v2\/pages"}],"about":[{"href":"https:\/\/propesp.uepa.br\/index.php\/wp-json\/wp\/v2\/types\/page"}],"author":[{"embeddable":true,"href":"https:\/\/propesp.uepa.br\/index.php\/wp-json\/wp\/v2\/users\/4"}],"replies":[{"embeddable":true,"href":"https:\/\/propesp.uepa.br\/index.php\/wp-json\/wp\/v2\/comments?post=3158"}],"version-history":[{"count":6,"href":"https:\/\/propesp.uepa.br\/index.php\/wp-json\/wp\/v2\/pages\/3158\/revisions"}],"predecessor-version":[{"id":5189,"href":"https:\/\/propesp.uepa.br\/index.php\/wp-json\/wp\/v2\/pages\/3158\/revisions\/5189"}],"up":[{"embeddable":true,"href":"https:\/\/propesp.uepa.br\/index.php\/wp-json\/wp\/v2\/pages\/50"}],"wp:attachment":[{"href":"https:\/\/propesp.uepa.br\/index.php\/wp-json\/wp\/v2\/media?parent=3158"}],"curies":[{"name":"wp","href":"https:\/\/api.w.org\/{rel}","templated":true}]}}