{"id":43,"date":"2018-05-14T13:18:23","date_gmt":"2018-05-14T16:18:23","guid":{"rendered":"http:\/\/propesp.uepa.br:8081\/?page_id=43"},"modified":"2025-10-17T19:26:37","modified_gmt":"2025-10-17T19:26:37","slug":"lato-sensu","status":"publish","type":"page","link":"https:\/\/propesp.uepa.br\/index.php\/lato-sensu\/","title":{"rendered":"Latu Senso"},"content":{"rendered":"\n<div class=\"wp-block-uagb-container uagb-block-af8f9be2 alignfull uagb-is-root-container\"><div class=\"uagb-container-inner-blocks-wrap\">\n<div class=\"wp-block-uagb-advanced-heading uagb-block-dfa32ab0\"><h1 class=\"uagb-heading-text\">Lato Sensu<\/h1><div class=\"uagb-separator\"><\/div><\/div>\n\n\n\n<p class=\"has-text-align-center has-large-font-size\"><strong>Cursos de Especializa\u00e7\u00e3o<\/strong><\/p>\n\n\n\n<p>Os cursos de especializa\u00e7\u00e3o t\u00eam como objetivo formar especialistas em setores espec\u00edficos, aprofundando conhecimentos e desenvolvendo pesquisas e habilidades human\u00edsticas, \u00e9ticas, t\u00e9cnicas e tecnol\u00f3gicas em determinadas \u00e1reas dos estudos universit\u00e1rios. Eles s\u00e3o caracterizados por um conjunto de disciplinas correlatas que visam habilitar o aluno para uma atividade especializada.<\/p>\n\n\n\n<p>Os cursos de Especializa\u00e7\u00e3o da Universidade do Estado do Par\u00e1 (UEPA) s\u00e3o regulamentados pela Resolu\u00e7\u00e3o CES\/CNE n\u00ba 01\/2007, de 08\/06\/2007, e pela Resolu\u00e7\u00e3o n\u00ba 4012\/23-CONSUN, de 23\/08\/2023. Ap\u00f3s passar por um processo de avalia\u00e7\u00e3o e aprova\u00e7\u00e3o dos projetos nos setores competentes, conforme os preceitos regimentais e normas vigentes, os cursos s\u00e3o submetidos \u00e0 aprova\u00e7\u00e3o do Conselho Universit\u00e1rio.<\/p>\n\n\n\n<p>A especializa\u00e7\u00e3o pode ser:<\/p>\n\n\n\n<ul>\n<li><strong>Gratuita<\/strong>, sendo financiada com recursos da Universidade do Estado do Par\u00e1;<\/li>\n\n\n\n<li><strong>Por demanda social<\/strong>, custeada por mensalidades pagas pelos alunos matriculados no curso;<\/li>\n\n\n\n<li><strong>Por demanda de entidade p\u00fablica ou privada<\/strong>, financiada com recursos provenientes de conv\u00eanios ou contratos, de acordo com a natureza jur\u00eddica da parceria.<\/li>\n<\/ul>\n\n\n\n<p><\/p>\n\n\n\n<div class=\"wp-block-uagb-buttons uagb-buttons__outer-wrap uagb-btn__default-btn uagb-btn-tablet__default-btn uagb-btn-mobile__default-btn uagb-block-7a713c4f\"><div class=\"uagb-buttons__wrap uagb-buttons-layout-wrap\">\n<div class=\"wp-block-uagb-buttons-child uagb-buttons__outer-wrap uagb-block-d6d4bed7 wp-block-button\"><div class=\"uagb-button__wrapper\"><a class=\"uagb-buttons-repeater wp-block-button__link\" href=\"http:\/\/www.uepa.br\/pt-br\/editais\" onclick=\"return true;\" rel=\"follow noopener\" target=\"_blank\"><div class=\"uagb-button__link\">Editais<\/div><\/a><\/div><\/div>\n<\/div><\/div>\n\n\n\n<div class=\"wp-block-uagb-advanced-heading uagb-block-776994cc\"><h4 class=\"uagb-heading-text\"><strong><strong><strong><strong><strong>Downloads<\/strong><\/strong><\/strong><\/strong><\/strong><\/h4><\/div>\n\n\n\n<div class=\"wp-block-uagb-buttons uagb-buttons__outer-wrap uagb-btn__default-btn uagb-btn-tablet__default-btn uagb-btn-mobile__default-btn uagb-block-9e863ba3\"><div class=\"uagb-buttons__wrap uagb-buttons-layout-wrap\">\n<div class=\"wp-block-uagb-buttons-child uagb-buttons__outer-wrap uagb-block-c64e6e0f wp-block-button\"><div class=\"uagb-button__wrapper\"><a class=\"uagb-buttons-repeater wp-block-button__link\" href=\"https:\/\/propesp.uepa.br\/wp-content\/uploads\/2024\/07\/RESOLUCAO-01-2007-CNE-MEC-ESPECIALIZACAO.pdf\" onclick=\"return true;\" rel=\"follow noopener\" target=\"_blank\"><div class=\"uagb-button__link\">Resolu\u00e7\u00e3o 01\/2007 CNE\/MEC &#8211;  Especializa\u00e7\u00e3o<\/div><\/a><\/div><\/div>\n\n\n\n<div class=\"wp-block-uagb-buttons-child uagb-buttons__outer-wrap uagb-block-3d0c4bb2 wp-block-button\"><div class=\"uagb-button__wrapper\"><a class=\"uagb-buttons-repeater wp-block-button__link\" href=\"https:\/\/propesp.uepa.br\/wp-content\/uploads\/2024\/05\/RESOLUCAO-No-4012-23-CONSUN-23-de-agosto-de-2023.pdf\" onclick=\"return true;\" rel=\"follow noopener\" target=\"_blank\"><div class=\"uagb-button__link\">Resolu\u00e7\u00e3o 4012\/23 &#8211; Cursos de P\u00f3s-Gradua\u00e7\u00e3o Lato-Sensu &#8211; Vigente<\/div><\/a><\/div><\/div>\n\n\n\n<div class=\"wp-block-uagb-buttons-child uagb-buttons__outer-wrap uagb-block-91b55f55 wp-block-button\"><div class=\"uagb-button__wrapper\"><a class=\"uagb-buttons-repeater wp-block-button__link\" href=\"https:\/\/propesp.uepa.br\/wp-content\/uploads\/2018\/09\/RESOLU\u00c7\u00c3O-3392-19-EM-VIG\u00caNCIA-DE-CURSOS-LATO-SENSU.pdf\" onclick=\"return true;\" rel=\"follow noopener\" target=\"_blank\"><div class=\"uagb-button__link\">RESOLU\u00c7\u00c3O 3392-19 &#8211; CURSOS LATO SENSU &#8211; Alterada pela resolu\u00e7\u00e3o 4012\/23<\/div><\/a><\/div><\/div>\n\n\n\n<div class=\"wp-block-uagb-buttons-child uagb-buttons__outer-wrap uagb-block-7b226a89 wp-block-button\"><div class=\"uagb-button__wrapper\"><a class=\"uagb-buttons-repeater wp-block-button__link\" href=\"https:\/\/propesp.uepa.br\/wp-content\/uploads\/2025\/04\/Formulario-de-submissao-de-cursos-de-pos-graduacao-lato-sensu.doc\" onclick=\"return true;\" rel=\"follow noopener\" target=\"_blank\"><div class=\"uagb-button__link\">Formul\u00e1rio de submiss\u00e3o de cursos de p\u00f3s-gradua\u00e7\u00e3o Lato Sensu<\/div><\/a><\/div><\/div>\n\n\n\n<div class=\"wp-block-uagb-buttons-child uagb-buttons__outer-wrap uagb-block-4494fa95 wp-block-button\"><div class=\"uagb-button__wrapper\"><a class=\"uagb-buttons-repeater wp-block-button__link\" href=\"https:\/\/propesp.uepa.br\/wp-content\/uploads\/2018\/05\/Formulario-de-Submissao-de-Novas-Turmas-Sequencia_1506955717.doc\" onclick=\"return true;\" rel=\"follow noopener\" target=\"_blank\"><div class=\"uagb-button__link\">Formul\u00e1rio de Submiss\u00e3o de Reoferta de  Turmas \u2013 Sequ\u00eancia<\/div><\/a><\/div><\/div>\n\n\n\n<div class=\"wp-block-uagb-buttons-child uagb-buttons__outer-wrap uagb-block-141106cc wp-block-button\"><div class=\"uagb-button__wrapper\"><a class=\"uagb-buttons-repeater wp-block-button__link\" href=\"https:\/\/propesp.uepa.br\/wp-content\/uploads\/2018\/05\/Modelo_de_Declaracao_de_Infraestrutura.docx\" onclick=\"return true;\" rel=\"follow noopener\" target=\"_blank\"><div class=\"uagb-button__link\">Modelo de Declara\u00e7\u00e3o de Infraestrutura<\/div><\/a><\/div><\/div>\n\n\n\n<div class=\"wp-block-uagb-buttons-child uagb-buttons__outer-wrap uagb-block-77b5f179 wp-block-button\"><div class=\"uagb-button__wrapper\"><a class=\"uagb-buttons-repeater wp-block-button__link\" href=\"https:\/\/propesp.uepa.br\/wp-content\/uploads\/2022\/11\/Relatrio_Final_Curso_de_Especializacao.doc\" onclick=\"return true;\" rel=\"follow noopener\" target=\"_blank\"><div class=\"uagb-button__link\">Relat\u00f3rio Final Curso de Especializa\u00e7\u00e3o<\/div><\/a><\/div><\/div>\n<\/div><\/div>\n\n\n\n<p><\/p>\n\n\n\n<p><\/p>\n\n\n\n<p><\/p>\n<\/div><\/div>\n","protected":false},"excerpt":{"rendered":"<p>Lato Sensu Cursos de Especializa\u00e7\u00e3o Os cursos de especializa\u00e7\u00e3o t\u00eam como objetivo formar especialistas em setores espec\u00edficos, aprofundando conhecimentos e desenvolvendo pesquisas e habilidades human\u00edsticas, \u00e9ticas, t\u00e9cnicas e tecnol\u00f3gicas em determinadas \u00e1reas dos estudos universit\u00e1rios. Eles s\u00e3o caracterizados por um conjunto de disciplinas correlatas que visam habilitar o aluno para uma atividade especializada. Os cursos &hellip;<\/p>\n<p class=\"read-more\"> <a class=\"\" href=\"https:\/\/propesp.uepa.br\/index.php\/lato-sensu\/\"> <span class=\"screen-reader-text\">Latu Senso<\/span> Leia mais &raquo;<\/a><\/p>\n","protected":false},"author":1,"featured_media":0,"parent":0,"menu_order":0,"comment_status":"closed","ping_status":"closed","template":"","meta":{"_uag_custom_page_level_css":"","site-sidebar-layout":"default","site-content-layout":null,"ast-site-content-layout":"default","site-content-style":"default","site-sidebar-style":"default","ast-global-header-display":"","ast-banner-title-visibility":"","ast-main-header-display":"","ast-hfb-above-header-display":"","ast-hfb-below-header-display":"","ast-hfb-mobile-header-display":"","site-post-title":"disabled","ast-breadcrumbs-content":"","ast-featured-img":"","footer-sml-layout":"","theme-transparent-header-meta":"","adv-header-id-meta":null,"stick-header-meta":null,"header-above-stick-meta":null,"header-main-stick-meta":null,"header-below-stick-meta":null,"astra-migrate-meta-layouts":"set","ast-page-background-enabled":"default","ast-page-background-meta":{"desktop":{"background-color":"var(--ast-global-color-4)","background-image":"","background-repeat":"repeat","background-position":"center center","background-size":"auto","background-attachment":"scroll","background-type":"","background-media":"","overlay-type":"","overlay-color":"","overlay-gradient":""},"tablet":{"background-color":"","background-image":"","background-repeat":"repeat","background-position":"center center","background-size":"auto","background-attachment":"scroll","background-type":"","background-media":"","overlay-type":"","overlay-color":"","overlay-gradient":""},"mobile":{"background-color":"","background-image":"","background-repeat":"repeat","background-position":"center center","background-size":"auto","background-attachment":"scroll","background-type":"","background-media":"","overlay-type":"","overlay-color":"","overlay-gradient":""}},"ast-content-background-meta":{"desktop":{"background-color":"var(--ast-global-color-5)","background-image":"","background-repeat":"repeat","background-position":"center center","background-size":"auto","background-attachment":"scroll","background-type":"","background-media":"","overlay-type":"","overlay-color":"","overlay-gradient":""},"tablet":{"background-color":"var(--ast-global-color-5)","background-image":"","background-repeat":"repeat","background-position":"center center","background-size":"auto","background-attachment":"scroll","background-type":"","background-media":"","overlay-type":"","overlay-color":"","overlay-gradient":""},"mobile":{"background-color":"var(--ast-global-color-5)","background-image":"","background-repeat":"repeat","background-position":"center center","background-size":"auto","background-attachment":"scroll","background-type":"","background-media":"","overlay-type":"","overlay-color":"","overlay-gradient":""}},"footnotes":""},"uagb_featured_image_src":{"full":false,"thumbnail":false,"medium":false,"medium_large":false,"large":false,"1536x1536":false,"2048x2048":false},"uagb_author_info":{"display_name":"adminsites@uepa.br","author_link":"https:\/\/propesp.uepa.br\/index.php\/author\/adminsitesuepa-br\/"},"uagb_comment_info":0,"uagb_excerpt":"Lato Sensu Cursos de Especializa\u00e7\u00e3o Os cursos de especializa\u00e7\u00e3o t\u00eam como objetivo formar especialistas em setores espec\u00edficos, aprofundando conhecimentos e desenvolvendo pesquisas e habilidades human\u00edsticas, \u00e9ticas, t\u00e9cnicas e tecnol\u00f3gicas em determinadas \u00e1reas dos estudos universit\u00e1rios. Eles s\u00e3o caracterizados por um conjunto de disciplinas correlatas que visam habilitar o aluno para uma atividade especializada. Os cursos&hellip;","_links":{"self":[{"href":"https:\/\/propesp.uepa.br\/index.php\/wp-json\/wp\/v2\/pages\/43"}],"collection":[{"href":"https:\/\/propesp.uepa.br\/index.php\/wp-json\/wp\/v2\/pages"}],"about":[{"href":"https:\/\/propesp.uepa.br\/index.php\/wp-json\/wp\/v2\/types\/page"}],"author":[{"embeddable":true,"href":"https:\/\/propesp.uepa.br\/index.php\/wp-json\/wp\/v2\/users\/1"}],"replies":[{"embeddable":true,"href":"https:\/\/propesp.uepa.br\/index.php\/wp-json\/wp\/v2\/comments?post=43"}],"version-history":[{"count":11,"href":"https:\/\/propesp.uepa.br\/index.php\/wp-json\/wp\/v2\/pages\/43\/revisions"}],"predecessor-version":[{"id":6792,"href":"https:\/\/propesp.uepa.br\/index.php\/wp-json\/wp\/v2\/pages\/43\/revisions\/6792"}],"wp:attachment":[{"href":"https:\/\/propesp.uepa.br\/index.php\/wp-json\/wp\/v2\/media?parent=43"}],"curies":[{"name":"wp","href":"https:\/\/api.w.org\/{rel}","templated":true}]}}