{"id":45,"date":"2018-05-14T13:18:40","date_gmt":"2018-05-14T16:18:40","guid":{"rendered":"http:\/\/propesp.uepa.br:8081\/?page_id=45"},"modified":"2024-05-28T17:09:26","modified_gmt":"2024-05-28T17:09:26","slug":"liberacao-docente","status":"publish","type":"page","link":"https:\/\/propesp.uepa.br\/index.php\/liberacao-docente\/","title":{"rendered":"Afastamento para  P\u00f3s-Gradua\u00e7\u00e3o ( Mestrado, Doutorado e P\u00f3s-Doutorado)"},"content":{"rendered":"\n<div class=\"wp-block-uagb-container uagb-block-1614a0e2 alignfull uagb-is-root-container\"><div class=\"uagb-container-inner-blocks-wrap\">\n<div class=\"wp-block-uagb-advanced-heading uagb-block-7e754943\"><h1 class=\"uagb-heading-text\">Afastamento para  P\u00f3s-Gradua\u00e7\u00e3o ( Mestrado, Doutorado e P\u00f3s-Doutorado)<\/h1><div class=\"uagb-separator\"><\/div><\/div>\n\n\n\n<div class=\"wp-block-uagb-advanced-heading uagb-block-20dc5da8\"><p class=\"uagb-heading-text\">Para formar e qualificar profissionais nas diversas \u00e1reas do conhecimento e da atividade humana, promovendo uma pol\u00edtica equitativa de conhecimento pautada no atendimento das necessidades regionais e na forma\u00e7\u00e3o continuada de servidores, a Universidade do Estado do Par\u00e1 cumpre com magnitude a faculdade que lhe \u00e9 outorgada pela Lei Estadual n\u00ba 6.839, de 15 de mar\u00e7o de 2006, oportunizando aos docentes e t\u00e9cnicos integrantes de cargos de n\u00edvel superior, desde que efetivos, o direito ao afastamento de suas fun\u00e7\u00f5es, para realiza\u00e7\u00e3o de cursos de p\u00f3s-gradua\u00e7\u00e3o stricto sensu (mestrado, doutorado e p\u00f3s-doutorado) em institui\u00e7\u00f5es nacionais ou estrangeiras, sem preju\u00edzo do tempo efetivo de servi\u00e7o.<br>Documentos relacionados \u00e0 libera\u00e7\u00e3o docente:<\/p><\/div>\n\n\n\n<div class=\"wp-block-uagb-buttons uagb-buttons__outer-wrap uagb-btn__default-btn uagb-btn-tablet__default-btn uagb-btn-mobile__default-btn uagb-block-7c873463\"><div class=\"uagb-buttons__wrap uagb-buttons-layout-wrap\">\n<div class=\"wp-block-uagb-buttons-child uagb-buttons__outer-wrap uagb-block-5f46bcaf wp-block-button is-style-outline\"><div class=\"uagb-button__wrapper\"><a class=\"uagb-buttons-repeater wp-block-button__link\" href=\"https:\/\/propesp.uepa.br\/wp-content\/uploads\/2021\/02\/Formulario_de_Liberacao_docente.doc\" onclick=\"return true;\" rel=\"follow noopener\" target=\"_blank\"><div class=\"uagb-button__link\">Formul\u00e1rio de libera\u00e7\u00e3o (Docente e T\u00e9cnico)<\/div><\/a><\/div><\/div>\n\n\n\n<div class=\"wp-block-uagb-buttons-child uagb-buttons__outer-wrap uagb-block-3dded964 wp-block-button is-style-outline\"><div class=\"uagb-button__wrapper\"><a class=\"uagb-buttons-repeater wp-block-button__link\" href=\"https:\/\/propesp.uepa.br\/wp-content\/uploads\/2021\/02\/Formulario-para-Chefe-de-Departamento.doc\" onclick=\"return true;\" rel=\"follow noopener\" target=\"_blank\"><div class=\"uagb-button__link\">Formul\u00e1rio de Libera\u00e7\u00e3o Departamental (Docentes)<\/div><\/a><\/div><\/div>\n\n\n\n<div class=\"wp-block-uagb-buttons-child uagb-buttons__outer-wrap uagb-block-5b2c6b05 wp-block-button is-style-outline\"><div class=\"uagb-button__wrapper\"><a class=\"uagb-buttons-repeater wp-block-button__link\" href=\"https:\/\/propesp.uepa.br\/wp-content\/uploads\/2023\/03\/FORMULARIO-DO-PLANO-DE-QUALIFICACAO-DEPARTAMENTAL.doc\" onclick=\"return true;\" rel=\"follow noopener\" target=\"_blank\"><div class=\"uagb-button__link\">Formul\u00e1rio &#8211; Plano de  Qualifica\u00e7\u00e3o Departamental <\/div><\/a><\/div><\/div>\n\n\n\n<div class=\"wp-block-uagb-buttons-child uagb-buttons__outer-wrap uagb-block-f5b921ae wp-block-button is-style-outline\"><div class=\"uagb-button__wrapper\"><a class=\"uagb-buttons-repeater wp-block-button__link\" href=\"https:\/\/propesp.uepa.br\/wp-content\/uploads\/2021\/02\/Formulario-para-chefia-imedaiata.doc\" onclick=\"return true;\" rel=\"follow noopener\" target=\"_blank\"><div class=\"uagb-button__link\">Formul\u00e1rio de Libera\u00e7\u00e3o para T\u00e9cnico<\/div><\/a><\/div><\/div>\n\n\n\n<div class=\"wp-block-uagb-buttons-child uagb-buttons__outer-wrap uagb-block-8e4bac9a wp-block-button is-style-outline\"><div class=\"uagb-button__wrapper\"><a class=\"uagb-buttons-repeater wp-block-button__link\" href=\"https:\/\/propesp.uepa.br\/wp-content\/uploads\/2024\/05\/Termo-de-Compromisso-para-Afastamento-no-Exterior.docx\" onclick=\"return true;\" rel=\"follow noopener\" target=\"_blank\"><div class=\"uagb-button__link\">Termo de Compromisso para Afastamento no Exterior<\/div><\/a><\/div><\/div>\n\n\n\n<div class=\"wp-block-uagb-buttons-child uagb-buttons__outer-wrap uagb-block-2612bdb1 wp-block-button is-style-outline\"><div class=\"uagb-button__wrapper\"><a class=\"uagb-buttons-repeater wp-block-button__link\" href=\"https:\/\/propesp.uepa.br\/wp-content\/uploads\/2018\/09\/Novo_Modelo_de_Relatorio_de_Acompanhamento.doc\" onclick=\"return true;\" rel=\"follow noopener\" target=\"_blank\"><div class=\"uagb-button__link\">Relat\u00f3rio Parcial ou Final de Programa de P\u00f3s-Gradua\u00e7\u00e3o:\u00a0Mestrado, Doutorado e P\u00f3s Doutorado<\/div><\/a><\/div><\/div>\n\n\n\n<div class=\"wp-block-uagb-buttons-child uagb-buttons__outer-wrap uagb-block-6ab52969 wp-block-button is-style-outline\"><div class=\"uagb-button__wrapper\"><a class=\"uagb-buttons-repeater wp-block-button__link\" href=\"https:\/\/propesp.uepa.br\/wp-content\/uploads\/2020\/03\/Resolu\u00e7\u00e3o-3404-2019-Est\u00e1gio-Est\u00e1gio-P\u00f3s-Doutoral.pdf\" onclick=\"return true;\" rel=\"follow noopener\" target=\"_blank\"><div class=\"uagb-button__link\">Resolu\u00e7\u00e3o 3404\/2019 &#8211; Regulamenta o Est\u00e1gio P\u00f3s-Doutoral na UEPA<\/div><\/a><\/div><\/div>\n\n\n\n<div class=\"wp-block-uagb-buttons-child uagb-buttons__outer-wrap uagb-block-066be256 wp-block-button is-style-outline\"><div class=\"uagb-button__wrapper\"><a class=\"uagb-buttons-repeater wp-block-button__link\" href=\"https:\/\/propesp.uepa.br\/wp-content\/uploads\/2018\/05\/Resolucao_3038-2016_1.pdf\" onclick=\"return true;\" rel=\"follow noopener\" target=\"_blank\"><div class=\"uagb-button__link\">Resolu\u00e7\u00e3o 3038\/2016 &#8211; Afastamentos de servidores efetivos &#8211; Vigente at\u00e9 19 de abril de 2022<\/div><\/a><\/div><\/div>\n\n\n\n<div class=\"wp-block-uagb-buttons-child uagb-buttons__outer-wrap uagb-block-cd30370e wp-block-button is-style-outline\"><div class=\"uagb-button__wrapper\"><a class=\"uagb-buttons-repeater wp-block-button__link\" href=\"https:\/\/propesp.uepa.br\/wp-content\/uploads\/2022\/11\/Resolucao-3820-2022-Afastamentos-Servidores-Efetivos.pdf\" onclick=\"return true;\" rel=\"follow noopener\" target=\"_blank\"><div class=\"uagb-button__link\">Resolu\u00e7\u00e3o 3820\/2022 &#8211; Afastamentos de Servidores Efetivos -Docentes e T\u00e9cnicos -UEPA<\/div><\/a><\/div><\/div>\n<\/div><\/div>\n<\/div><\/div>\n\n\n\n<p><\/p>\n","protected":false},"excerpt":{"rendered":"<p>Afastamento para P\u00f3s-Gradua\u00e7\u00e3o ( Mestrado, Doutorado e P\u00f3s-Doutorado) Para formar e qualificar profissionais nas diversas \u00e1reas do conhecimento e da atividade humana, promovendo uma pol\u00edtica equitativa de conhecimento pautada no atendimento das necessidades regionais e na forma\u00e7\u00e3o continuada de servidores, a Universidade do Estado do Par\u00e1 cumpre com magnitude a faculdade que lhe \u00e9 outorgada &hellip;<\/p>\n<p class=\"read-more\"> <a class=\"\" href=\"https:\/\/propesp.uepa.br\/index.php\/liberacao-docente\/\"> <span class=\"screen-reader-text\">Afastamento para  P\u00f3s-Gradua\u00e7\u00e3o ( Mestrado, Doutorado e P\u00f3s-Doutorado)<\/span> Leia mais &raquo;<\/a><\/p>\n","protected":false},"author":1,"featured_media":0,"parent":0,"menu_order":0,"comment_status":"closed","ping_status":"closed","template":"","meta":{"_uag_custom_page_level_css":"","site-sidebar-layout":"default","site-content-layout":"","ast-site-content-layout":"default","site-content-style":"default","site-sidebar-style":"default","ast-global-header-display":"","ast-banner-title-visibility":"","ast-main-header-display":"","ast-hfb-above-header-display":"","ast-hfb-below-header-display":"","ast-hfb-mobile-header-display":"","site-post-title":"disabled","ast-breadcrumbs-content":"","ast-featured-img":"","footer-sml-layout":"","theme-transparent-header-meta":"","adv-header-id-meta":"","stick-header-meta":"","header-above-stick-meta":"","header-main-stick-meta":"","header-below-stick-meta":"","astra-migrate-meta-layouts":"set","ast-page-background-enabled":"default","ast-page-background-meta":{"desktop":{"background-color":"var(--ast-global-color-4)","background-image":"","background-repeat":"repeat","background-position":"center center","background-size":"auto","background-attachment":"scroll","background-type":"","background-media":"","overlay-type":"","overlay-color":"","overlay-gradient":""},"tablet":{"background-color":"","background-image":"","background-repeat":"repeat","background-position":"center center","background-size":"auto","background-attachment":"scroll","background-type":"","background-media":"","overlay-type":"","overlay-color":"","overlay-gradient":""},"mobile":{"background-color":"","background-image":"","background-repeat":"repeat","background-position":"center center","background-size":"auto","background-attachment":"scroll","background-type":"","background-media":"","overlay-type":"","overlay-color":"","overlay-gradient":""}},"ast-content-background-meta":{"desktop":{"background-color":"var(--ast-global-color-5)","background-image":"","background-repeat":"repeat","background-position":"center center","background-size":"auto","background-attachment":"scroll","background-type":"","background-media":"","overlay-type":"","overlay-color":"","overlay-gradient":""},"tablet":{"background-color":"var(--ast-global-color-5)","background-image":"","background-repeat":"repeat","background-position":"center center","background-size":"auto","background-attachment":"scroll","background-type":"","background-media":"","overlay-type":"","overlay-color":"","overlay-gradient":""},"mobile":{"background-color":"var(--ast-global-color-5)","background-image":"","background-repeat":"repeat","background-position":"center center","background-size":"auto","background-attachment":"scroll","background-type":"","background-media":"","overlay-type":"","overlay-color":"","overlay-gradient":""}},"footnotes":""},"uagb_featured_image_src":{"full":false,"thumbnail":false,"medium":false,"medium_large":false,"large":false,"1536x1536":false,"2048x2048":false},"uagb_author_info":{"display_name":"adminsites@uepa.br","author_link":"https:\/\/propesp.uepa.br\/index.php\/author\/adminsitesuepa-br\/"},"uagb_comment_info":0,"uagb_excerpt":"Afastamento para P\u00f3s-Gradua\u00e7\u00e3o ( Mestrado, Doutorado e P\u00f3s-Doutorado) Para formar e qualificar profissionais nas diversas \u00e1reas do conhecimento e da atividade humana, promovendo uma pol\u00edtica equitativa de conhecimento pautada no atendimento das necessidades regionais e na forma\u00e7\u00e3o continuada de servidores, a Universidade do Estado do Par\u00e1 cumpre com magnitude a faculdade que lhe \u00e9 outorgada&hellip;","_links":{"self":[{"href":"https:\/\/propesp.uepa.br\/index.php\/wp-json\/wp\/v2\/pages\/45"}],"collection":[{"href":"https:\/\/propesp.uepa.br\/index.php\/wp-json\/wp\/v2\/pages"}],"about":[{"href":"https:\/\/propesp.uepa.br\/index.php\/wp-json\/wp\/v2\/types\/page"}],"author":[{"embeddable":true,"href":"https:\/\/propesp.uepa.br\/index.php\/wp-json\/wp\/v2\/users\/1"}],"replies":[{"embeddable":true,"href":"https:\/\/propesp.uepa.br\/index.php\/wp-json\/wp\/v2\/comments?post=45"}],"version-history":[{"count":9,"href":"https:\/\/propesp.uepa.br\/index.php\/wp-json\/wp\/v2\/pages\/45\/revisions"}],"predecessor-version":[{"id":5761,"href":"https:\/\/propesp.uepa.br\/index.php\/wp-json\/wp\/v2\/pages\/45\/revisions\/5761"}],"wp:attachment":[{"href":"https:\/\/propesp.uepa.br\/index.php\/wp-json\/wp\/v2\/media?parent=45"}],"curies":[{"name":"wp","href":"https:\/\/api.w.org\/{rel}","templated":true}]}}