{"id":50,"date":"2018-05-14T13:24:31","date_gmt":"2018-05-14T16:24:31","guid":{"rendered":"http:\/\/propesp.uepa.br:8081\/?page_id=50"},"modified":"2023-11-29T13:37:08","modified_gmt":"2023-11-29T13:37:08","slug":"proap","status":"publish","type":"page","link":"https:\/\/propesp.uepa.br\/index.php\/proap\/","title":{"rendered":"PROAP"},"content":{"rendered":"\n<div class=\"wp-block-uagb-container uagb-block-cf4d54e1 alignfull uagb-is-root-container\"><div class=\"uagb-container-inner-blocks-wrap\">\n<div class=\"wp-block-uagb-advanced-heading uagb-block-c5dcf477\"><h1 class=\"uagb-heading-text\">Programa de Apoio \u00e0 P\u00f3s-Gradua\u00e7\u00e3o (PROAP)<\/h1><div class=\"uagb-separator\"><\/div><\/div>\n\n\n\n<div class=\"wp-block-uagb-advanced-heading uagb-block-0cf10420\"><p class=\"uagb-heading-text\">O Programa de Apoio \u00e0 P\u00f3s-Gradua\u00e7\u00e3o (PROAP) \u00e9 oferecido a todas as institui\u00e7\u00f5es que possuem cursos recomendados pela Capes e por se tratar de um programa institucional, todas as informa\u00e7\u00f5es sobre ele devem ser obtidas com a pr\u00f3-reitoria de p\u00f3s-gradua\u00e7\u00e3o da institui\u00e7\u00e3o de ensino superior. Tem como objetivo financiar as atividades dos cursos de p\u00f3s-gradua\u00e7\u00e3o, proporcionando melhores condi\u00e7\u00f5es para a forma\u00e7\u00e3o de recursos humanos.<\/p><\/div>\n\n\n\n<div class=\"wp-block-uagb-buttons uagb-buttons__outer-wrap uagb-btn__default-btn uagb-btn-tablet__default-btn uagb-btn-mobile__default-btn uagb-block-c8e5d85d\"><div class=\"uagb-buttons__wrap uagb-buttons-layout-wrap\">\n<div class=\"wp-block-uagb-buttons-child uagb-buttons__outer-wrap uagb-block-648a0f4d wp-block-button\"><div class=\"uagb-button__wrapper\"><a class=\"uagb-buttons-repeater wp-block-button__link\" href=\"https:\/\/www.gov.br\/capes\/pt-br\/acesso-a-informacao\/acoes-e-programas\/bolsas\/bolsas-no-pais\/proap\" onclick=\"return true;\" rel=\"follow noopener\" target=\"_blank\"><div class=\"uagb-button__link\">Link da CAPES<\/div><\/a><\/div><\/div>\n\n\n\n<div class=\"wp-block-uagb-buttons-child uagb-buttons__outer-wrap uagb-block-abb41aaa wp-block-button\"><div class=\"uagb-button__wrapper\"><a class=\"uagb-buttons-repeater wp-block-button__link\" href=\"https:\/\/propesp.uepa.br\/wp-content\/uploads\/2022\/02\/07022017-manual-cartao-pesquisador-capes-bb.pdf\" onclick=\"return true;\" rel=\"follow noopener\" target=\"_blank\"><div class=\"uagb-button__link\">Manual de cart\u00e3o BB pesquisa CAPES<\/div><\/a><\/div><\/div>\n\n\n\n<div class=\"wp-block-uagb-buttons-child uagb-buttons__outer-wrap uagb-block-a4997a74 wp-block-button\"><div class=\"uagb-button__wrapper\"><a class=\"uagb-buttons-repeater wp-block-button__link\" href=\"https:\/\/propesp.uepa.br\/wp-content\/uploads\/2022\/02\/auxpe-jun13-recibomodelo-a-5.doc\" onclick=\"return true;\" rel=\"follow noopener\" target=\"_blank\"><div class=\"uagb-button__link\">Recibo Modelo\u00a0 \u201cA\u201d<\/div><\/a><\/div><\/div>\n\n\n\n<div class=\"wp-block-uagb-buttons-child uagb-buttons__outer-wrap uagb-block-2e10b120 wp-block-button\"><div class=\"uagb-button__wrapper\"><a class=\"uagb-buttons-repeater wp-block-button__link\" href=\"https:\/\/propesp.uepa.br\/wp-content\/uploads\/2022\/02\/auxpe-jun13-recibomodelo-b-1.doc\" onclick=\"return true;\" rel=\"follow noopener\" target=\"_blank\"><div class=\"uagb-button__link\">Recibo Modelo\u00a0 \u201cB\u201d<\/div><\/a><\/div><\/div>\n\n\n\n<div class=\"wp-block-uagb-buttons-child uagb-buttons__outer-wrap uagb-block-941deef8 wp-block-button\"><div class=\"uagb-button__wrapper\"><a class=\"uagb-buttons-repeater wp-block-button__link\" href=\"https:\/\/propesp.uepa.br\/wp-content\/uploads\/2022\/04\/Manual-1.pdf\" onclick=\"return true;\" rel=\"follow noopener\" target=\"_blank\"><div class=\"uagb-button__link\">Sistema de Presta\u00e7\u00e3o de Contas \u2013 Siprec<\/div><\/a><\/div><\/div>\n\n\n\n<div class=\"wp-block-uagb-buttons-child uagb-buttons__outer-wrap uagb-block-e88248b8 wp-block-button\"><div class=\"uagb-button__wrapper\"><a class=\"uagb-buttons-repeater wp-block-button__link\" href=\"https:\/\/propesp.uepa.br\/wp-content\/uploads\/2022\/05\/Portaria-n\u00ba-132-de-18-de-Agosto-de-2016-Di\u00e1ria-Capes.pdf\" onclick=\"return true;\" rel=\"follow noopener\" target=\"_blank\"><div class=\"uagb-button__link\">Portaria de aux\u00edlio financeiro di\u00e1rio para benefici\u00e1rios- CAPES<\/div><\/a><\/div><\/div>\n<\/div><\/div>\n<\/div><\/div>\n","protected":false},"excerpt":{"rendered":"<p>Programa de Apoio \u00e0 P\u00f3s-Gradua\u00e7\u00e3o (PROAP) O Programa de Apoio \u00e0 P\u00f3s-Gradua\u00e7\u00e3o (PROAP) \u00e9 oferecido a todas as institui\u00e7\u00f5es que possuem cursos recomendados pela Capes e por se tratar de um programa institucional, todas as informa\u00e7\u00f5es sobre ele devem ser obtidas com a pr\u00f3-reitoria de p\u00f3s-gradua\u00e7\u00e3o da institui\u00e7\u00e3o de ensino superior. Tem como objetivo financiar &hellip;<\/p>\n<p class=\"read-more\"> <a class=\"\" href=\"https:\/\/propesp.uepa.br\/index.php\/proap\/\"> <span class=\"screen-reader-text\">PROAP<\/span> Leia mais &raquo;<\/a><\/p>\n","protected":false},"author":1,"featured_media":0,"parent":0,"menu_order":0,"comment_status":"closed","ping_status":"closed","template":"","meta":{"_uag_custom_page_level_css":"","site-sidebar-layout":"default","site-content-layout":"","ast-site-content-layout":"default","site-content-style":"default","site-sidebar-style":"default","ast-global-header-display":"","ast-banner-title-visibility":"","ast-main-header-display":"","ast-hfb-above-header-display":"","ast-hfb-below-header-display":"","ast-hfb-mobile-header-display":"","site-post-title":"disabled","ast-breadcrumbs-content":"","ast-featured-img":"","footer-sml-layout":"","theme-transparent-header-meta":"","adv-header-id-meta":"","stick-header-meta":"","header-above-stick-meta":"","header-main-stick-meta":"","header-below-stick-meta":"","astra-migrate-meta-layouts":"set","ast-page-background-enabled":"default","ast-page-background-meta":{"desktop":{"background-color":"var(--ast-global-color-4)","background-image":"","background-repeat":"repeat","background-position":"center center","background-size":"auto","background-attachment":"scroll","background-type":"","background-media":"","overlay-type":"","overlay-color":"","overlay-gradient":""},"tablet":{"background-color":"","background-image":"","background-repeat":"repeat","background-position":"center center","background-size":"auto","background-attachment":"scroll","background-type":"","background-media":"","overlay-type":"","overlay-color":"","overlay-gradient":""},"mobile":{"background-color":"","background-image":"","background-repeat":"repeat","background-position":"center center","background-size":"auto","background-attachment":"scroll","background-type":"","background-media":"","overlay-type":"","overlay-color":"","overlay-gradient":""}},"ast-content-background-meta":{"desktop":{"background-color":"var(--ast-global-color-5)","background-image":"","background-repeat":"repeat","background-position":"center center","background-size":"auto","background-attachment":"scroll","background-type":"","background-media":"","overlay-type":"","overlay-color":"","overlay-gradient":""},"tablet":{"background-color":"var(--ast-global-color-5)","background-image":"","background-repeat":"repeat","background-position":"center center","background-size":"auto","background-attachment":"scroll","background-type":"","background-media":"","overlay-type":"","overlay-color":"","overlay-gradient":""},"mobile":{"background-color":"var(--ast-global-color-5)","background-image":"","background-repeat":"repeat","background-position":"center center","background-size":"auto","background-attachment":"scroll","background-type":"","background-media":"","overlay-type":"","overlay-color":"","overlay-gradient":""}},"footnotes":""},"uagb_featured_image_src":{"full":false,"thumbnail":false,"medium":false,"medium_large":false,"large":false,"1536x1536":false,"2048x2048":false},"uagb_author_info":{"display_name":"adminsites@uepa.br","author_link":"https:\/\/propesp.uepa.br\/index.php\/author\/adminsitesuepa-br\/"},"uagb_comment_info":0,"uagb_excerpt":"Programa de Apoio \u00e0 P\u00f3s-Gradua\u00e7\u00e3o (PROAP) O Programa de Apoio \u00e0 P\u00f3s-Gradua\u00e7\u00e3o (PROAP) \u00e9 oferecido a todas as institui\u00e7\u00f5es que possuem cursos recomendados pela Capes e por se tratar de um programa institucional, todas as informa\u00e7\u00f5es sobre ele devem ser obtidas com a pr\u00f3-reitoria de p\u00f3s-gradua\u00e7\u00e3o da institui\u00e7\u00e3o de ensino superior. Tem como objetivo financiar&hellip;","_links":{"self":[{"href":"https:\/\/propesp.uepa.br\/index.php\/wp-json\/wp\/v2\/pages\/50"}],"collection":[{"href":"https:\/\/propesp.uepa.br\/index.php\/wp-json\/wp\/v2\/pages"}],"about":[{"href":"https:\/\/propesp.uepa.br\/index.php\/wp-json\/wp\/v2\/types\/page"}],"author":[{"embeddable":true,"href":"https:\/\/propesp.uepa.br\/index.php\/wp-json\/wp\/v2\/users\/1"}],"replies":[{"embeddable":true,"href":"https:\/\/propesp.uepa.br\/index.php\/wp-json\/wp\/v2\/comments?post=50"}],"version-history":[{"count":3,"href":"https:\/\/propesp.uepa.br\/index.php\/wp-json\/wp\/v2\/pages\/50\/revisions"}],"predecessor-version":[{"id":5191,"href":"https:\/\/propesp.uepa.br\/index.php\/wp-json\/wp\/v2\/pages\/50\/revisions\/5191"}],"wp:attachment":[{"href":"https:\/\/propesp.uepa.br\/index.php\/wp-json\/wp\/v2\/media?parent=50"}],"curies":[{"name":"wp","href":"https:\/\/api.w.org\/{rel}","templated":true}]}}