{"id":5249,"date":"2024-01-09T19:40:11","date_gmt":"2024-01-09T19:40:11","guid":{"rendered":"https:\/\/propesp.uepa.br\/?page_id=5249"},"modified":"2024-09-27T20:20:58","modified_gmt":"2024-09-27T20:20:58","slug":"tecnico","status":"publish","type":"page","link":"https:\/\/propesp.uepa.br\/index.php\/tecnico\/","title":{"rendered":"T\u00e9cnico"},"content":{"rendered":"\n<div class=\"wp-block-uagb-container uagb-block-0e192546 alignfull uagb-is-root-container\"><div class=\"uagb-container-inner-blocks-wrap\">\n<div class=\"wp-block-uagb-advanced-heading uagb-block-775ac630\"><h1 class=\"uagb-heading-text\">T\u00e9cnico<\/h1><div class=\"uagb-separator\"><\/div><\/div>\n\n\n\n<p style=\"text-align: center;\">O afastamento \u00e9 regido pela\u00a0<a href=\"https:\/\/propesp.uepa.br\/wp-content\/uploads\/2022\/11\/Resolucao-3820-2022-Afastamentos-Servidores-Efetivos.pdf\">Resolu\u00e7\u00e3o n\u00b03820\/22-CONSUN<\/a>,que estabelece os procedimentos e vantagens vinculadas ao afastamento de servidores\u00a0<strong>Docentes e T\u00e9cnicos de n\u00edvel superior efetivos<\/strong>\u00a0da UEPA.<\/p>\n\n\n\n<p style=\"text-align: center;\"><strong>Documentos necess\u00e1rios, de acordo com o art.8 da Resolu\u00e7\u00e3o:<\/strong><\/p>\n<ol>\n<li><a href=\"https:\/\/propesp.uepa.br\/wp-content\/uploads\/2021\/02\/Formulario_de_Liberacao_docente.doc\">Formul\u00e1rio de solicita\u00e7\u00e3o de afastamento<\/a>\u00a0para p\u00f3s-gradua\u00e7\u00e3o\u00a0<em>stricto sensu,\u00a0<\/em>segundo o modelo estabelecido pela PROPESP;<\/li>\n<li><a href=\"https:\/\/propesp.uepa.br\/wp-content\/uploads\/2021\/02\/Formulario-para-chefia-imedaiata.doc\">Formul\u00e1rio de libera\u00e7\u00e3o da chefia imediata<\/a>, em caso de servidor\u00a0 t\u00e9cnico de n\u00edvel superior, constando justificativa da relev\u00e2ncia e adequa\u00e7\u00e3o do curso de p\u00f3s-gradua\u00e7\u00e3o <em>stricto sensu\u00a0<\/em>para a \u00e1rea de atua\u00e7\u00e3o ,fun\u00e7\u00e3o e institui\u00e7\u00e3o;<\/li>\n<li>Documento de aprova\u00e7\u00e3o ou aceita\u00e7\u00e3o do requerente pela institui\u00e7\u00e3o de destino, incluindo informa\u00e7\u00e3o de per\u00edodo de in\u00edcio e fim do curso;<\/li>\n<li>Documento que comprove a regulariza\u00e7\u00e3o do curso pela CAPES, quando curso realizado no Brasil, ou pelo Minist\u00e9rio da Educa\u00e7\u00e3o ou \u00f3rg\u00e3o equivalente, quando o curso for realizado no exterior;<\/li>\n<li>Documento que expressa a modalidade de oferta do curso, se presencial ou a dist\u00e2ncia, se modular ou regular;<\/li>\n<li>Documento que relaciona as institui\u00e7\u00f5es que podem reconhecer o t\u00edtulo no Brasil em casos de cursos realizados no exterior;<\/li>\n<li>Termo de compromisso assinado pelo docente que ir\u00e1 reconhecer o t\u00edtulo no Brasil em casos de cursos realizados no exterior.<\/li>\n<\/ol>\n\n\n\n<p style=\"text-align: center;\">\u00a0<strong>Fluxo processual e condi\u00e7\u00f5es para o afastamento \u00e0 p\u00f3s-gradua\u00e7\u00e3o\u00a0<em>stricto sensu<\/em>, de acordo com o art.6 da Resolu\u00e7\u00e3o:<\/strong><\/p>\n<ol>\n<li>No caso de <strong>t\u00e9cnicos de n\u00edvel superior dos campi da capital:\u00a0<\/strong>aprova\u00e7\u00e3o da chefia imediata: aprova\u00e7\u00e3o no Conselho de Centro; Instru\u00e7\u00e3o Processual pela PROPESP; aprova\u00e7\u00e3o na C\u00e2mara de Gest\u00e3o e Planejamento do CONSUN; aprova\u00e7\u00e3o na C\u00e2mara de Pesquisa e P\u00f3s-Gradua\u00e7\u00e3o do CONSUN; aprova\u00e7\u00e3o no Conselho Universit\u00e1rio.<\/li>\n<li>No caso de <strong>t\u00e9cnicos de n\u00edvel superior dos campi de interioriza\u00e7\u00e3o<\/strong>: aprova\u00e7\u00e3o da chefia imediata; aprova\u00e7\u00e3o no Conselho de Campus; Instru\u00e7\u00e3o Processual pela PROPESP; aprova\u00e7\u00e3o na C\u00e2mara de Gest\u00e3o e Planejamento do CONSUN; aprova\u00e7\u00e3o na C\u00e2mara de Pesquisa e P\u00f3s-Gradua\u00e7\u00e3o do CONSUN; aprova\u00e7\u00e3o no Conselho Universit\u00e1rio.<\/li>\n<li>No caso de <strong>t\u00e9cnicos de n\u00edvel superior lotados em unidades vinculadas \u00e0 gest\u00e3o superior:\u00a0<\/strong>aprova\u00e7\u00e3o da chefia imediata; Instru\u00e7\u00e3o Processual pela PROPESP; aprova\u00e7\u00e3o na C\u00e2mara de Gest\u00e3o e Planejamento do CONSUN; aprova\u00e7\u00e3o na C\u00e2mara de Pesquisa e P\u00f3s-Gradua\u00e7\u00e3o do CONSUN; aprova\u00e7\u00e3o no Conselho Universit\u00e1rio.\u00a0<\/li>\n<\/ol>\n<p>\u00a0 \u00a0 \u00a0 <strong>\u00a71\u00b0-\u00a0<\/strong>Os processos n\u00e3o poder\u00e3o permanecer por mais de\u00a0<strong>30 (trinta) dias<\/strong>\u00a0em cada uma das inst\u00e2ncias.<\/p>\n<p>\u00a0 \u00a0 \u00a0 <strong>\u00a72\u00b0-\u00a0<\/strong>Em caso de solicita\u00e7\u00e3o de readequa\u00e7\u00e3o do per\u00edodo do afastamento ( dentro dos prazos de afastamento constantes nesta normativa), o interessado deve obedecer ao mesmo fluxo processual aplicado a seu processo inicial de afastamento.<\/p>\n<p>\u00a0 \u00a0 Art.7\u00b0- A data de in\u00edcio do afastamento para cursar p\u00f3s-gradua\u00e7\u00e3o<em><strong> stricto sensu <\/strong><\/em>coincidir\u00e1 com a data de in\u00edcio do curso, conforme documento expedido pelo programa de p\u00f3s-gradua\u00e7\u00e3o <em><strong>stricto sensu.<\/strong><\/em><\/p>\n<p>\u00a0 \u00a0<strong> Par\u00e1grafo \u00fanico<\/strong>: Nos casos em que o servidor solicitar o afastamento para cursar p\u00f3s-gradua\u00e7\u00e3o <em><strong>stricto sensu <\/strong><\/em>em per\u00edodo posterior ao in\u00edcio do curso prevalecer\u00e1, para efeitos do in\u00edcio do afastamento, a data do requerimento.<\/p>\n<\/div><\/div>\n\n\n\n<div class=\"wp-block-uagb-image aligncenter uagb-block-8a8269d4 wp-block-uagb-image--layout-default wp-block-uagb-image--effect-static wp-block-uagb-image--align-center\"><figure class=\"wp-block-uagb-image__figure\"><a class=\"\" href=\"https:\/\/propesp.uepa.br\/wp-content\/uploads\/2024\/04\/Guia-de-afastamento-tecnico.indd_.pdf\" target=\"\" rel=\"noopener\"><img decoding=\"async\" srcset=\"https:\/\/propesp.uepa.br\/wp-content\/uploads\/2024\/04\/botao-cartilha-1024x1024.png ,https:\/\/propesp.uepa.br\/wp-content\/uploads\/2024\/04\/botao-cartilha.png 780w, https:\/\/propesp.uepa.br\/wp-content\/uploads\/2024\/04\/botao-cartilha.png 360w\" sizes=\"(max-width: 480px) 150px\" src=\"https:\/\/propesp.uepa.br\/wp-content\/uploads\/2024\/04\/botao-cartilha-1024x1024.png\" alt=\"\" class=\"uag-image-5566\" width=\"446\" height=\"428\" title=\"\" loading=\"lazy\"\/><\/a><\/figure><\/div>\n\n\n\n<p><br><br><br><\/p>\n","protected":false},"excerpt":{"rendered":"<p>T\u00e9cnico O afastamento \u00e9 regido pela\u00a0Resolu\u00e7\u00e3o n\u00b03820\/22-CONSUN,que estabelece os procedimentos e vantagens vinculadas ao afastamento de servidores\u00a0Docentes e T\u00e9cnicos de n\u00edvel superior efetivos\u00a0da UEPA. Documentos necess\u00e1rios, de acordo com o art.8 da Resolu\u00e7\u00e3o: Formul\u00e1rio de solicita\u00e7\u00e3o de afastamento\u00a0para p\u00f3s-gradua\u00e7\u00e3o\u00a0stricto sensu,\u00a0segundo o modelo estabelecido pela PROPESP; Formul\u00e1rio de libera\u00e7\u00e3o da chefia imediata, em caso de servidor\u00a0 &hellip;<\/p>\n<p class=\"read-more\"> <a class=\"\" href=\"https:\/\/propesp.uepa.br\/index.php\/tecnico\/\"> <span class=\"screen-reader-text\">T\u00e9cnico<\/span> Leia mais &raquo;<\/a><\/p>\n","protected":false},"author":1,"featured_media":0,"parent":0,"menu_order":0,"comment_status":"closed","ping_status":"closed","template":"","meta":{"_uag_custom_page_level_css":"","site-sidebar-layout":"default","site-content-layout":"","ast-site-content-layout":"default","site-content-style":"default","site-sidebar-style":"default","ast-global-header-display":"","ast-banner-title-visibility":"","ast-main-header-display":"","ast-hfb-above-header-display":"","ast-hfb-below-header-display":"","ast-hfb-mobile-header-display":"","site-post-title":"disabled","ast-breadcrumbs-content":"","ast-featured-img":"","footer-sml-layout":"","theme-transparent-header-meta":"","adv-header-id-meta":"","stick-header-meta":"","header-above-stick-meta":"","header-main-stick-meta":"","header-below-stick-meta":"","astra-migrate-meta-layouts":"set","ast-page-background-enabled":"default","ast-page-background-meta":{"desktop":{"background-color":"var(--ast-global-color-4)","background-image":"","background-repeat":"repeat","background-position":"center center","background-size":"auto","background-attachment":"scroll","background-type":"","background-media":"","overlay-type":"","overlay-color":"","overlay-gradient":""},"tablet":{"background-color":"","background-image":"","background-repeat":"repeat","background-position":"center center","background-size":"auto","background-attachment":"scroll","background-type":"","background-media":"","overlay-type":"","overlay-color":"","overlay-gradient":""},"mobile":{"background-color":"","background-image":"","background-repeat":"repeat","background-position":"center center","background-size":"auto","background-attachment":"scroll","background-type":"","background-media":"","overlay-type":"","overlay-color":"","overlay-gradient":""}},"ast-content-background-meta":{"desktop":{"background-color":"var(--ast-global-color-5)","background-image":"","background-repeat":"repeat","background-position":"center center","background-size":"auto","background-attachment":"scroll","background-type":"","background-media":"","overlay-type":"","overlay-color":"","overlay-gradient":""},"tablet":{"background-color":"var(--ast-global-color-5)","background-image":"","background-repeat":"repeat","background-position":"center center","background-size":"auto","background-attachment":"scroll","background-type":"","background-media":"","overlay-type":"","overlay-color":"","overlay-gradient":""},"mobile":{"background-color":"var(--ast-global-color-5)","background-image":"","background-repeat":"repeat","background-position":"center center","background-size":"auto","background-attachment":"scroll","background-type":"","background-media":"","overlay-type":"","overlay-color":"","overlay-gradient":""}},"footnotes":""},"uagb_featured_image_src":{"full":false,"thumbnail":false,"medium":false,"medium_large":false,"large":false,"1536x1536":false,"2048x2048":false},"uagb_author_info":{"display_name":"adminsites@uepa.br","author_link":"https:\/\/propesp.uepa.br\/index.php\/author\/adminsitesuepa-br\/"},"uagb_comment_info":0,"uagb_excerpt":"T\u00e9cnico O afastamento \u00e9 regido pela\u00a0Resolu\u00e7\u00e3o n\u00b03820\/22-CONSUN,que estabelece os procedimentos e vantagens vinculadas ao afastamento de servidores\u00a0Docentes e T\u00e9cnicos de n\u00edvel superior efetivos\u00a0da UEPA. Documentos necess\u00e1rios, de acordo com o art.8 da Resolu\u00e7\u00e3o: Formul\u00e1rio de solicita\u00e7\u00e3o de afastamento\u00a0para p\u00f3s-gradua\u00e7\u00e3o\u00a0stricto sensu,\u00a0segundo o modelo estabelecido pela PROPESP; Formul\u00e1rio de libera\u00e7\u00e3o da chefia imediata, em caso de servidor\u00a0&hellip;","_links":{"self":[{"href":"https:\/\/propesp.uepa.br\/index.php\/wp-json\/wp\/v2\/pages\/5249"}],"collection":[{"href":"https:\/\/propesp.uepa.br\/index.php\/wp-json\/wp\/v2\/pages"}],"about":[{"href":"https:\/\/propesp.uepa.br\/index.php\/wp-json\/wp\/v2\/types\/page"}],"author":[{"embeddable":true,"href":"https:\/\/propesp.uepa.br\/index.php\/wp-json\/wp\/v2\/users\/1"}],"replies":[{"embeddable":true,"href":"https:\/\/propesp.uepa.br\/index.php\/wp-json\/wp\/v2\/comments?post=5249"}],"version-history":[{"count":6,"href":"https:\/\/propesp.uepa.br\/index.php\/wp-json\/wp\/v2\/pages\/5249\/revisions"}],"predecessor-version":[{"id":6097,"href":"https:\/\/propesp.uepa.br\/index.php\/wp-json\/wp\/v2\/pages\/5249\/revisions\/6097"}],"wp:attachment":[{"href":"https:\/\/propesp.uepa.br\/index.php\/wp-json\/wp\/v2\/media?parent=5249"}],"curies":[{"name":"wp","href":"https:\/\/api.w.org\/{rel}","templated":true}]}}