{"id":5277,"date":"2024-01-19T12:48:57","date_gmt":"2024-01-19T12:48:57","guid":{"rendered":"https:\/\/propesp.uepa.br\/?page_id=5277"},"modified":"2026-03-27T17:24:16","modified_gmt":"2026-03-27T17:24:16","slug":"pesquisa","status":"publish","type":"page","link":"https:\/\/propesp.uepa.br\/index.php\/resolucoes\/pesquisa\/","title":{"rendered":"Pesquisa"},"content":{"rendered":"\n<div class=\"wp-block-uagb-container uagb-block-bcc9ccb1 default uagb-is-root-container\">\n<div class=\"wp-block-uagb-container uagb-block-81789f9e\">\n<div class=\"wp-block-uagb-container uagb-block-3be60265 alignfull uagb-is-root-container\"><div class=\"uagb-container-inner-blocks-wrap\">\n<div class=\"wp-block-uagb-advanced-heading uagb-block-1613b028\"><h2 class=\"uagb-heading-text\">Pesquisa<\/h2><div class=\"uagb-separator\"><\/div><\/div>\n<\/div><\/div>\n<\/div>\n<\/div>\n\n\n\n<div class=\"wp-block-uagb-advanced-heading uagb-block-8ad3b68b\"><h2 class=\"uagb-heading-text\">Resolu\u00e7\u00e3o<br><br><\/h2><\/div>\n\n\n\n<div class=\"wp-block-uagb-buttons uagb-buttons__outer-wrap uagb-btn__default-btn uagb-btn-tablet__default-btn uagb-btn-mobile__default-btn uagb-block-253bbea6\"><div class=\"uagb-buttons__wrap uagb-buttons-layout-wrap\">\n<div class=\"wp-block-uagb-buttons-child uagb-buttons__outer-wrap uagb-block-bf7ff865 wp-block-button\"><div class=\"uagb-button__wrapper\"><a class=\"uagb-buttons-repeater wp-block-button__link\" href=\"https:\/\/propesp.uepa.br\/wp-content\/uploads\/2026\/03\/RESOLUCAO-N-322617-Concessao-de-bolsas-de-Programas-e-Projetos-de-ensino-pesquisa-extensao.pdf\" onclick=\"return true;\" rel=\"follow noopener\" target=\"_self\"><div class=\"uagb-button__link\">RESOLU\u00c7\u00c3O n\u00ba 3226\/2017 &#8211; Concess\u00e3o de bolsas de Programas e Projetos de ensino, pesquisa, extens\u00e3o<\/div><\/a><\/div><\/div>\n\n\n\n<div class=\"wp-block-uagb-buttons-child uagb-buttons__outer-wrap uagb-block-b23321f9 wp-block-button\"><div class=\"uagb-button__wrapper\"><a class=\"uagb-buttons-repeater wp-block-button__link\" href=\"https:\/\/propesp.uepa.br\/wp-content\/uploads\/2021\/10\/Resoluc%CC%A7a%CC%83o-3609-20-Laborat%C3%B3rio-de-Pesquisa.pdf\" onclick=\"return true;\" rel=\"follow noopener\" target=\"_self\"><div class=\"uagb-button__link\">RESOLU\u00c7\u00c3O N\u00ba 3609\/2020 \u2013 Institucionaliza\u00e7\u00e3o de Laborat\u00f3rio de Pesquisa<\/div><\/a><\/div><\/div>\n<\/div><\/div>\n\n\n\n<p class=\"has-text-align-center has-text-color has-link-color wp-elements-b8d5b327ca3606e1e6685348812edc02\" style=\"color:#009bcb\"><strong><a href=\"https:\/\/propesp.uepa.br\/wp-content\/uploads\/2022\/02\/Resolu%C3%A7%C3%A3o-3609-20-Laborat%C3%B3rio-de-Pesquisa-ANEXOS.docx\">Resolu\u00e7\u00e3o N\u00ba&nbsp;<em>3609\/2020<\/em>&nbsp;\u2013 Anexo em W<\/a>ord<\/strong><\/p>\n\n\n\n<div class=\"wp-block-uagb-buttons uagb-buttons__outer-wrap uagb-btn__default-btn uagb-btn-tablet__default-btn uagb-btn-mobile__default-btn uagb-block-dff7008e\"><div class=\"uagb-buttons__wrap uagb-buttons-layout-wrap\">\n<div class=\"wp-block-uagb-buttons-child uagb-buttons__outer-wrap uagb-block-ef330bd3 wp-block-button\"><div class=\"uagb-button__wrapper\"><a class=\"uagb-buttons-repeater wp-block-button__link\" href=\"https:\/\/propesp.uepa.br\/wp-content\/uploads\/2019\/04\/Resolu%C3%A7%C3%A3o-3405-19-Revista-Cient%C3%ADfica-1.pdf\" onclick=\"return true;\" rel=\"follow noopener\" target=\"_self\"><div class=\"uagb-button__link\">RESOLU\u00c7\u00c3O N\u00ba 3405\/19 \u2013 Revista Cient\u00edfica<\/div><\/a><\/div><\/div>\n<\/div><\/div>\n\n\n\n<p class=\"has-text-align-center has-text-color has-link-color wp-elements-fc5709cfa5b3a95156a6e369f916da6d\" style=\"color:#009bcb\"><a href=\"https:\/\/propesp.uepa.br\/wp-content\/uploads\/2019\/04\/MODELO-DE-INSTITUCIONALIZAC%CC%A7A%CC%83O-DE-REVISTA-CIENTIFICA.doc\"><strong>Modelo de Institucionaliza\u00e7\u00e3o de Revista Cientifica em Word<\/strong><\/a><\/p>\n\n\n\n<h2 class=\"wp-block-heading has-text-align-center\"><br>Instru\u00e7\u00f5es Normativas<\/h2>\n\n\n\n<div class=\"wp-block-uagb-buttons uagb-buttons__outer-wrap uagb-btn__default-btn uagb-btn-tablet__default-btn uagb-btn-mobile__default-btn uagb-block-f66e49cd\"><div class=\"uagb-buttons__wrap uagb-buttons-layout-wrap\">\n<div class=\"wp-block-uagb-buttons-child uagb-buttons__outer-wrap uagb-block-da9da134 wp-block-button\"><div class=\"uagb-button__wrapper\"><a class=\"uagb-buttons-repeater wp-block-button__link\" href=\"https:\/\/propesp.uepa.br\/wp-content\/uploads\/2020\/03\/IN-01-2020-Lota%C3%A7%C3%A3o-docente-permanente.pdf\" onclick=\"return true;\" rel=\"follow noopener\" target=\"_self\"><div class=\"uagb-button__link\">IN 001\/2020 \u2013 DISP\u00d4EM SOBRE DISTRIBUI\u00c7\u00c3O DA JORNADA DE TRABALHO DE DOCENTES PERMANENTES DOS PROGRAMAS DE P\u00d3S-GRADUA\u00c7\u00c3O<\/div><\/a><\/div><\/div>\n\n\n\n<div class=\"wp-block-uagb-buttons-child uagb-buttons__outer-wrap uagb-block-f48e34a7 wp-block-button\"><div class=\"uagb-button__wrapper\"><a class=\"uagb-buttons-repeater wp-block-button__link\" href=\"https:\/\/propesp.uepa.br\/wp-content\/uploads\/2019\/03\/IN-004-2019-para-cria%C3%A7%C3%A3o-de-GRUPO-DE-PESQUISA.pdf\" onclick=\"return true;\" rel=\"follow noopener\" target=\"_self\"><div class=\"uagb-button__link\">IN 004\/2019 \u2013 Reestabelece Normas \u00e0 Composi\u00e7\u00e3o dos Grupos de Pesquisa<\/div><\/a><\/div><\/div>\n<\/div><\/div>\n\n\n\n<p class=\"has-text-align-center has-ast-global-color-0-color has-text-color has-link-color wp-elements-ca8df9cadef6379e59515218ff118d6d\" style=\"color:#009bcb\"><a href=\"https:\/\/propesp.uepa.br\/wp-content\/uploads\/2019\/04\/IN-004-2019-ANEXOS-MODELO-DE-PROPOSTA-DE-GRUPO-DE-PESQUISA.doc\"><strong>IN-004-2019-ANEXOS-MODELO-DE-PROPOSTA-DE-GRUPO-DE-PESQUISA<\/strong><\/a><\/p>\n\n\n\n<div class=\"wp-block-uagb-buttons uagb-buttons__outer-wrap uagb-btn__default-btn uagb-btn-tablet__default-btn uagb-btn-mobile__default-btn uagb-block-5ff7ba1e\"><div class=\"uagb-buttons__wrap uagb-buttons-layout-wrap\">\n<div class=\"wp-block-uagb-buttons-child uagb-buttons__outer-wrap uagb-block-751cb025 wp-block-button\"><div class=\"uagb-button__wrapper\"><a class=\"uagb-buttons-repeater wp-block-button__link\" href=\"https:\/\/propesp.uepa.br\/wp-content\/uploads\/2019\/02\/IN-003-2019-INSTITUCIONALIZAC\u0327A\u0303O-DE-PROJETOS-DE-PESQUISA.pdf\" onclick=\"return true;\" rel=\"follow noopener\" target=\"_self\"><div class=\"uagb-button__link\">IN 003\/2019 \u2013 NORMAS PARA INSTITUCIONALIZA\u00c7\u00c3O DE PROJETOS DE PESQUISA<\/div><\/a><\/div><\/div>\n<\/div><\/div>\n\n\n\n<p class=\"has-text-align-center has-ast-global-color-0-color has-text-color has-link-color wp-elements-661a8889886ed32d6916f04961b368e7\" style=\"color:#009bcb\"><strong><a href=\"https:\/\/propesp.uepa.br\/wp-content\/uploads\/2019\/07\/Modelo-de-proposta-para-projetos-institucionalizados.docx\">Modelo-de-proposta-para-projetos-institucionalizados <\/a><\/strong><br><strong><a href=\"https:\/\/propesp.uepa.br\/wp-content\/uploads\/2021\/08\/Modelo-de-Proposta-e-Relat%C3%B3rio-de-Pesquisa-Institucionalizado.doc\">Modelo-de-Proposta-e-Relat\u00f3rio-de-Pesquisa-Institucionalizado<\/a><\/strong><\/p>\n\n\n\n<div class=\"wp-block-uagb-buttons uagb-buttons__outer-wrap uagb-btn__default-btn uagb-btn-tablet__default-btn uagb-btn-mobile__default-btn uagb-block-42c32bec\"><div class=\"uagb-buttons__wrap uagb-buttons-layout-wrap\">\n<div class=\"wp-block-uagb-buttons-child uagb-buttons__outer-wrap uagb-block-b809e388 wp-block-button\"><div class=\"uagb-button__wrapper\"><a class=\"uagb-buttons-repeater wp-block-button__link\" href=\"https:\/\/propesp.uepa.br\/wp-content\/uploads\/2019\/02\/IN-002-2019-COMIT%C3%8A-CIENT%C3%8DFICO-INTERNO-21.02.19.pdf\" onclick=\"return true;\" rel=\"follow noopener\" target=\"_self\"><div class=\"uagb-button__link\">IN 002\/2019 \u2013 REESTABELECE A COMPOSI\u00c7\u00c3O DO COMIT\u00ca CIENT\u00cdFICO INTERNO<\/div><\/a><\/div><\/div>\n\n\n\n<div class=\"wp-block-uagb-buttons-child uagb-buttons__outer-wrap uagb-block-43b0d454 wp-block-button\"><div class=\"uagb-button__wrapper\"><a class=\"uagb-buttons-repeater wp-block-button__link\" href=\"https:\/\/propesp.uepa.br\/wp-content\/uploads\/2019\/02\/IN-001-2019-CRIA%C3%87%C3%83O-DE-NUCLEOS-DE-PESQUISA-21.02.19.pdf\" onclick=\"return true;\" rel=\"follow noopener\" target=\"_self\"><div class=\"uagb-button__link\">IN 001\/2019 \u2013 NORMAS \u00c0 CRIA\u00c7\u00c3O DE N\u00daCLEO DE PESQUISA<\/div><\/a><\/div><\/div>\n\n\n\n<div class=\"wp-block-uagb-buttons-child uagb-buttons__outer-wrap uagb-block-4db81d59 wp-block-button\"><div class=\"uagb-button__wrapper\"><a class=\"uagb-buttons-repeater wp-block-button__link\" href=\"https:\/\/propesp.uepa.br\/wp-content\/uploads\/2026\/02\/Modelo-de-Relatorio-da-Instrucao-Nomativa-001-2029-Nucleo-de-Pesquisa.docx\" onclick=\"return true;\" rel=\"follow noopener\" target=\"_self\"><div class=\"uagb-button__link\">IN 001\/2019 \u2013 MODELO DE RELAT\u00d3RIO ANUAL DO N\u00daCLEO DE PESQUISA<\/div><\/a><\/div><\/div>\n\n\n\n<div class=\"wp-block-uagb-buttons-child uagb-buttons__outer-wrap uagb-block-a9c3de3c wp-block-button\"><div class=\"uagb-button__wrapper\"><a class=\"uagb-buttons-repeater wp-block-button__link\" href=\"https:\/\/propesp.uepa.br\/wp-content\/uploads\/2018\/05\/IN_MODALIDADE_VOLUNTARIA.pdf\" onclick=\"return true;\" rel=\"follow noopener\" target=\"_self\"><div class=\"uagb-button__link\">IN 001\/2016 \u2013 EXECU\u00c7\u00c3O DA INICIA\u00c7\u00c3O CIENT\u00cdFICA NA MODALIDADE VOLUNT\u00c1RIANA<\/div><\/a><\/div><\/div>\n<\/div><\/div>\n\n\n\n<p class=\"has-text-align-center has-ast-global-color-0-color has-text-color has-link-color wp-elements-b49eb39a17ffb998fd5bc8e06ab9e900\" style=\"color:#009bcb\"><strong><a href=\"https:\/\/propesp.uepa.br\/wp-content\/uploads\/2018\/05\/MODELO_DE_SOLICITACAO_A_INICIACAO_CIENTIFICA_NA_MODALIDADE_VOLUNTARIA.docx\">ANEXO 1 WORD &#8211; IN 001\/2016 &#8211; MODELO DE SOLICITA\u00c7\u00c3O<\/a><\/strong><\/p>\n\n\n\n<div class=\"wp-block-uagb-buttons uagb-buttons__outer-wrap uagb-btn__default-btn uagb-btn-tablet__default-btn uagb-btn-mobile__default-btn uagb-block-3d5e730e\"><div class=\"uagb-buttons__wrap uagb-buttons-layout-wrap\">\n<div class=\"wp-block-uagb-buttons-child uagb-buttons__outer-wrap uagb-block-a495b546 wp-block-button\"><div class=\"uagb-button__wrapper\"><a class=\"uagb-buttons-repeater wp-block-button__link\" href=\"https:\/\/propesp.uepa.br\/wp-content\/uploads\/2018\/05\/instrucaonormativa012013.pdf\" onclick=\"return true;\" rel=\"follow noopener\" target=\"_self\"><div class=\"uagb-button__link\">IN \u2013 001\/2013 \u2013 CONCESS\u00c3O DE APOIO PARA EVENTOS CIENT\u00cdFICOS<\/div><\/a><\/div><\/div>\n<\/div><\/div>\n\n\n\n<p><br><br><\/p>\n","protected":false},"excerpt":{"rendered":"<p>Pesquisa Resolu\u00e7\u00e3o Resolu\u00e7\u00e3o N\u00ba&nbsp;3609\/2020&nbsp;\u2013 Anexo em Word Modelo de Institucionaliza\u00e7\u00e3o de Revista Cientifica em Word Instru\u00e7\u00f5es Normativas IN-004-2019-ANEXOS-MODELO-DE-PROPOSTA-DE-GRUPO-DE-PESQUISA Modelo-de-proposta-para-projetos-institucionalizados Modelo-de-Proposta-e-Relat\u00f3rio-de-Pesquisa-Institucionalizado ANEXO 1 WORD &#8211; IN 001\/2016 &#8211; MODELO DE SOLICITA\u00c7\u00c3O<\/p>\n","protected":false},"author":1,"featured_media":0,"parent":58,"menu_order":0,"comment_status":"closed","ping_status":"closed","template":"","meta":{"_uag_custom_page_level_css":"","site-sidebar-layout":"default","site-content-layout":"","ast-site-content-layout":"default","site-content-style":"default","site-sidebar-style":"default","ast-global-header-display":"","ast-banner-title-visibility":"","ast-main-header-display":"","ast-hfb-above-header-display":"","ast-hfb-below-header-display":"","ast-hfb-mobile-header-display":"","site-post-title":"disabled","ast-breadcrumbs-content":"","ast-featured-img":"","footer-sml-layout":"","theme-transparent-header-meta":"","adv-header-id-meta":"","stick-header-meta":"","header-above-stick-meta":"","header-main-stick-meta":"","header-below-stick-meta":"","astra-migrate-meta-layouts":"set","ast-page-background-enabled":"default","ast-page-background-meta":{"desktop":{"background-color":"var(--ast-global-color-4)","background-image":"","background-repeat":"repeat","background-position":"center center","background-size":"auto","background-attachment":"scroll","background-type":"","background-media":"","overlay-type":"","overlay-color":"","overlay-gradient":""},"tablet":{"background-color":"","background-image":"","background-repeat":"repeat","background-position":"center center","background-size":"auto","background-attachment":"scroll","background-type":"","background-media":"","overlay-type":"","overlay-color":"","overlay-gradient":""},"mobile":{"background-color":"","background-image":"","background-repeat":"repeat","background-position":"center center","background-size":"auto","background-attachment":"scroll","background-type":"","background-media":"","overlay-type":"","overlay-color":"","overlay-gradient":""}},"ast-content-background-meta":{"desktop":{"background-color":"var(--ast-global-color-5)","background-image":"","background-repeat":"repeat","background-position":"center center","background-size":"auto","background-attachment":"scroll","background-type":"","background-media":"","overlay-type":"","overlay-color":"","overlay-gradient":""},"tablet":{"background-color":"var(--ast-global-color-5)","background-image":"","background-repeat":"repeat","background-position":"center center","background-size":"auto","background-attachment":"scroll","background-type":"","background-media":"","overlay-type":"","overlay-color":"","overlay-gradient":""},"mobile":{"background-color":"var(--ast-global-color-5)","background-image":"","background-repeat":"repeat","background-position":"center center","background-size":"auto","background-attachment":"scroll","background-type":"","background-media":"","overlay-type":"","overlay-color":"","overlay-gradient":""}},"footnotes":""},"uagb_featured_image_src":{"full":false,"thumbnail":false,"medium":false,"medium_large":false,"large":false,"1536x1536":false,"2048x2048":false},"uagb_author_info":{"display_name":"adminsites@uepa.br","author_link":"https:\/\/propesp.uepa.br\/index.php\/author\/adminsitesuepa-br\/"},"uagb_comment_info":0,"uagb_excerpt":"Pesquisa Resolu\u00e7\u00e3o Resolu\u00e7\u00e3o N\u00ba&nbsp;3609\/2020&nbsp;\u2013 Anexo em Word Modelo de Institucionaliza\u00e7\u00e3o de Revista Cientifica em Word Instru\u00e7\u00f5es Normativas IN-004-2019-ANEXOS-MODELO-DE-PROPOSTA-DE-GRUPO-DE-PESQUISA Modelo-de-proposta-para-projetos-institucionalizados Modelo-de-Proposta-e-Relat\u00f3rio-de-Pesquisa-Institucionalizado ANEXO 1 WORD &#8211; IN 001\/2016 &#8211; MODELO DE SOLICITA\u00c7\u00c3O","_links":{"self":[{"href":"https:\/\/propesp.uepa.br\/index.php\/wp-json\/wp\/v2\/pages\/5277"}],"collection":[{"href":"https:\/\/propesp.uepa.br\/index.php\/wp-json\/wp\/v2\/pages"}],"about":[{"href":"https:\/\/propesp.uepa.br\/index.php\/wp-json\/wp\/v2\/types\/page"}],"author":[{"embeddable":true,"href":"https:\/\/propesp.uepa.br\/index.php\/wp-json\/wp\/v2\/users\/1"}],"replies":[{"embeddable":true,"href":"https:\/\/propesp.uepa.br\/index.php\/wp-json\/wp\/v2\/comments?post=5277"}],"version-history":[{"count":17,"href":"https:\/\/propesp.uepa.br\/index.php\/wp-json\/wp\/v2\/pages\/5277\/revisions"}],"predecessor-version":[{"id":7167,"href":"https:\/\/propesp.uepa.br\/index.php\/wp-json\/wp\/v2\/pages\/5277\/revisions\/7167"}],"up":[{"embeddable":true,"href":"https:\/\/propesp.uepa.br\/index.php\/wp-json\/wp\/v2\/pages\/58"}],"wp:attachment":[{"href":"https:\/\/propesp.uepa.br\/index.php\/wp-json\/wp\/v2\/media?parent=5277"}],"curies":[{"name":"wp","href":"https:\/\/api.w.org\/{rel}","templated":true}]}}