{"id":5279,"date":"2024-01-19T12:49:18","date_gmt":"2024-01-19T12:49:18","guid":{"rendered":"https:\/\/propesp.uepa.br\/?page_id=5279"},"modified":"2025-12-04T16:35:53","modified_gmt":"2025-12-04T16:35:53","slug":"pos-graduacao","status":"publish","type":"page","link":"https:\/\/propesp.uepa.br\/index.php\/resolucoes\/pos-graduacao\/","title":{"rendered":"P\u00f3s-Gradua\u00e7\u00e3o"},"content":{"rendered":"\n<div class=\"wp-block-uagb-container uagb-block-b42f3e74 alignfull uagb-is-root-container\"><div class=\"uagb-container-inner-blocks-wrap\">\n<div class=\"wp-block-uagb-container uagb-block-9daff9ad\">\n<div class=\"wp-block-uagb-container uagb-block-35b991d0 alignfull uagb-is-root-container\"><div class=\"uagb-container-inner-blocks-wrap\">\n<div class=\"wp-block-uagb-advanced-heading uagb-block-c312aa41\"><h2 class=\"uagb-heading-text\">P\u00f3s-Gradua\u00e7\u00e3o<\/h2><div class=\"uagb-separator\"><\/div><\/div>\n<\/div><\/div>\n<\/div>\n<\/div><\/div>\n\n\n\n<h2 class=\"wp-block-heading has-text-align-center\">Resolu\u00e7\u00f5es<br><\/h2>\n\n\n\n<div class=\"wp-block-uagb-buttons uagb-buttons__outer-wrap uagb-btn__default-btn uagb-btn-tablet__default-btn uagb-btn-mobile__default-btn uagb-block-148eda05\"><div class=\"uagb-buttons__wrap uagb-buttons-layout-wrap\">\n<div class=\"wp-block-uagb-buttons-child uagb-buttons__outer-wrap uagb-block-b470a6fc wp-block-button\"><div class=\"uagb-button__wrapper\"><a class=\"uagb-buttons-repeater wp-block-button__link\" href=\"https:\/\/propesp.uepa.br\/wp-content\/uploads\/2024\/05\/RESOLUCAO-No-4012-23-CONSUN-23-de-agosto-de-2023.pdf\" onclick=\"return true;\" rel=\"follow noopener\" target=\"_self\"><div class=\"uagb-button__link\">Resolu\u00e7\u00e3o 4012\/23 &#8211; Cursos de P\u00f3s-Gradua\u00e7\u00e3o Lato-Sensu (Alterada)<\/div><\/a><\/div><\/div>\n\n\n\n<div class=\"wp-block-uagb-buttons-child uagb-buttons__outer-wrap uagb-block-c8ad6f3c wp-block-button\"><div class=\"uagb-button__wrapper\"><a class=\"uagb-buttons-repeater wp-block-button__link\" href=\"https:\/\/propesp.uepa.br\/wp-content\/uploads\/2023\/01\/RESOLUCAO-No-3934.22-CONSUN-Regimento-Geral-Stricto-Sensu-UEPA.pdf\" onclick=\"return true;\" rel=\"follow noopener\" target=\"_self\"><div class=\"uagb-button__link\">Resolu\u00e7\u00e3o 3934\/22 &#8211; Aprova o Regimento Geral dos Cursos de P\u00f3s-gradua\u00e7\u00e3o Stricto Sensu<\/div><\/a><\/div><\/div>\n\n\n\n<div class=\"wp-block-uagb-buttons-child uagb-buttons__outer-wrap uagb-block-38c1572c wp-block-button\"><div class=\"uagb-button__wrapper\"><a class=\"uagb-buttons-repeater wp-block-button__link\" href=\"https:\/\/propesp.uepa.br\/wp-content\/uploads\/2022\/11\/Resolucao-3820-2022-Afastamentos-Servidores-Efetivos.pdf\" onclick=\"return true;\" rel=\"follow noopener\" target=\"_self\"><div class=\"uagb-button__link\">Resolu\u00e7\u00e3o 3820\/22 &#8211; Afastamento de Servidores Efetivos &#8211; Docentes  e T\u00e9cnicos &#8211; UEPA<\/div><\/a><\/div><\/div>\n\n\n\n<div class=\"wp-block-uagb-buttons-child uagb-buttons__outer-wrap uagb-block-42f6280f wp-block-button\"><div class=\"uagb-button__wrapper\"><a class=\"uagb-buttons-repeater wp-block-button__link\" href=\"https:\/\/propesp.uepa.br\/wp-content\/uploads\/2024\/01\/RESOLUCAO-No-3553-20-Reconhecimento-e-Revalidacao-de-Diploma-Estrangeiro-VIGENTE.pdf\" onclick=\"return true;\" rel=\"follow noopener\" target=\"_self\"><div class=\"uagb-button__link\">Resolu\u00e7\u00e3o 3553\/20 &#8211; Reconhecimento e Revalida\u00e7\u00e3o de Diplomas Estrangeiros &#8211; Vigente <\/div><\/a><\/div><\/div>\n\n\n\n<div class=\"wp-block-uagb-buttons-child uagb-buttons__outer-wrap uagb-block-159190a1 wp-block-button\"><div class=\"uagb-button__wrapper\"><a class=\"uagb-buttons-repeater wp-block-button__link\" href=\"\/\/propesp.uepa.br\/wp-content\/uploads\/2018\/05\/Resolucao_3038-2016_1.pdf\" onclick=\"return true;\" rel=\"follow noopener\" target=\"_self\"><div class=\"uagb-button__link\">Resolu\u00e7\u00e3o 3038\/16 &#8211; Afastamento de Servidores Efetivos &#8211; Vigente at\u00e9 19 abril de 2022<\/div><\/a><\/div><\/div>\n<\/div><\/div>\n\n\n\n<div class=\"wp-block-uagb-advanced-heading uagb-block-db11ec67\"><h2 class=\"uagb-heading-text\">                                         <br>Instru\u00e7\u00f5es Normativas<br><br><\/h2><\/div>\n\n\n\n<div class=\"wp-block-uagb-buttons uagb-buttons__outer-wrap uagb-btn__default-btn uagb-btn-tablet__default-btn uagb-btn-mobile__default-btn uagb-block-a5779815\"><div class=\"uagb-buttons__wrap uagb-buttons-layout-wrap\">\n<div class=\"wp-block-uagb-buttons-child uagb-buttons__outer-wrap uagb-block-f28fb214 wp-block-button\"><div class=\"uagb-button__wrapper\"><a class=\"uagb-buttons-repeater wp-block-button__link\" href=\"https:\/\/propesp.uepa.br\/wp-content\/uploads\/2025\/12\/Instrucao-Nomativa-No-02-2025-PROPESP-UEPA.pdf\" onclick=\"return true;\" rel=\"follow noopener\" target=\"_blank\"><div class=\"uagb-button__link\">Instru\u00e7\u00e3o Normativa 02\/25- Estabelece normas para o Programa de Mentoria Institucional da P\u00f3s-Gradua\u00e7\u00e3o \u2013 Acelera P\u00f3s, no \u00e2mbito da Universidade do Estado do Par\u00e1 (UEPA) <\/div><\/a><\/div><\/div>\n\n\n\n<div class=\"wp-block-uagb-buttons-child uagb-buttons__outer-wrap uagb-block-d720075b wp-block-button\"><div class=\"uagb-button__wrapper\"><a class=\"uagb-buttons-repeater wp-block-button__link\" href=\"https:\/\/propesp.uepa.br\/wp-content\/uploads\/2025\/05\/instrucao-Normativa-01_2025_PROPESP.pdf\" onclick=\"return true;\" rel=\"follow noopener\" target=\"_self\"><div class=\"uagb-button__link\">Instru\u00e7\u00e3o Normativa 01\/25- Regulamenta o Fluxograma dos Processos de P\u00f3s-Gradua\u00e7\u00e3o <em>Lato Sensu <\/em>na Modalidade de Educa\u00e7\u00e3o<br>a Dist\u00e2ncia (EAD) <\/div><\/a><\/div><\/div>\n\n\n\n<div class=\"wp-block-uagb-buttons-child uagb-buttons__outer-wrap uagb-block-290ed247 wp-block-button\"><div class=\"uagb-button__wrapper\"><a class=\"uagb-buttons-repeater wp-block-button__link\" href=\"https:\/\/propesp.uepa.br\/wp-content\/uploads\/2025\/01\/Planejamento-Estrategico-Pos-Graduacao-UEPA.pdf\" onclick=\"return true;\" rel=\"follow noopener\" target=\"_self\"><div class=\"uagb-button__link\">Anexo da Instru\u00e7\u00e3o Normativa 04\/24 &#8211; Planejamento Estrat\u00e9gico da P\u00f3s-Gradua\u00e7\u00e3o <\/div><\/a><\/div><\/div>\n\n\n\n<div class=\"wp-block-uagb-buttons-child uagb-buttons__outer-wrap uagb-block-633750b5 wp-block-button\"><div class=\"uagb-button__wrapper\"><a class=\"uagb-buttons-repeater wp-block-button__link\" href=\"https:\/\/propesp.uepa.br\/wp-content\/uploads\/2025\/01\/IN-04.2024-Planejamento-Estrategico-Pos-graduacao.pdf\" onclick=\"return true;\" rel=\"follow noopener\" target=\"_self\"><div class=\"uagb-button__link\">Instru\u00e7\u00e3o Normativa 04\/24 &#8211; Planejamento Estrat\u00e9gico da P\u00f3s-Gradua\u00e7\u00e3o <\/div><\/a><\/div><\/div>\n\n\n\n<div class=\"wp-block-uagb-buttons-child uagb-buttons__outer-wrap uagb-block-3cb98d10 wp-block-button\"><div class=\"uagb-button__wrapper\"><a class=\"uagb-buttons-repeater wp-block-button__link\" href=\"https:\/\/propesp.uepa.br\/wp-content\/uploads\/2024\/09\/Instrucao-Normativa-No-03-2024-AJUDA-DE-CUSTO-A-ALUNOS-DE-POS-GRADUACAO.pdf\" onclick=\"return true;\" rel=\"follow noopener\" target=\"_self\"><div class=\"uagb-button__link\">Instru\u00e7\u00e3o Normativa 03\/24 &#8211; Regulamenta as normas para concess\u00e3o de Auxilio Financeiro a Discentes da P\u00f3s-Gradua\u00e7\u00e3o Stricto Sensu<\/div><\/a><\/div><\/div>\n\n\n\n<div class=\"wp-block-uagb-buttons-child uagb-buttons__outer-wrap uagb-block-da695858 wp-block-button\"><div class=\"uagb-button__wrapper\"><a class=\"uagb-buttons-repeater wp-block-button__link\" href=\"https:\/\/propesp.uepa.br\/wp-content\/uploads\/2024\/04\/Instrucao-Normativa-02_2024-PROQTEC.pdf\" onclick=\"return true;\" rel=\"follow noopener\" target=\"_self\"><div class=\"uagb-button__link\">Instru\u00e7\u00e3o Normativa 02\/24 &#8211; Estabelece Normas ao Programa de Qualifica\u00e7\u00e3o e Valoriza\u00e7\u00e3o dos<br>T\u00e9cnicos (PROQTEC) <\/div><\/a><\/div><\/div>\n\n\n\n<div class=\"wp-block-uagb-buttons-child uagb-buttons__outer-wrap uagb-block-bf2f4ff4 wp-block-button\"><div class=\"uagb-button__wrapper\"><a class=\"uagb-buttons-repeater wp-block-button__link\" href=\"https:\/\/propesp.uepa.br\/wp-content\/uploads\/2024\/01\/Instrucao-Nomativa-No-01-2024-Bolsas-de-estudo-stricto-sensu-UEPA.pdf\" onclick=\"return true;\" rel=\"follow noopener\" target=\"_self\"><div class=\"uagb-button__link\">Instru\u00e7\u00e3o Normativa 01\/24 &#8211; Normas para Concess\u00e3o de Bolsas de Cursos de P\u00f3s-gradua\u00e7\u00e3o Stricto Sensu <\/div><\/a><\/div><\/div>\n\n\n\n<div class=\"wp-block-uagb-buttons-child uagb-buttons__outer-wrap uagb-block-0cc8bc12 wp-block-button\"><div class=\"uagb-button__wrapper\"><a class=\"uagb-buttons-repeater wp-block-button__link\" href=\"https:\/\/propesp.uepa.br\/wp-content\/uploads\/2023\/02\/INSTRUCAO-NORMATIVA-No-02-2023-Apoio-aos-PPGS.pdf\" onclick=\"return true;\" rel=\"follow noopener\" target=\"_self\"><div class=\"uagb-button__link\">Instru\u00e7\u00e3o Normativa 02\/23 &#8211; Normas para Regulamenta\u00e7\u00e3o de Apoio Institucional aos PPGs Stricto Sensu  <\/div><\/a><\/div><\/div>\n\n\n\n<div class=\"wp-block-uagb-buttons-child uagb-buttons__outer-wrap uagb-block-8cf010bb wp-block-button\"><div class=\"uagb-button__wrapper\"><a class=\"uagb-buttons-repeater wp-block-button__link\" href=\"https:\/\/propesp.uepa.br\/wp-content\/uploads\/2023\/02\/INSTRUCAO-NORMATIVA-No-01-2023-Reconhecimento-Diploma.pdf\" onclick=\"return true;\" rel=\"follow noopener\" target=\"_self\"><div class=\"uagb-button__link\">Instru\u00e7\u00e3o Normativa 01\/23 &#8211; Diretrizes dos Processos de Reconhecimento de Diploma<\/div><\/a><\/div><\/div>\n<\/div><\/div>\n\n\n\n<p><br><br><br><\/p>\n","protected":false},"excerpt":{"rendered":"<p>P\u00f3s-Gradua\u00e7\u00e3o Resolu\u00e7\u00f5es Instru\u00e7\u00f5es Normativas<\/p>\n","protected":false},"author":1,"featured_media":0,"parent":58,"menu_order":0,"comment_status":"closed","ping_status":"closed","template":"","meta":{"_uag_custom_page_level_css":"","site-sidebar-layout":"default","site-content-layout":"","ast-site-content-layout":"default","site-content-style":"default","site-sidebar-style":"default","ast-global-header-display":"","ast-banner-title-visibility":"","ast-main-header-display":"","ast-hfb-above-header-display":"","ast-hfb-below-header-display":"","ast-hfb-mobile-header-display":"","site-post-title":"disabled","ast-breadcrumbs-content":"","ast-featured-img":"","footer-sml-layout":"","theme-transparent-header-meta":"","adv-header-id-meta":"","stick-header-meta":"","header-above-stick-meta":"","header-main-stick-meta":"","header-below-stick-meta":"","astra-migrate-meta-layouts":"set","ast-page-background-enabled":"default","ast-page-background-meta":{"desktop":{"background-color":"var(--ast-global-color-4)","background-image":"","background-repeat":"repeat","background-position":"center center","background-size":"auto","background-attachment":"scroll","background-type":"","background-media":"","overlay-type":"","overlay-color":"","overlay-gradient":""},"tablet":{"background-color":"","background-image":"","background-repeat":"repeat","background-position":"center center","background-size":"auto","background-attachment":"scroll","background-type":"","background-media":"","overlay-type":"","overlay-color":"","overlay-gradient":""},"mobile":{"background-color":"","background-image":"","background-repeat":"repeat","background-position":"center center","background-size":"auto","background-attachment":"scroll","background-type":"","background-media":"","overlay-type":"","overlay-color":"","overlay-gradient":""}},"ast-content-background-meta":{"desktop":{"background-color":"var(--ast-global-color-5)","background-image":"","background-repeat":"repeat","background-position":"center center","background-size":"auto","background-attachment":"scroll","background-type":"","background-media":"","overlay-type":"","overlay-color":"","overlay-gradient":""},"tablet":{"background-color":"var(--ast-global-color-5)","background-image":"","background-repeat":"repeat","background-position":"center center","background-size":"auto","background-attachment":"scroll","background-type":"","background-media":"","overlay-type":"","overlay-color":"","overlay-gradient":""},"mobile":{"background-color":"var(--ast-global-color-5)","background-image":"","background-repeat":"repeat","background-position":"center center","background-size":"auto","background-attachment":"scroll","background-type":"","background-media":"","overlay-type":"","overlay-color":"","overlay-gradient":""}},"footnotes":""},"uagb_featured_image_src":{"full":false,"thumbnail":false,"medium":false,"medium_large":false,"large":false,"1536x1536":false,"2048x2048":false},"uagb_author_info":{"display_name":"adminsites@uepa.br","author_link":"https:\/\/propesp.uepa.br\/index.php\/author\/adminsitesuepa-br\/"},"uagb_comment_info":0,"uagb_excerpt":"P\u00f3s-Gradua\u00e7\u00e3o Resolu\u00e7\u00f5es Instru\u00e7\u00f5es Normativas","_links":{"self":[{"href":"https:\/\/propesp.uepa.br\/index.php\/wp-json\/wp\/v2\/pages\/5279"}],"collection":[{"href":"https:\/\/propesp.uepa.br\/index.php\/wp-json\/wp\/v2\/pages"}],"about":[{"href":"https:\/\/propesp.uepa.br\/index.php\/wp-json\/wp\/v2\/types\/page"}],"author":[{"embeddable":true,"href":"https:\/\/propesp.uepa.br\/index.php\/wp-json\/wp\/v2\/users\/1"}],"replies":[{"embeddable":true,"href":"https:\/\/propesp.uepa.br\/index.php\/wp-json\/wp\/v2\/comments?post=5279"}],"version-history":[{"count":23,"href":"https:\/\/propesp.uepa.br\/index.php\/wp-json\/wp\/v2\/pages\/5279\/revisions"}],"predecessor-version":[{"id":6825,"href":"https:\/\/propesp.uepa.br\/index.php\/wp-json\/wp\/v2\/pages\/5279\/revisions\/6825"}],"up":[{"embeddable":true,"href":"https:\/\/propesp.uepa.br\/index.php\/wp-json\/wp\/v2\/pages\/58"}],"wp:attachment":[{"href":"https:\/\/propesp.uepa.br\/index.php\/wp-json\/wp\/v2\/media?parent=5279"}],"curies":[{"name":"wp","href":"https:\/\/api.w.org\/{rel}","templated":true}]}}