{"id":5281,"date":"2024-01-19T12:49:50","date_gmt":"2024-01-19T12:49:50","guid":{"rendered":"https:\/\/propesp.uepa.br\/?page_id=5281"},"modified":"2025-06-16T14:38:00","modified_gmt":"2025-06-16T14:38:00","slug":"quem-somos","status":"publish","type":"page","link":"https:\/\/propesp.uepa.br\/index.php\/quem-somos\/","title":{"rendered":"Quem Somos"},"content":{"rendered":"\n<div class=\"wp-block-uagb-advanced-heading uagb-block-063b9cce\"><h2 class=\"uagb-heading-text\"><br>Apresenta\u00e7\u00e3o<\/h2><div class=\"uagb-separator\"><\/div><\/div>\n\n\n\n<p>A Pr\u00f3-Reitoria&nbsp; de Pesquisa e P\u00f3s-Gradua\u00e7\u00e3o da Universidade do Estado do Par\u00e1 (PROPESP-UEPA), \u00e9 o setor respons\u00e1vel pela pesquisa e p\u00f3s-gradua\u00e7\u00e3o. Suas atividades envolvem a elabora\u00e7\u00e3o, o acompanhamento, a coordena\u00e7\u00e3o e a supervis\u00e3o de estrat\u00e9gias que amparem o desenvolvimento da pesquisa e do ensino de p\u00f3s-gradua\u00e7\u00e3o na universidade. \u00c9 composta pelas Diretorias de Pesquisa, P\u00f3s-Gradua\u00e7\u00e3o e Acompanhamento e Controle de Qualifica\u00e7\u00e3o.<br><br><br><\/p>\n\n\n\n<div id=\"itens\" class=\"wp-block-uagb-container uagb-block-1ace6671 alignwide uagb-is-root-container\">\n<div class=\"wp-block-uagb-advanced-heading uagb-block-6e262f4f\"><h2 class=\"uagb-heading-text\">Compet\u00eancias<\/h2><div class=\"uagb-separator\"><\/div><\/div>\n\n\n\n<p>Segundo o Art.10 do Regimento Geral da Universidade do Estado do Par\u00e1, compete \u00e0 PROPESP:<br>I. elaborar ,acompanhar e supervisionar o Plano Diretor de Pesquisa e do ensino de P\u00f3s-Gradua\u00e7\u00e3o:<br>II. coordenar, acompanhar e supervisionar as atividades de pesquisa e do ensino de p\u00f3s-gradua\u00e7\u00e3o;<br>III. incentivar a produ\u00e7\u00e3o t\u00e9cnico-cient\u00edfica da Universidade do Estado do Par\u00e1:<br>IV. acompanhar a produ\u00e7\u00e3o cient\u00edfica dos professores e viabilizar estrat\u00e9gias para sua divulga\u00e7\u00e3o:<br>V. elaborar, coordenar e acompanhar o desenvolvimento do Plano Institucional de Capacita\u00e7\u00e3o Docente, em articula\u00e7\u00e3o com os Centros:<br>VI. coordenar e supervisionar o Controle Acad\u00eamico dos cursos de p\u00f3s-gradua\u00e7\u00e3o em articula\u00e7\u00e3o com a Diretoria de Controle Acad\u00eamico:<br>VII. coordenar e supervisionar o Controle Acad\u00eamico dos cursos de p\u00f3s-gradua\u00e7\u00e3o em articula\u00e7\u00e3o com a Diretoria de Controle Acad\u00eamico <strong>( Inciso alterado pela Resolu\u00e7\u00e3o n\u00b02911\/15-CONSUN, de 18 de novembro de 2015)<\/strong>:<br>VIII. propor a defini\u00e7\u00e3o de pol\u00edticas de pesquisa e de p\u00f3s-gradua\u00e7\u00e3o na Universidade do Estado do Par\u00e1:<br>IX. estabelecer pol\u00edticas de bolsas , est\u00edmulos, pr\u00eamios e assist\u00eancia ao discente da p\u00f3s-gradua\u00e7\u00e3o,<\/p>\n<\/div>\n\n\n\n<div class=\"wp-block-uagb-advanced-heading uagb-block-cd20be34\"><h2 class=\"uagb-heading-text\"><br><br>Equipe<\/h2><div class=\"uagb-separator\"><\/div><\/div>\n\n\n\n<p class=\"has-text-align-center\"><strong>Pr\u00f3-Reitor de Pesquisa e P\u00f3s-Gradua\u00e7\u00e3o<\/strong><br>Profa. Dra. LUANNA DE MELO PEREIRA FERNANDES<br><br><strong>Diretora de Desenvolvimento \u00e0 Pesquisa<br><\/strong>Profa. Dra. TATIANE BAHIA DO VALE SILVA<br><br><strong>Diretora de Desenvolvimento \u00e0 P\u00f3s-Gradua\u00e7\u00e3o<\/strong><br>Profa. Dra. LUELY OLIVEIRA DA SILVA<br><br><strong>Diretor de Acompanhamento e Controle de Qualifica\u00e7\u00e3o<\/strong><br>Prof. Dr. EDER SILVA DE OLIVEIRA<br><br><strong>Diretor de Inova\u00e7\u00e3o, Transfer\u00eancia Tecnol\u00f3gica e Empreendedorismo<\/strong><br>Prof. Msc. SAVIO ALMEIDA FERNANDES<br><br><br><strong>Equipe T\u00e9cnica<\/strong> <strong>e Administrativa<br><\/strong>\u00c9DINA GON\u00c7ALVES FERREIRA ALVES<br>ELANE FALC\u00c3O COSTA<br>GESSIANA LISBOA MONTEIRO<br>HELEN KARLA RIBEIRO RAIOL<br>KATHARINA LEMOS DE SOUZA BRIANO<br>KEISON SIQUEIRA DE LE\u00c3O<br>KLEBER ANDRES LOPES FREIRE D\u2019ABREU<br>L\u00cdDIA MARIA BEGOT BENTO CARDOSO<br>LUCIANA COELHO DO NASCIMENTO<br>SELMA PRAZERES NUNES DA FONSECA<br>SELMA SOCORRO JUC\u00c1 DOS SANTOS<br>SERGIO CASTRO GOMES<br><br><strong>Estagi\u00e1rios<\/strong><br>ISABELLY VITORIA DE ALMEIDA FARIAS<br>LEONARDO AMADEU BRITO SANTOS<\/p>\n\n\n\n<p><\/p>\n","protected":false},"excerpt":{"rendered":"<p>Apresenta\u00e7\u00e3o A Pr\u00f3-Reitoria&nbsp; de Pesquisa e P\u00f3s-Gradua\u00e7\u00e3o da Universidade do Estado do Par\u00e1 (PROPESP-UEPA), \u00e9 o setor respons\u00e1vel pela pesquisa e p\u00f3s-gradua\u00e7\u00e3o. Suas atividades envolvem a elabora\u00e7\u00e3o, o acompanhamento, a coordena\u00e7\u00e3o e a supervis\u00e3o de estrat\u00e9gias que amparem o desenvolvimento da pesquisa e do ensino de p\u00f3s-gradua\u00e7\u00e3o na universidade. \u00c9 composta pelas Diretorias de Pesquisa, &hellip;<\/p>\n<p class=\"read-more\"> <a class=\"\" href=\"https:\/\/propesp.uepa.br\/index.php\/quem-somos\/\"> <span class=\"screen-reader-text\">Quem Somos<\/span> Leia mais &raquo;<\/a><\/p>\n","protected":false},"author":1,"featured_media":0,"parent":0,"menu_order":0,"comment_status":"closed","ping_status":"closed","template":"","meta":{"_uag_custom_page_level_css":"","site-sidebar-layout":"default","site-content-layout":"","ast-site-content-layout":"default","site-content-style":"default","site-sidebar-style":"default","ast-global-header-display":"","ast-banner-title-visibility":"","ast-main-header-display":"","ast-hfb-above-header-display":"","ast-hfb-below-header-display":"","ast-hfb-mobile-header-display":"","site-post-title":"disabled","ast-breadcrumbs-content":"","ast-featured-img":"","footer-sml-layout":"","theme-transparent-header-meta":"","adv-header-id-meta":"","stick-header-meta":"","header-above-stick-meta":"","header-main-stick-meta":"","header-below-stick-meta":"","astra-migrate-meta-layouts":"set","ast-page-background-enabled":"default","ast-page-background-meta":{"desktop":{"background-color":"var(--ast-global-color-4)","background-image":"","background-repeat":"repeat","background-position":"center center","background-size":"auto","background-attachment":"scroll","background-type":"","background-media":"","overlay-type":"","overlay-color":"","overlay-gradient":""},"tablet":{"background-color":"","background-image":"","background-repeat":"repeat","background-position":"center center","background-size":"auto","background-attachment":"scroll","background-type":"","background-media":"","overlay-type":"","overlay-color":"","overlay-gradient":""},"mobile":{"background-color":"","background-image":"","background-repeat":"repeat","background-position":"center center","background-size":"auto","background-attachment":"scroll","background-type":"","background-media":"","overlay-type":"","overlay-color":"","overlay-gradient":""}},"ast-content-background-meta":{"desktop":{"background-color":"var(--ast-global-color-5)","background-image":"","background-repeat":"repeat","background-position":"center center","background-size":"auto","background-attachment":"scroll","background-type":"","background-media":"","overlay-type":"","overlay-color":"","overlay-gradient":""},"tablet":{"background-color":"var(--ast-global-color-5)","background-image":"","background-repeat":"repeat","background-position":"center center","background-size":"auto","background-attachment":"scroll","background-type":"","background-media":"","overlay-type":"","overlay-color":"","overlay-gradient":""},"mobile":{"background-color":"var(--ast-global-color-5)","background-image":"","background-repeat":"repeat","background-position":"center center","background-size":"auto","background-attachment":"scroll","background-type":"","background-media":"","overlay-type":"","overlay-color":"","overlay-gradient":""}},"footnotes":""},"uagb_featured_image_src":{"full":false,"thumbnail":false,"medium":false,"medium_large":false,"large":false,"1536x1536":false,"2048x2048":false},"uagb_author_info":{"display_name":"adminsites@uepa.br","author_link":"https:\/\/propesp.uepa.br\/index.php\/author\/adminsitesuepa-br\/"},"uagb_comment_info":0,"uagb_excerpt":"Apresenta\u00e7\u00e3o A Pr\u00f3-Reitoria&nbsp; de Pesquisa e P\u00f3s-Gradua\u00e7\u00e3o da Universidade do Estado do Par\u00e1 (PROPESP-UEPA), \u00e9 o setor respons\u00e1vel pela pesquisa e p\u00f3s-gradua\u00e7\u00e3o. Suas atividades envolvem a elabora\u00e7\u00e3o, o acompanhamento, a coordena\u00e7\u00e3o e a supervis\u00e3o de estrat\u00e9gias que amparem o desenvolvimento da pesquisa e do ensino de p\u00f3s-gradua\u00e7\u00e3o na universidade. \u00c9 composta pelas Diretorias de Pesquisa,&hellip;","_links":{"self":[{"href":"https:\/\/propesp.uepa.br\/index.php\/wp-json\/wp\/v2\/pages\/5281"}],"collection":[{"href":"https:\/\/propesp.uepa.br\/index.php\/wp-json\/wp\/v2\/pages"}],"about":[{"href":"https:\/\/propesp.uepa.br\/index.php\/wp-json\/wp\/v2\/types\/page"}],"author":[{"embeddable":true,"href":"https:\/\/propesp.uepa.br\/index.php\/wp-json\/wp\/v2\/users\/1"}],"replies":[{"embeddable":true,"href":"https:\/\/propesp.uepa.br\/index.php\/wp-json\/wp\/v2\/comments?post=5281"}],"version-history":[{"count":12,"href":"https:\/\/propesp.uepa.br\/index.php\/wp-json\/wp\/v2\/pages\/5281\/revisions"}],"predecessor-version":[{"id":6497,"href":"https:\/\/propesp.uepa.br\/index.php\/wp-json\/wp\/v2\/pages\/5281\/revisions\/6497"}],"wp:attachment":[{"href":"https:\/\/propesp.uepa.br\/index.php\/wp-json\/wp\/v2\/media?parent=5281"}],"curies":[{"name":"wp","href":"https:\/\/api.w.org\/{rel}","templated":true}]}}