{"id":5368,"date":"2024-01-30T13:40:20","date_gmt":"2024-01-30T13:40:20","guid":{"rendered":"https:\/\/propesp.uepa.br\/?page_id=5368"},"modified":"2025-10-07T14:08:49","modified_gmt":"2025-10-07T14:08:49","slug":"pesquisa","status":"publish","type":"page","link":"https:\/\/propesp.uepa.br\/index.php\/editais\/pesquisa\/","title":{"rendered":"Pesquisa"},"content":{"rendered":"\n<div class=\"wp-block-uagb-container uagb-block-a4259ef9 default uagb-is-root-container\">\n<div class=\"wp-block-uagb-advanced-heading uagb-block-0d8fe106\"><h2 class=\"uagb-heading-text\">Pesquisa<\/h2><div class=\"uagb-separator\"><\/div><\/div>\n<\/div>\n\n\n\n<h2 class=\"wp-block-heading has-medium-font-size\">NOVOS <\/h2>\n\n\n\n<h2 class=\"wp-block-heading has-medium-font-size\">INSCRI\u00c7\u00d5ES ABERTAS <\/h2>\n\n\n\n<h2 class=\"wp-block-heading has-medium-font-size\">E<strong>M ANDAMENTO<\/strong><\/h2>\n\n\n\n<h2 class=\"wp-block-heading has-medium-font-size\"><strong>ENCERRADOS<\/strong><\/h2>\n\n\n\n<p><a href=\"https:\/\/www.uepa.br\/sites\/default\/files\/editais\/edital1032025.pdf\">Edital 103\/2025 Programa Institucional de Bolsas de Inicia\u00e7\u00e3o Cient\u00edfica na Modalidade FAPESPA\/FORMA PAR\u00c1 (PIBIC-FAPESPA\/FORMA PAR\u00c1)<\/a><br>Inscri\u00e7\u00f5es das Propostas: 03\/09\/2025 a 09\/09\/2025<\/p>\n\n\n\n<p><a href=\"https:\/\/www.uepa.br\/sites\/default\/files\/editais\/edital452025.pdf\">Edital 45\/2025 Programa Institucional de Bolsas de Inicia\u00e7\u00e3o para o Ensino M\u00e9dio-Programa PIBIC EM\/CNPQ<\/a><br>Inscri\u00e7\u00f5es das Propostas: 07\/05\/2025 a 04\/06\/2025<\/p>\n\n\n\n<p><a href=\"https:\/\/www.uepa.br\/sites\/default\/files\/editais\/edital442025.pdf\">Edital 44\/2025 Programa Institucional de Bolsas de Inicia\u00e7\u00e3o E De Desenvolvimento Tecnol\u00f3gico E Inova\u00e7\u00e3o Programas PIBIC,PIBIC-AF e PIBITI<\/a><br>Inscri\u00e7\u00f5es das Propostas: 07\/05\/2025 a 04\/06\/2025<\/p>\n\n\n\n<p><a href=\"https:\/\/www.uepa.br\/pt-br\/content\/edital-59-2024\">Edital 59\/2024 Programa Institucional de Bolsas de Inicia\u00e7\u00e3o Cient\u00edfica e de Desenvolvimento Tecnol\u00f3gico e Inova\u00e7\u00e3o<\/a><br>Inscri\u00e7\u00f5es das Propostas: 29\/04\/2024 a 27\/05\/2024<\/p>\n\n\n\n<p><a href=\"https:\/\/www.uepa.br\/pt-br\/content\/edital-58-2024\">Edital 58\/2024 Programa Institucional de Bolsas de Inicia\u00e7\u00e3o Cient\u00edfica \u2013 Ensino M\u00e9dio (PIBIC-EM)<\/a><br>Inscri\u00e7\u00f5es das Propostas: 29\/04\/2024 a 27\/05\/2024<\/p>\n","protected":false},"excerpt":{"rendered":"<p>Pesquisa NOVOS INSCRI\u00c7\u00d5ES ABERTAS EM ANDAMENTO ENCERRADOS Edital 103\/2025 Programa Institucional de Bolsas de Inicia\u00e7\u00e3o Cient\u00edfica na Modalidade FAPESPA\/FORMA PAR\u00c1 (PIBIC-FAPESPA\/FORMA PAR\u00c1)Inscri\u00e7\u00f5es das Propostas: 03\/09\/2025 a 09\/09\/2025 Edital 45\/2025 Programa Institucional de Bolsas de Inicia\u00e7\u00e3o para o Ensino M\u00e9dio-Programa PIBIC EM\/CNPQInscri\u00e7\u00f5es das Propostas: 07\/05\/2025 a 04\/06\/2025 Edital 44\/2025 Programa Institucional de Bolsas de Inicia\u00e7\u00e3o E &hellip;<\/p>\n<p class=\"read-more\"> <a class=\"\" href=\"https:\/\/propesp.uepa.br\/index.php\/editais\/pesquisa\/\"> <span class=\"screen-reader-text\">Pesquisa<\/span> Leia mais &raquo;<\/a><\/p>\n","protected":false},"author":1,"featured_media":0,"parent":33,"menu_order":0,"comment_status":"closed","ping_status":"closed","template":"","meta":{"_uag_custom_page_level_css":"","site-sidebar-layout":"default","site-content-layout":"","ast-site-content-layout":"default","site-content-style":"default","site-sidebar-style":"default","ast-global-header-display":"","ast-banner-title-visibility":"","ast-main-header-display":"","ast-hfb-above-header-display":"","ast-hfb-below-header-display":"","ast-hfb-mobile-header-display":"","site-post-title":"disabled","ast-breadcrumbs-content":"","ast-featured-img":"","footer-sml-layout":"","theme-transparent-header-meta":"","adv-header-id-meta":"","stick-header-meta":"","header-above-stick-meta":"","header-main-stick-meta":"","header-below-stick-meta":"","astra-migrate-meta-layouts":"set","ast-page-background-enabled":"default","ast-page-background-meta":{"desktop":{"background-color":"var(--ast-global-color-4)","background-image":"","background-repeat":"repeat","background-position":"center center","background-size":"auto","background-attachment":"scroll","background-type":"","background-media":"","overlay-type":"","overlay-color":"","overlay-gradient":""},"tablet":{"background-color":"","background-image":"","background-repeat":"repeat","background-position":"center center","background-size":"auto","background-attachment":"scroll","background-type":"","background-media":"","overlay-type":"","overlay-color":"","overlay-gradient":""},"mobile":{"background-color":"","background-image":"","background-repeat":"repeat","background-position":"center center","background-size":"auto","background-attachment":"scroll","background-type":"","background-media":"","overlay-type":"","overlay-color":"","overlay-gradient":""}},"ast-content-background-meta":{"desktop":{"background-color":"var(--ast-global-color-5)","background-image":"","background-repeat":"repeat","background-position":"center center","background-size":"auto","background-attachment":"scroll","background-type":"","background-media":"","overlay-type":"","overlay-color":"","overlay-gradient":""},"tablet":{"background-color":"var(--ast-global-color-5)","background-image":"","background-repeat":"repeat","background-position":"center center","background-size":"auto","background-attachment":"scroll","background-type":"","background-media":"","overlay-type":"","overlay-color":"","overlay-gradient":""},"mobile":{"background-color":"var(--ast-global-color-5)","background-image":"","background-repeat":"repeat","background-position":"center center","background-size":"auto","background-attachment":"scroll","background-type":"","background-media":"","overlay-type":"","overlay-color":"","overlay-gradient":""}},"footnotes":""},"uagb_featured_image_src":{"full":false,"thumbnail":false,"medium":false,"medium_large":false,"large":false,"1536x1536":false,"2048x2048":false},"uagb_author_info":{"display_name":"adminsites@uepa.br","author_link":"https:\/\/propesp.uepa.br\/index.php\/author\/adminsitesuepa-br\/"},"uagb_comment_info":0,"uagb_excerpt":"Pesquisa NOVOS INSCRI\u00c7\u00d5ES ABERTAS EM ANDAMENTO ENCERRADOS Edital 103\/2025 Programa Institucional de Bolsas de Inicia\u00e7\u00e3o Cient\u00edfica na Modalidade FAPESPA\/FORMA PAR\u00c1 (PIBIC-FAPESPA\/FORMA PAR\u00c1)Inscri\u00e7\u00f5es das Propostas: 03\/09\/2025 a 09\/09\/2025 Edital 45\/2025 Programa Institucional de Bolsas de Inicia\u00e7\u00e3o para o Ensino M\u00e9dio-Programa PIBIC EM\/CNPQInscri\u00e7\u00f5es das Propostas: 07\/05\/2025 a 04\/06\/2025 Edital 44\/2025 Programa Institucional de Bolsas de Inicia\u00e7\u00e3o E&hellip;","_links":{"self":[{"href":"https:\/\/propesp.uepa.br\/index.php\/wp-json\/wp\/v2\/pages\/5368"}],"collection":[{"href":"https:\/\/propesp.uepa.br\/index.php\/wp-json\/wp\/v2\/pages"}],"about":[{"href":"https:\/\/propesp.uepa.br\/index.php\/wp-json\/wp\/v2\/types\/page"}],"author":[{"embeddable":true,"href":"https:\/\/propesp.uepa.br\/index.php\/wp-json\/wp\/v2\/users\/1"}],"replies":[{"embeddable":true,"href":"https:\/\/propesp.uepa.br\/index.php\/wp-json\/wp\/v2\/comments?post=5368"}],"version-history":[{"count":9,"href":"https:\/\/propesp.uepa.br\/index.php\/wp-json\/wp\/v2\/pages\/5368\/revisions"}],"predecessor-version":[{"id":6790,"href":"https:\/\/propesp.uepa.br\/index.php\/wp-json\/wp\/v2\/pages\/5368\/revisions\/6790"}],"up":[{"embeddable":true,"href":"https:\/\/propesp.uepa.br\/index.php\/wp-json\/wp\/v2\/pages\/33"}],"wp:attachment":[{"href":"https:\/\/propesp.uepa.br\/index.php\/wp-json\/wp\/v2\/media?parent=5368"}],"curies":[{"name":"wp","href":"https:\/\/api.w.org\/{rel}","templated":true}]}}