{"id":5370,"date":"2024-01-30T13:41:55","date_gmt":"2024-01-30T13:41:55","guid":{"rendered":"https:\/\/propesp.uepa.br\/?page_id=5370"},"modified":"2025-10-07T13:09:02","modified_gmt":"2025-10-07T13:09:02","slug":"pos-graduacao","status":"publish","type":"page","link":"https:\/\/propesp.uepa.br\/index.php\/editais\/pos-graduacao\/","title":{"rendered":"P\u00f3s-Gradua\u00e7\u00e3o"},"content":{"rendered":"\n<div class=\"wp-block-uagb-advanced-heading uagb-block-ae720dc4\"><h2 class=\"uagb-heading-text\">P\u00f3s-Gradua\u00e7\u00e3o<\/h2><div class=\"uagb-separator\"><\/div><\/div>\n\n\n\n<h3 class=\"wp-block-heading has-medium-font-size\">NOVOS<\/h3>\n\n\n\n<h3 class=\"wp-block-heading has-medium-font-size\">INSCRI\u00c7\u00d5ES ABERTAS<\/h3>\n\n\n\n<p><a href=\"https:\/\/www.uepa.br\/sites\/default\/files\/editais\/edital1192025.pdf\">Edital 119-2025 -Processo Seletivo  para o Programa de P\u00f3s-Gradua\u00e7\u00e3o em Ensino de L\u00edngua Portuguesa e suas Respectivas Literaturas em Mestrado Profissional <\/a><br>Per\u00edodo de inscri\u00e7\u00e3o: 01\/10\/2025 a 31\/10\/2025<\/p>\n\n\n\n<p><a href=\"https:\/\/www.uepa.br\/sites\/default\/files\/editais\/edital1132025.pdf\">Edital 113-2025 -Processo Seletivo  de Vagas Remanescentes do IV Curso de Especializa\u00e7\u00e3o em Pedagogia da Cultura Corporal<\/a><br>Per\u00edodo de inscri\u00e7\u00e3o: 29\/09\/2025 a 10\/10\/2025<\/p>\n\n\n\n<h3 class=\"wp-block-heading has-medium-font-size\">EM ANDAMENTO<\/h3>\n\n\n\n<p><a href=\"https:\/\/www.uepa.br\/sites\/default\/files\/editais\/edital1042025.pdf\" data-type=\"link\" data-id=\"https:\/\/www.uepa.br\/sites\/default\/files\/editais\/edital382025.pdf\">Edital 104-2025 -Processo Seletivo  para o Curso de P\u00f3s-Gradua\u00e7\u00e3o Lato Sensu em Gest\u00e3o na Seguran\u00e7a de Alimentos e Controle de Qualidade na Ind\u00fastria<\/a><br>Per\u00edodo de inscri\u00e7\u00e3o: 09\/09\/2025 a 25\/09\/2025<\/p>\n\n\n\n<p><a href=\"https:\/\/www.uepa.br\/sites\/default\/files\/editais\/edital982025.pdf\" data-type=\"link\" data-id=\"https:\/\/www.uepa.br\/sites\/default\/files\/editais\/edital382025.pdf\">Edital 98-2025 -Processo Seletivo  para o Curso de Mestrado em Educa\u00e7\u00e3o e Ensino de Ci\u00eancia na Amaz\u00f4nia<\/a><br>Per\u00edodo de inscri\u00e7\u00e3o: 04\/09\/2025 a 01\/10\/2025<\/p>\n\n\n\n<p><a href=\"https:\/\/www.uepa.br\/sites\/default\/files\/editais\/edital922025.pdf\" data-type=\"link\" data-id=\"https:\/\/www.uepa.br\/sites\/default\/files\/editais\/edital382025.pdf\">Edital 92-2025 -Processo Seletivo  para o Curso de Especializa\u00e7\u00e3o em Metodologias do Ensino da Gin\u00e1stica e Dan\u00e7a<\/a><br>Per\u00edodo de inscri\u00e7\u00e3o: 15\/08\/2025 a 18\/09\/2025<\/p>\n\n\n\n<p><a href=\"https:\/\/www.uepa.br\/sites\/default\/files\/editais\/edital912025.pdf\" data-type=\"link\" data-id=\"https:\/\/www.uepa.br\/sites\/default\/files\/editais\/edital382025.pdf\">Edital 91-2025 -Processo Seletivo  para  Mestrado em M\u00fasica na Amaz\u00f4nia<\/a><br>Per\u00edodo de inscri\u00e7\u00e3o: 07\/08\/2025 a 21\/08\/2025<\/p>\n\n\n\n<p><a href=\"https:\/\/www.uepa.br\/sites\/default\/files\/editais\/edital792025.pdf\" data-type=\"link\" data-id=\"https:\/\/www.uepa.br\/sites\/default\/files\/editais\/edital382025.pdf\">Edital 79-2025 -Processo Seletivo  para  Mestrado em Ensino da Matem\u00e1tica<\/a><br>Per\u00edodo de inscri\u00e7\u00e3o: 19\/07\/2025 a 29\/08\/2025<\/p>\n\n\n\n<h3 class=\"wp-block-heading has-medium-font-size\">ENCERRADOS<\/h3>\n\n\n\n<p><a href=\"https:\/\/www.uepa.br\/sites\/default\/files\/editais\/edital782025.pdf\" data-type=\"link\" data-id=\"https:\/\/www.uepa.br\/sites\/default\/files\/editais\/edital382025.pdf\">Edital 89-2025 -Processo Seletivo  para  <\/a><a href=\"https:\/\/www.uepa.br\/sites\/default\/files\/editais\/edital892025.pdf\" data-type=\"link\" data-id=\"https:\/\/www.uepa.br\/sites\/default\/files\/editais\/edital382025.pdf\">Mestrado em Cirurgia e Pesquisa Experimental Turma Hemopa<\/a><br>Per\u00edodo de inscri\u00e7\u00e3o: 07\/08\/2025 a 18\/08\/2025<\/p>\n\n\n\n<p><a href=\"https:\/\/www.uepa.br\/sites\/default\/files\/editais\/edital782025.pdf\" data-type=\"link\" data-id=\"https:\/\/www.uepa.br\/sites\/default\/files\/editais\/edital382025.pdf\">Edital 80-2025 -Processo Seletivo  para  <\/a><a href=\"https:\/\/www.uepa.br\/sites\/default\/files\/editais\/edital802025.pdf\" data-type=\"link\" data-id=\"https:\/\/www.uepa.br\/sites\/default\/files\/editais\/edital382025.pdf\">Mestrado e Doutorado em Enfermagem<\/a><br>Per\u00edodo de inscri\u00e7\u00e3o: 19\/07\/2025 a 28\/07\/2025<\/p>\n\n\n\n<p><a href=\"https:\/\/www.uepa.br\/sites\/default\/files\/editais\/edital782025.pdf\" data-type=\"link\" data-id=\"https:\/\/www.uepa.br\/sites\/default\/files\/editais\/edital382025.pdf\">Edital 78-2025 -Processo Seletivo  para  o IV Curso de Especializa\u00e7\u00e3o em Pedagogia Corporal da Amaz\u00f4nia<\/a><br>Per\u00edodo de inscri\u00e7\u00e3o: 21\/07\/2025 a 08\/08\/2025<\/p>\n\n\n\n<p><a href=\"https:\/\/www.uepa.br\/sites\/default\/files\/editais\/edital612025.pdf\" data-type=\"link\" data-id=\"https:\/\/www.uepa.br\/sites\/default\/files\/editais\/edital382025.pdf\">Edital 61-2025 -Processo Seletivo  para  Turma Especial do HEMOPA<\/a><br>Per\u00edodo de inscri\u00e7\u00e3o: 17\/06\/2025 a 16\/07\/2025<\/p>\n\n\n\n<p><a href=\"https:\/\/www.uepa.br\/sites\/default\/files\/editais\/edital582025.pdf\" data-type=\"link\" data-id=\"https:\/\/www.uepa.br\/sites\/default\/files\/editais\/edital382025.pdf\">Edital 58-2025 -Processo Seletivo  para  Mestrado  em Biologia Parasit\u00e1ria na Amaz\u00f4nia<\/a><br>Per\u00edodo de inscri\u00e7\u00e3o: 13\/06\/2025 a 30\/06\/2025<\/p>\n\n\n\n<p><a href=\"https:\/\/www.uepa.br\/sites\/default\/files\/editais\/edital562025.pdf\" data-type=\"link\" data-id=\"https:\/\/www.uepa.br\/sites\/default\/files\/editais\/edital382025.pdf\">Edital 56-2025 -Processo Seletivo  para  Doutorado  em Educa\u00e7\u00e3o Escolar Ind\u00edgena <\/a><br>Per\u00edodo de inscri\u00e7\u00e3o: 06\/06\/2025 a 25\/06\/2025<\/p>\n\n\n\n<p><a href=\"https:\/\/www.uepa.br\/sites\/default\/files\/editais\/edital492025.pdf\" data-type=\"link\" data-id=\"https:\/\/www.uepa.br\/sites\/default\/files\/editais\/edital382025.pdf\">Edital 49-2025 -Processo Seletivo A\u00e7\u00f5es Afirmativas para  Doutorado  em Ci\u00eancias da Religi\u00e3o<\/a><br>Per\u00edodo de inscri\u00e7\u00e3o: 13\/05\/2025 a 31\/05\/2025<\/p>\n\n\n\n<p><a href=\"https:\/\/www.uepa.br\/sites\/default\/files\/editais\/edital482025.pdf\" data-type=\"link\" data-id=\"https:\/\/www.uepa.br\/sites\/default\/files\/editais\/edital382025.pdf\">Edital 48-2025 -Processo Seletivo para  Mestrado  em Ci\u00eancias da Religi\u00e3o<\/a><br>Per\u00edodo de inscri\u00e7\u00e3o: 13\/05\/2025 a 31\/05\/2025<\/p>\n\n\n\n<p><a href=\"https:\/\/www.uepa.br\/sites\/default\/files\/editais\/edital472025.pdf\" data-type=\"link\" data-id=\"https:\/\/www.uepa.br\/sites\/default\/files\/editais\/edital382025.pdf\">Edital 47-2025 -Processo Seletivo para  Doutorado  em Ci\u00eancias da Religi\u00e3o<\/a><br>Per\u00edodo de inscri\u00e7\u00e3o: 13\/05\/2025 a 31\/05\/2025<\/p>\n\n\n\n<p><a href=\"https:\/\/www.uepa.br\/sites\/default\/files\/editais\/edital382025.pdf\" data-type=\"link\" data-id=\"https:\/\/www.uepa.br\/sites\/default\/files\/editais\/edital382025.pdf\">Edital 38-2025 -Processo Seletivo para Mestrado e Doutorado  em Ensino e Sa\u00fade na Amaz\u00f4nia\/ Turma FHCGV<\/a><br>Per\u00edodo de inscri\u00e7\u00e3o: 14\/04\/2025 a 15\/05\/2025<\/p>\n\n\n\n<p><a href=\"https:\/\/www.uepa.br\/pt-br\/content\/edital-37-2025\">Edital 37-2025 -Processo Seletivo para Doutorado  em Ensino e Sa\u00fade na Amaz\u00f4nia<\/a><br>Per\u00edodo de inscri\u00e7\u00e3o: 09\/04\/2025 a 09\/05\/2025<\/p>\n\n\n\n<p><a href=\"https:\/\/www.uepa.br\/sites\/default\/files\/editais\/edital362025.pdf\">Edital 36-2025 -Processo Seletivo para Mestrado  em Ensino e Sa\u00fade na Amaz\u00f4nia<\/a><br>Per\u00edodo de inscri\u00e7\u00e3o: 14\/04\/2025 a 09\/05\/2025<\/p>\n\n\n\n<p><a href=\"https:\/\/www.uepa.br\/sites\/default\/files\/editais\/edital_19-2025.pdf\">Edital 19-2025 -Processo Seletivo para Doutorado em Educa\u00e7\u00e3o<\/a><br>Per\u00edodo de inscri\u00e7\u00e3o: 14\/03\/2025 a 31\/03\/2025<\/p>\n\n\n\n<p><a href=\"https:\/\/www.uepa.br\/sites\/default\/files\/editais\/edital_182025.pdf\">Edital 18-2025 -Processo Seletivo para Mestrado em Educa\u00e7\u00e3o<\/a><br>Per\u00edodo de inscri\u00e7\u00e3o: 14\/03\/2025 a 31\/03\/2025<\/p>\n\n\n\n<p><a href=\"https:\/\/www.uepa.br\/sites\/default\/files\/editais\/edital142025.pdf\">Edital 14-2025 -Processo Seletivo para Mestrado em Reabilita\u00e7\u00e3o e Desempenho Funcional<\/a><br>Per\u00edodo de inscri\u00e7\u00e3o: 06\/03\/2025 a 07\/04\/2025<\/p>\n\n\n\n<p><a href=\"https:\/\/www.uepa.br\/sites\/default\/files\/editais\/edital042025.pdf\">Edital 04-2025 -Processo Seletivo para Mestrado em Enfermagem<\/a><br>Per\u00edodo de inscri\u00e7\u00e3o : 25\/01\/2025 a 17\/02\/2025<\/p>\n\n\n\n<p><a href=\"https:\/\/www.uepa.br\/sites\/default\/files\/editais\/edital032025.pdf\">Edital 03-2025 -Processo Seletivo para Doutorado em Enfermagem<\/a><br>Per\u00edodo de inscri\u00e7\u00e3o : 25\/01\/2025 a 17\/02\/2025<\/p>\n\n\n\n<p><a href=\"https:\/\/www.uepa.br\/sites\/default\/files\/editais\/edital022025.pdf\">Edital 02-2025 -Processo Seletivo para Mestrado e Doutorado  em Biologia Parasit\u00e1ria na Amaz\u00f4nia<\/a><br>Per\u00edodo de inscri\u00e7\u00e3o: 24\/01\/2025 a 20\/03\/2025<\/p>\n\n\n\n<p><a href=\"https:\/\/www.uepa.br\/sites\/default\/files\/editais\/edital012025.pdf\">Edital 01-2025 -Processo Seletivo para Mestrado Profissional em Cirurgia e Pesquisa Experimental<\/a><br>Per\u00edodo de inscri\u00e7\u00e3o: 15\/01\/2025 a 28\/02\/2025<\/p>\n\n\n\n<p><a href=\"https:\/\/www.uepa.br\/pt-br\/content\/edital-126-2024\">Edital 126-2024 -Processo Seletivo para Mestrado Profissional em Ensino da L\u00edngua Portuguesa e suas respectivas literaturas<\/a><br>Per\u00edodo de inscri\u00e7\u00e3o: 29\/11\/2024 a 13\/12\/2024<\/p>\n\n\n\n<p><a href=\"https:\/\/propesp.uepa.br\/wp-content\/uploads\/2024\/11\/02.2024-EDITAL-PDSE-PROPESP-UEPA.pdf\">Edital 02-2024 -PROPESP\/UEPA Programa de Doutorado Sandu\u00edche no Exterior-PDSE<\/a><br>de acordo com o cronograma: at\u00e9 27\/01\/2025, envio via PAE dos resultados da sele\u00e7\u00e3o interna realizada pelo PPG \u00e0 PROPESP<\/p>\n\n\n\n<p><a href=\"https:\/\/www.uepa.br\/sites\/default\/files\/editais\/edital1162024.pdf\">Edital 116-2024 &#8211; Processo seletivo para o Curso de P\u00f3s-Gradua\u00e7\u00e3o Lato Sensu em Sa\u00fade Coletiva<\/a><br>Per\u00edodo de inscri\u00e7\u00e3o: 31\/10\/2024 a 30\/11\/2024 <\/p>\n\n\n\n<p><a href=\"https:\/\/www.uepa.br\/pt-br\/content\/edital-107-2024\" data-type=\"link\" data-id=\"https:\/\/www.uepa.br\/pt-br\/content\/edital-107-2024\">Edital 107-2024 &#8211; Processo seletivo para o Doutorado em Ci\u00eancias Ambientais &#8211; Doutorado Acad\u00eamico<\/a><br>Per\u00edodo de inscri\u00e7\u00e3o: 05\/11\/2024 a 10\/01\/2025 <\/p>\n\n\n\n<p><a href=\"https:\/\/www.uepa.br\/pt-br\/content\/edital-106-2024\" data-type=\"link\" data-id=\"https:\/\/www.uepa.br\/pt-br\/content\/edital-106-2024\">Edital 106-2024 &#8211; Processo seletivo para o Mestrado em Ci\u00eancias Ambientais &#8211; Mestrado Acad\u00eamico<\/a><br>Per\u00edodo de inscri\u00e7\u00e3o: 21\/10\/2024 a 10\/01\/2025 <\/p>\n\n\n\n<p><a href=\"https:\/\/www.uepa.br\/pt-br\/content\/edital-103-2024\" data-type=\"link\" data-id=\"https:\/\/www.uepa.br\/pt-br\/content\/edital-103-2024\">Edital 103-2024 &#8211; Processo seletivo para o Mestrado em Ci\u00eancias da Religi\u00e3o (Ano acad\u00eamico 2025)<\/a><br>Per\u00edodo de inscri\u00e7\u00e3o: 04\/10\/2024 at\u00e9 \u00e0s 18h de 29\/11\/2024  <\/p>\n\n\n\n<p><a href=\"https:\/\/www.uepa.br\/pt-br\/content\/edital-102-2024\" data-type=\"link\" data-id=\"https:\/\/www.uepa.br\/pt-br\/content\/edital-102-2024\">Edital 102-2024 &#8211; Processo seletivo para o Doutorado em Ci\u00eancias da Religi\u00e3o (Ano acad\u00eamico 2025)<\/a><br>Per\u00edodo de inscri\u00e7\u00e3o: 04\/10\/2024 at\u00e9 \u00e0s 18h de 29\/11\/2024  <\/p>\n\n\n\n<p><a href=\"https:\/\/www.uepa.br\/pt-br\/content\/edital-100-2024\" data-type=\"link\" data-id=\"https:\/\/www.uepa.br\/pt-br\/content\/edital-100-2024\">Edital 100-2024 &#8211; Processo Seletivo para a Turma 2025 do Curso se Mestrado Profissional em Educa\u00e7\u00e3o e Ensino de Ci\u00eancias na Amaz\u00f4nia.<\/a><br>Per\u00edodo de inscri\u00e7\u00e3o: 30\/09\/2024 a 29\/10\/2024<\/p>\n\n\n\n<p><a href=\"https:\/\/www.uepa.br\/pt-br\/content\/edital-99-2024\">Edital 99-2024 &#8211; Processo Seletivo 2024 para o Programa de P\u00f3s-gradua\u00e7\u00e3o em Geografia &#8211; Mestrado Acad\u00eamico<\/a><br>Per\u00edodo de inscri\u00e7\u00e3o: 27\/09\/2024 a 25\/10\/2024<\/p>\n\n\n\n<p><a href=\"https:\/\/www.uepa.br\/pt-br\/content\/edital-96-2024\">Edital 96-2024 &#8211; Processo seletivo programa de P\u00f3s-Gradua\u00e7\u00e3o em Ensino de Matem\u00e1tica &#8211; Mestrado Profissional em Ensino de Matem\u00e1tica &#8211; 2025 &#8211; Bel\u00e9m<\/a><br>Per\u00edodo de inscri\u00e7\u00e3o: 05\/09\/2024 a 06\/10\/2024<\/p>\n\n\n\n<p><a href=\"https:\/\/www.uepa.br\/pt-br\/content\/edital-82-2024\">Edital 82\/2024 &#8211; Programa de P\u00f3s-Gradua\u00e7\u00e3o em Educa\u00e7\u00e3o Escolar Ind\u00edgena-PPGEEI<\/a><br>Per\u00edodo de inscri\u00e7\u00e3o:  15\/06\/2024 a 07\/07\/2024<\/p>\n\n\n\n<p><a href=\"https:\/\/www.uepa.br\/pt-br\/content\/edital-84-2024\" data-type=\"link\" data-id=\"https:\/\/www.uepa.br\/pt-br\/content\/edital-84-2024\">Edital 84\/2024 &#8211; Processo Seletivo para o Curso de P\u00f3s &#8211; Gradua\u00e7\u00e3o&nbsp;<em>Lato Sensu&nbsp;<\/em>em SA\u00daDE COLETIVA<\/a><br>Per\u00edodo de inscri\u00e7\u00e3o:  16\/06\/2024 a 12\/07\/2024<\/p>\n\n\n\n<p class=\"has-ast-global-color-0-color has-text-color has-link-color wp-elements-89676f338d19ec35515f9584600b8c32\"><a href=\"https:\/\/propesp.uepa.br\/wp-content\/uploads\/2024\/04\/EDITAL-PDSE-PROPESP-UEPA-2024.docx.pdf\" data-type=\"link\" data-id=\"https:\/\/propesp.uepa.br\/wp-content\/uploads\/2024\/04\/EDITAL-PDSE-PROPESP-UEPA-2024.docx.pdf\">Edital 01\/2024- PROPESP\/UEPA, Programa de Doutorado Sandu\u00edche no Exterior-PDSE 2024<\/a><br><a href=\"https:\/\/propesp.uepa.br\/index.php\/resultado-do-programa-de-doutorado-sanduiche-no-exterior\/\"><strong>Resultado Final<\/strong><\/a><\/p>\n\n\n\n<p><a href=\"https:\/\/www.uepa.br\/pt-br\/content\/edital-16-2024\" data-type=\"link\" data-id=\"https:\/\/www.uepa.br\/pt-br\/editais\/edital-16-2024\">Edital 16-2024&nbsp;Processo Seletivo para o curso de Especializa\u00e7\u00e3o em Dermatologia da Universidade do Estado do Par\u00e1<\/a><\/p>\n\n\n\n<p><a href=\"https:\/\/www.uepa.br\/pt-br\/content\/edital-34-2024\">Edital 34 &#8211; 2024 ::: Sele\u00e7\u00e3o do Doutorado do Programa de P\u00f3s-Gradua\u00e7\u00e3o em Biologia Parasit\u00e1ria na Amaz\u00f4nia<\/a>&nbsp;<br><\/p>\n\n\n\n<p><a href=\"https:\/\/www.uepa.br\/pt-br\/content\/edital-20-2024\" data-type=\"link\" data-id=\"https:\/\/www.uepa.br\/pt-br\/editais\/edital-20-2024\">Edital 20-2024 ::: Sele\u00e7\u00e3o de Mestrado do Programa de P\u00f3s-Gradua\u00e7\u00e3o em M\u00fasica na Amaz\u00f4nia <\/a><br><\/p>\n\n\n\n<p><a href=\"https:\/\/www.uepa.br\/pt-br\/content\/edital-19-2024\" data-type=\"link\" data-id=\"https:\/\/www.uepa.br\/pt-br\/editais\/edital-19-2024\">Edital 19-2024 ::: Processo Seletivo do Programa de P\u00f3s-Gradua\u00e7\u00e3o em Reabilita\u00e7\u00e3o e Desempenho Funciona<\/a><br><\/p>\n\n\n\n<p><a href=\"https:\/\/www.uepa.br\/pt-br\/content\/edital-18-2024\" data-type=\"link\" data-id=\"https:\/\/www.uepa.br\/pt-br\/editais\/edital-18-2024\">Edital 18-2024 ::: Processo Seletivo Para o Mestrado em Ci\u00eancias da Religi\u00e3o<\/a><br><\/p>\n\n\n\n<p><a href=\"https:\/\/www.uepa.br\/pt-br\/content\/edital-17-2024\" data-type=\"link\" data-id=\"https:\/\/www.uepa.br\/pt-br\/editais\/edital-17-2024\">Edital 17-2024 ::: Processo Seletivo Para o Doutorado em Ci\u00eancias da Religi\u00e3o <\/a><br><\/p>\n\n\n\n<p><a href=\"https:\/\/www.uepa.br\/pt-br\/content\/edital-05-2024\">Edital 05-2024 ::: Processo Seletivo para o Curso de Doutorado em Enfermagem<\/a><\/p>\n\n\n\n<div class=\"wp-block-columns is-layout-flex wp-container-core-columns-layout-1 wp-block-columns-is-layout-flex\">\n<div class=\"wp-block-column is-layout-flow wp-block-column-is-layout-flow\" style=\"flex-basis:100%\">\n<div class=\"wp-block-uagb-container uagb-block-4fc19fb1 alignfull uagb-is-root-container\"><div class=\"uagb-container-inner-blocks-wrap\"><\/div><\/div>\n<\/div>\n<\/div>\n","protected":false},"excerpt":{"rendered":"<p>P\u00f3s-Gradua\u00e7\u00e3o NOVOS INSCRI\u00c7\u00d5ES ABERTAS Edital 119-2025 -Processo Seletivo para o Programa de P\u00f3s-Gradua\u00e7\u00e3o em Ensino de L\u00edngua Portuguesa e suas Respectivas Literaturas em Mestrado Profissional Per\u00edodo de inscri\u00e7\u00e3o: 01\/10\/2025 a 31\/10\/2025 Edital 113-2025 -Processo Seletivo de Vagas Remanescentes do IV Curso de Especializa\u00e7\u00e3o em Pedagogia da Cultura CorporalPer\u00edodo de inscri\u00e7\u00e3o: 29\/09\/2025 a 10\/10\/2025 EM ANDAMENTO &hellip;<\/p>\n<p class=\"read-more\"> <a class=\"\" href=\"https:\/\/propesp.uepa.br\/index.php\/editais\/pos-graduacao\/\"> <span class=\"screen-reader-text\">P\u00f3s-Gradua\u00e7\u00e3o<\/span> Leia mais &raquo;<\/a><\/p>\n","protected":false},"author":1,"featured_media":0,"parent":33,"menu_order":0,"comment_status":"closed","ping_status":"closed","template":"","meta":{"_uag_custom_page_level_css":"","site-sidebar-layout":"default","site-content-layout":"","ast-site-content-layout":"default","site-content-style":"default","site-sidebar-style":"default","ast-global-header-display":"","ast-banner-title-visibility":"","ast-main-header-display":"","ast-hfb-above-header-display":"","ast-hfb-below-header-display":"","ast-hfb-mobile-header-display":"","site-post-title":"disabled","ast-breadcrumbs-content":"","ast-featured-img":"","footer-sml-layout":"","theme-transparent-header-meta":"","adv-header-id-meta":"","stick-header-meta":"","header-above-stick-meta":"","header-main-stick-meta":"","header-below-stick-meta":"","astra-migrate-meta-layouts":"set","ast-page-background-enabled":"default","ast-page-background-meta":{"desktop":{"background-color":"var(--ast-global-color-4)","background-image":"","background-repeat":"repeat","background-position":"center center","background-size":"auto","background-attachment":"scroll","background-type":"","background-media":"","overlay-type":"","overlay-color":"","overlay-gradient":""},"tablet":{"background-color":"","background-image":"","background-repeat":"repeat","background-position":"center center","background-size":"auto","background-attachment":"scroll","background-type":"","background-media":"","overlay-type":"","overlay-color":"","overlay-gradient":""},"mobile":{"background-color":"","background-image":"","background-repeat":"repeat","background-position":"center center","background-size":"auto","background-attachment":"scroll","background-type":"","background-media":"","overlay-type":"","overlay-color":"","overlay-gradient":""}},"ast-content-background-meta":{"desktop":{"background-color":"var(--ast-global-color-5)","background-image":"","background-repeat":"repeat","background-position":"center center","background-size":"auto","background-attachment":"scroll","background-type":"","background-media":"","overlay-type":"","overlay-color":"","overlay-gradient":""},"tablet":{"background-color":"var(--ast-global-color-5)","background-image":"","background-repeat":"repeat","background-position":"center center","background-size":"auto","background-attachment":"scroll","background-type":"","background-media":"","overlay-type":"","overlay-color":"","overlay-gradient":""},"mobile":{"background-color":"var(--ast-global-color-5)","background-image":"","background-repeat":"repeat","background-position":"center center","background-size":"auto","background-attachment":"scroll","background-type":"","background-media":"","overlay-type":"","overlay-color":"","overlay-gradient":""}},"footnotes":""},"uagb_featured_image_src":{"full":false,"thumbnail":false,"medium":false,"medium_large":false,"large":false,"1536x1536":false,"2048x2048":false},"uagb_author_info":{"display_name":"adminsites@uepa.br","author_link":"https:\/\/propesp.uepa.br\/index.php\/author\/adminsitesuepa-br\/"},"uagb_comment_info":0,"uagb_excerpt":"P\u00f3s-Gradua\u00e7\u00e3o NOVOS INSCRI\u00c7\u00d5ES ABERTAS Edital 119-2025 -Processo Seletivo para o Programa de P\u00f3s-Gradua\u00e7\u00e3o em Ensino de L\u00edngua Portuguesa e suas Respectivas Literaturas em Mestrado Profissional Per\u00edodo de inscri\u00e7\u00e3o: 01\/10\/2025 a 31\/10\/2025 Edital 113-2025 -Processo Seletivo de Vagas Remanescentes do IV Curso de Especializa\u00e7\u00e3o em Pedagogia da Cultura CorporalPer\u00edodo de inscri\u00e7\u00e3o: 29\/09\/2025 a 10\/10\/2025 EM ANDAMENTO&hellip;","_links":{"self":[{"href":"https:\/\/propesp.uepa.br\/index.php\/wp-json\/wp\/v2\/pages\/5370"}],"collection":[{"href":"https:\/\/propesp.uepa.br\/index.php\/wp-json\/wp\/v2\/pages"}],"about":[{"href":"https:\/\/propesp.uepa.br\/index.php\/wp-json\/wp\/v2\/types\/page"}],"author":[{"embeddable":true,"href":"https:\/\/propesp.uepa.br\/index.php\/wp-json\/wp\/v2\/users\/1"}],"replies":[{"embeddable":true,"href":"https:\/\/propesp.uepa.br\/index.php\/wp-json\/wp\/v2\/comments?post=5370"}],"version-history":[{"count":67,"href":"https:\/\/propesp.uepa.br\/index.php\/wp-json\/wp\/v2\/pages\/5370\/revisions"}],"predecessor-version":[{"id":6784,"href":"https:\/\/propesp.uepa.br\/index.php\/wp-json\/wp\/v2\/pages\/5370\/revisions\/6784"}],"up":[{"embeddable":true,"href":"https:\/\/propesp.uepa.br\/index.php\/wp-json\/wp\/v2\/pages\/33"}],"wp:attachment":[{"href":"https:\/\/propesp.uepa.br\/index.php\/wp-json\/wp\/v2\/media?parent=5370"}],"curies":[{"name":"wp","href":"https:\/\/api.w.org\/{rel}","templated":true}]}}