{"id":54,"date":"2018-05-14T13:25:16","date_gmt":"2018-05-14T16:25:16","guid":{"rendered":"http:\/\/propesp.uepa.br:8081\/?page_id=54"},"modified":"2023-11-29T13:43:08","modified_gmt":"2023-11-29T13:43:08","slug":"programa-de-qualificacao-docente","status":"publish","type":"page","link":"https:\/\/propesp.uepa.br\/index.php\/programa-de-qualificacao-docente\/","title":{"rendered":"Programa de Qualifica\u00e7\u00e3o Docente"},"content":{"rendered":"\n<div class=\"wp-block-uagb-container uagb-block-94239ee0 alignfull uagb-is-root-container\"><div class=\"uagb-container-inner-blocks-wrap\">\n<div class=\"wp-block-uagb-advanced-heading uagb-block-1700a7de\"><h2 class=\"uagb-heading-text\">Programa de Qualifica\u00e7\u00e3o Docente<\/h2><div class=\"uagb-separator\"><\/div><p class=\"uagb-desc-text\">Relat\u00f3rio final ou parcial (Especializa\u00e7\u00e3o)<\/p><\/div>\n\n\n\n<div class=\"wp-block-uagb-advanced-heading uagb-block-85ed1939\"><p class=\"uagb-heading-text\">Dever\u00e1 ser apresentado sucintamente indicando os itens que ser\u00e3o abordados tais como quest\u00f5es de cunho t\u00e9cnico-pedag\u00f3gico, administrativo-financeiro, etc. Para acesso ao modelo de relat\u00f3rio<a href=\"http:\/\/paginas.uepa.br\/propespuepa\/wp-content\/uploads\/2018\/05\/Relatrio_Final.doc\">.<\/a><\/p><\/div>\n\n\n\n<div class=\"wp-block-uagb-buttons uagb-buttons__outer-wrap uagb-btn__default-btn uagb-btn-tablet__default-btn uagb-btn-mobile__default-btn uagb-block-eb1f39f7\"><div class=\"uagb-buttons__wrap uagb-buttons-layout-wrap\">\n<div class=\"wp-block-uagb-buttons-child uagb-buttons__outer-wrap uagb-block-40f0adb2 wp-block-button\"><div class=\"uagb-button__wrapper\"><a class=\"uagb-buttons-repeater wp-block-button__link\" href=\"https:\/\/propesp.uepa.br\/wp-content\/uploads\/2018\/05\/Relatrio_Final.doc\" onclick=\"return true;\" rel=\"follow noopener\" target=\"_blank\"><div class=\"uagb-button__link\">Clique Aqui!<\/div><\/a><\/div><\/div>\n<\/div><\/div>\n<\/div><\/div>\n","protected":false},"excerpt":{"rendered":"<p>Programa de Qualifica\u00e7\u00e3o Docente Relat\u00f3rio final ou parcial (Especializa\u00e7\u00e3o) Dever\u00e1 ser apresentado sucintamente indicando os itens que ser\u00e3o abordados tais como quest\u00f5es de cunho t\u00e9cnico-pedag\u00f3gico, administrativo-financeiro, etc. Para acesso ao modelo de relat\u00f3rio.<\/p>\n","protected":false},"author":1,"featured_media":0,"parent":0,"menu_order":0,"comment_status":"closed","ping_status":"closed","template":"","meta":{"_uag_custom_page_level_css":"","site-sidebar-layout":"default","site-content-layout":"","ast-site-content-layout":"default","site-content-style":"default","site-sidebar-style":"default","ast-global-header-display":"","ast-banner-title-visibility":"","ast-main-header-display":"","ast-hfb-above-header-display":"","ast-hfb-below-header-display":"","ast-hfb-mobile-header-display":"","site-post-title":"disabled","ast-breadcrumbs-content":"","ast-featured-img":"","footer-sml-layout":"","theme-transparent-header-meta":"","adv-header-id-meta":"","stick-header-meta":"","header-above-stick-meta":"","header-main-stick-meta":"","header-below-stick-meta":"","astra-migrate-meta-layouts":"set","ast-page-background-enabled":"default","ast-page-background-meta":{"desktop":{"background-color":"var(--ast-global-color-4)","background-image":"","background-repeat":"repeat","background-position":"center center","background-size":"auto","background-attachment":"scroll","background-type":"","background-media":"","overlay-type":"","overlay-color":"","overlay-gradient":""},"tablet":{"background-color":"","background-image":"","background-repeat":"repeat","background-position":"center center","background-size":"auto","background-attachment":"scroll","background-type":"","background-media":"","overlay-type":"","overlay-color":"","overlay-gradient":""},"mobile":{"background-color":"","background-image":"","background-repeat":"repeat","background-position":"center center","background-size":"auto","background-attachment":"scroll","background-type":"","background-media":"","overlay-type":"","overlay-color":"","overlay-gradient":""}},"ast-content-background-meta":{"desktop":{"background-color":"var(--ast-global-color-5)","background-image":"","background-repeat":"repeat","background-position":"center center","background-size":"auto","background-attachment":"scroll","background-type":"","background-media":"","overlay-type":"","overlay-color":"","overlay-gradient":""},"tablet":{"background-color":"var(--ast-global-color-5)","background-image":"","background-repeat":"repeat","background-position":"center center","background-size":"auto","background-attachment":"scroll","background-type":"","background-media":"","overlay-type":"","overlay-color":"","overlay-gradient":""},"mobile":{"background-color":"var(--ast-global-color-5)","background-image":"","background-repeat":"repeat","background-position":"center center","background-size":"auto","background-attachment":"scroll","background-type":"","background-media":"","overlay-type":"","overlay-color":"","overlay-gradient":""}},"footnotes":""},"uagb_featured_image_src":{"full":false,"thumbnail":false,"medium":false,"medium_large":false,"large":false,"1536x1536":false,"2048x2048":false},"uagb_author_info":{"display_name":"adminsites@uepa.br","author_link":"https:\/\/propesp.uepa.br\/index.php\/author\/adminsitesuepa-br\/"},"uagb_comment_info":0,"uagb_excerpt":"Programa de Qualifica\u00e7\u00e3o Docente Relat\u00f3rio final ou parcial (Especializa\u00e7\u00e3o) Dever\u00e1 ser apresentado sucintamente indicando os itens que ser\u00e3o abordados tais como quest\u00f5es de cunho t\u00e9cnico-pedag\u00f3gico, administrativo-financeiro, etc. Para acesso ao modelo de relat\u00f3rio.","_links":{"self":[{"href":"https:\/\/propesp.uepa.br\/index.php\/wp-json\/wp\/v2\/pages\/54"}],"collection":[{"href":"https:\/\/propesp.uepa.br\/index.php\/wp-json\/wp\/v2\/pages"}],"about":[{"href":"https:\/\/propesp.uepa.br\/index.php\/wp-json\/wp\/v2\/types\/page"}],"author":[{"embeddable":true,"href":"https:\/\/propesp.uepa.br\/index.php\/wp-json\/wp\/v2\/users\/1"}],"replies":[{"embeddable":true,"href":"https:\/\/propesp.uepa.br\/index.php\/wp-json\/wp\/v2\/comments?post=54"}],"version-history":[{"count":3,"href":"https:\/\/propesp.uepa.br\/index.php\/wp-json\/wp\/v2\/pages\/54\/revisions"}],"predecessor-version":[{"id":5195,"href":"https:\/\/propesp.uepa.br\/index.php\/wp-json\/wp\/v2\/pages\/54\/revisions\/5195"}],"wp:attachment":[{"href":"https:\/\/propesp.uepa.br\/index.php\/wp-json\/wp\/v2\/media?parent=54"}],"curies":[{"name":"wp","href":"https:\/\/api.w.org\/{rel}","templated":true}]}}