{"id":555,"date":"2018-09-21T10:53:23","date_gmt":"2018-09-21T13:53:23","guid":{"rendered":"http:\/\/propesp.uepa.br\/?page_id=555"},"modified":"2018-09-21T10:53:23","modified_gmt":"2018-09-21T13:53:23","slug":"circular-no-03-v-seminario-de-integracao-cientifica","status":"publish","type":"page","link":"https:\/\/propesp.uepa.br\/index.php\/circular-no-03-v-seminario-de-integracao-cientifica\/","title":{"rendered":"Circular n\u00ba 03 &#8211; V Semin\u00e1rio de Integra\u00e7\u00e3o Cient\u00edfica"},"content":{"rendered":"<p>A Pr\u00f3-Reitoria de Pesquisa e P\u00f3s-Gradua\u00e7\u00e3o torna p\u00fablica as normas para a apresenta\u00e7\u00e3o da comunica\u00e7\u00e3o oral no V Semin\u00e1rio de Integra\u00e7\u00e3o Cient\u00edfica da UEPA \u2013 \u201cDimens\u00e3o investigativa para o conhecimento Cient\u00edfico\u201d, a ser realizado nos dias 28,29 e 30 de novembro de 2016, retificando a data (26,27 e 28 de abril de 2017) no Centro de Ci\u00eancias Naturais e Tecnologia &#8211; Campus V &#8211; CCNT.<br \/>\nLeia a circular na \u00edntegra, a qual segue em anexo.<\/p>\n<p>[maxbutton id=&#8221;1&#8243; url=&#8221;http:\/\/propesp.uepa.br\/wp-content\/uploads\/2018\/09\/Circular__n_o_03__-_V_Seminario_de_Integracao_Cientifica.doc&#8221; ] <\/p>\n<p>Data da publica\u00e7\u00e3o: 04\/11\/2016 &#8211; 10:04<\/p>\n","protected":false},"excerpt":{"rendered":"<p>A Pr\u00f3-Reitoria de Pesquisa e P\u00f3s-Gradua\u00e7\u00e3o torna p\u00fablica as normas para a apresenta\u00e7\u00e3o da comunica\u00e7\u00e3o oral no V Semin\u00e1rio de Integra\u00e7\u00e3o Cient\u00edfica da UEPA \u2013 \u201cDimens\u00e3o investigativa para o conhecimento Cient\u00edfico\u201d, a ser realizado nos dias 28,29 e 30 de novembro de 2016, retificando a data (26,27 e 28 de abril de 2017) no Centro &hellip;<\/p>\n<p class=\"read-more\"> <a class=\"\" href=\"https:\/\/propesp.uepa.br\/index.php\/circular-no-03-v-seminario-de-integracao-cientifica\/\"> <span class=\"screen-reader-text\">Circular n\u00ba 03 &#8211; V Semin\u00e1rio de Integra\u00e7\u00e3o Cient\u00edfica<\/span> Leia mais &raquo;<\/a><\/p>\n","protected":false},"author":1,"featured_media":0,"parent":0,"menu_order":0,"comment_status":"closed","ping_status":"closed","template":"","meta":{"_uag_custom_page_level_css":"","site-sidebar-layout":"default","site-content-layout":"","ast-site-content-layout":"","site-content-style":"default","site-sidebar-style":"default","ast-global-header-display":"","ast-banner-title-visibility":"","ast-main-header-display":"","ast-hfb-above-header-display":"","ast-hfb-below-header-display":"","ast-hfb-mobile-header-display":"","site-post-title":"","ast-breadcrumbs-content":"","ast-featured-img":"","footer-sml-layout":"","theme-transparent-header-meta":"","adv-header-id-meta":"","stick-header-meta":"","header-above-stick-meta":"","header-main-stick-meta":"","header-below-stick-meta":"","astra-migrate-meta-layouts":"","ast-page-background-enabled":"default","ast-page-background-meta":{"desktop":{"background-color":"var(--ast-global-color-4)","background-image":"","background-repeat":"repeat","background-position":"center center","background-size":"auto","background-attachment":"scroll","background-type":"","background-media":"","overlay-type":"","overlay-color":"","overlay-gradient":""},"tablet":{"background-color":"","background-image":"","background-repeat":"repeat","background-position":"center center","background-size":"auto","background-attachment":"scroll","background-type":"","background-media":"","overlay-type":"","overlay-color":"","overlay-gradient":""},"mobile":{"background-color":"","background-image":"","background-repeat":"repeat","background-position":"center center","background-size":"auto","background-attachment":"scroll","background-type":"","background-media":"","overlay-type":"","overlay-color":"","overlay-gradient":""}},"ast-content-background-meta":{"desktop":{"background-color":"var(--ast-global-color-5)","background-image":"","background-repeat":"repeat","background-position":"center center","background-size":"auto","background-attachment":"scroll","background-type":"","background-media":"","overlay-type":"","overlay-color":"","overlay-gradient":""},"tablet":{"background-color":"var(--ast-global-color-5)","background-image":"","background-repeat":"repeat","background-position":"center center","background-size":"auto","background-attachment":"scroll","background-type":"","background-media":"","overlay-type":"","overlay-color":"","overlay-gradient":""},"mobile":{"background-color":"var(--ast-global-color-5)","background-image":"","background-repeat":"repeat","background-position":"center center","background-size":"auto","background-attachment":"scroll","background-type":"","background-media":"","overlay-type":"","overlay-color":"","overlay-gradient":""}},"footnotes":""},"uagb_featured_image_src":{"full":false,"thumbnail":false,"medium":false,"medium_large":false,"large":false,"1536x1536":false,"2048x2048":false},"uagb_author_info":{"display_name":"adminsites@uepa.br","author_link":"https:\/\/propesp.uepa.br\/index.php\/author\/adminsitesuepa-br\/"},"uagb_comment_info":0,"uagb_excerpt":"A Pr\u00f3-Reitoria de Pesquisa e P\u00f3s-Gradua\u00e7\u00e3o torna p\u00fablica as normas para a apresenta\u00e7\u00e3o da comunica\u00e7\u00e3o oral no V Semin\u00e1rio de Integra\u00e7\u00e3o Cient\u00edfica da UEPA \u2013 \u201cDimens\u00e3o investigativa para o conhecimento Cient\u00edfico\u201d, a ser realizado nos dias 28,29 e 30 de novembro de 2016, retificando a data (26,27 e 28 de abril de 2017) no Centro&hellip;","_links":{"self":[{"href":"https:\/\/propesp.uepa.br\/index.php\/wp-json\/wp\/v2\/pages\/555"}],"collection":[{"href":"https:\/\/propesp.uepa.br\/index.php\/wp-json\/wp\/v2\/pages"}],"about":[{"href":"https:\/\/propesp.uepa.br\/index.php\/wp-json\/wp\/v2\/types\/page"}],"author":[{"embeddable":true,"href":"https:\/\/propesp.uepa.br\/index.php\/wp-json\/wp\/v2\/users\/1"}],"replies":[{"embeddable":true,"href":"https:\/\/propesp.uepa.br\/index.php\/wp-json\/wp\/v2\/comments?post=555"}],"version-history":[{"count":0,"href":"https:\/\/propesp.uepa.br\/index.php\/wp-json\/wp\/v2\/pages\/555\/revisions"}],"wp:attachment":[{"href":"https:\/\/propesp.uepa.br\/index.php\/wp-json\/wp\/v2\/media?parent=555"}],"curies":[{"name":"wp","href":"https:\/\/api.w.org\/{rel}","templated":true}]}}