{"id":573,"date":"2018-09-21T11:14:05","date_gmt":"2018-09-21T14:14:05","guid":{"rendered":"http:\/\/propesp.uepa.br\/?page_id=573"},"modified":"2022-11-16T18:33:18","modified_gmt":"2022-11-16T18:33:18","slug":"iniciacao-cientifica-na-modalidade-voluntaria-relacao-dos-projetos-aptos-a-execucao","status":"publish","type":"page","link":"https:\/\/propesp.uepa.br\/index.php\/iniciacao-cientifica-na-modalidade-voluntaria-relacao-dos-projetos-aptos-a-execucao\/","title":{"rendered":"Inicia\u00e7\u00e3o Cient\u00edfica na Modalidade Volunt\u00e1ria- Rela\u00e7\u00e3o dos Projetos Aptos a Execu\u00e7\u00e3o"},"content":{"rendered":"\n<p>A Pr\u00f3-Reitoria de Pesquisa e P\u00f3s-Gradua\u00e7\u00e3o da Universidade do Estado do Par\u00e1 divulga a rela\u00e7\u00e3o dos projetos, aptos \u00e0 execu\u00e7\u00e3o da INICIA\u00c7\u00c3O CIENT\u00cdFICA NA MODALIDADE VOLUNT\u00c1RIA 2016\/2017. A fim de confirmar tal compromisso, o pesquisador respons\u00e1vel, assim como o (s) discente(s) dever\u00e3o preencher e assinar o TERMO DE COMPROMISSO referente \u00e0 INICIA\u00c7\u00c3O CIENT\u00cdFICA NA MODALIDADE VOLUNT\u00c1RIA 2016\/2017. Este dever\u00e1 ser enviado at\u00e9 o dia 09\/09\/2016 para diretoriadepesquisa@uepa.br, procedente do e-mail do pesquisador respons\u00e1vel.<\/p>\n\n\n\n<div class=\"wp-block-uagb-buttons uagb-buttons__outer-wrap uagb-btn__default-btn uagb-btn-tablet__default-btn uagb-btn-mobile__default-btn uagb-block-6a7c891c\"><div class=\"uagb-buttons__wrap uagb-buttons-layout-wrap\">\n<div class=\"wp-block-uagb-buttons-child uagb-buttons__outer-wrap uagb-block-8d4ae2cd wp-block-button is-style-outline\"><div class=\"uagb-button__wrapper\"><a class=\"uagb-buttons-repeater wp-block-button__link\" href=\"https:\/\/propesp.uepa.br\/wp-content\/uploads\/2019\/10\/Modalidade-Volunt\u00e1ria.pdf\" rel=\"follow noopener\" target=\"_blank\"><div class=\"uagb-button__link\">Download<\/div><\/a><\/div><\/div>\n<\/div><\/div>\n\n\n\n<p>Data da publica\u00e7\u00e3o: 31\/08\/2016 &#8211; 10:04<\/p>\n","protected":false},"excerpt":{"rendered":"<p>A Pr\u00f3-Reitoria de Pesquisa e P\u00f3s-Gradua\u00e7\u00e3o da Universidade do Estado do Par\u00e1 divulga a rela\u00e7\u00e3o dos projetos, aptos \u00e0 execu\u00e7\u00e3o da INICIA\u00c7\u00c3O CIENT\u00cdFICA NA MODALIDADE VOLUNT\u00c1RIA 2016\/2017. A fim de confirmar tal compromisso, o pesquisador respons\u00e1vel, assim como o (s) discente(s) dever\u00e3o preencher e assinar o TERMO DE COMPROMISSO referente \u00e0 INICIA\u00c7\u00c3O CIENT\u00cdFICA NA MODALIDADE &hellip;<\/p>\n<p class=\"read-more\"> <a class=\"\" href=\"https:\/\/propesp.uepa.br\/index.php\/iniciacao-cientifica-na-modalidade-voluntaria-relacao-dos-projetos-aptos-a-execucao\/\"> <span class=\"screen-reader-text\">Inicia\u00e7\u00e3o Cient\u00edfica na Modalidade Volunt\u00e1ria- Rela\u00e7\u00e3o dos Projetos Aptos a Execu\u00e7\u00e3o<\/span> Leia mais &raquo;<\/a><\/p>\n","protected":false},"author":1,"featured_media":0,"parent":0,"menu_order":0,"comment_status":"closed","ping_status":"closed","template":"","meta":{"_uag_custom_page_level_css":"","site-sidebar-layout":"default","site-content-layout":"","ast-site-content-layout":"","site-content-style":"default","site-sidebar-style":"default","ast-global-header-display":"","ast-banner-title-visibility":"","ast-main-header-display":"","ast-hfb-above-header-display":"","ast-hfb-below-header-display":"","ast-hfb-mobile-header-display":"","site-post-title":"","ast-breadcrumbs-content":"","ast-featured-img":"","footer-sml-layout":"","theme-transparent-header-meta":"","adv-header-id-meta":"","stick-header-meta":"","header-above-stick-meta":"","header-main-stick-meta":"","header-below-stick-meta":"","astra-migrate-meta-layouts":"","ast-page-background-enabled":"default","ast-page-background-meta":{"desktop":{"background-color":"var(--ast-global-color-4)","background-image":"","background-repeat":"repeat","background-position":"center center","background-size":"auto","background-attachment":"scroll","background-type":"","background-media":"","overlay-type":"","overlay-color":"","overlay-gradient":""},"tablet":{"background-color":"","background-image":"","background-repeat":"repeat","background-position":"center center","background-size":"auto","background-attachment":"scroll","background-type":"","background-media":"","overlay-type":"","overlay-color":"","overlay-gradient":""},"mobile":{"background-color":"","background-image":"","background-repeat":"repeat","background-position":"center center","background-size":"auto","background-attachment":"scroll","background-type":"","background-media":"","overlay-type":"","overlay-color":"","overlay-gradient":""}},"ast-content-background-meta":{"desktop":{"background-color":"var(--ast-global-color-5)","background-image":"","background-repeat":"repeat","background-position":"center center","background-size":"auto","background-attachment":"scroll","background-type":"","background-media":"","overlay-type":"","overlay-color":"","overlay-gradient":""},"tablet":{"background-color":"var(--ast-global-color-5)","background-image":"","background-repeat":"repeat","background-position":"center center","background-size":"auto","background-attachment":"scroll","background-type":"","background-media":"","overlay-type":"","overlay-color":"","overlay-gradient":""},"mobile":{"background-color":"var(--ast-global-color-5)","background-image":"","background-repeat":"repeat","background-position":"center center","background-size":"auto","background-attachment":"scroll","background-type":"","background-media":"","overlay-type":"","overlay-color":"","overlay-gradient":""}},"footnotes":""},"uagb_featured_image_src":{"full":false,"thumbnail":false,"medium":false,"medium_large":false,"large":false,"1536x1536":false,"2048x2048":false},"uagb_author_info":{"display_name":"adminsites@uepa.br","author_link":"https:\/\/propesp.uepa.br\/index.php\/author\/adminsitesuepa-br\/"},"uagb_comment_info":0,"uagb_excerpt":"A Pr\u00f3-Reitoria de Pesquisa e P\u00f3s-Gradua\u00e7\u00e3o da Universidade do Estado do Par\u00e1 divulga a rela\u00e7\u00e3o dos projetos, aptos \u00e0 execu\u00e7\u00e3o da INICIA\u00c7\u00c3O CIENT\u00cdFICA NA MODALIDADE VOLUNT\u00c1RIA 2016\/2017. A fim de confirmar tal compromisso, o pesquisador respons\u00e1vel, assim como o (s) discente(s) dever\u00e3o preencher e assinar o TERMO DE COMPROMISSO referente \u00e0 INICIA\u00c7\u00c3O CIENT\u00cdFICA NA MODALIDADE&hellip;","_links":{"self":[{"href":"https:\/\/propesp.uepa.br\/index.php\/wp-json\/wp\/v2\/pages\/573"}],"collection":[{"href":"https:\/\/propesp.uepa.br\/index.php\/wp-json\/wp\/v2\/pages"}],"about":[{"href":"https:\/\/propesp.uepa.br\/index.php\/wp-json\/wp\/v2\/types\/page"}],"author":[{"embeddable":true,"href":"https:\/\/propesp.uepa.br\/index.php\/wp-json\/wp\/v2\/users\/1"}],"replies":[{"embeddable":true,"href":"https:\/\/propesp.uepa.br\/index.php\/wp-json\/wp\/v2\/comments?post=573"}],"version-history":[{"count":1,"href":"https:\/\/propesp.uepa.br\/index.php\/wp-json\/wp\/v2\/pages\/573\/revisions"}],"predecessor-version":[{"id":4515,"href":"https:\/\/propesp.uepa.br\/index.php\/wp-json\/wp\/v2\/pages\/573\/revisions\/4515"}],"wp:attachment":[{"href":"https:\/\/propesp.uepa.br\/index.php\/wp-json\/wp\/v2\/media?parent=573"}],"curies":[{"name":"wp","href":"https:\/\/api.w.org\/{rel}","templated":true}]}}