{"id":577,"date":"2018-09-21T12:06:35","date_gmt":"2018-09-21T15:06:35","guid":{"rendered":"http:\/\/propesp.uepa.br\/?page_id=577"},"modified":"2022-11-16T18:34:22","modified_gmt":"2022-11-16T18:34:22","slug":"circular-no-01-v-seminario-de-integracao-cientifica","status":"publish","type":"page","link":"https:\/\/propesp.uepa.br\/index.php\/circular-no-01-v-seminario-de-integracao-cientifica\/","title":{"rendered":"Circular n\u00ba 01 &#8211; V Semin\u00e1rio de Integra\u00e7\u00e3o Cient\u00edfica"},"content":{"rendered":"\n<p>A Pr\u00f3-Reitoria de Pesquisa e P\u00f3s-Gradua\u00e7\u00e3o est\u00e1 organizando, neste momento, sua participa\u00e7\u00e3o no V Semin\u00e1rio de Integra\u00e7\u00e3o Cient\u00edfica da UEPA \u2013 \u201cDimens\u00e3o investigativa para o conhecimento Cient\u00edfico\u201d, <del datetime=\"2018-09-21T15:06:41+00:00\">a ser realizado nos dias 04, 05 e 06 de outubro de 2016<\/del>, data alterada (26,27 e 28 de abril de 2017) no Centro de Ci\u00eancias Naturais e Tecnologia &#8211; Campus V &#8211; CCNT.<br>Per\u00edodo de inscri\u00e7\u00e3o: 26\/08\/16 a 11\/09\/16.<br>Leia a circular na \u00edntegra, a qual segue em anexo.<\/p>\n\n\n\n<div class=\"wp-block-uagb-buttons uagb-buttons__outer-wrap uagb-btn__default-btn uagb-btn-tablet__default-btn uagb-btn-mobile__default-btn uagb-block-c81f0db7\"><div class=\"uagb-buttons__wrap uagb-buttons-layout-wrap\">\n<div class=\"wp-block-uagb-buttons-child uagb-buttons__outer-wrap uagb-block-101c579d wp-block-button is-style-outline\"><div class=\"uagb-button__wrapper\"><a class=\"uagb-buttons-repeater wp-block-button__link\" href=\"https:\/\/propesp.uepa.br\/wp-content\/uploads\/2018\/09\/Circular-no-1-V-seminario-de-Integracao-Cientifica-2017.pdf\" rel=\"follow noopener\" target=\"_blank\"><div class=\"uagb-button__link\">Download<\/div><\/a><\/div><\/div>\n<\/div><\/div>\n\n\n\n<p>Data da publica\u00e7\u00e3o: 25\/08\/2016 &#8211; 17:07<\/p>\n","protected":false},"excerpt":{"rendered":"<p>A Pr\u00f3-Reitoria de Pesquisa e P\u00f3s-Gradua\u00e7\u00e3o est\u00e1 organizando, neste momento, sua participa\u00e7\u00e3o no V Semin\u00e1rio de Integra\u00e7\u00e3o Cient\u00edfica da UEPA \u2013 \u201cDimens\u00e3o investigativa para o conhecimento Cient\u00edfico\u201d, a ser realizado nos dias 04, 05 e 06 de outubro de 2016, data alterada (26,27 e 28 de abril de 2017) no Centro de Ci\u00eancias Naturais e &hellip;<\/p>\n<p class=\"read-more\"> <a class=\"\" href=\"https:\/\/propesp.uepa.br\/index.php\/circular-no-01-v-seminario-de-integracao-cientifica\/\"> <span class=\"screen-reader-text\">Circular n\u00ba 01 &#8211; V Semin\u00e1rio de Integra\u00e7\u00e3o Cient\u00edfica<\/span> Leia mais &raquo;<\/a><\/p>\n","protected":false},"author":1,"featured_media":0,"parent":0,"menu_order":0,"comment_status":"closed","ping_status":"closed","template":"","meta":{"_uag_custom_page_level_css":"","site-sidebar-layout":"default","site-content-layout":"","ast-site-content-layout":"","site-content-style":"default","site-sidebar-style":"default","ast-global-header-display":"","ast-banner-title-visibility":"","ast-main-header-display":"","ast-hfb-above-header-display":"","ast-hfb-below-header-display":"","ast-hfb-mobile-header-display":"","site-post-title":"","ast-breadcrumbs-content":"","ast-featured-img":"","footer-sml-layout":"","theme-transparent-header-meta":"","adv-header-id-meta":"","stick-header-meta":"","header-above-stick-meta":"","header-main-stick-meta":"","header-below-stick-meta":"","astra-migrate-meta-layouts":"","ast-page-background-enabled":"default","ast-page-background-meta":{"desktop":{"background-color":"var(--ast-global-color-4)","background-image":"","background-repeat":"repeat","background-position":"center center","background-size":"auto","background-attachment":"scroll","background-type":"","background-media":"","overlay-type":"","overlay-color":"","overlay-gradient":""},"tablet":{"background-color":"","background-image":"","background-repeat":"repeat","background-position":"center center","background-size":"auto","background-attachment":"scroll","background-type":"","background-media":"","overlay-type":"","overlay-color":"","overlay-gradient":""},"mobile":{"background-color":"","background-image":"","background-repeat":"repeat","background-position":"center center","background-size":"auto","background-attachment":"scroll","background-type":"","background-media":"","overlay-type":"","overlay-color":"","overlay-gradient":""}},"ast-content-background-meta":{"desktop":{"background-color":"var(--ast-global-color-5)","background-image":"","background-repeat":"repeat","background-position":"center center","background-size":"auto","background-attachment":"scroll","background-type":"","background-media":"","overlay-type":"","overlay-color":"","overlay-gradient":""},"tablet":{"background-color":"var(--ast-global-color-5)","background-image":"","background-repeat":"repeat","background-position":"center center","background-size":"auto","background-attachment":"scroll","background-type":"","background-media":"","overlay-type":"","overlay-color":"","overlay-gradient":""},"mobile":{"background-color":"var(--ast-global-color-5)","background-image":"","background-repeat":"repeat","background-position":"center center","background-size":"auto","background-attachment":"scroll","background-type":"","background-media":"","overlay-type":"","overlay-color":"","overlay-gradient":""}},"footnotes":""},"uagb_featured_image_src":{"full":false,"thumbnail":false,"medium":false,"medium_large":false,"large":false,"1536x1536":false,"2048x2048":false},"uagb_author_info":{"display_name":"adminsites@uepa.br","author_link":"https:\/\/propesp.uepa.br\/index.php\/author\/adminsitesuepa-br\/"},"uagb_comment_info":0,"uagb_excerpt":"A Pr\u00f3-Reitoria de Pesquisa e P\u00f3s-Gradua\u00e7\u00e3o est\u00e1 organizando, neste momento, sua participa\u00e7\u00e3o no V Semin\u00e1rio de Integra\u00e7\u00e3o Cient\u00edfica da UEPA \u2013 \u201cDimens\u00e3o investigativa para o conhecimento Cient\u00edfico\u201d, a ser realizado nos dias 04, 05 e 06 de outubro de 2016, data alterada (26,27 e 28 de abril de 2017) no Centro de Ci\u00eancias Naturais e&hellip;","_links":{"self":[{"href":"https:\/\/propesp.uepa.br\/index.php\/wp-json\/wp\/v2\/pages\/577"}],"collection":[{"href":"https:\/\/propesp.uepa.br\/index.php\/wp-json\/wp\/v2\/pages"}],"about":[{"href":"https:\/\/propesp.uepa.br\/index.php\/wp-json\/wp\/v2\/types\/page"}],"author":[{"embeddable":true,"href":"https:\/\/propesp.uepa.br\/index.php\/wp-json\/wp\/v2\/users\/1"}],"replies":[{"embeddable":true,"href":"https:\/\/propesp.uepa.br\/index.php\/wp-json\/wp\/v2\/comments?post=577"}],"version-history":[{"count":1,"href":"https:\/\/propesp.uepa.br\/index.php\/wp-json\/wp\/v2\/pages\/577\/revisions"}],"predecessor-version":[{"id":4516,"href":"https:\/\/propesp.uepa.br\/index.php\/wp-json\/wp\/v2\/pages\/577\/revisions\/4516"}],"wp:attachment":[{"href":"https:\/\/propesp.uepa.br\/index.php\/wp-json\/wp\/v2\/media?parent=577"}],"curies":[{"name":"wp","href":"https:\/\/api.w.org\/{rel}","templated":true}]}}