{"id":6725,"date":"2025-09-16T12:53:00","date_gmt":"2025-09-16T12:53:00","guid":{"rendered":"https:\/\/propesp.uepa.br\/?page_id=6725"},"modified":"2025-09-16T12:53:00","modified_gmt":"2025-09-16T12:53:00","slug":"documentos-proqtec","status":"publish","type":"page","link":"https:\/\/propesp.uepa.br\/index.php\/documentos-proqtec\/","title":{"rendered":"Documentos PROQTEC"},"content":{"rendered":"\n<p class=\"has-medium-font-size\"><a href=\"https:\/\/propesp.uepa.br\/wp-content\/uploads\/2025\/09\/Planilha-Desembolso.xls\">Planilha de desembolso PPGs<\/a><\/p>\n\n\n\n<p class=\"has-medium-font-size\"><a href=\"https:\/\/propesp.uepa.br\/wp-content\/uploads\/2025\/09\/Formulario-PPGs.docx\">Formul\u00e1rio obten\u00e7\u00e3o recursos PPGs<\/a><\/p>\n\n\n\n<p class=\"has-medium-font-size\"><a href=\"https:\/\/propesp.uepa.br\/wp-content\/uploads\/2025\/09\/Formulario_de_participacao_PROQTEC-Reparado-1.docx\">Formul\u00e1rio de Solicita\u00e7\u00e3o de ajuda de custo aluno<\/a><\/p>\n","protected":false},"excerpt":{"rendered":"<p>Planilha de desembolso PPGs Formul\u00e1rio obten\u00e7\u00e3o recursos PPGs Formul\u00e1rio de Solicita\u00e7\u00e3o de ajuda de custo aluno<\/p>\n","protected":false},"author":5,"featured_media":0,"parent":0,"menu_order":0,"comment_status":"closed","ping_status":"closed","template":"","meta":{"_uag_custom_page_level_css":"","site-sidebar-layout":"default","site-content-layout":"","ast-site-content-layout":"default","site-content-style":"default","site-sidebar-style":"default","ast-global-header-display":"","ast-banner-title-visibility":"","ast-main-header-display":"","ast-hfb-above-header-display":"","ast-hfb-below-header-display":"","ast-hfb-mobile-header-display":"","site-post-title":"","ast-breadcrumbs-content":"","ast-featured-img":"","footer-sml-layout":"","theme-transparent-header-meta":"","adv-header-id-meta":"","stick-header-meta":"","header-above-stick-meta":"","header-main-stick-meta":"","header-below-stick-meta":"","astra-migrate-meta-layouts":"set","ast-page-background-enabled":"default","ast-page-background-meta":{"desktop":{"background-color":"var(--ast-global-color-4)","background-image":"","background-repeat":"repeat","background-position":"center center","background-size":"auto","background-attachment":"scroll","background-type":"","background-media":"","overlay-type":"","overlay-color":"","overlay-gradient":""},"tablet":{"background-color":"","background-image":"","background-repeat":"repeat","background-position":"center center","background-size":"auto","background-attachment":"scroll","background-type":"","background-media":"","overlay-type":"","overlay-color":"","overlay-gradient":""},"mobile":{"background-color":"","background-image":"","background-repeat":"repeat","background-position":"center center","background-size":"auto","background-attachment":"scroll","background-type":"","background-media":"","overlay-type":"","overlay-color":"","overlay-gradient":""}},"ast-content-background-meta":{"desktop":{"background-color":"var(--ast-global-color-5)","background-image":"","background-repeat":"repeat","background-position":"center center","background-size":"auto","background-attachment":"scroll","background-type":"","background-media":"","overlay-type":"","overlay-color":"","overlay-gradient":""},"tablet":{"background-color":"var(--ast-global-color-5)","background-image":"","background-repeat":"repeat","background-position":"center center","background-size":"auto","background-attachment":"scroll","background-type":"","background-media":"","overlay-type":"","overlay-color":"","overlay-gradient":""},"mobile":{"background-color":"var(--ast-global-color-5)","background-image":"","background-repeat":"repeat","background-position":"center center","background-size":"auto","background-attachment":"scroll","background-type":"","background-media":"","overlay-type":"","overlay-color":"","overlay-gradient":""}},"footnotes":""},"uagb_featured_image_src":{"full":false,"thumbnail":false,"medium":false,"medium_large":false,"large":false,"1536x1536":false,"2048x2048":false},"uagb_author_info":{"display_name":"luciana coelho","author_link":"https:\/\/propesp.uepa.br\/index.php\/author\/luciana-coelho\/"},"uagb_comment_info":0,"uagb_excerpt":"Planilha de desembolso PPGs Formul\u00e1rio obten\u00e7\u00e3o recursos PPGs Formul\u00e1rio de Solicita\u00e7\u00e3o de ajuda de custo aluno","_links":{"self":[{"href":"https:\/\/propesp.uepa.br\/index.php\/wp-json\/wp\/v2\/pages\/6725"}],"collection":[{"href":"https:\/\/propesp.uepa.br\/index.php\/wp-json\/wp\/v2\/pages"}],"about":[{"href":"https:\/\/propesp.uepa.br\/index.php\/wp-json\/wp\/v2\/types\/page"}],"author":[{"embeddable":true,"href":"https:\/\/propesp.uepa.br\/index.php\/wp-json\/wp\/v2\/users\/5"}],"replies":[{"embeddable":true,"href":"https:\/\/propesp.uepa.br\/index.php\/wp-json\/wp\/v2\/comments?post=6725"}],"version-history":[{"count":1,"href":"https:\/\/propesp.uepa.br\/index.php\/wp-json\/wp\/v2\/pages\/6725\/revisions"}],"predecessor-version":[{"id":6729,"href":"https:\/\/propesp.uepa.br\/index.php\/wp-json\/wp\/v2\/pages\/6725\/revisions\/6729"}],"wp:attachment":[{"href":"https:\/\/propesp.uepa.br\/index.php\/wp-json\/wp\/v2\/media?parent=6725"}],"curies":[{"name":"wp","href":"https:\/\/api.w.org\/{rel}","templated":true}]}}