{"id":153,"date":"2025-01-24T10:59:49","date_gmt":"2025-01-24T13:59:49","guid":{"rendered":"https:\/\/propesp.uepa.br\/laquipron\/?page_id=153"},"modified":"2025-09-23T23:18:23","modified_gmt":"2025-09-24T02:18:23","slug":"noticias-e-eventos","status":"publish","type":"page","link":"https:\/\/propesp.uepa.br\/laquipron\/noticias-e-eventos\/","title":{"rendered":"Not\u00edcias e Eventos"},"content":{"rendered":"\n<div class=\"wp-block-uagb-call-to-action uagb-block-c880e0d3 wp-block-button\"><div class=\"uagb-cta__wrap\"><h3 class=\"uagb-cta__title\">LaQuiProN instala HPLC e inaugura nova fase na pesquisa cient\u00edfica da Amaz\u00f4nia<\/h3><p class=\"uagb-cta__desc\"><em><em><em>LaQuiProN refor\u00e7a sua posi\u00e7\u00e3o de destaque no cen\u00e1rio cient\u00edfico amaz\u00f4nico, tornando-se refer\u00eancia em inova\u00e7\u00e3o e valoriza\u00e7\u00e3o da biodiversidade.<\/em><\/em><\/em><\/p><\/div><div class=\"uagb-cta__buttons\"><a href=\"laquipron-instala-hplc-e-inaugura-nova-fase-na-pesquisa-cientifica-da-amazonia\" class=\"uagb-cta__button-link-wrapper wp-block-button__link\" target=\"_self\" rel=\"noopener noreferrer\">Saiba mais<svg xmlns=\"https:\/\/www.w3.org\/2000\/svg\" viewBox=\"0 0 512 512\"><path d=\"M504.3 273.6l-112.1 104c-6.992 6.484-17.18 8.218-25.94 4.406c-8.758-3.812-14.42-12.45-14.42-21.1L351.9 288H32C14.33 288 .0002 273.7 .0002 255.1S14.33 224 32 224h319.9l0-72c0-9.547 5.66-18.19 14.42-22c8.754-3.809 18.95-2.075 25.94 4.41l112.1 104C514.6 247.9 514.6 264.1 504.3 273.6z\"><\/path><\/svg><\/a><\/div><\/div>\n\n\n\n<div style=\"height:100px\" aria-hidden=\"true\" class=\"wp-block-spacer\"><\/div>\n\n\n\n<div class=\"wp-block-uagb-call-to-action uagb-block-2603e96f wp-block-button\"><div class=\"uagb-cta__wrap\"><h3 class=\"uagb-cta__title\">LaQuiProN conquista 2\u00ba lugar com Men\u00e7\u00e3o Honrosa em congresso nacional de biodiversidade e biotecnologia<\/h3><p class=\"uagb-cta__desc\"><em>Pesquisa sobre a variabilidade qu\u00edmica do \u00f3leo essencial de breu-branco \u00e9 reconhecida no III CBDBBA e I Simp\u00f3sio Internacional da Bionorte.<\/em><\/p><\/div><div class=\"uagb-cta__buttons\"><a href=\"laquipron-conquista-2o-lugar-com-mencao-honrosa-em-congresso-nacional-de-biodiversidade-e-biotecnologia\" class=\"uagb-cta__button-link-wrapper wp-block-button__link\" target=\"_blank\" rel=\"noopener noreferrer\">Saiba mais<svg xmlns=\"https:\/\/www.w3.org\/2000\/svg\" viewBox=\"0 0 512 512\"><path d=\"M504.3 273.6l-112.1 104c-6.992 6.484-17.18 8.218-25.94 4.406c-8.758-3.812-14.42-12.45-14.42-21.1L351.9 288H32C14.33 288 .0002 273.7 .0002 255.1S14.33 224 32 224h319.9l0-72c0-9.547 5.66-18.19 14.42-22c8.754-3.809 18.95-2.075 25.94 4.41l112.1 104C514.6 247.9 514.6 264.1 504.3 273.6z\"><\/path><\/svg><\/a><\/div><\/div>\n\n\n\n<div style=\"height:100px\" aria-hidden=\"true\" class=\"wp-block-spacer\"><\/div>\n\n\n\n<div class=\"wp-block-uagb-call-to-action uagb-block-fb931691 wp-block-button\"><div class=\"uagb-cta__wrap\"><h3 class=\"uagb-cta__title\">A\u00e7\u00e3o integrada com UEPA Campus XIX-Salvaterra: Alunos do LaQuiProN realizam coleta na regi\u00e3o de Monsar\u00e1s, na Ilha de Maraj\u00f3<\/h3><p class=\"uagb-cta__desc\"><em>Atividade reuniu estudantes, professores e moradores locais em um interc\u00e2mbio de saberes sobre plantas arom\u00e1ticas e seus usos tradicionais.<\/em><\/p><\/div><div class=\"uagb-cta__buttons\"><a href=\"acao-integrada-com-uepa-campus-xix-salvaterra-alunos-do-laquipron-realizam-coleta-na-regiao-de-monsaras-na-ilha-de-marajo\" class=\"uagb-cta__button-link-wrapper wp-block-button__link\" target=\"_self\" rel=\"noopener noreferrer\">Saiba mais<svg xmlns=\"https:\/\/www.w3.org\/2000\/svg\" viewBox=\"0 0 512 512\"><path d=\"M504.3 273.6l-112.1 104c-6.992 6.484-17.18 8.218-25.94 4.406c-8.758-3.812-14.42-12.45-14.42-21.1L351.9 288H32C14.33 288 .0002 273.7 .0002 255.1S14.33 224 32 224h319.9l0-72c0-9.547 5.66-18.19 14.42-22c8.754-3.809 18.95-2.075 25.94 4.41l112.1 104C514.6 247.9 514.6 264.1 504.3 273.6z\"><\/path><\/svg><\/a><\/div><\/div>\n\n\n\n<div style=\"height:100px\" aria-hidden=\"true\" class=\"wp-block-spacer\"><\/div>\n\n\n\n<div class=\"wp-block-uagb-call-to-action uagb-block-7f964f48 wp-block-button\"><div class=\"uagb-cta__wrap\"><h3 class=\"uagb-cta__title\">Integra\u00e7\u00e3o entre Campi: alunos do LaQuiProN Salvaterra visitam laborat\u00f3rio em Bel\u00e9m para forma\u00e7\u00e3o t\u00e9cnica<\/h3><p class=\"uagb-cta__desc\"><em><em><strong>Estudantes do Maraj\u00f3 participaram de capacita\u00e7\u00e3o no campus da capital com o objetivo de aplicar as t\u00e9cnicas no novo laborat\u00f3rio de Salvaterra<\/strong><\/em><\/em><\/p><\/div><div class=\"uagb-cta__buttons\"><a href=\"integracao-entre-campi-alunos-do-laquipron-salvaterra-visitam-laboratorio-em-belem-para-formacao-tecnica\" class=\"uagb-cta__button-link-wrapper wp-block-button__link\" target=\"_self\" rel=\"noopener noreferrer\">Saiba mais<svg xmlns=\"https:\/\/www.w3.org\/2000\/svg\" viewBox=\"0 0 512 512\"><path d=\"M504.3 273.6l-112.1 104c-6.992 6.484-17.18 8.218-25.94 4.406c-8.758-3.812-14.42-12.45-14.42-21.1L351.9 288H32C14.33 288 .0002 273.7 .0002 255.1S14.33 224 32 224h319.9l0-72c0-9.547 5.66-18.19 14.42-22c8.754-3.809 18.95-2.075 25.94 4.41l112.1 104C514.6 247.9 514.6 264.1 504.3 273.6z\"><\/path><\/svg><\/a><\/div><\/div>\n\n\n\n<div style=\"height:100px\" aria-hidden=\"true\" class=\"wp-block-spacer\"><\/div>\n\n\n\n<div class=\"wp-block-uagb-call-to-action uagb-block-6279f09f wp-block-button\"><div class=\"uagb-cta__wrap\"><h3 class=\"uagb-cta__title\">Pesquisador do LaQuiProN defende disserta\u00e7\u00e3o de Mestrado sobre a composi\u00e7\u00e3o qu\u00edmica de frutos do nordeste do Par\u00e1.<\/h3><p class=\"uagb-cta__desc\"><em>Pesquisa destaca pela primeira vez compostos vol\u00e1teis em esp\u00e9cies nativas do Brasil e prop\u00f5e novas abordagens para o uso de aromas naturais.<\/em><\/p><\/div><div class=\"uagb-cta__buttons\"><a href=\"exemplo-post-noticia-laquipron\" class=\"uagb-cta__button-link-wrapper wp-block-button__link\" target=\"_self\" rel=\"noopener noreferrer\">Saiba mais<svg xmlns=\"https:\/\/www.w3.org\/2000\/svg\" viewBox=\"0 0 512 512\"><path d=\"M504.3 273.6l-112.1 104c-6.992 6.484-17.18 8.218-25.94 4.406c-8.758-3.812-14.42-12.45-14.42-21.1L351.9 288H32C14.33 288 .0002 273.7 .0002 255.1S14.33 224 32 224h319.9l0-72c0-9.547 5.66-18.19 14.42-22c8.754-3.809 18.95-2.075 25.94 4.41l112.1 104C514.6 247.9 514.6 264.1 504.3 273.6z\"><\/path><\/svg><\/a><\/div><\/div>\n\n\n\n<div style=\"height:100px\" aria-hidden=\"true\" class=\"wp-block-spacer\"><\/div>\n\n\n\n<div class=\"wp-block-uagb-call-to-action uagb-block-c545ecb7 wp-block-button\"><div class=\"uagb-cta__wrap\"><h3 class=\"uagb-cta__title\">Expedi\u00e7\u00e3o cient\u00edfica percorre o Maraj\u00f3 para coletar plantas arom\u00e1ticas da Amaz\u00f4nia<\/h3><p class=\"uagb-cta__desc\"><em><em>Professores, graduandos, mestrandos e doutorandos da UEPA passaram cinco dias no arquip\u00e9lago realizando coletas para pesquisa em produtos naturais.<\/em><\/em><\/p><\/div><div class=\"uagb-cta__buttons\"><a href=\"expedicao-cientifica-percorre-o-marajo-para-coletar-plantas-aromaticas-da-amazonia\" class=\"uagb-cta__button-link-wrapper wp-block-button__link\" target=\"_self\" rel=\"noopener noreferrer\">Saiba mais<svg xmlns=\"https:\/\/www.w3.org\/2000\/svg\" viewBox=\"0 0 512 512\"><path d=\"M504.3 273.6l-112.1 104c-6.992 6.484-17.18 8.218-25.94 4.406c-8.758-3.812-14.42-12.45-14.42-21.1L351.9 288H32C14.33 288 .0002 273.7 .0002 255.1S14.33 224 32 224h319.9l0-72c0-9.547 5.66-18.19 14.42-22c8.754-3.809 18.95-2.075 25.94 4.41l112.1 104C514.6 247.9 514.6 264.1 504.3 273.6z\"><\/path><\/svg><\/a><\/div><\/div>\n","protected":false},"excerpt":{"rendered":"","protected":false},"author":1,"featured_media":0,"parent":0,"menu_order":0,"comment_status":"closed","ping_status":"closed","template":"","meta":{"_uag_custom_page_level_css":"","site-sidebar-layout":"default","site-content-layout":"","ast-site-content-layout":"normal-width-container","site-content-style":"default","site-sidebar-style":"default","ast-global-header-display":"","ast-banner-title-visibility":"","ast-main-header-display":"","ast-hfb-above-header-display":"","ast-hfb-below-header-display":"","ast-hfb-mobile-header-display":"","site-post-title":"","ast-breadcrumbs-content":"","ast-featured-img":"","footer-sml-layout":"","theme-transparent-header-meta":"","adv-header-id-meta":"","stick-header-meta":"","header-above-stick-meta":"","header-main-stick-meta":"","header-below-stick-meta":"","astra-migrate-meta-layouts":"","ast-page-background-enabled":"default","ast-page-background-meta":{"desktop":{"background-color":"var(--ast-global-color-4)","background-image":"","background-repeat":"repeat","background-position":"center center","background-size":"auto","background-attachment":"scroll","background-type":"","background-media":"","overlay-type":"","overlay-color":"","overlay-gradient":""},"tablet":{"background-color":"","background-image":"","background-repeat":"repeat","background-position":"center center","background-size":"auto","background-attachment":"scroll","background-type":"","background-media":"","overlay-type":"","overlay-color":"","overlay-gradient":""},"mobile":{"background-color":"","background-image":"","background-repeat":"repeat","background-position":"center center","background-size":"auto","background-attachment":"scroll","background-type":"","background-media":"","overlay-type":"","overlay-color":"","overlay-gradient":""}},"ast-content-background-meta":{"desktop":{"background-color":"var(--ast-global-color-5)","background-image":"","background-repeat":"repeat","background-position":"center center","background-size":"auto","background-attachment":"scroll","background-type":"","background-media":"","overlay-type":"","overlay-color":"","overlay-gradient":""},"tablet":{"background-color":"var(--ast-global-color-5)","background-image":"","background-repeat":"repeat","background-position":"center center","background-size":"auto","background-attachment":"scroll","background-type":"","background-media":"","overlay-type":"","overlay-color":"","overlay-gradient":""},"mobile":{"background-color":"var(--ast-global-color-5)","background-image":"","background-repeat":"repeat","background-position":"center center","background-size":"auto","background-attachment":"scroll","background-type":"","background-media":"","overlay-type":"","overlay-color":"","overlay-gradient":""}},"footnotes":""},"class_list":["post-153","page","type-page","status-publish","hentry"],"uagb_featured_image_src":{"full":false,"thumbnail":false,"medium":false,"medium_large":false,"large":false,"1536x1536":false,"2048x2048":false},"uagb_author_info":{"display_name":"adminsites@uepa.br","author_link":"https:\/\/propesp.uepa.br\/laquipron\/author\/adminsitesuepa-br\/"},"uagb_comment_info":0,"uagb_excerpt":null,"_links":{"self":[{"href":"https:\/\/propesp.uepa.br\/laquipron\/wp-json\/wp\/v2\/pages\/153","targetHints":{"allow":["GET"]}}],"collection":[{"href":"https:\/\/propesp.uepa.br\/laquipron\/wp-json\/wp\/v2\/pages"}],"about":[{"href":"https:\/\/propesp.uepa.br\/laquipron\/wp-json\/wp\/v2\/types\/page"}],"author":[{"embeddable":true,"href":"https:\/\/propesp.uepa.br\/laquipron\/wp-json\/wp\/v2\/users\/1"}],"replies":[{"embeddable":true,"href":"https:\/\/propesp.uepa.br\/laquipron\/wp-json\/wp\/v2\/comments?post=153"}],"version-history":[{"count":39,"href":"https:\/\/propesp.uepa.br\/laquipron\/wp-json\/wp\/v2\/pages\/153\/revisions"}],"predecessor-version":[{"id":809,"href":"https:\/\/propesp.uepa.br\/laquipron\/wp-json\/wp\/v2\/pages\/153\/revisions\/809"}],"wp:attachment":[{"href":"https:\/\/propesp.uepa.br\/laquipron\/wp-json\/wp\/v2\/media?parent=153"}],"curies":[{"name":"wp","href":"https:\/\/api.w.org\/{rel}","templated":true}]}}