{"id":434,"date":"2025-06-03T10:51:28","date_gmt":"2025-06-03T13:51:28","guid":{"rendered":"https:\/\/propesp.uepa.br\/laquipron\/?page_id=434"},"modified":"2026-03-26T12:08:20","modified_gmt":"2026-03-26T15:08:20","slug":"base-de-oleos-da-amazonia","status":"publish","type":"page","link":"https:\/\/propesp.uepa.br\/laquipron\/base-de-oleos-da-amazonia\/","title":{"rendered":"Base de \u00d3leos, Extratos e Aromas da Amaz\u00f4nia"},"content":{"rendered":"\n<div class=\"wp-block-uagb-image uagb-block-7b0cd5df wp-block-uagb-image--layout-default wp-block-uagb-image--effect-static wp-block-uagb-image--align-none\"><figure class=\"wp-block-uagb-image__figure\"><img decoding=\"async\" srcset=\"https:\/\/propesp.uepa.br\/laquipron\/wp-content\/uploads\/2025\/12\/laquipron-1-1-1024x285.png ,https:\/\/propesp.uepa.br\/laquipron\/wp-content\/uploads\/2025\/12\/laquipron-1-1.png 780w, https:\/\/propesp.uepa.br\/laquipron\/wp-content\/uploads\/2025\/12\/laquipron-1-1.png 360w\" sizes=\"auto, (max-width: 480px) 150px\" src=\"https:\/\/propesp.uepa.br\/laquipron\/wp-content\/uploads\/2025\/12\/laquipron-1-1-1024x285.png\" alt=\"\" class=\"uag-image-873\" width=\"1080\" height=\"301\" title=\"laquipron (1)\" loading=\"lazy\" role=\"img\"\/><\/figure><\/div>\n\n\n\n<p>O grupo de pesquisa <strong>Plantas Arom\u00e1ticas da Amaz\u00f4nia Paraense<\/strong> vem, ao longo de <strong>nove anos de trabalho cont\u00ednuo<\/strong>, catalogando esp\u00e9cies de plantas arom\u00e1ticas da regi\u00e3o. Nesse per\u00edodo, foram coletadas <strong>154 esp\u00e9cies<\/strong>, das quais se obtiveram:<\/p>\n\n\n\n<ul class=\"wp-block-list\">\n<li><strong>802 \u00f3leos essenciais<\/strong> extra\u00eddos por hidrodestila\u00e7\u00e3o (HD);<\/li>\n\n\n\n<li><strong>273 \u00f3leos essenciais<\/strong> extra\u00eddos por arraste a vapor (AV);<\/li>\n\n\n\n<li><strong>376 concentrados vol\u00e1teis<\/strong> obtidos por destila\u00e7\u00e3o-extra\u00e7\u00e3o simult\u00e2nea (DES);<\/li>\n\n\n\n<li>al\u00e9m de <strong>22 extratos por macera\u00e7\u00e3o<\/strong>, todos submetidos a an\u00e1lises avan\u00e7adas como CG, CG-EM e CL-EM.<\/li>\n<\/ul>\n\n\n\n<p>A partir desse esfor\u00e7o, nasceu a base de dados <strong>\u201cAr\u00fama\u201d<\/strong>, um reposit\u00f3rio \u00fanico que re\u00fane informa\u00e7\u00f5es sobre a <strong>variabilidade qu\u00edmica (vol\u00e1til e n\u00e3o vol\u00e1til)<\/strong> e <strong>gen\u00e9tica (DNA barcode)<\/strong> das plantas arom\u00e1ticas que ocorrem no bioma amaz\u00f4nico.<\/p>\n\n\n\n<div class=\"wp-block-uagb-image uagb-block-d6c0d6d4 wp-block-uagb-image--layout-default wp-block-uagb-image--effect-static wp-block-uagb-image--align-none\"><figure class=\"wp-block-uagb-image__figure\"><img decoding=\"async\" srcset=\"https:\/\/propesp.uepa.br\/laquipron\/wp-content\/uploads\/2026\/03\/Screenshot-2026-03-26-120645-1024x504.png ,https:\/\/propesp.uepa.br\/laquipron\/wp-content\/uploads\/2026\/03\/Screenshot-2026-03-26-120645.png 780w, https:\/\/propesp.uepa.br\/laquipron\/wp-content\/uploads\/2026\/03\/Screenshot-2026-03-26-120645.png 360w\" sizes=\"auto, (max-width: 480px) 150px\" src=\"https:\/\/propesp.uepa.br\/laquipron\/wp-content\/uploads\/2026\/03\/Screenshot-2026-03-26-120645-1024x504.png\" alt=\"\" class=\"uag-image-1092\" width=\"1024\" height=\"504\" title=\"Screenshot 2026-03-26 120645\" loading=\"lazy\" role=\"img\"\/><\/figure><\/div>\n\n\n\n<p>Nosso objetivo \u00e9 <strong>facilitar o acesso<\/strong> a descri\u00e7\u00f5es bot\u00e2nicas, perfis cromatogr\u00e1ficos e espectrais, composi\u00e7\u00e3o qu\u00edmica, atividades farmacol\u00f3gicas e sequ\u00eancias gen\u00e9ticas associadas a vol\u00e1teis e extratos.<\/p>\n\n\n\n<p>A integra\u00e7\u00e3o desses dados <strong>qu\u00edmicos, gen\u00e9ticos e farmacol\u00f3gicos<\/strong> abre novas possibilidades para pesquisas em <strong>biodiversidade, bioprospec\u00e7\u00e3o e autentica\u00e7\u00e3o de esp\u00e9cies<\/strong>, fortalecendo o conhecimento sobre a riqueza da flora amaz\u00f4nica<\/p>\n\n\n\n<h1 class=\"wp-block-heading has-text-align-center has-text-color has-link-color wp-elements-5410c2c4faafc722bb4fb73d695d50cc\" style=\"color:#4b8c26\"><a href=\"https:\/\/base-oleos-amazonia.vercel.app\/pt\">Click e conhe\u00e7a Ar\u00fama<\/a><\/h1>\n\n\n\n<div class=\"wp-block-uagb-image uagb-block-2f4d2385 wp-block-uagb-image--layout-default wp-block-uagb-image--effect-static wp-block-uagb-image--align-none\"><figure class=\"wp-block-uagb-image__figure\"><img decoding=\"async\" srcset=\"https:\/\/propesp.uepa.br\/laquipron\/wp-content\/uploads\/2025\/12\/laquipron-2-1024x125.png ,https:\/\/propesp.uepa.br\/laquipron\/wp-content\/uploads\/2025\/12\/laquipron-2.png 780w, https:\/\/propesp.uepa.br\/laquipron\/wp-content\/uploads\/2025\/12\/laquipron-2.png 360w\" sizes=\"auto, (max-width: 480px) 150px\" src=\"https:\/\/propesp.uepa.br\/laquipron\/wp-content\/uploads\/2025\/12\/laquipron-2-1024x125.png\" alt=\"\" class=\"uag-image-858\" width=\"1024\" height=\"125\" title=\"laquipron\" loading=\"lazy\" role=\"img\"\/><\/figure><\/div>\n","protected":false},"excerpt":{"rendered":"<p>O grupo de pesquisa Plantas Arom\u00e1ticas da Amaz\u00f4nia Paraense vem, ao longo de nove anos de trabalho cont\u00ednuo, catalogando esp\u00e9cies de plantas arom\u00e1ticas da regi\u00e3o. Nesse per\u00edodo, foram coletadas 154 esp\u00e9cies, das quais se obtiveram: A partir desse esfor\u00e7o, nasceu a base de dados \u201cAr\u00fama\u201d, um reposit\u00f3rio \u00fanico que re\u00fane informa\u00e7\u00f5es sobre a variabilidade qu\u00edmica &hellip;<\/p>\n<p class=\"read-more\"> <a class=\"\" href=\"https:\/\/propesp.uepa.br\/laquipron\/base-de-oleos-da-amazonia\/\"> <span class=\"screen-reader-text\">Base de \u00d3leos, Extratos e Aromas da Amaz\u00f4nia<\/span> Leia mais &raquo;<\/a><\/p>\n","protected":false},"author":1,"featured_media":873,"parent":0,"menu_order":0,"comment_status":"closed","ping_status":"closed","template":"","meta":{"_uag_custom_page_level_css":"","site-sidebar-layout":"default","site-content-layout":"","ast-site-content-layout":"","site-content-style":"default","site-sidebar-style":"default","ast-global-header-display":"","ast-banner-title-visibility":"","ast-main-header-display":"","ast-hfb-above-header-display":"","ast-hfb-below-header-display":"","ast-hfb-mobile-header-display":"","site-post-title":"","ast-breadcrumbs-content":"","ast-featured-img":"","footer-sml-layout":"","theme-transparent-header-meta":"","adv-header-id-meta":"","stick-header-meta":"","header-above-stick-meta":"","header-main-stick-meta":"","header-below-stick-meta":"","astra-migrate-meta-layouts":"","ast-page-background-enabled":"default","ast-page-background-meta":{"desktop":{"background-color":"var(--ast-global-color-4)","background-image":"","background-repeat":"repeat","background-position":"center center","background-size":"auto","background-attachment":"scroll","background-type":"","background-media":"","overlay-type":"","overlay-color":"","overlay-gradient":""},"tablet":{"background-color":"","background-image":"","background-repeat":"repeat","background-position":"center center","background-size":"auto","background-attachment":"scroll","background-type":"","background-media":"","overlay-type":"","overlay-color":"","overlay-gradient":""},"mobile":{"background-color":"","background-image":"","background-repeat":"repeat","background-position":"center center","background-size":"auto","background-attachment":"scroll","background-type":"","background-media":"","overlay-type":"","overlay-color":"","overlay-gradient":""}},"ast-content-background-meta":{"desktop":{"background-color":"var(--ast-global-color-5)","background-image":"","background-repeat":"repeat","background-position":"center center","background-size":"auto","background-attachment":"scroll","background-type":"","background-media":"","overlay-type":"","overlay-color":"","overlay-gradient":""},"tablet":{"background-color":"var(--ast-global-color-5)","background-image":"","background-repeat":"repeat","background-position":"center center","background-size":"auto","background-attachment":"scroll","background-type":"","background-media":"","overlay-type":"","overlay-color":"","overlay-gradient":""},"mobile":{"background-color":"var(--ast-global-color-5)","background-image":"","background-repeat":"repeat","background-position":"center center","background-size":"auto","background-attachment":"scroll","background-type":"","background-media":"","overlay-type":"","overlay-color":"","overlay-gradient":""}},"footnotes":""},"class_list":["post-434","page","type-page","status-publish","has-post-thumbnail","hentry"],"uagb_featured_image_src":{"full":["https:\/\/propesp.uepa.br\/laquipron\/wp-content\/uploads\/2025\/12\/laquipron-1-1.png",1080,301,false],"thumbnail":["https:\/\/propesp.uepa.br\/laquipron\/wp-content\/uploads\/2025\/12\/laquipron-1-1-150x150.png",150,150,true],"medium":["https:\/\/propesp.uepa.br\/laquipron\/wp-content\/uploads\/2025\/12\/laquipron-1-1-300x84.png",300,84,true],"medium_large":["https:\/\/propesp.uepa.br\/laquipron\/wp-content\/uploads\/2025\/12\/laquipron-1-1-768x214.png",768,214,true],"large":["https:\/\/propesp.uepa.br\/laquipron\/wp-content\/uploads\/2025\/12\/laquipron-1-1-1024x285.png",1024,285,true],"1536x1536":["https:\/\/propesp.uepa.br\/laquipron\/wp-content\/uploads\/2025\/12\/laquipron-1-1.png",1080,301,false],"2048x2048":["https:\/\/propesp.uepa.br\/laquipron\/wp-content\/uploads\/2025\/12\/laquipron-1-1.png",1080,301,false]},"uagb_author_info":{"display_name":"adminsites@uepa.br","author_link":"https:\/\/propesp.uepa.br\/laquipron\/author\/adminsitesuepa-br\/"},"uagb_comment_info":0,"uagb_excerpt":"O grupo de pesquisa Plantas Arom\u00e1ticas da Amaz\u00f4nia Paraense vem, ao longo de nove anos de trabalho cont\u00ednuo, catalogando esp\u00e9cies de plantas arom\u00e1ticas da regi\u00e3o. Nesse per\u00edodo, foram coletadas 154 esp\u00e9cies, das quais se obtiveram: A partir desse esfor\u00e7o, nasceu a base de dados \u201cAr\u00fama\u201d, um reposit\u00f3rio \u00fanico que re\u00fane informa\u00e7\u00f5es sobre a variabilidade qu\u00edmica&hellip;","_links":{"self":[{"href":"https:\/\/propesp.uepa.br\/laquipron\/wp-json\/wp\/v2\/pages\/434","targetHints":{"allow":["GET"]}}],"collection":[{"href":"https:\/\/propesp.uepa.br\/laquipron\/wp-json\/wp\/v2\/pages"}],"about":[{"href":"https:\/\/propesp.uepa.br\/laquipron\/wp-json\/wp\/v2\/types\/page"}],"author":[{"embeddable":true,"href":"https:\/\/propesp.uepa.br\/laquipron\/wp-json\/wp\/v2\/users\/1"}],"replies":[{"embeddable":true,"href":"https:\/\/propesp.uepa.br\/laquipron\/wp-json\/wp\/v2\/comments?post=434"}],"version-history":[{"count":9,"href":"https:\/\/propesp.uepa.br\/laquipron\/wp-json\/wp\/v2\/pages\/434\/revisions"}],"predecessor-version":[{"id":1093,"href":"https:\/\/propesp.uepa.br\/laquipron\/wp-json\/wp\/v2\/pages\/434\/revisions\/1093"}],"wp:featuredmedia":[{"embeddable":true,"href":"https:\/\/propesp.uepa.br\/laquipron\/wp-json\/wp\/v2\/media\/873"}],"wp:attachment":[{"href":"https:\/\/propesp.uepa.br\/laquipron\/wp-json\/wp\/v2\/media?parent=434"}],"curies":[{"name":"wp","href":"https:\/\/api.w.org\/{rel}","templated":true}]}}