{"id":89,"date":"2025-01-22T14:15:56","date_gmt":"2025-01-22T17:15:56","guid":{"rendered":"https:\/\/propesp.uepa.br\/laquipron\/?page_id=89"},"modified":"2025-09-09T11:36:17","modified_gmt":"2025-09-09T14:36:17","slug":"agendamento","status":"publish","type":"page","link":"https:\/\/propesp.uepa.br\/laquipron\/agendamento\/","title":{"rendered":"Agendamento"},"content":{"rendered":"\n<p>O laborat\u00f3rio est\u00e1 dispon\u00edvel para atividades de ensino, pesquisa e extens\u00e3o, mediante agendamento pr\u00e9vio. Para garantir a organiza\u00e7\u00e3o e o melhor aproveitamento do espa\u00e7o, \u00e9 necess\u00e1rio que estudantes, professores e pesquisadores realizem a solicita\u00e7\u00e3o de uso com anteced\u00eancia.<\/p>\n\n\n\n<p>O agendamento deve ser feito atrav\u00e9s do formul\u00e1rio online dispon\u00edvel neste site, informando a atividade a ser realizada, data, hor\u00e1rio e respons\u00e1vel. Ap\u00f3s o envio, a solicita\u00e7\u00e3o ser\u00e1 analisada pela coordena\u00e7\u00e3o, que confirmar\u00e1 a disponibilidade e enviar\u00e1 a resposta por e-mail.<\/p>\n\n\n\n<p>Refor\u00e7amos que o uso do laborat\u00f3rio est\u00e1 sujeito \u00e0s normas de seguran\u00e7a e \u00e0s regras internas da institui\u00e7\u00e3o. \u00c9 fundamental que todos os usu\u00e1rios sigam as orienta\u00e7\u00f5es para assegurar um ambiente seguro, organizado e produtivo.<\/p>\n\n\n\n<div class=\"wp-block-uagb-container uagb-block-15dbee94 alignfull uagb-is-root-container\"><div class=\"uagb-container-inner-blocks-wrap\">\n<div class=\"wp-block-uagb-container uagb-block-4721f3e9\"><\/div>\n\n\n\n<div class=\"wp-block-uagb-container uagb-block-09f5a813\"><p><iframe loading=\"lazy\" src=\"https:\/\/docs.google.com\/forms\/d\/e\/1FAIpQLSfb7AeDf4iAzr61DqWQ7hCJixAN3E6ZqsTMKtxcMyX_efaNag\/viewform?embedded=true\" width=\"640\" height=\"824\" frameborder=\"0\" marginheight=\"0\" marginwidth=\"0\">Carregando\u2026<\/iframe><\/p>\n<\/div>\n\n\n\n<div class=\"wp-block-uagb-container uagb-block-1c8660e5\"><\/div>\n<\/div><\/div>\n\n\n\n<p><\/p>\n","protected":false},"excerpt":{"rendered":"<p>O laborat\u00f3rio est\u00e1 dispon\u00edvel para atividades de ensino, pesquisa e extens\u00e3o, mediante agendamento pr\u00e9vio. Para garantir a organiza\u00e7\u00e3o e o melhor aproveitamento do espa\u00e7o, \u00e9 necess\u00e1rio que estudantes, professores e pesquisadores realizem a solicita\u00e7\u00e3o de uso com anteced\u00eancia. O agendamento deve ser feito atrav\u00e9s do formul\u00e1rio online dispon\u00edvel neste site, informando a atividade a ser &hellip;<\/p>\n<p class=\"read-more\"> <a class=\"\" href=\"https:\/\/propesp.uepa.br\/laquipron\/agendamento\/\"> <span class=\"screen-reader-text\">Agendamento<\/span> Leia mais &raquo;<\/a><\/p>\n","protected":false},"author":1,"featured_media":0,"parent":0,"menu_order":0,"comment_status":"closed","ping_status":"closed","template":"","meta":{"_uag_custom_page_level_css":"","site-sidebar-layout":"default","site-content-layout":"","ast-site-content-layout":"","site-content-style":"default","site-sidebar-style":"default","ast-global-header-display":"","ast-banner-title-visibility":"","ast-main-header-display":"","ast-hfb-above-header-display":"","ast-hfb-below-header-display":"","ast-hfb-mobile-header-display":"","site-post-title":"","ast-breadcrumbs-content":"","ast-featured-img":"","footer-sml-layout":"","theme-transparent-header-meta":"","adv-header-id-meta":"","stick-header-meta":"","header-above-stick-meta":"","header-main-stick-meta":"","header-below-stick-meta":"","astra-migrate-meta-layouts":"","ast-page-background-enabled":"default","ast-page-background-meta":{"desktop":{"background-color":"var(--ast-global-color-4)","background-image":"","background-repeat":"repeat","background-position":"center center","background-size":"auto","background-attachment":"scroll","background-type":"","background-media":"","overlay-type":"","overlay-color":"","overlay-gradient":""},"tablet":{"background-color":"","background-image":"","background-repeat":"repeat","background-position":"center center","background-size":"auto","background-attachment":"scroll","background-type":"","background-media":"","overlay-type":"","overlay-color":"","overlay-gradient":""},"mobile":{"background-color":"","background-image":"","background-repeat":"repeat","background-position":"center center","background-size":"auto","background-attachment":"scroll","background-type":"","background-media":"","overlay-type":"","overlay-color":"","overlay-gradient":""}},"ast-content-background-meta":{"desktop":{"background-color":"var(--ast-global-color-5)","background-image":"","background-repeat":"repeat","background-position":"center center","background-size":"auto","background-attachment":"scroll","background-type":"","background-media":"","overlay-type":"","overlay-color":"","overlay-gradient":""},"tablet":{"background-color":"var(--ast-global-color-5)","background-image":"","background-repeat":"repeat","background-position":"center center","background-size":"auto","background-attachment":"scroll","background-type":"","background-media":"","overlay-type":"","overlay-color":"","overlay-gradient":""},"mobile":{"background-color":"var(--ast-global-color-5)","background-image":"","background-repeat":"repeat","background-position":"center center","background-size":"auto","background-attachment":"scroll","background-type":"","background-media":"","overlay-type":"","overlay-color":"","overlay-gradient":""}},"footnotes":""},"class_list":["post-89","page","type-page","status-publish","hentry"],"uagb_featured_image_src":{"full":false,"thumbnail":false,"medium":false,"medium_large":false,"large":false,"1536x1536":false,"2048x2048":false},"uagb_author_info":{"display_name":"adminsites@uepa.br","author_link":"https:\/\/propesp.uepa.br\/laquipron\/author\/adminsitesuepa-br\/"},"uagb_comment_info":0,"uagb_excerpt":"O laborat\u00f3rio est\u00e1 dispon\u00edvel para atividades de ensino, pesquisa e extens\u00e3o, mediante agendamento pr\u00e9vio. Para garantir a organiza\u00e7\u00e3o e o melhor aproveitamento do espa\u00e7o, \u00e9 necess\u00e1rio que estudantes, professores e pesquisadores realizem a solicita\u00e7\u00e3o de uso com anteced\u00eancia. O agendamento deve ser feito atrav\u00e9s do formul\u00e1rio online dispon\u00edvel neste site, informando a atividade a ser&hellip;","_links":{"self":[{"href":"https:\/\/propesp.uepa.br\/laquipron\/wp-json\/wp\/v2\/pages\/89","targetHints":{"allow":["GET"]}}],"collection":[{"href":"https:\/\/propesp.uepa.br\/laquipron\/wp-json\/wp\/v2\/pages"}],"about":[{"href":"https:\/\/propesp.uepa.br\/laquipron\/wp-json\/wp\/v2\/types\/page"}],"author":[{"embeddable":true,"href":"https:\/\/propesp.uepa.br\/laquipron\/wp-json\/wp\/v2\/users\/1"}],"replies":[{"embeddable":true,"href":"https:\/\/propesp.uepa.br\/laquipron\/wp-json\/wp\/v2\/comments?post=89"}],"version-history":[{"count":4,"href":"https:\/\/propesp.uepa.br\/laquipron\/wp-json\/wp\/v2\/pages\/89\/revisions"}],"predecessor-version":[{"id":773,"href":"https:\/\/propesp.uepa.br\/laquipron\/wp-json\/wp\/v2\/pages\/89\/revisions\/773"}],"wp:attachment":[{"href":"https:\/\/propesp.uepa.br\/laquipron\/wp-json\/wp\/v2\/media?parent=89"}],"curies":[{"name":"wp","href":"https:\/\/api.w.org\/{rel}","templated":true}]}}