{"id":1143,"date":"2019-11-06T15:09:07","date_gmt":"2019-11-06T17:09:07","guid":{"rendered":"https:\/\/propesp.uepa.br\/ppgca\/?page_id=1143"},"modified":"2019-11-06T15:18:07","modified_gmt":"2019-11-06T17:18:07","slug":"herbario","status":"publish","type":"page","link":"https:\/\/propesp.uepa.br\/ppgca\/index.php\/herbario\/","title":{"rendered":"Herb\u00e1rio"},"content":{"rendered":"\n<p>O Herb\u00e1rio MFS \u2013 Prof.\u00aa Dr.\u00aa Marlene Freitas da Silva da Universidade do Estado do Par\u00e1 \u2013 UEPA. Proporciona \u00e0 conserva\u00e7\u00e3o, documenta\u00e7\u00e3o, divulga\u00e7\u00e3o e educa\u00e7\u00e3o sobre a biodiversidade bot\u00e2nica atrav\u00e9s do seu acervo composto por diversas cole\u00e7\u00f5es.<\/p>\n\n\n\n<p><a href=\"https:\/\/paginas.uepa.br\/herbario\/index.php\/pt\/\">Visitar<\/a><\/p>\n","protected":false},"excerpt":{"rendered":"<p>O Herb\u00e1rio MFS \u2013 Prof.\u00aa Dr.\u00aa Marlene Freitas da Silva da Universidade do Estado do Par\u00e1 \u2013 UEPA. Proporciona \u00e0 conserva\u00e7\u00e3o, documenta\u00e7\u00e3o, divulga\u00e7\u00e3o e educa\u00e7\u00e3o sobre a biodiversidade bot\u00e2nica atrav\u00e9s do seu acervo composto por diversas cole\u00e7\u00f5es. Visitar<\/p>\n","protected":false},"author":4,"featured_media":0,"parent":0,"menu_order":0,"comment_status":"closed","ping_status":"closed","template":"","meta":{"_uag_custom_page_level_css":"","_mi_skip_tracking":false,"_exactmetrics_sitenote_active":false,"_exactmetrics_sitenote_note":"","_exactmetrics_sitenote_category":0,"site-sidebar-layout":"default","site-content-layout":"","ast-site-content-layout":"","site-content-style":"default","site-sidebar-style":"default","ast-global-header-display":"","ast-banner-title-visibility":"","ast-main-header-display":"","ast-hfb-above-header-display":"","ast-hfb-below-header-display":"","ast-hfb-mobile-header-display":"","site-post-title":"","ast-breadcrumbs-content":"","ast-featured-img":"","footer-sml-layout":"","theme-transparent-header-meta":"","adv-header-id-meta":"","stick-header-meta":"","header-above-stick-meta":"","header-main-stick-meta":"","header-below-stick-meta":"","astra-migrate-meta-layouts":"","ast-page-background-enabled":"default","ast-page-background-meta":{"desktop":{"background-color":"var(--ast-global-color-4)","background-image":"","background-repeat":"repeat","background-position":"center center","background-size":"auto","background-attachment":"scroll","background-type":"","background-media":"","overlay-type":"","overlay-color":"","overlay-gradient":""},"tablet":{"background-color":"","background-image":"","background-repeat":"repeat","background-position":"center center","background-size":"auto","background-attachment":"scroll","background-type":"","background-media":"","overlay-type":"","overlay-color":"","overlay-gradient":""},"mobile":{"background-color":"","background-image":"","background-repeat":"repeat","background-position":"center center","background-size":"auto","background-attachment":"scroll","background-type":"","background-media":"","overlay-type":"","overlay-color":"","overlay-gradient":""}},"ast-content-background-meta":{"desktop":{"background-color":"var(--ast-global-color-5)","background-image":"","background-repeat":"repeat","background-position":"center center","background-size":"auto","background-attachment":"scroll","background-type":"","background-media":"","overlay-type":"","overlay-color":"","overlay-gradient":""},"tablet":{"background-color":"var(--ast-global-color-5)","background-image":"","background-repeat":"repeat","background-position":"center center","background-size":"auto","background-attachment":"scroll","background-type":"","background-media":"","overlay-type":"","overlay-color":"","overlay-gradient":""},"mobile":{"background-color":"var(--ast-global-color-5)","background-image":"","background-repeat":"repeat","background-position":"center center","background-size":"auto","background-attachment":"scroll","background-type":"","background-media":"","overlay-type":"","overlay-color":"","overlay-gradient":""}},"footnotes":""},"uagb_featured_image_src":{"full":false,"thumbnail":false,"medium":false,"medium_large":false,"large":false,"1536x1536":false,"2048x2048":false},"uagb_author_info":{"display_name":"adminsites@uepa.br","author_link":"https:\/\/propesp.uepa.br\/ppgca\/index.php\/author\/adminsitesuepa-br\/"},"uagb_comment_info":0,"uagb_excerpt":"O Herb\u00e1rio MFS \u2013 Prof.\u00aa Dr.\u00aa Marlene Freitas da Silva da Universidade do Estado do Par\u00e1 \u2013 UEPA. Proporciona \u00e0 conserva\u00e7\u00e3o, documenta\u00e7\u00e3o, divulga\u00e7\u00e3o e educa\u00e7\u00e3o sobre a biodiversidade bot\u00e2nica atrav\u00e9s do seu acervo composto por diversas cole\u00e7\u00f5es. Visitar","_links":{"self":[{"href":"https:\/\/propesp.uepa.br\/ppgca\/index.php\/wp-json\/wp\/v2\/pages\/1143"}],"collection":[{"href":"https:\/\/propesp.uepa.br\/ppgca\/index.php\/wp-json\/wp\/v2\/pages"}],"about":[{"href":"https:\/\/propesp.uepa.br\/ppgca\/index.php\/wp-json\/wp\/v2\/types\/page"}],"author":[{"embeddable":true,"href":"https:\/\/propesp.uepa.br\/ppgca\/index.php\/wp-json\/wp\/v2\/users\/4"}],"replies":[{"embeddable":true,"href":"https:\/\/propesp.uepa.br\/ppgca\/index.php\/wp-json\/wp\/v2\/comments?post=1143"}],"version-history":[{"count":3,"href":"https:\/\/propesp.uepa.br\/ppgca\/index.php\/wp-json\/wp\/v2\/pages\/1143\/revisions"}],"predecessor-version":[{"id":1159,"href":"https:\/\/propesp.uepa.br\/ppgca\/index.php\/wp-json\/wp\/v2\/pages\/1143\/revisions\/1159"}],"wp:attachment":[{"href":"https:\/\/propesp.uepa.br\/ppgca\/index.php\/wp-json\/wp\/v2\/media?parent=1143"}],"curies":[{"name":"wp","href":"https:\/\/api.w.org\/{rel}","templated":true}]}}