{"id":118,"date":"2019-01-25T19:13:18","date_gmt":"2019-01-25T21:13:18","guid":{"rendered":"https:\/\/paginas.uepa.br\/pcambientais\/ppgca\/?page_id=118"},"modified":"2019-04-08T12:22:33","modified_gmt":"2019-04-08T15:22:33","slug":"alunos-especiais","status":"publish","type":"page","link":"https:\/\/propesp.uepa.br\/ppgca\/index.php\/alunos-especiais\/","title":{"rendered":"Alunos especiais"},"content":{"rendered":"\r\n<p>Aluno especial \u00e9 aquele que \u00e9 matriculado em disciplina(s) isolada(s) do Programa de P\u00f3s-Gradua\u00e7\u00e3o em Ci\u00eancias Ambientais (PPGCA)- em n\u00edvel de Mestrado Acad\u00eamico do CCNT\/UEPA -, com vistas \u00e0 obten\u00e7\u00e3o de certificado de aprova\u00e7\u00e3o em disciplina(s).\u00a0<strong>O ingresso como aluno especial n\u00e3o constitui v\u00ednculo com o PPGCA<\/strong>.<\/p>\r\n\r\n\r\n\r\n<p><strong>O fato de cursar disciplinas como aluno especial n\u00e3o garante o ingresso como aluno regular<\/strong>, devendo o candidato submeter-se ao processo seletivo para aluno regular, realizado anualmente.<\/p>\r\n\r\n\r\n\r\n<p>No caso de aprova\u00e7\u00e3o como aluno regular do PPGCA, as disciplinas cursadas como aluno especial no PPGCA poder\u00e3o ser aproveitadas, desde que cursadas em at\u00e9 2 (dois) anos antes da matr\u00edcula no Programa.<\/p>\r\n\r\n\r\n\r\n<p><br \/><strong>Processo Seletivo\u00a02018<\/strong><\/p>\r\n\r\n\r\n\r\n<p class=\"has-small-font-size\"><a href=\"https:\/\/paginas.uepa.br\/pcambientais\/ppgca\/wp-content\/uploads\/2019\/02\/edital_ppgca_aluno_especial_2018.pdf\">Edital do Processo Seletivo 2018<\/a> &#8211; <a href=\"https:\/\/paginas.uepa.br\/pcambientais\/ppgca\/wp-content\/uploads\/2019\/02\/isencao_ppgca_aluno_especial_2018.pdf\">Lista de Isen\u00e7\u00f5es Deferidas<\/a><\/p>\r\n\r\n\r\n<hr class=\"wp-block-separator is-style-default\" \/>\r\n\r\n\r\n<p><strong>Processo Seletivo\u00a02017<\/strong><\/p>\r\n\r\n\r\n\r\n<p class=\"has-small-font-size\"><a href=\"https:\/\/paginas.uepa.br\/pcambientais\/ppgca\/wp-content\/uploads\/2019\/02\/edital_ppgca_aluno_especial_2017.pdf\">Edital do Processo Seletivo 2017<\/a> &#8211; <a href=\"https:\/\/paginas.uepa.br\/pcambientais\/ppgca\/wp-content\/uploads\/2019\/02\/isencao_ppgca_aluno_especial_2017.pdf\"> Inscri\u00e7\u00f5es Homologadas<\/a><\/p>\r\n\r\n\r\n<hr class=\"wp-block-separator is-style-default\" \/>\r\n\r\n\r\n<p><strong>Processo Seletivo 2016<\/strong><\/p>\r\n\r\n\r\n\r\n<p class=\"has-small-font-size\"><a href=\"https:\/\/paginas.uepa.br\/pcambientais\/ppgca\/wp-content\/uploads\/2019\/02\/edital_aluno_especial_ppgca_2016.pdf\">Edital do Processo Seletivo 2016<\/a> &#8211; <a href=\"https:\/\/paginas.uepa.br\/pcambientais\/ppgca\/wp-content\/uploads\/2019\/02\/processo_seletivo_ae_ppgca_2016_insc_hom.pdf\">Inscri\u00e7\u00f5es Homologadas <\/a><\/p>\r\n\r\n\r\n<hr class=\"wp-block-separator\" \/>\r\n\r\n\r\n<p><strong>Processo Seletivo 2015<\/strong><\/p>\r\n\r\n\r\n\r\n<p class=\"has-small-font-size\"><a href=\"https:\/\/paginas.uepa.br\/pcambientais\/ppgca\/wp-content\/uploads\/2019\/02\/edital_alunos_especiais_2015.pdf\">Edital do Processo Seletivo 2015<\/a> &#8211; <a href=\"https:\/\/paginas.uepa.br\/pcambientais\/ppgca\/wp-content\/uploads\/2019\/02\/inscricoes_homologadas_alunos_especiais_2015.pdf\"> Inscri\u00e7\u00f5es Homologadas<\/a><\/p>\r\n\r\n\r\n<hr class=\"wp-block-separator\" \/>\r\n\r\n\r\n<p><strong>Processo Seletivo 2014<\/strong><\/p>\r\n\r\n\r\n\r\n<p class=\"has-small-font-size\"><a href=\"https:\/\/paginas.uepa.br\/pcambientais\/ppgca\/wp-content\/uploads\/2019\/02\/edital_ppgca_aluno_especial_2014.pdf\">Edital do Processo Seletivo 2014<\/a> &#8211; <a href=\"https:\/\/paginas.uepa.br\/pcambientais\/ppgca\/wp-content\/uploads\/2019\/02\/inscricoes_homologadas_alunos_especiais_mestrado_ca_2014.pdf\"> Inscri\u00e7\u00f5es Homologadas<\/a><\/p>\r\n\r\n\r\n\r\n<p class=\"has-small-font-size\"><a href=\"https:\/\/paginas.uepa.br\/pcambientais\/ppgca\/wp-content\/uploads\/2019\/02\/errata_edital_ppgca_alunos_especial_2014.pdf\">Termo Aditivo 1<\/a> &#8211; <a href=\"https:\/\/paginas.uepa.br\/pcambientais\/ppgca\/wp-content\/uploads\/2019\/02\/termo_aditivo2_alunos_especiais_2014.pdf\"> Termo Aditivo 2<\/a> &#8211; <a href=\"https:\/\/paginas.uepa.br\/pcambientais\/ppgca\/wp-content\/uploads\/2019\/02\/entrevista_alunos_especiais_mestrado_ca_2014.pdf\"> Resultado da Entrevista<\/a><\/p>\r\n\r\n\r\n<hr class=\"wp-block-separator\" \/>\r\n\r\n\r\n<p><strong>Processo Seletivo 2013<\/strong><\/p>\r\n\r\n\r\n\r\n<p class=\"has-small-font-size\"><a href=\"https:\/\/paginas.uepa.br\/pcambientais\/ppgca\/wp-content\/uploads\/2019\/02\/edital_aluno_especial_mestrado_ciencias_ambientais_2013.pdf\">Edital do Processo Seletivo 2013<\/a> &#8211; <a href=\"https:\/\/paginas.uepa.br\/pcambientais\/ppgca\/wp-content\/uploads\/2019\/02\/inscricoes_homologadas_alunos_especiais_2013.pdf\">Inscri\u00e7\u00f5es Homologadas<\/a><\/p>\r\n\r\n\r\n<hr class=\"wp-block-separator\" \/>\r\n\r\n\r\n<p><strong>Processo Seletivo 2012<\/strong><\/p>\r\n\r\n\r\n\r\n<p class=\"has-small-font-size\"><a href=\"https:\/\/paginas.uepa.br\/pcambientais\/ppgca\/wp-content\/uploads\/2019\/02\/Edital41_alunos_especiais_2012.pdf\">Edital do Processo Seletivo 2012<\/a> &#8211; <a href=\"https:\/\/paginas.uepa.br\/pcambientais\/ppgca\/wp-content\/uploads\/2019\/02\/inscricoes_homologadas_alunos_especiais_2012.pdf\">Inscri\u00e7\u00f5es Homologadas<\/a><\/p>\r\n\r\n\r\n<hr class=\"wp-block-separator\" \/>\r\n\r\n\r\n<p><strong>Processo Seletivo 2011<\/strong><\/p>\r\n\r\n\r\n\r\n<p class=\"has-small-font-size\"><a href=\"https:\/\/paginas.uepa.br\/pcambientais\/ppgca\/wp-content\/uploads\/2019\/02\/edital_aluno_especial_mestrado_ciencias_ambientais_2011.pdf\">Edital do Processo Seletivo 2011<\/a><\/p>\r\n","protected":false},"excerpt":{"rendered":"<p>Aluno especial \u00e9 aquele que \u00e9 matriculado em disciplina(s) isolada(s) do Programa de P\u00f3s-Gradua\u00e7\u00e3o em Ci\u00eancias Ambientais (PPGCA)- em n\u00edvel de Mestrado Acad\u00eamico do CCNT\/UEPA -, com vistas \u00e0 obten\u00e7\u00e3o de certificado de aprova\u00e7\u00e3o em disciplina(s).\u00a0O ingresso como aluno especial n\u00e3o constitui v\u00ednculo com o PPGCA. O fato de cursar disciplinas como aluno especial n\u00e3o &hellip;<\/p>\n<p class=\"read-more\"> <a class=\"\" href=\"https:\/\/propesp.uepa.br\/ppgca\/index.php\/alunos-especiais\/\"> <span class=\"screen-reader-text\">Alunos especiais<\/span> Leia mais &raquo;<\/a><\/p>\n","protected":false},"author":4,"featured_media":0,"parent":0,"menu_order":0,"comment_status":"closed","ping_status":"closed","template":"","meta":{"_uag_custom_page_level_css":"","_mi_skip_tracking":false,"_exactmetrics_sitenote_active":false,"_exactmetrics_sitenote_note":"","_exactmetrics_sitenote_category":0,"site-sidebar-layout":"default","site-content-layout":"","ast-site-content-layout":"","site-content-style":"default","site-sidebar-style":"default","ast-global-header-display":"","ast-banner-title-visibility":"","ast-main-header-display":"","ast-hfb-above-header-display":"","ast-hfb-below-header-display":"","ast-hfb-mobile-header-display":"","site-post-title":"","ast-breadcrumbs-content":"","ast-featured-img":"","footer-sml-layout":"","theme-transparent-header-meta":"","adv-header-id-meta":"","stick-header-meta":"","header-above-stick-meta":"","header-main-stick-meta":"","header-below-stick-meta":"","astra-migrate-meta-layouts":"","ast-page-background-enabled":"default","ast-page-background-meta":{"desktop":{"background-color":"var(--ast-global-color-4)","background-image":"","background-repeat":"repeat","background-position":"center center","background-size":"auto","background-attachment":"scroll","background-type":"","background-media":"","overlay-type":"","overlay-color":"","overlay-gradient":""},"tablet":{"background-color":"","background-image":"","background-repeat":"repeat","background-position":"center center","background-size":"auto","background-attachment":"scroll","background-type":"","background-media":"","overlay-type":"","overlay-color":"","overlay-gradient":""},"mobile":{"background-color":"","background-image":"","background-repeat":"repeat","background-position":"center center","background-size":"auto","background-attachment":"scroll","background-type":"","background-media":"","overlay-type":"","overlay-color":"","overlay-gradient":""}},"ast-content-background-meta":{"desktop":{"background-color":"var(--ast-global-color-5)","background-image":"","background-repeat":"repeat","background-position":"center center","background-size":"auto","background-attachment":"scroll","background-type":"","background-media":"","overlay-type":"","overlay-color":"","overlay-gradient":""},"tablet":{"background-color":"var(--ast-global-color-5)","background-image":"","background-repeat":"repeat","background-position":"center center","background-size":"auto","background-attachment":"scroll","background-type":"","background-media":"","overlay-type":"","overlay-color":"","overlay-gradient":""},"mobile":{"background-color":"var(--ast-global-color-5)","background-image":"","background-repeat":"repeat","background-position":"center center","background-size":"auto","background-attachment":"scroll","background-type":"","background-media":"","overlay-type":"","overlay-color":"","overlay-gradient":""}},"footnotes":""},"uagb_featured_image_src":{"full":false,"thumbnail":false,"medium":false,"medium_large":false,"large":false,"1536x1536":false,"2048x2048":false},"uagb_author_info":{"display_name":"adminsites@uepa.br","author_link":"https:\/\/propesp.uepa.br\/ppgca\/index.php\/author\/adminsitesuepa-br\/"},"uagb_comment_info":0,"uagb_excerpt":"Aluno especial \u00e9 aquele que \u00e9 matriculado em disciplina(s) isolada(s) do Programa de P\u00f3s-Gradua\u00e7\u00e3o em Ci\u00eancias Ambientais (PPGCA)- em n\u00edvel de Mestrado Acad\u00eamico do CCNT\/UEPA -, com vistas \u00e0 obten\u00e7\u00e3o de certificado de aprova\u00e7\u00e3o em disciplina(s).\u00a0O ingresso como aluno especial n\u00e3o constitui v\u00ednculo com o PPGCA. O fato de cursar disciplinas como aluno especial n\u00e3o&hellip;","_links":{"self":[{"href":"https:\/\/propesp.uepa.br\/ppgca\/index.php\/wp-json\/wp\/v2\/pages\/118"}],"collection":[{"href":"https:\/\/propesp.uepa.br\/ppgca\/index.php\/wp-json\/wp\/v2\/pages"}],"about":[{"href":"https:\/\/propesp.uepa.br\/ppgca\/index.php\/wp-json\/wp\/v2\/types\/page"}],"author":[{"embeddable":true,"href":"https:\/\/propesp.uepa.br\/ppgca\/index.php\/wp-json\/wp\/v2\/users\/4"}],"replies":[{"embeddable":true,"href":"https:\/\/propesp.uepa.br\/ppgca\/index.php\/wp-json\/wp\/v2\/comments?post=118"}],"version-history":[{"count":5,"href":"https:\/\/propesp.uepa.br\/ppgca\/index.php\/wp-json\/wp\/v2\/pages\/118\/revisions"}],"predecessor-version":[{"id":899,"href":"https:\/\/propesp.uepa.br\/ppgca\/index.php\/wp-json\/wp\/v2\/pages\/118\/revisions\/899"}],"wp:attachment":[{"href":"https:\/\/propesp.uepa.br\/ppgca\/index.php\/wp-json\/wp\/v2\/media?parent=118"}],"curies":[{"name":"wp","href":"https:\/\/api.w.org\/{rel}","templated":true}]}}