{"id":140,"date":"2019-01-26T13:55:59","date_gmt":"2019-01-26T15:55:59","guid":{"rendered":"https:\/\/paginas.uepa.br\/pcambientais\/ppgca\/?page_id=140"},"modified":"2026-02-04T17:23:34","modified_gmt":"2026-02-04T20:23:34","slug":"matriz-curricular","status":"publish","type":"page","link":"https:\/\/propesp.uepa.br\/ppgca\/index.php\/matriz-curricular\/","title":{"rendered":"Matriz Curricular"},"content":{"rendered":"\n<div class=\"wp-block-uagb-advanced-heading uagb-block-8e199670\"><h1 class=\"uagb-heading-text\">Matriz Curricular<\/h1><div class=\"uagb-separator\"><\/div><\/div>\n\n\n\n<p>O discente do Programa dever\u00e1 cumprir 24 Cr\u00e9ditos, distribu\u00eddos necessariamente entre as 4 disciplinas obrigat\u00f3rias perfazendo o total de 15 cr\u00e9ditos, restando 9 cr\u00e9ditos a serem complementados por meio de 3 disciplinas optativas.<br><\/p>\n\n\n\n<figure class=\"wp-block-table\"><table><tbody><tr><td><strong>DISCIPLINAS<\/strong>&nbsp;<strong>OBRIGAT\u00d3RIAS<\/strong><\/td><td><strong>CARGA HOR\u00c1RIA<\/strong><\/td><td><strong>CR\u00c9DITOS<\/strong><\/td><td><strong>SITUA\u00c7\u00c3O<\/strong><\/td><\/tr><tr><td>1. Din\u00e2mica e Socioeconomia<br>dos Ecossistemas Amaz\u00f4nicos<\/td><td>60<\/td><td>4<\/td><td>Obrigat\u00f3ria<\/td><\/tr><tr><td>2. Interdisciplinaridade, Meio Ambiente e Sustentabilidade<\/td><td>60<\/td><td>4<\/td><td>Obrigat\u00f3ria<\/td><\/tr><tr><td>3. Estat\u00edstica Aplicada \u00e0s Ci\u00eancias Ambientais<\/td><td>60<\/td><td>4<\/td><td>Obrigat\u00f3ria<\/td><\/tr><tr><td>4. Semin\u00e1rio de Pesquisa<\/td><td>45<\/td><td>3<\/td><td>Obrigat\u00f3ria<\/td><\/tr><tr><td><strong>DISCIPLINAS<\/strong><strong>&nbsp;ELETIVAS<\/strong><\/td><td><strong>CARGA HOR\u00c1RIA<\/strong><\/td><td><strong>CR\u00c9DITOS<\/strong><\/td><td><strong>SITUA\u00c7\u00c3O<\/strong><\/td><\/tr><tr><td>1. Pol\u00edticas P\u00fablicas, Legisla\u00e7\u00e3o e Gest\u00e3o Ambiental na Amaz\u00f4nia<\/td><td>45<\/td><td>3<\/td><td>Optativa<\/td><\/tr><tr><td>2. Economia Verde<\/td><td>45<\/td><td>3<\/td><td>Optativa<\/td><\/tr><tr><td>3. An\u00e1lise e Avalia\u00e7\u00e3o de Impactos Socioecon\u00f4micos e Ambientais no Ambiente Amaz\u00f4nico<\/td><td>45<\/td><td>3<\/td><td>Optativa<\/td><\/tr><tr><td>4. Monitoramento e Conserva\u00e7\u00e3o Ambiental<\/td><td>45<\/td><td>3<\/td><td>Optativa<\/td><\/tr><tr><td>5. Gest\u00e3o, Manejo e Conserva\u00e7\u00e3o de Recursos Naturais da Amaz\u00f4nia<\/td><td>45<\/td><td>3<\/td><td>Optativa<\/td><\/tr><tr><td>6. Economia Agr\u00e1ria, Produ\u00e7\u00e3o e Manejo Agroflorestais na Amaz\u00f4nia<\/td><td>45<\/td><td>3<\/td><td>Optativa<\/td><\/tr><tr><td>7. Biotecnologia Aplicada ao Desenvolvimento Sustent\u00e1vel da Amaz\u00f4nia<\/td><td>45<\/td><td>3<\/td><td>Optativa<\/td><\/tr><tr><td>8. Educa\u00e7\u00e3o Ambiental e Desenvolvimento Sustent\u00e1vel na Amaz\u00f4nia<\/td><td>45<\/td><td>3<\/td><td>Optativa<\/td><\/tr><tr><td>9. Modelagem Ambiental e Ecol\u00f3gica Aplicadas ao Bioma Amaz\u00f4nia<\/td><td>45<\/td><td>3<\/td><td>Optativa<\/td><\/tr><tr><td>10. Epidemiologia e Controle das Doen\u00e7as Tropicais Amaz\u00f4nicas<\/td><td>45<\/td><td>3<\/td><td>Optativa<\/td><\/tr><tr><td>11. Pr\u00e1ticas de Campo em Ci\u00eancias Ambientais<\/td><td>45<\/td><td>3<\/td><td>Optativa<\/td><\/tr><tr><td>12. Regula\u00e7\u00e3o, Governan\u00e7a e Qualidade de Recursos H\u00eddricos<\/td><td>45<\/td><td>3<\/td><td>Optativa<\/td><\/tr><tr><td>13. Biodiversidade, Cultura e Natureza nas Sociedades Amaz\u00f4nicas<\/td><td>45<\/td><td>3<\/td><td>Optativa<\/td><\/tr><tr><td>14. Gest\u00e3o das Cadeias de Suprimento Sustent\u00e1veis<\/td><td>45<\/td><td>3<\/td><td>Optativa<\/td><\/tr><tr><td>15. Territ\u00f3rio, Planejamento e Sustentabilidade Rural e Urbana na Amaz\u00f4nia<\/td><td>45<\/td><td>3<\/td><td>Optativa<\/td><\/tr><tr><td>16. Caracteriza\u00e7\u00e3o de Ecossistemas e da Biodiversidade Amaz\u00f4nica<\/td><td>45<\/td><td>3<\/td><td>Optativa<\/td><\/tr><tr><td>17. Sensoriamento Remoto e Geoprocessamento Aplicados ao Monitoramento da Amaz\u00f4nia<\/td><td>45<\/td><td>3<\/td><td>Optativa<\/td><\/tr><\/tbody><\/table><\/figure>\n","protected":false},"excerpt":{"rendered":"<p>Matriz Curricular O discente do Programa dever\u00e1 cumprir 24 Cr\u00e9ditos, distribu\u00eddos necessariamente entre as 4 disciplinas obrigat\u00f3rias perfazendo o total de 15 cr\u00e9ditos, restando 9 cr\u00e9ditos a serem complementados por meio de 3 disciplinas optativas. DISCIPLINAS&nbsp;OBRIGAT\u00d3RIAS CARGA HOR\u00c1RIA CR\u00c9DITOS SITUA\u00c7\u00c3O 1. Din\u00e2mica e Socioeconomiados Ecossistemas Amaz\u00f4nicos 60 4 Obrigat\u00f3ria 2. Interdisciplinaridade, Meio Ambiente e Sustentabilidade &hellip;<\/p>\n<p class=\"read-more\"> <a class=\"\" href=\"https:\/\/propesp.uepa.br\/ppgca\/index.php\/matriz-curricular\/\"> <span class=\"screen-reader-text\">Matriz Curricular<\/span> Leia mais &raquo;<\/a><\/p>\n","protected":false},"author":4,"featured_media":0,"parent":0,"menu_order":0,"comment_status":"closed","ping_status":"closed","template":"","meta":{"_uag_custom_page_level_css":"","_mi_skip_tracking":false,"_exactmetrics_sitenote_active":false,"_exactmetrics_sitenote_note":"","_exactmetrics_sitenote_category":0,"site-sidebar-layout":"default","site-content-layout":null,"ast-site-content-layout":"","site-content-style":"default","site-sidebar-style":"default","ast-global-header-display":"","ast-banner-title-visibility":"","ast-main-header-display":"","ast-hfb-above-header-display":"","ast-hfb-below-header-display":"","ast-hfb-mobile-header-display":"","site-post-title":"disabled","ast-breadcrumbs-content":"","ast-featured-img":"","footer-sml-layout":"","theme-transparent-header-meta":"","adv-header-id-meta":null,"stick-header-meta":null,"header-above-stick-meta":null,"header-main-stick-meta":null,"header-below-stick-meta":null,"astra-migrate-meta-layouts":"","ast-page-background-enabled":"default","ast-page-background-meta":{"desktop":{"background-color":"var(--ast-global-color-4)","background-image":"","background-repeat":"repeat","background-position":"center center","background-size":"auto","background-attachment":"scroll","background-type":"","background-media":"","overlay-type":"","overlay-color":"","overlay-gradient":""},"tablet":{"background-color":"","background-image":"","background-repeat":"repeat","background-position":"center center","background-size":"auto","background-attachment":"scroll","background-type":"","background-media":"","overlay-type":"","overlay-color":"","overlay-gradient":""},"mobile":{"background-color":"","background-image":"","background-repeat":"repeat","background-position":"center center","background-size":"auto","background-attachment":"scroll","background-type":"","background-media":"","overlay-type":"","overlay-color":"","overlay-gradient":""}},"ast-content-background-meta":{"desktop":{"background-color":"var(--ast-global-color-5)","background-image":"","background-repeat":"repeat","background-position":"center center","background-size":"auto","background-attachment":"scroll","background-type":"","background-media":"","overlay-type":"","overlay-color":"","overlay-gradient":""},"tablet":{"background-color":"var(--ast-global-color-5)","background-image":"","background-repeat":"repeat","background-position":"center center","background-size":"auto","background-attachment":"scroll","background-type":"","background-media":"","overlay-type":"","overlay-color":"","overlay-gradient":""},"mobile":{"background-color":"var(--ast-global-color-5)","background-image":"","background-repeat":"repeat","background-position":"center center","background-size":"auto","background-attachment":"scroll","background-type":"","background-media":"","overlay-type":"","overlay-color":"","overlay-gradient":""}},"footnotes":""},"uagb_featured_image_src":{"full":false,"thumbnail":false,"medium":false,"medium_large":false,"large":false,"1536x1536":false,"2048x2048":false},"uagb_author_info":{"display_name":"adminsites@uepa.br","author_link":"https:\/\/propesp.uepa.br\/ppgca\/index.php\/author\/adminsitesuepa-br\/"},"uagb_comment_info":0,"uagb_excerpt":"Matriz Curricular O discente do Programa dever\u00e1 cumprir 24 Cr\u00e9ditos, distribu\u00eddos necessariamente entre as 4 disciplinas obrigat\u00f3rias perfazendo o total de 15 cr\u00e9ditos, restando 9 cr\u00e9ditos a serem complementados por meio de 3 disciplinas optativas. DISCIPLINAS&nbsp;OBRIGAT\u00d3RIAS CARGA HOR\u00c1RIA CR\u00c9DITOS SITUA\u00c7\u00c3O 1. Din\u00e2mica e Socioeconomiados Ecossistemas Amaz\u00f4nicos 60 4 Obrigat\u00f3ria 2. Interdisciplinaridade, Meio Ambiente e Sustentabilidade&hellip;","_links":{"self":[{"href":"https:\/\/propesp.uepa.br\/ppgca\/index.php\/wp-json\/wp\/v2\/pages\/140"}],"collection":[{"href":"https:\/\/propesp.uepa.br\/ppgca\/index.php\/wp-json\/wp\/v2\/pages"}],"about":[{"href":"https:\/\/propesp.uepa.br\/ppgca\/index.php\/wp-json\/wp\/v2\/types\/page"}],"author":[{"embeddable":true,"href":"https:\/\/propesp.uepa.br\/ppgca\/index.php\/wp-json\/wp\/v2\/users\/4"}],"replies":[{"embeddable":true,"href":"https:\/\/propesp.uepa.br\/ppgca\/index.php\/wp-json\/wp\/v2\/comments?post=140"}],"version-history":[{"count":4,"href":"https:\/\/propesp.uepa.br\/ppgca\/index.php\/wp-json\/wp\/v2\/pages\/140\/revisions"}],"predecessor-version":[{"id":2534,"href":"https:\/\/propesp.uepa.br\/ppgca\/index.php\/wp-json\/wp\/v2\/pages\/140\/revisions\/2534"}],"wp:attachment":[{"href":"https:\/\/propesp.uepa.br\/ppgca\/index.php\/wp-json\/wp\/v2\/media?parent=140"}],"curies":[{"name":"wp","href":"https:\/\/api.w.org\/{rel}","templated":true}]}}