{"id":154,"date":"2019-01-26T15:46:43","date_gmt":"2019-01-26T17:46:43","guid":{"rendered":"https:\/\/paginas.uepa.br\/pcambientais\/ppgca\/?page_id=154"},"modified":"2023-01-25T13:35:51","modified_gmt":"2023-01-25T16:35:51","slug":"areas-de-interesse","status":"publish","type":"page","link":"https:\/\/propesp.uepa.br\/ppgca\/index.php\/areas-de-interesse\/","title":{"rendered":"\u00c1reas de Interesse"},"content":{"rendered":"\n<div class=\"wp-block-uagb-advanced-heading uagb-block-603c89de\"><h1 class=\"uagb-heading-text\">\u00c1reas de Interesse<\/h1><div class=\"uagb-separator\"><\/div><\/div>\n\n\n<table border=\"1\" width=\"100%\" cellspacing=\"0\" cellpadding=\"0\">\n<tbody>\n<tr>\n<td width=\"23%\">\n<p align=\"center\"><strong>LINHAS DE PESQUISA<\/strong><\/p>\n<\/td>\n<td width=\"46%\">\n<p align=\"center\"><strong>\u00c1REAS DE INTERESSE<\/strong><\/p>\n<\/td>\n<td width=\"30%\">\n<p align=\"center\"><strong>PROFESSOR(A)<\/strong><\/p>\n<\/td>\n<\/tr>\n<tr>\n<td rowspan=\"6\" width=\"23%\">\n<p align=\"center\">Meio Ambiente e Sustentabilidade<\/p>\n<\/td>\n<td valign=\"top\" width=\"46%\" height=\"58\">Educa\u00e7\u00e3o Ambiental, Cultura e Sociedade na Amaz\u00f4nia<\/td>\n<td valign=\"top\" width=\"30%\">Altem Nascimento Pontes e Ana L\u00facia Nunes Gutjahr<\/td>\n<\/tr>\n<tr>\n<td valign=\"top\" width=\"46%\">Sa\u00fade P\u00fablica e Ambiental na Amaz\u00f4nia<\/td>\n<td valign=\"top\" width=\"30%\">Cl\u00e9a Nazar\u00e9 Carneiro Bichara e Ana L\u00facia Nunes Gutjahr<\/td>\n<\/tr>\n<tr>\n<td valign=\"top\" width=\"46%\">An\u00e1lise e Avalia\u00e7\u00e3o de Impactos Socioecon\u00f4micos e Ambientais no Ambiente Amaz\u00f4nico<\/td>\n<td valign=\"top\" width=\"30%\">Gundisalvo Piratoba Morales e Hebe Morganne Campos Ribeiro<\/td>\n<\/tr>\n<tr>\n<td valign=\"top\">Biotecnologia Aplicada ao Desenvolvimento Sustent\u00e1vel da Amaz\u00f4nia<\/td>\n<td valign=\"top\">Suezilde da Concei\u00e7\u00e3o Amaral Ribeiro e Hebe Morganne Campos Ribeiro<\/td>\n<\/tr>\n<tr>\n<td valign=\"top\" width=\"46%\">Pol\u00edticas P\u00fablicas, Legisla\u00e7\u00e3o e Gest\u00e3o Ambiental na Amaz\u00f4nia<\/td>\n<td valign=\"top\" width=\"30%\">Norma Ely Beltr\u00e3o e H\u00e9lio Raymundo Ferreira Filho<\/td>\n<\/tr>\n<tr>\n<td valign=\"top\" width=\"46%\">Territ\u00f3rio, Planejamento e Sustentabilidade Rural e Urbana na Amaz\u00f4nia<\/td>\n<td valign=\"top\" width=\"30%\">Gundisalvo Piratoba Morales e Manoel Tavares de Paula<\/td>\n<\/tr>\n<tr>\n<td rowspan=\"6\" width=\"23%\">\n<p align=\"center\">Estudos de Ecossistemas Amaz\u00f4nicos<\/p>\n<\/td>\n<td valign=\"top\" width=\"46%\">Modelagem Ambiental e Ecol\u00f3gica Aplicadas ao Bioma Amaz\u00f4nia<\/td>\n<td valign=\"top\" width=\"30%\">Altem Nascimento Pontes e Norma Ely Beltr\u00e3o<\/td>\n<\/tr>\n<tr>\n<td valign=\"top\" width=\"46%\">Caracteriza\u00e7\u00e3o de Ecossistemas e da Biodiversidade Amaz\u00f4nica<\/td>\n<td valign=\"top\" width=\"30%\">Fl\u00e1via Cristina Ara\u00fajo Lucas e Ana Cl\u00e1udia Caldeira Tavares Martins<\/td>\n<\/tr>\n<tr>\n<td valign=\"top\" width=\"46%\">Gest\u00e3o, Manejo e Conserva\u00e7\u00e3o de Recursos Naturais da Amaz\u00f4nia<\/td>\n<td valign=\"top\" width=\"30%\">Alfredo Kingo Oyama Homma e Manoel Tavares de Paula<\/td>\n<\/tr>\n<tr>\n<td valign=\"top\">Sensoriamento Remoto e Geoprocessamento Aplicados ao Monitoramento da Amaz\u00f4nia<\/td>\n<td valign=\"top\">Altem Nascimento Pontes e Norma Ely Beltr\u00e3o<\/td>\n<\/tr>\n<tr>\n<td valign=\"top\" width=\"46%\">Economia Agr\u00e1ria, Produ\u00e7\u00e3o e Manejo Agroflorestais na Amaz\u00f4nia<\/td>\n<td valign=\"top\" width=\"30%\">Alfredo Kingo Oyama Homma e Manoel Tavares de Paula<\/td>\n<\/tr>\n<tr>\n<td valign=\"top\" width=\"46%\">Qualidade, Manejo e Conserva\u00e7\u00e3o de Recursos H\u00eddricos<\/td>\n<td valign=\"top\" width=\"30%\">Hebe Morganne Campos Ribeiro e Gundisalvo Piratoba Morales<\/td>\n<\/tr>\n<\/tbody>\n<\/table>","protected":false},"excerpt":{"rendered":"<p>\u00c1reas de Interesse LINHAS DE PESQUISA \u00c1REAS DE INTERESSE PROFESSOR(A) Meio Ambiente e Sustentabilidade Educa\u00e7\u00e3o Ambiental, Cultura e Sociedade na Amaz\u00f4nia Altem Nascimento Pontes e Ana L\u00facia Nunes Gutjahr Sa\u00fade P\u00fablica e Ambiental na Amaz\u00f4nia Cl\u00e9a Nazar\u00e9 Carneiro Bichara e Ana L\u00facia Nunes Gutjahr An\u00e1lise e Avalia\u00e7\u00e3o de Impactos Socioecon\u00f4micos e Ambientais no Ambiente Amaz\u00f4nico &hellip;<\/p>\n<p class=\"read-more\"> <a class=\"\" href=\"https:\/\/propesp.uepa.br\/ppgca\/index.php\/areas-de-interesse\/\"> <span class=\"screen-reader-text\">\u00c1reas de Interesse<\/span> Leia mais &raquo;<\/a><\/p>\n","protected":false},"author":4,"featured_media":0,"parent":0,"menu_order":0,"comment_status":"closed","ping_status":"closed","template":"","meta":{"_uag_custom_page_level_css":"","_mi_skip_tracking":false,"_exactmetrics_sitenote_active":false,"_exactmetrics_sitenote_note":"","_exactmetrics_sitenote_category":0,"site-sidebar-layout":"default","site-content-layout":"","ast-site-content-layout":"","site-content-style":"default","site-sidebar-style":"default","ast-global-header-display":"","ast-banner-title-visibility":"","ast-main-header-display":"","ast-hfb-above-header-display":"","ast-hfb-below-header-display":"","ast-hfb-mobile-header-display":"","site-post-title":"disabled","ast-breadcrumbs-content":"","ast-featured-img":"","footer-sml-layout":"","theme-transparent-header-meta":"","adv-header-id-meta":"","stick-header-meta":"","header-above-stick-meta":"","header-main-stick-meta":"","header-below-stick-meta":"","astra-migrate-meta-layouts":"","ast-page-background-enabled":"default","ast-page-background-meta":{"desktop":{"background-color":"var(--ast-global-color-4)","background-image":"","background-repeat":"repeat","background-position":"center center","background-size":"auto","background-attachment":"scroll","background-type":"","background-media":"","overlay-type":"","overlay-color":"","overlay-gradient":""},"tablet":{"background-color":"","background-image":"","background-repeat":"repeat","background-position":"center center","background-size":"auto","background-attachment":"scroll","background-type":"","background-media":"","overlay-type":"","overlay-color":"","overlay-gradient":""},"mobile":{"background-color":"","background-image":"","background-repeat":"repeat","background-position":"center center","background-size":"auto","background-attachment":"scroll","background-type":"","background-media":"","overlay-type":"","overlay-color":"","overlay-gradient":""}},"ast-content-background-meta":{"desktop":{"background-color":"var(--ast-global-color-5)","background-image":"","background-repeat":"repeat","background-position":"center center","background-size":"auto","background-attachment":"scroll","background-type":"","background-media":"","overlay-type":"","overlay-color":"","overlay-gradient":""},"tablet":{"background-color":"var(--ast-global-color-5)","background-image":"","background-repeat":"repeat","background-position":"center center","background-size":"auto","background-attachment":"scroll","background-type":"","background-media":"","overlay-type":"","overlay-color":"","overlay-gradient":""},"mobile":{"background-color":"var(--ast-global-color-5)","background-image":"","background-repeat":"repeat","background-position":"center center","background-size":"auto","background-attachment":"scroll","background-type":"","background-media":"","overlay-type":"","overlay-color":"","overlay-gradient":""}},"footnotes":""},"uagb_featured_image_src":{"full":false,"thumbnail":false,"medium":false,"medium_large":false,"large":false,"1536x1536":false,"2048x2048":false},"uagb_author_info":{"display_name":"adminsites@uepa.br","author_link":"https:\/\/propesp.uepa.br\/ppgca\/index.php\/author\/adminsitesuepa-br\/"},"uagb_comment_info":0,"uagb_excerpt":"\u00c1reas de Interesse LINHAS DE PESQUISA \u00c1REAS DE INTERESSE PROFESSOR(A) Meio Ambiente e Sustentabilidade Educa\u00e7\u00e3o Ambiental, Cultura e Sociedade na Amaz\u00f4nia Altem Nascimento Pontes e Ana L\u00facia Nunes Gutjahr Sa\u00fade P\u00fablica e Ambiental na Amaz\u00f4nia Cl\u00e9a Nazar\u00e9 Carneiro Bichara e Ana L\u00facia Nunes Gutjahr An\u00e1lise e Avalia\u00e7\u00e3o de Impactos Socioecon\u00f4micos e Ambientais no Ambiente Amaz\u00f4nico&hellip;","_links":{"self":[{"href":"https:\/\/propesp.uepa.br\/ppgca\/index.php\/wp-json\/wp\/v2\/pages\/154"}],"collection":[{"href":"https:\/\/propesp.uepa.br\/ppgca\/index.php\/wp-json\/wp\/v2\/pages"}],"about":[{"href":"https:\/\/propesp.uepa.br\/ppgca\/index.php\/wp-json\/wp\/v2\/types\/page"}],"author":[{"embeddable":true,"href":"https:\/\/propesp.uepa.br\/ppgca\/index.php\/wp-json\/wp\/v2\/users\/4"}],"replies":[{"embeddable":true,"href":"https:\/\/propesp.uepa.br\/ppgca\/index.php\/wp-json\/wp\/v2\/comments?post=154"}],"version-history":[{"count":4,"href":"https:\/\/propesp.uepa.br\/ppgca\/index.php\/wp-json\/wp\/v2\/pages\/154\/revisions"}],"predecessor-version":[{"id":1760,"href":"https:\/\/propesp.uepa.br\/ppgca\/index.php\/wp-json\/wp\/v2\/pages\/154\/revisions\/1760"}],"wp:attachment":[{"href":"https:\/\/propesp.uepa.br\/ppgca\/index.php\/wp-json\/wp\/v2\/media?parent=154"}],"curies":[{"name":"wp","href":"https:\/\/api.w.org\/{rel}","templated":true}]}}