{"id":157,"date":"2019-01-26T15:46:43","date_gmt":"2019-01-26T17:46:43","guid":{"rendered":"https:\/\/paginas.uepa.br\/pcambientais\/ppgca\/?page_id=157"},"modified":"2023-02-17T09:49:54","modified_gmt":"2023-02-17T12:49:54","slug":"linhas-de-pesquisa","status":"publish","type":"page","link":"https:\/\/propesp.uepa.br\/ppgca\/index.php\/linhas-de-pesquisa\/","title":{"rendered":"Linhas de Pesquisa"},"content":{"rendered":"\n<div class=\"wp-block-uagb-container uagb-block-a5ca9a93 alignfull uagb-is-root-container\"><div class=\"uagb-container-inner-blocks-wrap\">\n<div class=\"wp-block-uagb-advanced-heading uagb-block-06a84802\"><h1 class=\"uagb-heading-text\">Linhas de Pesquisa<\/h1><div class=\"uagb-separator\"><\/div><\/div>\n\n\n\n<p class=\"has-text-align-center\">O programa de P\u00f3s-gradua\u00e7\u00e3o em Ci\u00eancias Ambientais da UEPA possui uma \u00e1rea de concentra\u00e7\u00e3o: Ambiente e Sustentabilidade na Amaz\u00f4nia Brasileira com duas linhas, conforme a seguir:<\/p>\n\n\n\n<div class=\"wp-block-uagb-container uagb-block-88ee7f02\">\n<div class=\"wp-block-uagb-advanced-heading uagb-block-4968c164\"><h3 class=\"uagb-heading-text\"><strong>Linha de Pesquisa: Meio Ambiente e Sustentabilidade<\/strong>&nbsp;<\/h3><div class=\"uagb-separator\"><\/div><\/div>\n\n\n\n<p class=\"has-text-align-center\">&nbsp;<br>Com o foco voltado para o desenvolvimento de atividades interdisciplinares, na avalia\u00e7\u00e3o e estrutura do meio f\u00edsico dos diversos ambientes amaz\u00f4nicos, bem como os processos de an\u00e1lise e avalia\u00e7\u00e3o de impactos ambientais, biotecnol\u00f3gicas, entomol\u00f3gicas, epidemiol\u00f3gicas e suas rela\u00e7\u00f5es com as pol\u00edticas p\u00fablicas e gest\u00e3o ambiental na Amaz\u00f4nia.<br><br><strong>Docentes:<\/strong><br>1. Ana L\u00facia Nunes Gutjahr<br>2. Cl\u00e9a Nazar\u00e9 Carneiro Bichara<br>3. H\u00e9lio Raymundo Ferreira Filho<br>4. Manoel Tavares de Paula&nbsp;<br>5. Norma Ely Beltr\u00e3o<br>6. Suezilde da Concei\u00e7\u00e3o Amaral Ribeiro<\/p>\n<\/div>\n\n\n\n<div class=\"wp-block-uagb-container uagb-block-3d214e8d\">\n<div class=\"wp-block-uagb-advanced-heading uagb-block-d61c39b0\"><h3 class=\"uagb-heading-text\"><strong>Linha de Pesquisa:&nbsp;Estudos de Ecossistemas Amaz\u00f4nicos<\/strong><\/h3><div class=\"uagb-separator\"><\/div><\/div>\n\n\n\n<p class=\"has-text-align-center\">Visa os estudos interdisciplinares das din\u00e2micas socioambientais dos ecossistemas amaz\u00f4nicos e suas rela\u00e7\u00f5es ecol\u00f3gicas e com as pr\u00e1ticas de campo e monitoramento ambiental visando \u00e0 conserva\u00e7\u00e3o e preserva\u00e7\u00e3o da biodiversidade amaz\u00f4nica.<br><br><strong>Docentes:<\/strong><br>1. Altem Nascimento Pontes<br>2. Ana Cl\u00e1udia Caldeira Tavares Martins<br>3. Flavia Cristina Araujo Lucas<br>4. Gundisalvo Piratoba Morales<br>5. Hebe Morganne Campos Ribeiro<br>6. Alfredo Kingo Oyama Homma<\/p>\n<\/div>\n<\/div><\/div>\n","protected":false},"excerpt":{"rendered":"<p>Linhas de Pesquisa O programa de P\u00f3s-gradua\u00e7\u00e3o em Ci\u00eancias Ambientais da UEPA possui uma \u00e1rea de concentra\u00e7\u00e3o: Ambiente e Sustentabilidade na Amaz\u00f4nia Brasileira com duas linhas, conforme a seguir: Linha de Pesquisa: Meio Ambiente e Sustentabilidade&nbsp; &nbsp;Com o foco voltado para o desenvolvimento de atividades interdisciplinares, na avalia\u00e7\u00e3o e estrutura do meio f\u00edsico dos diversos &hellip;<\/p>\n<p class=\"read-more\"> <a class=\"\" href=\"https:\/\/propesp.uepa.br\/ppgca\/index.php\/linhas-de-pesquisa\/\"> <span class=\"screen-reader-text\">Linhas de Pesquisa<\/span> Leia mais &raquo;<\/a><\/p>\n","protected":false},"author":4,"featured_media":0,"parent":0,"menu_order":0,"comment_status":"closed","ping_status":"closed","template":"","meta":{"_uag_custom_page_level_css":"","_mi_skip_tracking":false,"_exactmetrics_sitenote_active":false,"_exactmetrics_sitenote_note":"","_exactmetrics_sitenote_category":0,"site-sidebar-layout":"default","site-content-layout":"","ast-site-content-layout":"","site-content-style":"default","site-sidebar-style":"default","ast-global-header-display":"","ast-banner-title-visibility":"","ast-main-header-display":"","ast-hfb-above-header-display":"","ast-hfb-below-header-display":"","ast-hfb-mobile-header-display":"","site-post-title":"disabled","ast-breadcrumbs-content":"","ast-featured-img":"","footer-sml-layout":"","theme-transparent-header-meta":"","adv-header-id-meta":"","stick-header-meta":"","header-above-stick-meta":"","header-main-stick-meta":"","header-below-stick-meta":"","astra-migrate-meta-layouts":"","ast-page-background-enabled":"default","ast-page-background-meta":{"desktop":{"background-color":"var(--ast-global-color-4)","background-image":"","background-repeat":"repeat","background-position":"center center","background-size":"auto","background-attachment":"scroll","background-type":"","background-media":"","overlay-type":"","overlay-color":"","overlay-gradient":""},"tablet":{"background-color":"","background-image":"","background-repeat":"repeat","background-position":"center center","background-size":"auto","background-attachment":"scroll","background-type":"","background-media":"","overlay-type":"","overlay-color":"","overlay-gradient":""},"mobile":{"background-color":"","background-image":"","background-repeat":"repeat","background-position":"center center","background-size":"auto","background-attachment":"scroll","background-type":"","background-media":"","overlay-type":"","overlay-color":"","overlay-gradient":""}},"ast-content-background-meta":{"desktop":{"background-color":"var(--ast-global-color-5)","background-image":"","background-repeat":"repeat","background-position":"center center","background-size":"auto","background-attachment":"scroll","background-type":"","background-media":"","overlay-type":"","overlay-color":"","overlay-gradient":""},"tablet":{"background-color":"var(--ast-global-color-5)","background-image":"","background-repeat":"repeat","background-position":"center center","background-size":"auto","background-attachment":"scroll","background-type":"","background-media":"","overlay-type":"","overlay-color":"","overlay-gradient":""},"mobile":{"background-color":"var(--ast-global-color-5)","background-image":"","background-repeat":"repeat","background-position":"center center","background-size":"auto","background-attachment":"scroll","background-type":"","background-media":"","overlay-type":"","overlay-color":"","overlay-gradient":""}},"footnotes":""},"uagb_featured_image_src":{"full":false,"thumbnail":false,"medium":false,"medium_large":false,"large":false,"1536x1536":false,"2048x2048":false},"uagb_author_info":{"display_name":"adminsites@uepa.br","author_link":"https:\/\/propesp.uepa.br\/ppgca\/index.php\/author\/adminsitesuepa-br\/"},"uagb_comment_info":0,"uagb_excerpt":"Linhas de Pesquisa O programa de P\u00f3s-gradua\u00e7\u00e3o em Ci\u00eancias Ambientais da UEPA possui uma \u00e1rea de concentra\u00e7\u00e3o: Ambiente e Sustentabilidade na Amaz\u00f4nia Brasileira com duas linhas, conforme a seguir: Linha de Pesquisa: Meio Ambiente e Sustentabilidade&nbsp; &nbsp;Com o foco voltado para o desenvolvimento de atividades interdisciplinares, na avalia\u00e7\u00e3o e estrutura do meio f\u00edsico dos diversos&hellip;","_links":{"self":[{"href":"https:\/\/propesp.uepa.br\/ppgca\/index.php\/wp-json\/wp\/v2\/pages\/157"}],"collection":[{"href":"https:\/\/propesp.uepa.br\/ppgca\/index.php\/wp-json\/wp\/v2\/pages"}],"about":[{"href":"https:\/\/propesp.uepa.br\/ppgca\/index.php\/wp-json\/wp\/v2\/types\/page"}],"author":[{"embeddable":true,"href":"https:\/\/propesp.uepa.br\/ppgca\/index.php\/wp-json\/wp\/v2\/users\/4"}],"replies":[{"embeddable":true,"href":"https:\/\/propesp.uepa.br\/ppgca\/index.php\/wp-json\/wp\/v2\/comments?post=157"}],"version-history":[{"count":5,"href":"https:\/\/propesp.uepa.br\/ppgca\/index.php\/wp-json\/wp\/v2\/pages\/157\/revisions"}],"predecessor-version":[{"id":2367,"href":"https:\/\/propesp.uepa.br\/ppgca\/index.php\/wp-json\/wp\/v2\/pages\/157\/revisions\/2367"}],"wp:attachment":[{"href":"https:\/\/propesp.uepa.br\/ppgca\/index.php\/wp-json\/wp\/v2\/media?parent=157"}],"curies":[{"name":"wp","href":"https:\/\/api.w.org\/{rel}","templated":true}]}}