{"id":159,"date":"2019-01-26T15:46:43","date_gmt":"2019-01-26T17:46:43","guid":{"rendered":"https:\/\/paginas.uepa.br\/pcambientais\/ppgca\/?page_id=159"},"modified":"2023-02-02T11:34:05","modified_gmt":"2023-02-02T14:34:05","slug":"formularios","status":"publish","type":"page","link":"https:\/\/propesp.uepa.br\/ppgca\/index.php\/formularios\/","title":{"rendered":"Formul\u00e1rios"},"content":{"rendered":"\n<div class=\"wp-block-uagb-container uagb-block-61e54a20 alignfull uagb-is-root-container\"><div class=\"uagb-container-inner-blocks-wrap\">\n<div class=\"wp-block-uagb-container uagb-block-66a426f1\">\n<div class=\"wp-block-uagb-advanced-heading uagb-block-da404791\"><h1 class=\"uagb-heading-text\">Formul\u00e1rios<\/h1><div class=\"uagb-separator\"><\/div><\/div>\n\n\n\n<p class=\"has-text-align-center\"><br><strong>Ficha de Cadastro Discente<\/strong><\/p>\n\n\n\n<p class=\"has-text-align-center\"><strong><a href=\"https:\/\/propesp.uepa.br\/ppgca\/wp-content\/uploads\/2023\/02\/ficha_cadastro_aluno_regular.pdf\" target=\"_blank\" rel=\"noreferrer noopener\">Ficha de Cadastro de Aluno Regular<\/a><\/strong><\/p>\n\n\n\n<p class=\"has-text-align-center\"><strong><a href=\"https:\/\/propesp.uepa.br\/ppgca\/wp-content\/uploads\/2023\/02\/ficha_cadastro_aluno_especial.pdf\" target=\"_blank\" rel=\"noreferrer noopener\">Ficha de Cadastro de Aluno Especial<\/a><\/strong><\/p>\n\n\n\n<p class=\"has-text-align-center\"><strong>Formul\u00e1rio de Cadastro Docente<\/strong><\/p>\n\n\n\n<p class=\"has-text-align-center\"><strong><a href=\"https:\/\/propesp.uepa.br\/ppgca\/wp-content\/uploads\/2023\/02\/cadastro_docente_permanente_mestrado_ciencias_ambientais.pdf\" target=\"_blank\" rel=\"noreferrer noopener\">Formul\u00e1rio de Cadastro de Docente Permamente<\/a><\/strong><\/p>\n\n\n\n<p class=\"has-text-align-center\"><strong><a href=\"https:\/\/propesp.uepa.br\/ppgca\/wp-content\/uploads\/2023\/02\/cadastro_docente_externo_mestrado_ciencias_ambientais.pdf\" target=\"_blank\" rel=\"noreferrer noopener\">Formul\u00e1rio de Cadastro de Docente Colaborador na Condi\u00e7\u00e3o de Participante Externo<\/a><\/strong><\/p>\n\n\n\n<p class=\"has-text-align-center\"><strong><a href=\"https:\/\/propesp.uepa.br\/ppgca\/wp-content\/uploads\/2023\/02\/formulario_cadastro_participante_externo.pdf\" target=\"_blank\" rel=\"noreferrer noopener\">Formul\u00e1rio de Cadastro de Participante Externo<\/a><\/strong><\/p>\n\n\n\n<p class=\"has-text-align-center\"><strong>Matr\u00edcula<\/strong><\/p>\n\n\n\n<p class=\"has-text-align-center\"><strong><a href=\"https:\/\/propesp.uepa.br\/ppgca\/wp-content\/uploads\/2023\/02\/requerimento_matricula_aluno_regular.pdf\" target=\"_blank\" rel=\"noreferrer noopener\">Requerimento de Matr\u00edcula para Aluno Regular<\/a><\/strong><\/p>\n\n\n\n<p class=\"has-text-align-center\"><strong><a href=\"https:\/\/propesp.uepa.br\/ppgca\/wp-content\/uploads\/2023\/02\/requerimento_matricula_aluno_especial.pdf\" target=\"_blank\" rel=\"noreferrer noopener\">Requerimento de Matr\u00edcula para Aluno Especial<\/a><\/strong><\/p>\n\n\n\n<p class=\"has-text-align-center\"><strong><a href=\"https:\/\/propesp.uepa.br\/ppgca\/wp-content\/uploads\/2023\/02\/requerimento_matricula_alunos_especiais_outros_programas.pdf\" target=\"_blank\" rel=\"noreferrer noopener\">Requerimento de Matr\u00edcula para Aluno Especial de outros Programas de P\u00f3s-Gradua\u00e7\u00e3o Stricto Sensu<\/a><\/strong><\/p>\n\n\n\n<p class=\"has-text-align-center\"><strong><a href=\"https:\/\/propesp.uepa.br\/ppgca\/wp-content\/uploads\/2023\/02\/requerimento_trancamento_matricula.pdf\" target=\"_blank\" rel=\"noreferrer noopener\">Requerimento de Trancamento de Matr\u00edcula<\/a><\/strong><\/p>\n\n\n\n<p class=\"has-text-align-center\"><strong><a href=\"https:\/\/propesp.uepa.br\/ppgca\/wp-content\/uploads\/2023\/02\/requerimento_reabertura_matricula.pdf\" target=\"_blank\" rel=\"noreferrer noopener\">Requerimento de Reabertura de Matr\u00edcula<\/a><\/strong><\/p>\n\n\n\n<p class=\"has-text-align-center\"><strong><a href=\"https:\/\/propesp.uepa.br\/ppgca\/wp-content\/uploads\/2023\/02\/termo_compromisso_tempo_integral_aluno_regular.pdf\" target=\"_blank\" rel=\"noreferrer noopener\">Termo de Compromisso de Disponibilidade de Tempo Integral para Aluno Regular<\/a><\/strong><\/p>\n\n\n\n<p class=\"has-text-align-center\"><strong>Cr\u00e9dito em Disciplina Eletiva<\/strong><\/p>\n\n\n\n<p class=\"has-text-align-center\"><strong><a href=\"https:\/\/propesp.uepa.br\/ppgca\/wp-content\/uploads\/2023\/02\/requerimento_credito_disciplina.pdf\" target=\"_blank\" rel=\"noreferrer noopener\">Requerimento de Cr\u00e9dito em Disciplina Eletiva<\/a><\/strong><\/p>\n\n\n\n<p class=\"has-text-align-center\"><strong>Est\u00e1gio Doc\u00eancia<\/strong><\/p>\n\n\n\n<p class=\"has-text-align-center\"><strong><a href=\"https:\/\/propesp.uepa.br\/ppgca\/wp-content\/uploads\/2023\/02\/requerimento_matricula_estagio_docencia.pdf\" target=\"_blank\" rel=\"noreferrer noopener\">Requerimento de Matr\u00edcula em Est\u00e1gio Doc\u00eancia<\/a><\/strong><\/p>\n\n\n\n<p class=\"has-text-align-center\"><strong><a href=\"https:\/\/propesp.uepa.br\/ppgca\/wp-content\/uploads\/2023\/02\/termo_aceite_supervisao_estagio_docencia.pdf\" target=\"_blank\" rel=\"noreferrer noopener\">Termo de Aceite de Supervis\u00e3o de Est\u00e1gio Doc\u00eancia<\/a><\/strong><\/p>\n\n\n\n<p class=\"has-text-align-center\"><strong><a href=\"https:\/\/propesp.uepa.br\/ppgca\/wp-content\/uploads\/2023\/02\/relatorio_atividades_estagio_docencia.pdf\" target=\"_blank\" rel=\"noreferrer noopener\">Relat\u00f3rio de Atividades do Est\u00e1gio Doc\u00eancia<\/a><\/strong><\/p>\n\n\n\n<p class=\"has-text-align-center\"><strong><a href=\"https:\/\/propesp.uepa.br\/ppgca\/wp-content\/uploads\/2023\/02\/requerimento_dispensa_estagio_docencia.pdf\" target=\"_blank\" rel=\"noreferrer noopener\">Requerimento de Dispensa de Est\u00e1gio Doc\u00eancia<\/a><\/strong><\/p>\n\n\n\n<p class=\"has-text-align-center\"><strong>Bolsas<\/strong><\/p>\n\n\n\n<p class=\"has-text-align-center\"><strong><a href=\"https:\/\/propesp.uepa.br\/ppgca\/wp-content\/uploads\/2023\/02\/declaracao_vinculo_empregaticio.pdf\" target=\"_blank\" rel=\"noreferrer noopener\">Declara\u00e7\u00e3o de V\u00ednculo Empregat\u00edcio<\/a><\/strong><\/p>\n\n\n\n<p class=\"has-text-align-center\"><strong><a href=\"https:\/\/propesp.uepa.br\/ppgca\/wp-content\/uploads\/2023\/02\/termo_compromisso_bolsista_mestrado.pdf\" target=\"_blank\" rel=\"noreferrer noopener\">Termo de Compromisso de Bolsista de Mestrado<\/a><\/strong><\/p>\n\n\n\n<p class=\"has-text-align-center\"><strong>Orienta\u00e7\u00e3o<\/strong><\/p>\n\n\n\n<p class=\"has-text-align-center\"><strong><a href=\"https:\/\/propesp.uepa.br\/ppgca\/wp-content\/uploads\/2023\/02\/termo_aceite_orientacao.pdf\" target=\"_blank\" rel=\"noreferrer noopener\">Termo de Aceite de Orienta\u00e7\u00e3o<\/a><\/strong><\/p>\n\n\n\n<p class=\"has-text-align-center\"><strong><a href=\"https:\/\/propesp.uepa.br\/ppgca\/wp-content\/uploads\/2023\/02\/termo_aceite_co_orientacao.pdf\" target=\"_blank\" rel=\"noreferrer noopener\">Termo de Aceite de Co-Orienta\u00e7\u00e3o<\/a><\/strong><\/p>\n\n\n\n<p class=\"has-text-align-center\"><strong><a href=\"https:\/\/propesp.uepa.br\/ppgca\/wp-content\/uploads\/2023\/02\/requerimento_mudanca_orientacao.pdf\" target=\"_blank\" rel=\"noreferrer noopener\">Requerimento para Mudan\u00e7a de Orientador<\/a><\/strong><\/p>\n\n\n\n<p class=\"has-text-align-center\"><strong>Exame de Qualifica\u00e7\u00e3o<\/strong><\/p>\n\n\n\n<p class=\"has-text-align-center\"><strong><a href=\"https:\/\/propesp.uepa.br\/ppgca\/wp-content\/uploads\/2023\/02\/formulario_exame_qualificacao.pdf\" target=\"_blank\" rel=\"noreferrer noopener\">Formul\u00e1rio de Solicita\u00e7\u00e3o de Exame de Qualifica\u00e7\u00e3o<\/a><\/strong><\/p>\n\n\n\n<p class=\"has-text-align-center\"><strong><a href=\"https:\/\/propesp.uepa.br\/ppgca\/wp-content\/uploads\/2023\/02\/formulario_prorrogacao_exame_qualificacao.pdf\" target=\"_blank\" rel=\"noreferrer noopener\">Formul\u00e1rio de Solicita\u00e7\u00e3o de Prorroga\u00e7\u00e3o de Exame de Qualifica\u00e7\u00e3o<\/a><\/strong><\/p>\n\n\n\n<p class=\"has-text-align-center\"><strong>Defesa de Disserta\u00e7\u00e3o<\/strong><\/p>\n\n\n\n<p class=\"has-text-align-center\"><strong><a href=\"https:\/\/propesp.uepa.br\/ppgca\/wp-content\/uploads\/2023\/02\/formulario_defesa_dissertacao.pdf\" target=\"_blank\" rel=\"noreferrer noopener\">Formul\u00e1rio de Solicita\u00e7\u00e3o de Defesa de Disserta\u00e7\u00e3o<\/a><\/strong><\/p>\n\n\n\n<p class=\"has-text-align-center\"><strong><a href=\"https:\/\/propesp.uepa.br\/ppgca\/wp-content\/uploads\/2023\/02\/formulario_prorrogacao_defesa_dissertacao.pdf\" target=\"_blank\" rel=\"noreferrer noopener\">Formul\u00e1rio de Solicita\u00e7\u00e3o de Prorroga\u00e7\u00e3o de Defesa de Disserta\u00e7\u00e3o<\/a><\/strong><\/p>\n\n\n\n<p class=\"has-text-align-center\"><strong><a href=\"https:\/\/propesp.uepa.br\/ppgca\/wp-content\/uploads\/2023\/02\/termo_cessao_direitos_dissertacao_internet.pdf\" target=\"_blank\" rel=\"noreferrer noopener\">Termo de Cess\u00e3o de Direitos para Divulga\u00e7\u00e3o da Disserta\u00e7\u00e3o<\/a><\/strong><\/p>\n\n\n\n<p class=\"has-text-align-center\"><strong>Dep\u00f3sito da Vers\u00e3o Final de Disserta\u00e7\u00e3o<\/strong><\/p>\n\n\n\n<p class=\"has-text-align-center\"><strong><a href=\"https:\/\/propesp.uepa.br\/ppgca\/wp-content\/uploads\/2023\/02\/formulario_versao_final_dissertacao.pdf\" target=\"_blank\" rel=\"noreferrer noopener\">Formul\u00e1rio de Dep\u00f3sito da Vers\u00e3o Final de Disserta\u00e7\u00e3o<\/a><\/strong><\/p>\n\n\n\n<p class=\"has-text-align-center\"><strong>Recursos<\/strong><br><br><strong><a href=\"https:\/\/propesp.uepa.br\/ppgca\/wp-content\/uploads\/2023\/02\/recurso_processo_seletivo.pdf\" target=\"_blank\" rel=\"noreferrer noopener\">Formul\u00e1rio para Recurso<\/a><\/strong><\/p>\n\n\n\n<p class=\"has-text-align-center\"><strong>Prova de Profici\u00eancia\u00a0<\/strong><br><br><strong><a href=\"https:\/\/propesp.uepa.br\/ppgca\/wp-content\/uploads\/2023\/02\/requerimento_realizacao_prova_proficiencia.pdf\" target=\"_blank\" rel=\"noreferrer noopener\">Requerimento para Prova de Profici\u00eancia<\/a><\/strong><\/p>\n\n\n\n<p class=\"has-text-align-center\"><strong>Aux\u00edlio Financeiro<\/strong>\u00a0<br><br><strong><a href=\"https:\/\/propesp.uepa.br\/ppgca\/wp-content\/uploads\/2023\/02\/requerimento_auxilio_financeiro_participacao_evento_aluno.pdf\" target=\"_blank\" rel=\"noreferrer noopener\">Requerimento de Aux\u00edlio Financeiro para Participa\u00e7\u00e3o de Alunos em Eventos<\/a><\/strong><\/p>\n\n\n\n<p class=\"has-text-align-center\"><strong>Relat\u00f3rio de Viagem<\/strong><\/p>\n\n\n\n<p class=\"has-text-align-center\"><strong><a href=\"https:\/\/propesp.uepa.br\/ppgca\/wp-content\/uploads\/2023\/02\/relatorio_viagem_mestrado_ciencias_ambientais.doc\" target=\"_blank\" rel=\"noreferrer noopener\">Formul\u00e1rio para Relat\u00f3rio de Viagem<\/a><\/strong><\/p>\n\n\n\n<p class=\"has-text-align-center\"><strong>Carta de Inten\u00e7\u00e3o<\/strong><\/p>\n\n\n\n<p class=\"has-text-align-center\"><strong><a href=\"https:\/\/propesp.uepa.br\/ppgca\/wp-content\/uploads\/2023\/02\/modelo_carta_intencao.doc\" target=\"_blank\" rel=\"noreferrer noopener\">Modelo de Carta de Inten\u00e7\u00e3o<\/a><\/strong><\/p>\n\n\n\n<p class=\"has-text-align-center\"><strong>Isen\u00e7\u00e3o de Pagamento de Taxa de Inscri\u00e7\u00e3o<\/strong><\/p>\n\n\n\n<p class=\"has-text-align-center\"><strong><a href=\"https:\/\/propesp.uepa.br\/ppgca\/wp-content\/uploads\/2023\/02\/formulario_isencao_taxa_inscricao.pdf\" target=\"_blank\" rel=\"noreferrer noopener\">Requerimento de Isen\u00e7\u00e3o de Pagamento de Taxa de Inscri\u00e7\u00e3o<\/a><\/strong><\/p>\n\n\n\n<p class=\"has-text-align-center\"><strong>Impugna\u00e7\u00e3o de Edital<\/strong><\/p>\n\n\n\n<p class=\"has-text-align-center\"><strong><a href=\"https:\/\/propesp.uepa.br\/ppgca\/wp-content\/uploads\/2023\/02\/formulario_inpugnacao_edital.pdf\" target=\"_blank\" rel=\"noreferrer noopener\">Requerimento de Impugna\u00e7\u00e3o de Edital<\/a><\/strong><\/p>\n<\/div>\n<\/div><\/div>\n","protected":false},"excerpt":{"rendered":"<p>Formul\u00e1rios Ficha de Cadastro Discente Ficha de Cadastro de Aluno Regular Ficha de Cadastro de Aluno Especial Formul\u00e1rio de Cadastro Docente Formul\u00e1rio de Cadastro de Docente Permamente Formul\u00e1rio de Cadastro de Docente Colaborador na Condi\u00e7\u00e3o de Participante Externo Formul\u00e1rio de Cadastro de Participante Externo Matr\u00edcula Requerimento de Matr\u00edcula para Aluno Regular Requerimento de Matr\u00edcula para &hellip;<\/p>\n<p class=\"read-more\"> <a class=\"\" href=\"https:\/\/propesp.uepa.br\/ppgca\/index.php\/formularios\/\"> <span class=\"screen-reader-text\">Formul\u00e1rios<\/span> Leia mais &raquo;<\/a><\/p>\n","protected":false},"author":4,"featured_media":0,"parent":0,"menu_order":0,"comment_status":"closed","ping_status":"closed","template":"","meta":{"_uag_custom_page_level_css":"","_mi_skip_tracking":false,"_exactmetrics_sitenote_active":false,"_exactmetrics_sitenote_note":"","_exactmetrics_sitenote_category":0,"site-sidebar-layout":"default","site-content-layout":"","ast-site-content-layout":"","site-content-style":"default","site-sidebar-style":"default","ast-global-header-display":"","ast-banner-title-visibility":"","ast-main-header-display":"","ast-hfb-above-header-display":"","ast-hfb-below-header-display":"","ast-hfb-mobile-header-display":"","site-post-title":"disabled","ast-breadcrumbs-content":"","ast-featured-img":"","footer-sml-layout":"","theme-transparent-header-meta":"","adv-header-id-meta":"","stick-header-meta":"","header-above-stick-meta":"","header-main-stick-meta":"","header-below-stick-meta":"","astra-migrate-meta-layouts":"","ast-page-background-enabled":"default","ast-page-background-meta":{"desktop":{"background-color":"var(--ast-global-color-4)","background-image":"","background-repeat":"repeat","background-position":"center center","background-size":"auto","background-attachment":"scroll","background-type":"","background-media":"","overlay-type":"","overlay-color":"","overlay-gradient":""},"tablet":{"background-color":"","background-image":"","background-repeat":"repeat","background-position":"center center","background-size":"auto","background-attachment":"scroll","background-type":"","background-media":"","overlay-type":"","overlay-color":"","overlay-gradient":""},"mobile":{"background-color":"","background-image":"","background-repeat":"repeat","background-position":"center center","background-size":"auto","background-attachment":"scroll","background-type":"","background-media":"","overlay-type":"","overlay-color":"","overlay-gradient":""}},"ast-content-background-meta":{"desktop":{"background-color":"var(--ast-global-color-5)","background-image":"","background-repeat":"repeat","background-position":"center center","background-size":"auto","background-attachment":"scroll","background-type":"","background-media":"","overlay-type":"","overlay-color":"","overlay-gradient":""},"tablet":{"background-color":"var(--ast-global-color-5)","background-image":"","background-repeat":"repeat","background-position":"center center","background-size":"auto","background-attachment":"scroll","background-type":"","background-media":"","overlay-type":"","overlay-color":"","overlay-gradient":""},"mobile":{"background-color":"var(--ast-global-color-5)","background-image":"","background-repeat":"repeat","background-position":"center center","background-size":"auto","background-attachment":"scroll","background-type":"","background-media":"","overlay-type":"","overlay-color":"","overlay-gradient":""}},"footnotes":""},"uagb_featured_image_src":{"full":false,"thumbnail":false,"medium":false,"medium_large":false,"large":false,"1536x1536":false,"2048x2048":false},"uagb_author_info":{"display_name":"adminsites@uepa.br","author_link":"https:\/\/propesp.uepa.br\/ppgca\/index.php\/author\/adminsitesuepa-br\/"},"uagb_comment_info":0,"uagb_excerpt":"Formul\u00e1rios Ficha de Cadastro Discente Ficha de Cadastro de Aluno Regular Ficha de Cadastro de Aluno Especial Formul\u00e1rio de Cadastro Docente Formul\u00e1rio de Cadastro de Docente Permamente Formul\u00e1rio de Cadastro de Docente Colaborador na Condi\u00e7\u00e3o de Participante Externo Formul\u00e1rio de Cadastro de Participante Externo Matr\u00edcula Requerimento de Matr\u00edcula para Aluno Regular Requerimento de Matr\u00edcula para&hellip;","_links":{"self":[{"href":"https:\/\/propesp.uepa.br\/ppgca\/index.php\/wp-json\/wp\/v2\/pages\/159"}],"collection":[{"href":"https:\/\/propesp.uepa.br\/ppgca\/index.php\/wp-json\/wp\/v2\/pages"}],"about":[{"href":"https:\/\/propesp.uepa.br\/ppgca\/index.php\/wp-json\/wp\/v2\/types\/page"}],"author":[{"embeddable":true,"href":"https:\/\/propesp.uepa.br\/ppgca\/index.php\/wp-json\/wp\/v2\/users\/4"}],"replies":[{"embeddable":true,"href":"https:\/\/propesp.uepa.br\/ppgca\/index.php\/wp-json\/wp\/v2\/comments?post=159"}],"version-history":[{"count":5,"href":"https:\/\/propesp.uepa.br\/ppgca\/index.php\/wp-json\/wp\/v2\/pages\/159\/revisions"}],"predecessor-version":[{"id":2231,"href":"https:\/\/propesp.uepa.br\/ppgca\/index.php\/wp-json\/wp\/v2\/pages\/159\/revisions\/2231"}],"wp:attachment":[{"href":"https:\/\/propesp.uepa.br\/ppgca\/index.php\/wp-json\/wp\/v2\/media?parent=159"}],"curies":[{"name":"wp","href":"https:\/\/api.w.org\/{rel}","templated":true}]}}