{"id":175,"date":"2019-01-26T15:50:06","date_gmt":"2019-01-26T17:50:06","guid":{"rendered":"https:\/\/paginas.uepa.br\/pcambientais\/ppgca\/?page_id=175"},"modified":"2023-02-02T08:54:22","modified_gmt":"2023-02-02T11:54:22","slug":"calendario","status":"publish","type":"page","link":"https:\/\/propesp.uepa.br\/ppgca\/index.php\/calendario\/","title":{"rendered":"Calend\u00e1rio"},"content":{"rendered":"\n<div class=\"wp-block-uagb-container uagb-block-06e37f6c alignfull uagb-is-root-container\"><div class=\"uagb-container-inner-blocks-wrap\">\n<div class=\"wp-block-uagb-container uagb-block-cda7be5c\">\n<div class=\"wp-block-uagb-advanced-heading uagb-block-9cc5d45b\"><h1 class=\"uagb-heading-text\">Calend\u00e1rio<\/h1><div class=\"uagb-separator\"><\/div><\/div>\n\n\n\n<p class=\"has-text-align-center\"><a rel=\"noreferrer noopener\" href=\"https:\/\/propesp.uepa.br\/ppgca\/wp-content\/uploads\/2023\/02\/calendario_academico_2019.pdf\" target=\"_blank\"><strong>Calend\u00e1rio Acad\u00eamico 2019<\/strong><\/a><\/p>\n\n\n\n<p class=\"has-text-align-center\"><strong><a href=\"https:\/\/propesp.uepa.br\/ppgca\/wp-content\/uploads\/2023\/02\/calendario_academico_2018.pdf\" target=\"_blank\" rel=\"noreferrer noopener\">Calend\u00e1rio Acad\u00eamico 2018<\/a><\/strong><\/p>\n\n\n\n<p class=\"has-text-align-center\"><strong><a href=\"https:\/\/propesp.uepa.br\/ppgca\/wp-content\/uploads\/2023\/02\/calendario_academico_2017.pdf\" target=\"_blank\" rel=\"noreferrer noopener\">Calend\u00e1rio Acad\u00eamico 2017<\/a><\/strong><\/p>\n\n\n\n<p class=\"has-text-align-center\"><a rel=\"noreferrer noopener\" href=\"https:\/\/propesp.uepa.br\/ppgca\/wp-content\/uploads\/2023\/02\/calendario_academico_2016.pdf\" target=\"_blank\"><strong>Calend\u00e1rio Acad\u00eamico 2016<\/strong><\/a><\/p>\n\n\n\n<p class=\"has-text-align-center\"><strong><a href=\"https:\/\/propesp.uepa.br\/ppgca\/wp-content\/uploads\/2023\/02\/calendario_academico_2015.pdf\" target=\"_blank\" rel=\"noreferrer noopener\">Calend\u00e1rio Acad\u00eamico 2015<\/a><\/strong><\/p>\n\n\n\n<p class=\"has-text-align-center\"><strong><a href=\"https:\/\/propesp.uepa.br\/ppgca\/wp-content\/uploads\/2023\/02\/calendario_academico_2014.pdf\" target=\"_blank\" rel=\"noreferrer noopener\">Calend\u00e1rio Acad\u00eamico 2014<\/a><\/strong><\/p>\n\n\n\n<p class=\"has-text-align-center\"><strong><a href=\"https:\/\/propesp.uepa.br\/ppgca\/wp-content\/uploads\/2023\/02\/calendario_academico_20135.pdf\" target=\"_blank\" rel=\"noreferrer noopener\">Calend\u00e1rio Acad\u00eamico 2013<\/a><\/strong><\/p>\n\n\n\n<p class=\"has-text-align-center\"><strong><a href=\"https:\/\/propesp.uepa.br\/ppgca\/wp-content\/uploads\/2023\/02\/calendario_academico_final_20123.pdf\" target=\"_blank\" rel=\"noreferrer noopener\">Calend\u00e1rio Acad\u00eamico 2012<\/a><\/strong><\/p>\n\n\n\n<p class=\"has-text-align-center\"><strong><a href=\"https:\/\/propesp.uepa.br\/ppgca\/wp-content\/uploads\/2023\/02\/9.0-Calendario-Academico-2011.pdf\" target=\"_blank\" rel=\"noreferrer noopener\">Calend\u00e1rio Acad\u00eamico 2011<\/a><\/strong><\/p>\n<\/div>\n<\/div><\/div>\n","protected":false},"excerpt":{"rendered":"<p>Calend\u00e1rio Calend\u00e1rio Acad\u00eamico 2019 Calend\u00e1rio Acad\u00eamico 2018 Calend\u00e1rio Acad\u00eamico 2017 Calend\u00e1rio Acad\u00eamico 2016 Calend\u00e1rio Acad\u00eamico 2015 Calend\u00e1rio Acad\u00eamico 2014 Calend\u00e1rio Acad\u00eamico 2013 Calend\u00e1rio Acad\u00eamico 2012 Calend\u00e1rio Acad\u00eamico 2011<\/p>\n","protected":false},"author":4,"featured_media":0,"parent":0,"menu_order":0,"comment_status":"closed","ping_status":"closed","template":"","meta":{"_uag_custom_page_level_css":"","_mi_skip_tracking":false,"_exactmetrics_sitenote_active":false,"_exactmetrics_sitenote_note":"","_exactmetrics_sitenote_category":0,"site-sidebar-layout":"default","site-content-layout":"","ast-site-content-layout":"","site-content-style":"default","site-sidebar-style":"default","ast-global-header-display":"","ast-banner-title-visibility":"","ast-main-header-display":"","ast-hfb-above-header-display":"","ast-hfb-below-header-display":"","ast-hfb-mobile-header-display":"","site-post-title":"disabled","ast-breadcrumbs-content":"","ast-featured-img":"","footer-sml-layout":"","theme-transparent-header-meta":"","adv-header-id-meta":"","stick-header-meta":"","header-above-stick-meta":"","header-main-stick-meta":"","header-below-stick-meta":"","astra-migrate-meta-layouts":"","ast-page-background-enabled":"default","ast-page-background-meta":{"desktop":{"background-color":"var(--ast-global-color-4)","background-image":"","background-repeat":"repeat","background-position":"center center","background-size":"auto","background-attachment":"scroll","background-type":"","background-media":"","overlay-type":"","overlay-color":"","overlay-gradient":""},"tablet":{"background-color":"","background-image":"","background-repeat":"repeat","background-position":"center center","background-size":"auto","background-attachment":"scroll","background-type":"","background-media":"","overlay-type":"","overlay-color":"","overlay-gradient":""},"mobile":{"background-color":"","background-image":"","background-repeat":"repeat","background-position":"center center","background-size":"auto","background-attachment":"scroll","background-type":"","background-media":"","overlay-type":"","overlay-color":"","overlay-gradient":""}},"ast-content-background-meta":{"desktop":{"background-color":"var(--ast-global-color-5)","background-image":"","background-repeat":"repeat","background-position":"center center","background-size":"auto","background-attachment":"scroll","background-type":"","background-media":"","overlay-type":"","overlay-color":"","overlay-gradient":""},"tablet":{"background-color":"var(--ast-global-color-5)","background-image":"","background-repeat":"repeat","background-position":"center center","background-size":"auto","background-attachment":"scroll","background-type":"","background-media":"","overlay-type":"","overlay-color":"","overlay-gradient":""},"mobile":{"background-color":"var(--ast-global-color-5)","background-image":"","background-repeat":"repeat","background-position":"center center","background-size":"auto","background-attachment":"scroll","background-type":"","background-media":"","overlay-type":"","overlay-color":"","overlay-gradient":""}},"footnotes":""},"uagb_featured_image_src":{"full":false,"thumbnail":false,"medium":false,"medium_large":false,"large":false,"1536x1536":false,"2048x2048":false},"uagb_author_info":{"display_name":"adminsites@uepa.br","author_link":"https:\/\/propesp.uepa.br\/ppgca\/index.php\/author\/adminsitesuepa-br\/"},"uagb_comment_info":0,"uagb_excerpt":"Calend\u00e1rio Calend\u00e1rio Acad\u00eamico 2019 Calend\u00e1rio Acad\u00eamico 2018 Calend\u00e1rio Acad\u00eamico 2017 Calend\u00e1rio Acad\u00eamico 2016 Calend\u00e1rio Acad\u00eamico 2015 Calend\u00e1rio Acad\u00eamico 2014 Calend\u00e1rio Acad\u00eamico 2013 Calend\u00e1rio Acad\u00eamico 2012 Calend\u00e1rio Acad\u00eamico 2011","_links":{"self":[{"href":"https:\/\/propesp.uepa.br\/ppgca\/index.php\/wp-json\/wp\/v2\/pages\/175"}],"collection":[{"href":"https:\/\/propesp.uepa.br\/ppgca\/index.php\/wp-json\/wp\/v2\/pages"}],"about":[{"href":"https:\/\/propesp.uepa.br\/ppgca\/index.php\/wp-json\/wp\/v2\/types\/page"}],"author":[{"embeddable":true,"href":"https:\/\/propesp.uepa.br\/ppgca\/index.php\/wp-json\/wp\/v2\/users\/4"}],"replies":[{"embeddable":true,"href":"https:\/\/propesp.uepa.br\/ppgca\/index.php\/wp-json\/wp\/v2\/comments?post=175"}],"version-history":[{"count":5,"href":"https:\/\/propesp.uepa.br\/ppgca\/index.php\/wp-json\/wp\/v2\/pages\/175\/revisions"}],"predecessor-version":[{"id":2160,"href":"https:\/\/propesp.uepa.br\/ppgca\/index.php\/wp-json\/wp\/v2\/pages\/175\/revisions\/2160"}],"wp:attachment":[{"href":"https:\/\/propesp.uepa.br\/ppgca\/index.php\/wp-json\/wp\/v2\/media?parent=175"}],"curies":[{"name":"wp","href":"https:\/\/api.w.org\/{rel}","templated":true}]}}