{"id":176,"date":"2019-01-26T15:50:06","date_gmt":"2019-01-26T17:50:06","guid":{"rendered":"https:\/\/paginas.uepa.br\/pcambientais\/ppgca\/?page_id=176"},"modified":"2023-02-17T09:47:38","modified_gmt":"2023-02-17T12:47:38","slug":"legislacao","status":"publish","type":"page","link":"https:\/\/propesp.uepa.br\/ppgca\/index.php\/institucional\/legislacao\/","title":{"rendered":"Legisla\u00e7\u00e3o"},"content":{"rendered":"\n<div class=\"wp-block-uagb-container uagb-block-21cf13a9 alignfull uagb-is-root-container\"><div class=\"uagb-container-inner-blocks-wrap\">\n<div class=\"wp-block-uagb-advanced-heading uagb-block-358ed0ba\"><h1 class=\"uagb-heading-text\">Legisla\u00e7\u00e3o<\/h1><div class=\"uagb-separator\"><\/div><\/div>\n\n\n\n<div class=\"wp-block-uagb-container uagb-block-09240172\">\n<div class=\"wp-block-uagb-advanced-heading uagb-block-c6d1e0e9\"><h3 class=\"uagb-heading-text\">Documentos da \u00e1rea Interdisciplinar da Capes<\/h3><div class=\"uagb-separator\"><\/div><\/div>\n\n\n\n<p><a href=\"https:\/\/paginas.uepa.br\/pcambientais\/downloads\/legislacao\/4_legislacao_inter_030810.pdf\" target=\"_blank\" rel=\"noreferrer noopener\" aria-label=\" (abre em uma nova aba)\">&gt;&gt; Documento da \u00c1rea Interdisciplinar 2009<\/a><\/p>\n\n\n\n<p><a href=\"https:\/\/paginas.uepa.br\/pcambientais\/documento_area_interdisciplinar_2013.pdf\" target=\"_blank\" rel=\"noreferrer noopener\" aria-label=\" (abre em uma nova aba)\">&gt;&gt; Documento da \u00c1rea Interdisciplinar 2013<\/a><\/p>\n\n\n\n<p><a href=\"https:\/\/paginas.uepa.br\/pcambientais\/documento_area_interdisciplinar_2016.pdf\" target=\"_blank\" rel=\"noreferrer noopener\" aria-label=\" (abre em uma nova aba)\">&gt;&gt; Documento da \u00c1rea Interdisciplinar 2016<\/a><\/p>\n\n\n\n<p><a href=\"https:\/\/paginas.uepa.br\/pcambientais\/downloads\/disciplinas\/obrigatorias\/InterdiciplinariedadeMeioAmbienteeSustentabilidade.pdf\" target=\"_blank\" rel=\"noreferrer noopener\" aria-label=\" (abre em uma nova aba)\">2. Interdiciplinariedade, Meio Ambiente e Sustentabilidade<\/a><\/p>\n\n\n\n<p><a href=\"https:\/\/paginas.uepa.br\/pcambientais\/estatistica_aplicada_as_ciencias_ambientais.pdf\" target=\"_blank\" rel=\"noreferrer noopener\" aria-label=\" (abre em uma nova aba)\">3. Estat\u00edstica Aplicada \u00e0s Ci\u00eancias Ambientais<\/a><\/p>\n\n\n\n<p><a rel=\"noreferrer noopener\" aria-label=\" (abre em uma nova aba)\" href=\"https:\/\/paginas.uepa.br\/pcambientais\/downloads\/disciplinas\/obrigatorias\/Semin%C3%A1riodePesquisa.pdf\" target=\"_blank\">4. Semin\u00e1rio de Pesquisa<\/a><\/p>\n<\/div>\n\n\n\n<div class=\"wp-block-uagb-container uagb-block-d5cf184c\">\n<div class=\"wp-block-uagb-advanced-heading uagb-block-a4726eef\"><h3 class=\"uagb-heading-text\">Portarias<\/h3><div class=\"uagb-separator\"><\/div><\/div>\n\n\n\n<p><a rel=\"noreferrer noopener\" aria-label=\" (abre em uma nova aba)\" href=\"https:\/\/paginas.uepa.br\/pcambientais\/downloads\/legislacao\/1_legislacao_portatian76_14042010.pdf\" target=\"_blank\">&gt;&gt; Portaria n\u00ba 76, de 14 de Abril de 2010<\/a><br><br><a rel=\"noreferrer noopener\" aria-label=\" (abre em uma nova aba)\" href=\"https:\/\/paginas.uepa.br\/pcambientais\/downloads\/legislacao\/2_legislacao_portaria_conjuntaCAPESCNPQ_15072010.pdf\" target=\"_blank\">&gt;&gt; Portaria conjunta n\u00ba01, de 15 de julho de 2010<\/a><br><br><a href=\"https:\/\/paginas.uepa.br\/pcambientais\/downloads\/legislacao\/3_legislacao_portaria_notaCAPESCNPQ.pdf\" target=\"_blank\" rel=\"noreferrer noopener\" aria-label=\" (abre em uma nova aba)\">&gt;&gt; Nota sobre ac\u00famulo de bolsas e v\u00ednculo empregat\u00edcio (Portaria conjunta CAPES-CNPQ n\u00ba01\/2010)<\/a><\/p>\n\n\n\n<p><a href=\"https:\/\/paginas.uepa.br\/pcambientais\/downloads\/legislacao\/6_legislacao_portariadocentespermanentes_colaboradoresCAPES.pdf\" target=\"_blank\" rel=\"noreferrer noopener\" aria-label=\" (abre em uma nova aba)\">&gt;&gt; Portaria n\u00ba 068, de 03 de Agosto de 2004<\/a><\/p>\n\n\n\n<p><a href=\"https:\/\/paginas.uepa.br\/pcambientais\/Regulamento_PROAP_Portaria64_240310-1.pdf\" target=\"_blank\" rel=\"noreferrer noopener\" aria-label=\" (abre em uma nova aba)\">&gt;&gt; Proap\/CAPES: Portaria n\u00ba 64, de 24 de mar\u00e7o de 2010<\/a><\/p>\n\n\n\n<p class=\"has-text-align-left\"><a href=\"https:\/\/paginas.uepa.br\/pcambientais\/portaria_81_2016.pdf\" target=\"_blank\" rel=\"noreferrer noopener\" aria-label=\" (abre em uma nova aba)\">&gt;&gt; Portaria Capes n\u00ba 81, de 3 de junho de 2016<\/a>: Define as categorias de docentes que comp\u00f5em os Programas de P\u00f3s-Gradua\u00e7\u00e3o (PPG&#8217;s) stricto sensu<\/p>\n\n\n\n<p class=\"has-text-align-left\"><a href=\"https:\/\/paginas.uepa.br\/pcambientais\/portaria_capes_182_2018.pdf\" target=\"_blank\" rel=\"noreferrer noopener\" aria-label=\" (abre em uma nova aba)\">&gt;&gt; Portaria Capes n\u00ba 182, de 14 de agosto de 2018<\/a>: Disp\u00f5e sobre processos avaliativos das propostas de cursos novos e dos programas de p\u00f3s-gradua\u00e7\u00e3o stricto sensu em funcionamento<\/p>\n\n\n\n<p><a href=\"https:\/\/paginas.uepa.br\/pcambientais\/portaria_capes_206_2018.pdf\" target=\"_blank\" rel=\"noreferrer noopener\" aria-label=\" (abre em uma nova aba)\">&gt;&gt; Portaria Capes n\u00ba 206, de 4 de setembro de 2018<\/a>: Disp\u00f5e sobre obrigatoriedade de cita\u00e7\u00e3o da CAPES<\/p>\n<\/div>\n\n\n\n<div class=\"wp-block-uagb-container uagb-block-13b3f3f8\">\n<div class=\"wp-block-uagb-advanced-heading uagb-block-49b94202\"><h3 class=\"uagb-heading-text\">Resolu\u00e7\u00f5es<\/h3><div class=\"uagb-separator\"><\/div><\/div>\n\n\n\n<p>&gt;&gt;&nbsp;<a href=\"https:\/\/paginas.uepa.br\/pcambientais\/resolucao_pos_graduacao_lato_sensu_1_4_2018.pdf\" target=\"_blank\" rel=\"noreferrer noopener\" aria-label=\" (abre em uma nova aba)\">Resolu\u00e7\u00e3o n\u00ba 1, de 6 de abril de 2018<\/a>: Estabelece diretrizes e normas para a oferta dos cursos de p\u00f3s-gradua\u00e7\u00e3o&nbsp;<em>lato sensu<\/em>denominados cursos de especializa\u00e7\u00e3o, no \u00e2mbito do Sistema Federal de Educa\u00e7\u00e3o Superior.<\/p>\n<\/div>\n\n\n\n<div class=\"wp-block-uagb-container uagb-block-345f4b02\">\n<div class=\"wp-block-uagb-advanced-heading uagb-block-a6722b91\"><h3 class=\"uagb-heading-text\">Of\u00edcios<\/h3><div class=\"uagb-separator\"><\/div><\/div>\n\n\n\n<p><a rel=\"noreferrer noopener\" href=\"https:\/\/paginas.uepa.br\/pcambientais\/oficio_circular_5_capes_2018.pdf\" target=\"_blank\">&gt;&gt; Of\u00edcio Circular n\u00ba 5\/2018-DAV\/CAPES<\/a>: Apresenta\u00e7\u00e3o e acompanhamento de turmas de Mestrado Interinstitucional (Minter), de Doutorado Interinstitucional (Dinter), de Turma Fora de Sede e Turma Extra.<\/p>\n<\/div>\n\n\n\n<div class=\"wp-block-uagb-container uagb-block-01ccc050\">\n<div class=\"wp-block-uagb-advanced-heading uagb-block-0939d990\"><h3 class=\"uagb-heading-text\">Outros<\/h3><div class=\"uagb-separator\"><\/div><\/div>\n\n\n\n<p><a rel=\"noreferrer noopener\" href=\"https:\/\/paginas.uepa.br\/pcambientais\/downloads\/legislacao\/5_legislacao_parametrosareas_docentespermanentes.pdf\" target=\"_blank\">&gt;&gt; Par\u00e2metros sobre a composi\u00e7\u00e3o da categoria &#8220;Docentes Permanentes&#8221;&nbsp;<\/a><\/p>\n<\/div>\n<\/div><\/div>\n","protected":false},"excerpt":{"rendered":"<p>Legisla\u00e7\u00e3o Documentos da \u00e1rea Interdisciplinar da Capes &gt;&gt; Documento da \u00c1rea Interdisciplinar 2009 &gt;&gt; Documento da \u00c1rea Interdisciplinar 2013 &gt;&gt; Documento da \u00c1rea Interdisciplinar 2016 2. Interdiciplinariedade, Meio Ambiente e Sustentabilidade 3. Estat\u00edstica Aplicada \u00e0s Ci\u00eancias Ambientais 4. Semin\u00e1rio de Pesquisa Portarias &gt;&gt; Portaria n\u00ba 76, de 14 de Abril de 2010 &gt;&gt; Portaria conjunta &hellip;<\/p>\n<p class=\"read-more\"> <a class=\"\" href=\"https:\/\/propesp.uepa.br\/ppgca\/index.php\/institucional\/legislacao\/\"> <span class=\"screen-reader-text\">Legisla\u00e7\u00e3o<\/span> Leia mais &raquo;<\/a><\/p>\n","protected":false},"author":4,"featured_media":0,"parent":132,"menu_order":0,"comment_status":"closed","ping_status":"closed","template":"","meta":{"_uag_custom_page_level_css":"","_mi_skip_tracking":false,"_exactmetrics_sitenote_active":false,"_exactmetrics_sitenote_note":"","_exactmetrics_sitenote_category":0,"site-sidebar-layout":"default","site-content-layout":"","ast-site-content-layout":"","site-content-style":"default","site-sidebar-style":"default","ast-global-header-display":"","ast-banner-title-visibility":"","ast-main-header-display":"","ast-hfb-above-header-display":"","ast-hfb-below-header-display":"","ast-hfb-mobile-header-display":"","site-post-title":"disabled","ast-breadcrumbs-content":"","ast-featured-img":"","footer-sml-layout":"","theme-transparent-header-meta":"","adv-header-id-meta":"","stick-header-meta":"","header-above-stick-meta":"","header-main-stick-meta":"","header-below-stick-meta":"","astra-migrate-meta-layouts":"","ast-page-background-enabled":"default","ast-page-background-meta":{"desktop":{"background-color":"var(--ast-global-color-4)","background-image":"","background-repeat":"repeat","background-position":"center center","background-size":"auto","background-attachment":"scroll","background-type":"","background-media":"","overlay-type":"","overlay-color":"","overlay-gradient":""},"tablet":{"background-color":"","background-image":"","background-repeat":"repeat","background-position":"center center","background-size":"auto","background-attachment":"scroll","background-type":"","background-media":"","overlay-type":"","overlay-color":"","overlay-gradient":""},"mobile":{"background-color":"","background-image":"","background-repeat":"repeat","background-position":"center center","background-size":"auto","background-attachment":"scroll","background-type":"","background-media":"","overlay-type":"","overlay-color":"","overlay-gradient":""}},"ast-content-background-meta":{"desktop":{"background-color":"var(--ast-global-color-5)","background-image":"","background-repeat":"repeat","background-position":"center center","background-size":"auto","background-attachment":"scroll","background-type":"","background-media":"","overlay-type":"","overlay-color":"","overlay-gradient":""},"tablet":{"background-color":"var(--ast-global-color-5)","background-image":"","background-repeat":"repeat","background-position":"center center","background-size":"auto","background-attachment":"scroll","background-type":"","background-media":"","overlay-type":"","overlay-color":"","overlay-gradient":""},"mobile":{"background-color":"var(--ast-global-color-5)","background-image":"","background-repeat":"repeat","background-position":"center center","background-size":"auto","background-attachment":"scroll","background-type":"","background-media":"","overlay-type":"","overlay-color":"","overlay-gradient":""}},"footnotes":""},"uagb_featured_image_src":{"full":false,"thumbnail":false,"medium":false,"medium_large":false,"large":false,"1536x1536":false,"2048x2048":false},"uagb_author_info":{"display_name":"adminsites@uepa.br","author_link":"https:\/\/propesp.uepa.br\/ppgca\/index.php\/author\/adminsitesuepa-br\/"},"uagb_comment_info":0,"uagb_excerpt":"Legisla\u00e7\u00e3o Documentos da \u00e1rea Interdisciplinar da Capes &gt;&gt; Documento da \u00c1rea Interdisciplinar 2009 &gt;&gt; Documento da \u00c1rea Interdisciplinar 2013 &gt;&gt; Documento da \u00c1rea Interdisciplinar 2016 2. Interdiciplinariedade, Meio Ambiente e Sustentabilidade 3. Estat\u00edstica Aplicada \u00e0s Ci\u00eancias Ambientais 4. Semin\u00e1rio de Pesquisa Portarias &gt;&gt; Portaria n\u00ba 76, de 14 de Abril de 2010 &gt;&gt; Portaria conjunta&hellip;","_links":{"self":[{"href":"https:\/\/propesp.uepa.br\/ppgca\/index.php\/wp-json\/wp\/v2\/pages\/176"}],"collection":[{"href":"https:\/\/propesp.uepa.br\/ppgca\/index.php\/wp-json\/wp\/v2\/pages"}],"about":[{"href":"https:\/\/propesp.uepa.br\/ppgca\/index.php\/wp-json\/wp\/v2\/types\/page"}],"author":[{"embeddable":true,"href":"https:\/\/propesp.uepa.br\/ppgca\/index.php\/wp-json\/wp\/v2\/users\/4"}],"replies":[{"embeddable":true,"href":"https:\/\/propesp.uepa.br\/ppgca\/index.php\/wp-json\/wp\/v2\/comments?post=176"}],"version-history":[{"count":5,"href":"https:\/\/propesp.uepa.br\/ppgca\/index.php\/wp-json\/wp\/v2\/pages\/176\/revisions"}],"predecessor-version":[{"id":2269,"href":"https:\/\/propesp.uepa.br\/ppgca\/index.php\/wp-json\/wp\/v2\/pages\/176\/revisions\/2269"}],"up":[{"embeddable":true,"href":"https:\/\/propesp.uepa.br\/ppgca\/index.php\/wp-json\/wp\/v2\/pages\/132"}],"wp:attachment":[{"href":"https:\/\/propesp.uepa.br\/ppgca\/index.php\/wp-json\/wp\/v2\/media?parent=176"}],"curies":[{"name":"wp","href":"https:\/\/api.w.org\/{rel}","templated":true}]}}