{"id":178,"date":"2019-01-26T15:50:06","date_gmt":"2019-01-26T17:50:06","guid":{"rendered":"https:\/\/paginas.uepa.br\/pcambientais\/ppgca\/?page_id=178"},"modified":"2023-01-26T09:57:10","modified_gmt":"2023-01-26T12:57:10","slug":"normas","status":"publish","type":"page","link":"https:\/\/propesp.uepa.br\/ppgca\/index.php\/institucional\/normas\/","title":{"rendered":"Normas"},"content":{"rendered":"\n<div class=\"wp-block-uagb-container uagb-block-285b9052 alignfull uagb-is-root-container\"><div class=\"uagb-container-inner-blocks-wrap\">\n<div class=\"wp-block-uagb-container uagb-block-62a6ffa0\">\n<div class=\"wp-block-uagb-advanced-heading uagb-block-7648b43f\"><h1 class=\"uagb-heading-text\">Normas<\/h1><div class=\"uagb-separator\"><\/div><\/div>\n\n\n\n<p class=\"has-text-align-center\">Normas par Elabora\u00e7\u00e3o da Disserta\u00e7\u00e3o de Mestrado<\/p>\n\n\n\n<p class=\"has-text-align-center\"><a href=\"https:\/\/paginas.uepa.br\/pcambientais\/normas_dissertacao_ciencias_ambientais.pdf\">E<\/a><a href=\"https:\/\/paginas.uepa.br\/pcambientais\/normas_dissertacao_ciencias_ambientais.pdf\" target=\"_blank\" rel=\"noreferrer noopener\" aria-label=\"labora\u00e7\u00e3o de Disserta\u00e7\u00e3o (abre em uma nova aba)\">labora\u00e7\u00e3o de Disserta\u00e7\u00e3o<\/a><\/p>\n\n\n\n<p class=\"has-text-align-center\"><a href=\"https:\/\/paginas.uepa.br\/pcambientais\/modelo_elementos_pre_textuais.docx\" target=\"_blank\" rel=\"noreferrer noopener\" aria-label=\" (abre em uma nova aba)\">Modelo de Elementos Pr\u00e9-Textuais em Word<\/a><\/p>\n\n\n\n<p class=\"has-text-align-center\"><a href=\"https:\/\/paginas.uepa.br\/pcambientais\/capa_dura_dissertacao.doc\" target=\"_blank\" rel=\"noreferrer noopener\" aria-label=\" (abre em uma nova aba)\">Modelo de capa para disserta\u00e7\u00e3o<\/a><\/p>\n\n\n\n<p class=\"has-text-align-center\">Normas para Apresenta\u00e7\u00e3o da Defesa de Disserta\u00e7\u00e3o<\/p>\n\n\n\n<p class=\"has-text-align-center\"><a href=\"https:\/\/paginas.uepa.br\/pcambientais\/modelo_apresentacao_monografia_2012.pptx\" target=\"_blank\" rel=\"noreferrer noopener\" aria-label=\" (abre em uma nova aba)\">Modelo de Apresenta\u00e7\u00e3o<\/a><\/p>\n\n\n\n<p class=\"has-text-align-center\">Normas para Est\u00e1gio Doc\u00eancia<\/p>\n\n\n\n<p class=\"has-text-align-center\"><a href=\"https:\/\/paginas.uepa.br\/pcambientais\/normas_estagio_docencia.pdf\" target=\"_blank\" rel=\"noreferrer noopener\" aria-label=\" (abre em uma nova aba)\">Est\u00e1gio Doc\u00eancia<\/a><\/p>\n\n\n\n<p class=\"has-text-align-center\">Normas para Defesa de Disserta\u00e7\u00e3o de Mestrado<\/p>\n\n\n\n<p class=\"has-text-align-center\"><a href=\"https:\/\/paginas.uepa.br\/pcambientais\/normas_defesa_dissertacao.pdf\" target=\"_blank\" rel=\"noreferrer noopener\" aria-label=\" (abre em uma nova aba)\">Defesa de Disserta\u00e7\u00e3o de Mestrado<\/a><\/p>\n\n\n\n<p class=\"has-text-align-center\">Normas para Dep\u00f3sito da Vers\u00e3o Final de Disserta\u00e7\u00e3o<\/p>\n\n\n\n<p class=\"has-text-align-center\"><a href=\"https:\/\/paginas.uepa.br\/pcambientais\/normas_versao_final_dissertacao.pdf\" target=\"_blank\" rel=\"noreferrer noopener\" aria-label=\" (abre em uma nova aba)\">Vers\u00e3o Final da Disserta\u00e7\u00e3o<\/a><\/p>\n\n\n\n<p class=\"has-text-align-center\">Normas para Acesso ao Quadro Docente do Mestrado<\/p>\n\n\n\n<p class=\"has-text-align-center\"><a href=\"https:\/\/paginas.uepa.br\/pcambientais\/normas_permanencia_programa_2.pdf\" target=\"_blank\" rel=\"noreferrer noopener\" aria-label=\" (abre em uma nova aba)\">Acesso ao Quadro Docente do Mestrado<\/a><\/p>\n<\/div>\n<\/div><\/div>\n","protected":false},"excerpt":{"rendered":"<p>Normas Normas par Elabora\u00e7\u00e3o da Disserta\u00e7\u00e3o de Mestrado Elabora\u00e7\u00e3o de Disserta\u00e7\u00e3o Modelo de Elementos Pr\u00e9-Textuais em Word Modelo de capa para disserta\u00e7\u00e3o Normas para Apresenta\u00e7\u00e3o da Defesa de Disserta\u00e7\u00e3o Modelo de Apresenta\u00e7\u00e3o Normas para Est\u00e1gio Doc\u00eancia Est\u00e1gio Doc\u00eancia Normas para Defesa de Disserta\u00e7\u00e3o de Mestrado Defesa de Disserta\u00e7\u00e3o de Mestrado Normas para Dep\u00f3sito da Vers\u00e3o &hellip;<\/p>\n<p class=\"read-more\"> <a class=\"\" href=\"https:\/\/propesp.uepa.br\/ppgca\/index.php\/institucional\/normas\/\"> <span class=\"screen-reader-text\">Normas<\/span> Leia mais &raquo;<\/a><\/p>\n","protected":false},"author":4,"featured_media":0,"parent":132,"menu_order":0,"comment_status":"closed","ping_status":"closed","template":"","meta":{"_uag_custom_page_level_css":"","_mi_skip_tracking":false,"_exactmetrics_sitenote_active":false,"_exactmetrics_sitenote_note":"","_exactmetrics_sitenote_category":0,"site-sidebar-layout":"default","site-content-layout":"","ast-site-content-layout":"","site-content-style":"default","site-sidebar-style":"default","ast-global-header-display":"","ast-banner-title-visibility":"","ast-main-header-display":"","ast-hfb-above-header-display":"","ast-hfb-below-header-display":"","ast-hfb-mobile-header-display":"","site-post-title":"disabled","ast-breadcrumbs-content":"","ast-featured-img":"","footer-sml-layout":"","theme-transparent-header-meta":"","adv-header-id-meta":null,"stick-header-meta":null,"header-above-stick-meta":null,"header-main-stick-meta":null,"header-below-stick-meta":null,"astra-migrate-meta-layouts":"","ast-page-background-enabled":"default","ast-page-background-meta":{"desktop":{"background-color":"var(--ast-global-color-4)","background-image":"","background-repeat":"repeat","background-position":"center center","background-size":"auto","background-attachment":"scroll","background-type":"","background-media":"","overlay-type":"","overlay-color":"","overlay-gradient":""},"tablet":{"background-color":"","background-image":"","background-repeat":"repeat","background-position":"center center","background-size":"auto","background-attachment":"scroll","background-type":"","background-media":"","overlay-type":"","overlay-color":"","overlay-gradient":""},"mobile":{"background-color":"","background-image":"","background-repeat":"repeat","background-position":"center center","background-size":"auto","background-attachment":"scroll","background-type":"","background-media":"","overlay-type":"","overlay-color":"","overlay-gradient":""}},"ast-content-background-meta":{"desktop":{"background-color":"var(--ast-global-color-5)","background-image":"","background-repeat":"repeat","background-position":"center center","background-size":"auto","background-attachment":"scroll","background-type":"","background-media":"","overlay-type":"","overlay-color":"","overlay-gradient":""},"tablet":{"background-color":"var(--ast-global-color-5)","background-image":"","background-repeat":"repeat","background-position":"center center","background-size":"auto","background-attachment":"scroll","background-type":"","background-media":"","overlay-type":"","overlay-color":"","overlay-gradient":""},"mobile":{"background-color":"var(--ast-global-color-5)","background-image":"","background-repeat":"repeat","background-position":"center center","background-size":"auto","background-attachment":"scroll","background-type":"","background-media":"","overlay-type":"","overlay-color":"","overlay-gradient":""}},"footnotes":""},"uagb_featured_image_src":{"full":false,"thumbnail":false,"medium":false,"medium_large":false,"large":false,"1536x1536":false,"2048x2048":false},"uagb_author_info":{"display_name":"adminsites@uepa.br","author_link":"https:\/\/propesp.uepa.br\/ppgca\/index.php\/author\/adminsitesuepa-br\/"},"uagb_comment_info":0,"uagb_excerpt":"Normas Normas par Elabora\u00e7\u00e3o da Disserta\u00e7\u00e3o de Mestrado Elabora\u00e7\u00e3o de Disserta\u00e7\u00e3o Modelo de Elementos Pr\u00e9-Textuais em Word Modelo de capa para disserta\u00e7\u00e3o Normas para Apresenta\u00e7\u00e3o da Defesa de Disserta\u00e7\u00e3o Modelo de Apresenta\u00e7\u00e3o Normas para Est\u00e1gio Doc\u00eancia Est\u00e1gio Doc\u00eancia Normas para Defesa de Disserta\u00e7\u00e3o de Mestrado Defesa de Disserta\u00e7\u00e3o de Mestrado Normas para Dep\u00f3sito da Vers\u00e3o&hellip;","_links":{"self":[{"href":"https:\/\/propesp.uepa.br\/ppgca\/index.php\/wp-json\/wp\/v2\/pages\/178"}],"collection":[{"href":"https:\/\/propesp.uepa.br\/ppgca\/index.php\/wp-json\/wp\/v2\/pages"}],"about":[{"href":"https:\/\/propesp.uepa.br\/ppgca\/index.php\/wp-json\/wp\/v2\/types\/page"}],"author":[{"embeddable":true,"href":"https:\/\/propesp.uepa.br\/ppgca\/index.php\/wp-json\/wp\/v2\/users\/4"}],"replies":[{"embeddable":true,"href":"https:\/\/propesp.uepa.br\/ppgca\/index.php\/wp-json\/wp\/v2\/comments?post=178"}],"version-history":[{"count":5,"href":"https:\/\/propesp.uepa.br\/ppgca\/index.php\/wp-json\/wp\/v2\/pages\/178\/revisions"}],"predecessor-version":[{"id":1813,"href":"https:\/\/propesp.uepa.br\/ppgca\/index.php\/wp-json\/wp\/v2\/pages\/178\/revisions\/1813"}],"up":[{"embeddable":true,"href":"https:\/\/propesp.uepa.br\/ppgca\/index.php\/wp-json\/wp\/v2\/pages\/132"}],"wp:attachment":[{"href":"https:\/\/propesp.uepa.br\/ppgca\/index.php\/wp-json\/wp\/v2\/media?parent=178"}],"curies":[{"name":"wp","href":"https:\/\/api.w.org\/{rel}","templated":true}]}}