{"id":2314,"date":"2023-02-24T14:29:45","date_gmt":"2023-02-24T17:29:45","guid":{"rendered":"https:\/\/propesp.uepa.br\/ppgca\/?page_id=2314"},"modified":"2023-02-24T14:29:45","modified_gmt":"2023-02-24T17:29:45","slug":"turma-2016","status":"publish","type":"page","link":"https:\/\/propesp.uepa.br\/ppgca\/index.php\/publicacoes\/dissertacoes\/turma-2016\/","title":{"rendered":"Turma 2016"},"content":{"rendered":"\n<div class=\"wp-block-uagb-container uagb-block-adf3056d alignfull uagb-is-root-container\"><div class=\"uagb-container-inner-blocks-wrap\">\n<div class=\"wp-block-uagb-advanced-heading uagb-block-39d01cbf\"><h2 class=\"uagb-heading-text\"><strong>Disserta\u00e7\u00f5es Conclu\u00eddas \u2013 Turma de 2016<\/strong><\/h2><div class=\"uagb-separator\"><\/div><\/div>\n\n\n\n<p><strong>Tema da Disserta\u00e7\u00e3o<\/strong>: Avalia\u00e7\u00e3o dos indicadores qu\u00edmicos e biol\u00f3gicos do solo de cultivos de palma de \u00f3leo (<em>Elaeis guineensis<\/em>Jacq.), no Munic\u00edpio de Santa B\u00e1rbara do Par\u00e1<br><strong>Orientando(a)<\/strong>: Auriane Consola\u00e7\u00e3o da Silva Gon\u00e7alves&nbsp;&nbsp;&nbsp;&nbsp;&nbsp;&nbsp;&nbsp;&nbsp;&nbsp;&nbsp;&nbsp;&nbsp;&nbsp;&nbsp;&nbsp;&nbsp;&nbsp;&nbsp;&nbsp;&nbsp;&nbsp;<br><strong>Orientador(a)<\/strong>: Prof. Dr. Manoel Tavares de Paula&nbsp;&nbsp;&nbsp;&nbsp;&nbsp;&nbsp;&nbsp;&nbsp;&nbsp;&nbsp;&nbsp;&nbsp;&nbsp;&nbsp;&nbsp;&nbsp;&nbsp;&nbsp;&nbsp;&nbsp;&nbsp;<br><strong><a rel=\"noreferrer noopener\" href=\"https:\/\/propesp.uepa.br\/ppgca\/wp-content\/uploads\/2023\/01\/dissertacao_auriane_goncalves_turma_2016-1.pdf\" target=\"_blank\">Download da Disserta\u00e7\u00e3o<\/a><\/strong> <\/p>\n\n\n\n<p><strong>Tema da Disserta\u00e7\u00e3o<\/strong>: Contribui\u00e7\u00f5es para cria\u00e7\u00e3o do Primeiro Comit\u00ea de Bacia Hidrogr\u00e1fica do Estado do Par\u00e1, Brasil<br><strong>Orientando(a)<\/strong>: Dione Margarete Gomes Gutierres&nbsp;&nbsp;&nbsp;&nbsp;&nbsp;&nbsp;&nbsp;&nbsp;&nbsp;&nbsp;&nbsp;&nbsp;&nbsp;&nbsp;&nbsp;&nbsp;&nbsp;&nbsp;&nbsp;&nbsp;&nbsp;<br><strong>Orientador(a)<\/strong>: Profa. Dra. Hebe Morganne Campos Ribeiro&nbsp;&nbsp;&nbsp;&nbsp;&nbsp;&nbsp;&nbsp;&nbsp;&nbsp;&nbsp;&nbsp;&nbsp;&nbsp;&nbsp;&nbsp;&nbsp;&nbsp;&nbsp;&nbsp;&nbsp;&nbsp;<br><strong><a rel=\"noreferrer noopener\" href=\"https:\/\/propesp.uepa.br\/ppgca\/wp-content\/uploads\/2023\/01\/dissertacao_dione_gutierrez_turma_2016.pdf\" target=\"_blank\">Download da Disserta\u00e7\u00e3o<\/a><\/strong> <\/p>\n\n\n\n<p><strong>Tema da Disserta\u00e7\u00e3o<\/strong>: Biolixivia\u00e7\u00e3o para a extra\u00e7\u00e3o limpa do min\u00e9rio de cobre proveniente da regi\u00e3o de Caraj\u00e1s-PA<br><strong>Orientando(a)<\/strong>: Dryelle de Nazar\u00e9 Oliveira do Nascimento&nbsp;&nbsp;&nbsp;&nbsp;&nbsp;&nbsp;&nbsp;&nbsp;&nbsp;&nbsp;&nbsp;&nbsp;&nbsp;&nbsp;&nbsp;&nbsp;&nbsp;&nbsp;&nbsp;<br><strong>Orientador(a)<\/strong>: Prof. Dr. H\u00e9lio Raymundo Ferreira Filho&nbsp;&nbsp;&nbsp;&nbsp;&nbsp;&nbsp;&nbsp;&nbsp;&nbsp;&nbsp;&nbsp;&nbsp;&nbsp;&nbsp;&nbsp;&nbsp;&nbsp;&nbsp;&nbsp;<br><strong><a rel=\"noreferrer noopener\" href=\"https:\/\/propesp.uepa.br\/ppgca\/wp-content\/uploads\/2023\/01\/dissertacao_dryelle_nascimento_turma_2016.pdf\" target=\"_blank\">Download da Disserta\u00e7\u00e3o<\/a><\/strong> <\/p>\n\n\n\n<p><strong>Tema da Disserta\u00e7\u00e3o<\/strong>: Territ\u00f3rio, modo de vida e recursos vegetais: Os ribeirinhos no contexto da Usina Hidrel\u00e9trica Belo Monte, Par\u00e1, Brasil<br><strong>Orientando(a)<\/strong>: Geysiane Costa e Silva&nbsp;&nbsp;&nbsp;&nbsp;&nbsp;&nbsp;&nbsp;&nbsp;&nbsp;&nbsp;&nbsp;<br><strong>Orientador(a)<\/strong>: Profa. Dra. Fl\u00e1via Cristina Ara\u00fajo Lucas&nbsp;&nbsp;&nbsp;&nbsp;&nbsp;&nbsp;&nbsp;&nbsp;&nbsp;&nbsp;&nbsp;<br><strong><a rel=\"noreferrer noopener\" href=\"https:\/\/propesp.uepa.br\/ppgca\/wp-content\/uploads\/2023\/01\/dissertacao_geysiane_silva_turma_2016.pdf\" target=\"_blank\">Download da Disserta\u00e7\u00e3o<\/a><\/strong>  <\/p>\n\n\n\n<p><strong>Tema da Disserta\u00e7\u00e3o<\/strong>:&nbsp;<br><strong>Orientando(a)<\/strong>: Indri Santos Silva&nbsp;&nbsp;&nbsp;&nbsp;&nbsp;&nbsp;&nbsp;&nbsp;&nbsp;&nbsp;&nbsp;&nbsp;&nbsp;&nbsp;&nbsp;&nbsp;&nbsp;&nbsp;&nbsp;&nbsp;<br><strong>Orientador(a)<\/strong>: Profa. Dra. Suezilde da Concei\u00e7\u00e3o Amaral Ribeiro<\/p>\n\n\n\n<p><strong>Tema da Disserta\u00e7\u00e3o<\/strong>: Estudo da ocorr\u00eancia de parasitas intestinais em crian\u00e7as e pr\u00e9-adolescentes: aspectos socioecon\u00f4micos e ambientais do Igarap\u00e9 Santa Cruz, Breves, Par\u00e1, Brasil<br><strong>Orientando(a)<\/strong>: Jo\u00e3o Raimundo Alves Marques&nbsp;&nbsp;&nbsp;&nbsp;&nbsp;&nbsp;&nbsp;&nbsp;&nbsp;&nbsp;&nbsp;&nbsp;&nbsp;&nbsp;&nbsp;&nbsp;&nbsp;&nbsp;&nbsp;&nbsp;&nbsp;<br><strong>Orientador(a)<\/strong>: Profa. Dra. Ana L\u00facia Nunes Gutjahr&nbsp;&nbsp;&nbsp;&nbsp;&nbsp;&nbsp;&nbsp;&nbsp;&nbsp;&nbsp;&nbsp;&nbsp;&nbsp;&nbsp;&nbsp;&nbsp;&nbsp;&nbsp;&nbsp;&nbsp;&nbsp;<br><a rel=\"noreferrer noopener\" href=\"https:\/\/propesp.uepa.br\/ppgca\/wp-content\/uploads\/2023\/01\/dissertacao_joao_marques_turma_2016.pdf\" target=\"_blank\"><strong>Download da Disserta\u00e7\u00e3o<\/strong><\/a>  <\/p>\n\n\n\n<p><strong>Tema da Disserta\u00e7\u00e3o<\/strong>: An\u00e1lise econ\u00f4mica no cultivo de a\u00e7aizeiro (<em>Euterpe oleracea&nbsp;<\/em>Mart.) irrigado no nordeste paraense: um estudo de caso no munic\u00edpio de Igarap\u00e9-A\u00e7u, PA<br><strong>Orientando(a)<\/strong>: La\u00edsa Faria Viana&nbsp;&nbsp;&nbsp;&nbsp;&nbsp;&nbsp;&nbsp;&nbsp;&nbsp;&nbsp;&nbsp;&nbsp;&nbsp;&nbsp;&nbsp;&nbsp;&nbsp;&nbsp;&nbsp;&nbsp;&nbsp;<br><strong>Orientador(a)<\/strong>: Prof. Dr. Alfredo Kingo Oyama Homma&nbsp;&nbsp;&nbsp;&nbsp;&nbsp;&nbsp;&nbsp;&nbsp;&nbsp;&nbsp;&nbsp;&nbsp;&nbsp;&nbsp;&nbsp;&nbsp;&nbsp;&nbsp;&nbsp;&nbsp;&nbsp;<br><strong><a rel=\"noreferrer noopener\" href=\"https:\/\/propesp.uepa.br\/ppgca\/wp-content\/uploads\/2023\/01\/dissertacao_laisa_viana_turma_2016.pdf\" target=\"_blank\">Download da Disserta\u00e7\u00e3o<\/a><\/strong> <\/p>\n\n\n\n<p><strong>Tema da Disserta\u00e7\u00e3o<\/strong>:<br><strong>Orientando(a)<\/strong>: Lorena Cardoso de Lima&nbsp;&nbsp;&nbsp;&nbsp;&nbsp;&nbsp;&nbsp;&nbsp;&nbsp;&nbsp;&nbsp;&nbsp;&nbsp;&nbsp;&nbsp;&nbsp;&nbsp;&nbsp;&nbsp;<br><strong>Orientador(a)<\/strong>: Prof. Dr. Altem Nascimento Pontes<\/p>\n\n\n\n<p><strong>Tema da Disserta\u00e7\u00e3o<\/strong>: Espacializa\u00e7\u00e3o das \u00e1reas favor\u00e1veis \u00e0 expans\u00e3o da fronteira agr\u00edcola no Estado do Par\u00e1:uma avalia\u00e7\u00e3o multicrit\u00e9rio apoiada por geoprocessamento<br><strong>Orientando(a)<\/strong>: Lianne Borja Pimenta&nbsp;&nbsp;&nbsp;&nbsp;&nbsp;&nbsp;&nbsp;&nbsp;&nbsp;&nbsp;&nbsp;&nbsp;&nbsp;&nbsp;&nbsp;&nbsp;&nbsp;&nbsp;&nbsp;&nbsp;&nbsp;<br><strong>Orientador(a)<\/strong>: Profa. Dra. Norma Ely Beltr\u00e3o &nbsp;&nbsp;&nbsp;&nbsp;&nbsp;&nbsp;&nbsp;&nbsp;&nbsp;&nbsp;&nbsp;&nbsp;&nbsp;&nbsp;&nbsp;&nbsp;&nbsp;&nbsp;&nbsp;&nbsp;&nbsp;<br><strong><a rel=\"noreferrer noopener\" href=\"https:\/\/propesp.uepa.br\/ppgca\/wp-content\/uploads\/2023\/01\/dissertacao_lianne_pimenta_turma_2016.pdf\" target=\"_blank\">Download da Disserta\u00e7\u00e3o<\/a><\/strong> <\/p>\n\n\n\n<p><strong>Tema da Disserta\u00e7\u00e3o<\/strong>: Urbaniza\u00e7\u00e3o da Leishmaniose Visceral na regi\u00e3o do Baixo Tocantins, Par\u00e1, Brasil<br><strong>Orientando(a)<\/strong>: Rita Thaise Moraes Costa&nbsp;&nbsp;&nbsp;&nbsp;&nbsp;&nbsp;&nbsp;&nbsp;&nbsp;&nbsp;&nbsp;&nbsp;&nbsp;&nbsp;&nbsp;&nbsp;&nbsp;&nbsp;&nbsp;&nbsp;&nbsp;<br><strong>Orientador(a)<\/strong>: Profa. Dra. Clea Nazar\u00e9 Carneiro Bichara&nbsp;&nbsp;&nbsp;&nbsp;&nbsp;&nbsp;&nbsp;&nbsp;&nbsp;&nbsp;&nbsp;&nbsp;&nbsp;&nbsp;&nbsp;&nbsp;&nbsp;&nbsp;&nbsp;&nbsp;&nbsp;<br><strong><a rel=\"noreferrer noopener\" href=\"https:\/\/propesp.uepa.br\/ppgca\/wp-content\/uploads\/2023\/01\/dissertacao_rita_costa_turma_2016.pdf\" target=\"_blank\">Download da Disserta\u00e7\u00e3o<\/a><\/strong> <\/p>\n\n\n\n<p><strong>Tema da Disserta\u00e7\u00e3o<\/strong>: An\u00e1lise do uso e cobertura da terra no interior das unidades de gest\u00e3o h\u00eddrica no munic\u00edpio de Tail\u00e2ndia, nordeste paraense<br><strong>Orientando(a)<\/strong>: Sabrina Borges Alc\u00e2ntara Lopes&nbsp;&nbsp;&nbsp;&nbsp;&nbsp;&nbsp;&nbsp;&nbsp;&nbsp;&nbsp;&nbsp;&nbsp;&nbsp;&nbsp;&nbsp;&nbsp;&nbsp;&nbsp;&nbsp;&nbsp;&nbsp;<br><strong>Orientador(a)<\/strong>: Prof. Dr. Gundysalvo Piratoba Morales&nbsp;&nbsp;&nbsp;&nbsp;&nbsp;&nbsp;&nbsp;&nbsp;&nbsp;&nbsp;&nbsp;&nbsp;&nbsp;&nbsp;&nbsp;&nbsp;&nbsp;&nbsp;&nbsp;&nbsp;&nbsp;<br><strong><a rel=\"noreferrer noopener\" href=\"https:\/\/propesp.uepa.br\/ppgca\/wp-content\/uploads\/2023\/01\/dissertacao_sabrina_pantoja_turma_2016.pdf\" target=\"_blank\">Download da Disserta\u00e7\u00e3o<\/a><\/strong><\/p>\n\n\n\n<p><strong>Tema da Disserta\u00e7\u00e3o<\/strong>: Assembleia briof\u00edtica em uma cronossequ\u00eancia de florestas secund\u00e1rias e prim\u00e1rias na Floresta Nacional de Caxiuan\u00e3, Par\u00e1, Brasil<br><strong>Orientando(a)<\/strong>: T\u00e1ssia Toyoi Gomes Takashima&nbsp;&nbsp;&nbsp;&nbsp;&nbsp;&nbsp;&nbsp;&nbsp;&nbsp;&nbsp;&nbsp;&nbsp;&nbsp;&nbsp;&nbsp;&nbsp;&nbsp;&nbsp;&nbsp;&nbsp;&nbsp;<br><strong>Orientador(a)<\/strong>: Profa. Dra. Ana Cl\u00e1udia Caldeira Tavares Martins&nbsp;&nbsp;&nbsp;&nbsp;&nbsp;&nbsp;&nbsp;&nbsp;&nbsp;&nbsp;&nbsp;&nbsp;&nbsp;&nbsp;&nbsp;&nbsp;&nbsp;&nbsp;&nbsp;&nbsp;&nbsp;<br><strong><a rel=\"noreferrer noopener\" href=\"https:\/\/propesp.uepa.br\/ppgca\/wp-content\/uploads\/2023\/01\/dissertacao_tassia_takashima_turma_2016.pdf\" target=\"_blank\">Download da Disserta\u00e7\u00e3o<\/a><\/strong><\/p>\n<\/div><\/div>\n","protected":false},"excerpt":{"rendered":"<p>Disserta\u00e7\u00f5es Conclu\u00eddas \u2013 Turma de 2016 Tema da Disserta\u00e7\u00e3o: Avalia\u00e7\u00e3o dos indicadores qu\u00edmicos e biol\u00f3gicos do solo de cultivos de palma de \u00f3leo (Elaeis guineensisJacq.), no Munic\u00edpio de Santa B\u00e1rbara do Par\u00e1Orientando(a): Auriane Consola\u00e7\u00e3o da Silva Gon\u00e7alves&nbsp;&nbsp;&nbsp;&nbsp;&nbsp;&nbsp;&nbsp;&nbsp;&nbsp;&nbsp;&nbsp;&nbsp;&nbsp;&nbsp;&nbsp;&nbsp;&nbsp;&nbsp;&nbsp;&nbsp;&nbsp;Orientador(a): Prof. Dr. Manoel Tavares de Paula&nbsp;&nbsp;&nbsp;&nbsp;&nbsp;&nbsp;&nbsp;&nbsp;&nbsp;&nbsp;&nbsp;&nbsp;&nbsp;&nbsp;&nbsp;&nbsp;&nbsp;&nbsp;&nbsp;&nbsp;&nbsp;Download da Disserta\u00e7\u00e3o Tema da Disserta\u00e7\u00e3o: Contribui\u00e7\u00f5es para cria\u00e7\u00e3o do Primeiro Comit\u00ea de &hellip;<\/p>\n<p class=\"read-more\"> <a class=\"\" href=\"https:\/\/propesp.uepa.br\/ppgca\/index.php\/publicacoes\/dissertacoes\/turma-2016\/\"> <span class=\"screen-reader-text\">Turma 2016<\/span> Leia mais &raquo;<\/a><\/p>\n","protected":false},"author":4,"featured_media":0,"parent":145,"menu_order":0,"comment_status":"closed","ping_status":"closed","template":"","meta":{"_uag_custom_page_level_css":"","_mi_skip_tracking":false,"_exactmetrics_sitenote_active":false,"_exactmetrics_sitenote_note":"","_exactmetrics_sitenote_category":0,"site-sidebar-layout":"default","site-content-layout":"","ast-site-content-layout":"","site-content-style":"default","site-sidebar-style":"default","ast-global-header-display":"","ast-banner-title-visibility":"","ast-main-header-display":"","ast-hfb-above-header-display":"","ast-hfb-below-header-display":"","ast-hfb-mobile-header-display":"","site-post-title":"disabled","ast-breadcrumbs-content":"","ast-featured-img":"","footer-sml-layout":"","theme-transparent-header-meta":"","adv-header-id-meta":"","stick-header-meta":"","header-above-stick-meta":"","header-main-stick-meta":"","header-below-stick-meta":"","astra-migrate-meta-layouts":"","ast-page-background-enabled":"default","ast-page-background-meta":{"desktop":{"background-color":"var(--ast-global-color-4)","background-image":"","background-repeat":"repeat","background-position":"center center","background-size":"auto","background-attachment":"scroll","background-type":"","background-media":"","overlay-type":"","overlay-color":"","overlay-gradient":""},"tablet":{"background-color":"","background-image":"","background-repeat":"repeat","background-position":"center center","background-size":"auto","background-attachment":"scroll","background-type":"","background-media":"","overlay-type":"","overlay-color":"","overlay-gradient":""},"mobile":{"background-color":"","background-image":"","background-repeat":"repeat","background-position":"center center","background-size":"auto","background-attachment":"scroll","background-type":"","background-media":"","overlay-type":"","overlay-color":"","overlay-gradient":""}},"ast-content-background-meta":{"desktop":{"background-color":"var(--ast-global-color-5)","background-image":"","background-repeat":"repeat","background-position":"center center","background-size":"auto","background-attachment":"scroll","background-type":"","background-media":"","overlay-type":"","overlay-color":"","overlay-gradient":""},"tablet":{"background-color":"var(--ast-global-color-5)","background-image":"","background-repeat":"repeat","background-position":"center center","background-size":"auto","background-attachment":"scroll","background-type":"","background-media":"","overlay-type":"","overlay-color":"","overlay-gradient":""},"mobile":{"background-color":"var(--ast-global-color-5)","background-image":"","background-repeat":"repeat","background-position":"center center","background-size":"auto","background-attachment":"scroll","background-type":"","background-media":"","overlay-type":"","overlay-color":"","overlay-gradient":""}},"footnotes":""},"uagb_featured_image_src":{"full":false,"thumbnail":false,"medium":false,"medium_large":false,"large":false,"1536x1536":false,"2048x2048":false},"uagb_author_info":{"display_name":"adminsites@uepa.br","author_link":"https:\/\/propesp.uepa.br\/ppgca\/index.php\/author\/adminsitesuepa-br\/"},"uagb_comment_info":0,"uagb_excerpt":"Disserta\u00e7\u00f5es Conclu\u00eddas \u2013 Turma de 2016 Tema da Disserta\u00e7\u00e3o: Avalia\u00e7\u00e3o dos indicadores qu\u00edmicos e biol\u00f3gicos do solo de cultivos de palma de \u00f3leo (Elaeis guineensisJacq.), no Munic\u00edpio de Santa B\u00e1rbara do Par\u00e1Orientando(a): Auriane Consola\u00e7\u00e3o da Silva Gon\u00e7alves&nbsp;&nbsp;&nbsp;&nbsp;&nbsp;&nbsp;&nbsp;&nbsp;&nbsp;&nbsp;&nbsp;&nbsp;&nbsp;&nbsp;&nbsp;&nbsp;&nbsp;&nbsp;&nbsp;&nbsp;&nbsp;Orientador(a): Prof. Dr. Manoel Tavares de Paula&nbsp;&nbsp;&nbsp;&nbsp;&nbsp;&nbsp;&nbsp;&nbsp;&nbsp;&nbsp;&nbsp;&nbsp;&nbsp;&nbsp;&nbsp;&nbsp;&nbsp;&nbsp;&nbsp;&nbsp;&nbsp;Download da Disserta\u00e7\u00e3o Tema da Disserta\u00e7\u00e3o: Contribui\u00e7\u00f5es para cria\u00e7\u00e3o do Primeiro Comit\u00ea de&hellip;","_links":{"self":[{"href":"https:\/\/propesp.uepa.br\/ppgca\/index.php\/wp-json\/wp\/v2\/pages\/2314"}],"collection":[{"href":"https:\/\/propesp.uepa.br\/ppgca\/index.php\/wp-json\/wp\/v2\/pages"}],"about":[{"href":"https:\/\/propesp.uepa.br\/ppgca\/index.php\/wp-json\/wp\/v2\/types\/page"}],"author":[{"embeddable":true,"href":"https:\/\/propesp.uepa.br\/ppgca\/index.php\/wp-json\/wp\/v2\/users\/4"}],"replies":[{"embeddable":true,"href":"https:\/\/propesp.uepa.br\/ppgca\/index.php\/wp-json\/wp\/v2\/comments?post=2314"}],"version-history":[{"count":3,"href":"https:\/\/propesp.uepa.br\/ppgca\/index.php\/wp-json\/wp\/v2\/pages\/2314\/revisions"}],"predecessor-version":[{"id":2509,"href":"https:\/\/propesp.uepa.br\/ppgca\/index.php\/wp-json\/wp\/v2\/pages\/2314\/revisions\/2509"}],"up":[{"embeddable":true,"href":"https:\/\/propesp.uepa.br\/ppgca\/index.php\/wp-json\/wp\/v2\/pages\/145"}],"wp:attachment":[{"href":"https:\/\/propesp.uepa.br\/ppgca\/index.php\/wp-json\/wp\/v2\/media?parent=2314"}],"curies":[{"name":"wp","href":"https:\/\/api.w.org\/{rel}","templated":true}]}}