{"id":2319,"date":"2023-02-27T09:46:03","date_gmt":"2023-02-27T12:46:03","guid":{"rendered":"https:\/\/propesp.uepa.br\/ppgca\/?page_id=2319"},"modified":"2023-02-27T09:54:33","modified_gmt":"2023-02-27T12:54:33","slug":"2319-2","status":"publish","type":"page","link":"https:\/\/propesp.uepa.br\/ppgca\/index.php\/publicacoes\/dissertacoes\/2319-2\/","title":{"rendered":"Turma 2015"},"content":{"rendered":"\n<div class=\"wp-block-uagb-container uagb-block-780b5bfa alignfull uagb-is-root-container\"><div class=\"uagb-container-inner-blocks-wrap\"><\/div><\/div>\n\n\n\n<div class=\"wp-block-uagb-advanced-heading uagb-block-66af656a\"><h2 class=\"uagb-heading-text\"><strong>Disserta\u00e7\u00f5es Conclu\u00eddas \u2013 Turma de 201<\/strong>5<\/h2><div class=\"uagb-separator\"><\/div><\/div>\n\n\n\n<p><strong>Tema da Disserta\u00e7\u00e3o<\/strong>: Padr\u00f5es de mudan\u00e7as na cobertura florestal na mesorregi\u00e3o do Sudoeste do Par\u00e1<br><strong>Orientando(a)<\/strong>: Arlesson Antonio de Almeida Souza&nbsp;&nbsp;&nbsp;&nbsp;&nbsp;&nbsp;&nbsp;&nbsp;&nbsp;&nbsp;&nbsp;&nbsp;&nbsp;&nbsp;&nbsp;&nbsp;&nbsp;&nbsp;&nbsp;&nbsp;&nbsp;<br><strong>Orientador(a)<\/strong>: Prof. Dr. Altem Nascimento Pontes<\/p>\n\n\n\n<p><strong>Tema da Disserta\u00e7\u00e3o<\/strong>: Monitoramento multitemporal da qualidade das \u00e1guas dos mananciais de Bel\u00e9m-PA: evid\u00eancias de impactos antr\u00f3picos no seu entorno<br><strong>Orientando(a)<\/strong>: Carlos Benedito Barreiros Gutierrez<br><strong>Orientador(a)<\/strong>: Profa. Dra. Hebe Morganne Campos Ribeiro<br><strong><a rel=\"noreferrer noopener\" href=\"https:\/\/propesp.uepa.br\/ppgca\/wp-content\/uploads\/2023\/02\/dissertacao_carlos_gutierrez_turma_2015.pdf\" target=\"_blank\">Download da Disserta\u00e7\u00e3o<\/a> <\/strong><\/p>\n\n\n\n<p><strong>Tema da Disserta\u00e7\u00e3o<\/strong>: Distribui\u00e7\u00e3o geogr\u00e1fica e potencial das esp\u00e9cies do g\u00eanero&nbsp;<em>Tropidacris&nbsp;<\/em>Scudder, 1869 (Orthoptera: Romaleidae)<br><strong>Orientando(a)<\/strong>: Essia de Paula Rom\u00e3o<br><strong>Orientador(a)<\/strong>: Profa. Dra. Ana L\u00facia Nunes Gutjahr<br><a href=\"https:\/\/propesp.uepa.br\/ppgca\/wp-content\/uploads\/2023\/02\/dissertacao_essia_romao_turma_2015.pdf\" target=\"_blank\" rel=\"noreferrer noopener\"><strong>Download da Disserta\u00e7\u00e3o<\/strong><\/a><\/p>\n\n\n\n<p><strong>Tema da Disserta\u00e7\u00e3o<\/strong>: Conhecimentos, Atitudes e Pr\u00e1ticas de gestantes em rela\u00e7\u00e3o \u00e0 Toxoplasmose no munic\u00edpio de Imperatriz-MA<br><strong>Orientando(a)<\/strong>: Ivone Pereira da Silva<br><strong>Orientador(a)<\/strong>: Profa. Dra. Clea Nazar\u00e9 Carneiro Bichara<br><strong><a href=\"https:\/\/propesp.uepa.br\/ppgca\/wp-content\/uploads\/2023\/02\/dissertacao_ivone_moura_turma_2015.pdf\" target=\"_blank\" rel=\"noreferrer noopener\">Download da Disserta\u00e7\u00e3o<\/a><\/strong><\/p>\n\n\n\n<p><strong>Tema da Disserta\u00e7\u00e3o<\/strong>: Condi\u00e7\u00f5es h\u00eddricas e t\u00e9rmicas em diferentes padr\u00f5es de uso e cobertura do solo na Floresta Nacional do<br>Tapaj\u00f3s e seu entorno, Estado do Par\u00e1, usando sensores orbitais e termografia infravermelho<br><strong>Orientando(a)<\/strong>: Leonardo Sousa Dos Santos&nbsp;<br><strong>Orientador(a)<\/strong>: Profa. Dra. Lucieta Guerreiro Martorano&nbsp;<br><strong><a href=\"https:\/\/propesp.uepa.br\/ppgca\/wp-content\/uploads\/2023\/02\/dissertacao_leonardo_santos_turma_2015.pdf\" target=\"_blank\" rel=\"noreferrer noopener\">Download da Disserta\u00e7\u00e3o<\/a><\/strong><\/p>\n\n\n\n<p><strong>Tema da Disserta\u00e7\u00e3o<\/strong>: Avalia\u00e7\u00e3o do composto org\u00e2nico produzido a partir de res\u00edduos do caranguejo-u\u00e7\u00e1 (<em>Ucides cordatus&nbsp;<\/em>L., 1973) aplicado no cultivo de coentro (<em>Coriandro sativum&nbsp;<\/em>L.)<br><strong>Orientando(a)<\/strong>: Mayra Oliveira Ramos<br><strong>Orientador(a)<\/strong>: Profa. Dra. Suezilde da Concei\u00e7\u00e3o Amaral Ribeiro<br><a href=\"https:\/\/propesp.uepa.br\/ppgca\/wp-content\/uploads\/2023\/02\/dissertacao_mayra_ramos_turma_2015.pdf\" target=\"_blank\" rel=\"noreferrer noopener\"><strong>Download da Disserta\u00e7\u00e3o<\/strong><\/a><\/p>\n\n\n\n<p><strong>Tema da Disserta\u00e7\u00e3o<\/strong>: Destina\u00e7\u00e3o dos res\u00edduos eletroeletr\u00f4nicos no p\u00f3s-consumo<br><strong>Orientando(a)<\/strong>: Michelle de Oliveira Borges de Mesquita<br><strong>Orientador(a)<\/strong>: Prof. Dr. H\u00e9lio Raymundo Ferreiro Filho<br><a rel=\"noreferrer noopener\" href=\"https:\/\/propesp.uepa.br\/ppgca\/wp-content\/uploads\/2023\/02\/dissertacao_michelle_mesquita_turma_2015.pdf\" target=\"_blank\"><strong>Download da Disserta\u00e7\u00e3o<\/strong><\/a><\/p>\n\n\n\n<p><strong>Tema da Disserta\u00e7\u00e3o<\/strong>: An\u00e1lise dos crit\u00e9rios de Outorga de Direito de Uso dos Recursos H\u00eddricos superficiais no Estado do Par\u00e1 baseada em vaz\u00f5es de refer\u00eancia<br><strong>Orientando(a)<\/strong>: Nayara de Miranda Dias<br><strong>Orientador(a)<\/strong>: Prof. Dr. Gundysalvo Piratoba Morales<\/p>\n\n\n\n<p><strong>Tema da Disserta\u00e7\u00e3o<\/strong>: Biomassa microbiana de um latossolo amarelo sob cultivos de a\u00e7a\u00ed (<em>Euterpe oleracea&nbsp;<\/em>Mart.) em compara\u00e7\u00e3o com solos de floresta secund\u00e1ria no munic\u00edpio de Maracan\u00e3-Par\u00e1 (PA)<br><strong>Orientando(a)<\/strong>: Priscila Fonseca Ferreira<br><strong>Orientador(a)<\/strong>: Prof. Dr. Manoel Tavares de Paula<br><a rel=\"noreferrer noopener\" href=\"https:\/\/propesp.uepa.br\/ppgca\/wp-content\/uploads\/2023\/02\/dissertacao_priscila_ferreira_turma_2015.pdf\" target=\"_blank\"><strong>Download da Disserta\u00e7\u00e3o<\/strong><\/a><\/p>\n\n\n\n<p><strong>Tema da Disserta\u00e7\u00e3o<\/strong>: Servi\u00e7os ecossist\u00eamicos e ambientais na produ\u00e7\u00e3o agr\u00edcola: um estudo em sistemas agroflorestais<br><strong>Orientando(a)<\/strong>: Renan Coelho Vasconcellos<br><strong>Orientador(a)<\/strong>: Profa. Dra. Norma Ely Santos Beltr\u00e3o&nbsp;<br><a rel=\"noreferrer noopener\" href=\"https:\/\/propesp.uepa.br\/ppgca\/wp-content\/uploads\/2023\/02\/dissertacao_renan_vasconcelos_turma_2015.pdf\" target=\"_blank\"><strong>Download da Disserta\u00e7\u00e3o<\/strong><\/a><\/p>\n\n\n\n<p><strong>Tema da Disserta\u00e7\u00e3o<\/strong>: Recupera\u00e7\u00e3o do potencial produtivo de uma floresta Ombr\u00f3fila Densa da Amaz\u00f4nia Oriental ap\u00f3s a colheita de madeira de modo convencional e de impacto reduzido.<br><strong>Orientando(a)<\/strong>: Silvia Maria Alves da Silva<br><strong>Orientador(a)<\/strong>: Profa. Dra. Norma Ely Santos Beltr\u00e3o<\/p>\n\n\n\n<p><strong>Tema da Disserta\u00e7\u00e3o<\/strong>: Sociobiodiversidade e conserva\u00e7\u00e3o na Amaz\u00f4nia: o caso da feira livre de Abaetetuba, Par\u00e1, Brasil<br><strong>Orientando(a)<\/strong>: Thyago Gon\u00e7alves Miranda<br><strong>Orientador(a)<\/strong>: Profa. Dra. Ana Cl\u00e1udia Caldeiras Martins<br><a rel=\"noreferrer noopener\" href=\"https:\/\/propesp.uepa.br\/ppgca\/wp-content\/uploads\/2023\/02\/dissertacao_thyago_miranda_turma_2015.pdf\" target=\"_blank\"><strong>Download da Disserta\u00e7\u00e3o<\/strong><\/a><\/p>\n","protected":false},"excerpt":{"rendered":"<p>Disserta\u00e7\u00f5es Conclu\u00eddas \u2013 Turma de 2015 Tema da Disserta\u00e7\u00e3o: Padr\u00f5es de mudan\u00e7as na cobertura florestal na mesorregi\u00e3o do Sudoeste do Par\u00e1Orientando(a): Arlesson Antonio de Almeida Souza&nbsp;&nbsp;&nbsp;&nbsp;&nbsp;&nbsp;&nbsp;&nbsp;&nbsp;&nbsp;&nbsp;&nbsp;&nbsp;&nbsp;&nbsp;&nbsp;&nbsp;&nbsp;&nbsp;&nbsp;&nbsp;Orientador(a): Prof. Dr. Altem Nascimento Pontes Tema da Disserta\u00e7\u00e3o: Monitoramento multitemporal da qualidade das \u00e1guas dos mananciais de Bel\u00e9m-PA: evid\u00eancias de impactos antr\u00f3picos no seu entornoOrientando(a): Carlos Benedito Barreiros GutierrezOrientador(a): &hellip;<\/p>\n<p class=\"read-more\"> <a class=\"\" href=\"https:\/\/propesp.uepa.br\/ppgca\/index.php\/publicacoes\/dissertacoes\/2319-2\/\"> <span class=\"screen-reader-text\">Turma 2015<\/span> Leia mais &raquo;<\/a><\/p>\n","protected":false},"author":4,"featured_media":0,"parent":145,"menu_order":0,"comment_status":"closed","ping_status":"closed","template":"","meta":{"_uag_custom_page_level_css":"","_mi_skip_tracking":false,"_exactmetrics_sitenote_active":false,"_exactmetrics_sitenote_note":"","_exactmetrics_sitenote_category":0,"site-sidebar-layout":"default","site-content-layout":"","ast-site-content-layout":"","site-content-style":"default","site-sidebar-style":"default","ast-global-header-display":"","ast-banner-title-visibility":"","ast-main-header-display":"","ast-hfb-above-header-display":"","ast-hfb-below-header-display":"","ast-hfb-mobile-header-display":"","site-post-title":"disabled","ast-breadcrumbs-content":"","ast-featured-img":"","footer-sml-layout":"","theme-transparent-header-meta":"","adv-header-id-meta":"","stick-header-meta":"","header-above-stick-meta":"","header-main-stick-meta":"","header-below-stick-meta":"","astra-migrate-meta-layouts":"","ast-page-background-enabled":"default","ast-page-background-meta":{"desktop":{"background-color":"var(--ast-global-color-4)","background-image":"","background-repeat":"repeat","background-position":"center center","background-size":"auto","background-attachment":"scroll","background-type":"","background-media":"","overlay-type":"","overlay-color":"","overlay-gradient":""},"tablet":{"background-color":"","background-image":"","background-repeat":"repeat","background-position":"center center","background-size":"auto","background-attachment":"scroll","background-type":"","background-media":"","overlay-type":"","overlay-color":"","overlay-gradient":""},"mobile":{"background-color":"","background-image":"","background-repeat":"repeat","background-position":"center center","background-size":"auto","background-attachment":"scroll","background-type":"","background-media":"","overlay-type":"","overlay-color":"","overlay-gradient":""}},"ast-content-background-meta":{"desktop":{"background-color":"var(--ast-global-color-5)","background-image":"","background-repeat":"repeat","background-position":"center center","background-size":"auto","background-attachment":"scroll","background-type":"","background-media":"","overlay-type":"","overlay-color":"","overlay-gradient":""},"tablet":{"background-color":"var(--ast-global-color-5)","background-image":"","background-repeat":"repeat","background-position":"center center","background-size":"auto","background-attachment":"scroll","background-type":"","background-media":"","overlay-type":"","overlay-color":"","overlay-gradient":""},"mobile":{"background-color":"var(--ast-global-color-5)","background-image":"","background-repeat":"repeat","background-position":"center center","background-size":"auto","background-attachment":"scroll","background-type":"","background-media":"","overlay-type":"","overlay-color":"","overlay-gradient":""}},"footnotes":""},"uagb_featured_image_src":{"full":false,"thumbnail":false,"medium":false,"medium_large":false,"large":false,"1536x1536":false,"2048x2048":false},"uagb_author_info":{"display_name":"adminsites@uepa.br","author_link":"https:\/\/propesp.uepa.br\/ppgca\/index.php\/author\/adminsitesuepa-br\/"},"uagb_comment_info":0,"uagb_excerpt":"Disserta\u00e7\u00f5es Conclu\u00eddas \u2013 Turma de 2015 Tema da Disserta\u00e7\u00e3o: Padr\u00f5es de mudan\u00e7as na cobertura florestal na mesorregi\u00e3o do Sudoeste do Par\u00e1Orientando(a): Arlesson Antonio de Almeida Souza&nbsp;&nbsp;&nbsp;&nbsp;&nbsp;&nbsp;&nbsp;&nbsp;&nbsp;&nbsp;&nbsp;&nbsp;&nbsp;&nbsp;&nbsp;&nbsp;&nbsp;&nbsp;&nbsp;&nbsp;&nbsp;Orientador(a): Prof. Dr. Altem Nascimento Pontes Tema da Disserta\u00e7\u00e3o: Monitoramento multitemporal da qualidade das \u00e1guas dos mananciais de Bel\u00e9m-PA: evid\u00eancias de impactos antr\u00f3picos no seu entornoOrientando(a): Carlos Benedito Barreiros GutierrezOrientador(a):&hellip;","_links":{"self":[{"href":"https:\/\/propesp.uepa.br\/ppgca\/index.php\/wp-json\/wp\/v2\/pages\/2319"}],"collection":[{"href":"https:\/\/propesp.uepa.br\/ppgca\/index.php\/wp-json\/wp\/v2\/pages"}],"about":[{"href":"https:\/\/propesp.uepa.br\/ppgca\/index.php\/wp-json\/wp\/v2\/types\/page"}],"author":[{"embeddable":true,"href":"https:\/\/propesp.uepa.br\/ppgca\/index.php\/wp-json\/wp\/v2\/users\/4"}],"replies":[{"embeddable":true,"href":"https:\/\/propesp.uepa.br\/ppgca\/index.php\/wp-json\/wp\/v2\/comments?post=2319"}],"version-history":[{"count":4,"href":"https:\/\/propesp.uepa.br\/ppgca\/index.php\/wp-json\/wp\/v2\/pages\/2319\/revisions"}],"predecessor-version":[{"id":2326,"href":"https:\/\/propesp.uepa.br\/ppgca\/index.php\/wp-json\/wp\/v2\/pages\/2319\/revisions\/2326"}],"up":[{"embeddable":true,"href":"https:\/\/propesp.uepa.br\/ppgca\/index.php\/wp-json\/wp\/v2\/pages\/145"}],"wp:attachment":[{"href":"https:\/\/propesp.uepa.br\/ppgca\/index.php\/wp-json\/wp\/v2\/media?parent=2319"}],"curies":[{"name":"wp","href":"https:\/\/api.w.org\/{rel}","templated":true}]}}