{"id":2327,"date":"2023-02-27T09:57:34","date_gmt":"2023-02-27T12:57:34","guid":{"rendered":"https:\/\/propesp.uepa.br\/ppgca\/?page_id=2327"},"modified":"2023-02-27T10:00:58","modified_gmt":"2023-02-27T13:00:58","slug":"tuma-2014","status":"publish","type":"page","link":"https:\/\/propesp.uepa.br\/ppgca\/index.php\/publicacoes\/dissertacoes\/tuma-2014\/","title":{"rendered":"Tuma 2014"},"content":{"rendered":"\n<div class=\"wp-block-uagb-container uagb-block-3ceff90f alignfull uagb-is-root-container\"><div class=\"uagb-container-inner-blocks-wrap\">\n<div class=\"wp-block-uagb-advanced-heading uagb-block-0e24b17d\"><h2 class=\"uagb-heading-text\"><strong>Disserta\u00e7\u00f5es Conclu\u00eddas \u2013 Turma de 201<\/strong>4<\/h2><div class=\"uagb-separator\"><\/div><\/div>\n\n\n\n<p><strong>Tema da Disserta\u00e7\u00e3o<\/strong>: Aspectos biol\u00f3gicos e Alimentar de&nbsp;<em>Cornops frenatum frenatum<\/em>&nbsp;(Marschall, 1836) (Orthoptera: Acrididae)<br><strong>Orientando(a)<\/strong>:&nbsp;Benedito Tavares Bechara Resque J\u00fanior<br><strong>Orientador(a)<\/strong>: Profa. Dra. Ana L\u00facia Nunes Gutjhar<br><strong><a href=\"https:\/\/propesp.uepa.br\/ppgca\/wp-content\/uploads\/2023\/02\/dissertacao_benedito_resque_turma_2014.pdf\" target=\"_blank\" rel=\"noreferrer noopener\">Download da Disserta\u00e7\u00e3o<\/a><\/strong><\/p>\n\n\n\n<p><strong>Tema da Disserta\u00e7\u00e3o<\/strong>: Plantas medicinais em comunidades tradicionais da Reserva Extrativista Marinha de Soure-Par\u00e1, Brasil<br><strong>Orientando(a)<\/strong>:&nbsp;Elis Ribeiro Magno Silva<br><strong>Orientador(a)<\/strong>: Profa. Dra. Ana Cl\u00e1udia Caldeira Tavares Martins<br><strong><a href=\"https:\/\/propesp.uepa.br\/ppgca\/wp-content\/uploads\/2023\/02\/dissertacao_elis_silva_turma_2014.pdf\" target=\"_blank\" rel=\"noreferrer noopener\">Download da Disserta\u00e7\u00e3o<\/a><\/strong><\/p>\n\n\n\n<p><strong>Tema da Disserta\u00e7\u00e3o<\/strong>: Soropreval\u00eancia da infec\u00e7\u00e3o pelo&nbsp;<em>T. Gondii<\/em>&nbsp;em patos de corte em feiras livres no munic\u00edpio de Bel\u00e9m-PA<br><strong>Orientando(a)<\/strong>:&nbsp;Gabriel de Lima Nunes<br><strong>Orientador(a)<\/strong>: Profa. Dra. Cl\u00e9a Nazar\u00e9 Carneiro Bichara<br><strong><a href=\"https:\/\/propesp.uepa.br\/ppgca\/wp-content\/uploads\/2023\/02\/dissertacao_gabriel_nunes_turma_2014.pdf\" target=\"_blank\" rel=\"noreferrer noopener\">Download da Disserta\u00e7\u00e3o<\/a><\/strong><\/p>\n\n\n\n<p><strong>Tema da Disserta\u00e7\u00e3o<\/strong>: Sistemas de produ\u00e7\u00e3o em Comunidade Rural de Abaetetuba, Par\u00e1: agrobiodiversidade e conhecimentos tradicionais<br><strong>Orientando(a)<\/strong>:&nbsp;Jana\u00edna Pinheiro Gon\u00e7alves<br><strong>Orientador(a)<\/strong>: Profa. Dra. Fl\u00e1via Cristina Ara\u00fajo Lucas<br><strong><a href=\"https:\/\/propesp.uepa.br\/ppgca\/wp-content\/uploads\/2023\/02\/dissertacao_janaina_goncalves_turma_2014.pdf\" target=\"_blank\" rel=\"noreferrer noopener\">Download da Disserta\u00e7\u00e3o<\/a><\/strong><\/p>\n\n\n\n<p><strong>Tema da Disserta\u00e7\u00e3o<\/strong>: Avalia\u00e7\u00e3o da aduba\u00e7\u00e3o nitrogenada em fun\u00e7\u00e3o da densidade populacional de plantas de milho sob Sistema Plantio Direto no Estado do Par\u00e1<br><strong>Orientando(a)<\/strong>: Luana Paula Freire de Souza<br><strong>Orientador(a)<\/strong>: Prof. Dr. Manoel Tavares de Paulas<br><strong><a href=\"https:\/\/propesp.uepa.br\/ppgca\/wp-content\/uploads\/2023\/02\/dissertacao_luana_oliveira_turma_2014.pdf\" target=\"_blank\" rel=\"noreferrer noopener\">Download da Disserta\u00e7\u00e3o<\/a><\/strong><\/p>\n\n\n\n<p><strong>Tema da Disserta\u00e7\u00e3o<\/strong>: Contribui\u00e7\u00e3o de Projetos de Assentamentos para a din\u00e2mica da mudan\u00e7a do uso da terra na Amaz\u00f4nia: um estudo em Novo Repartimento (PA)<br><strong>Orientando(a)<\/strong>:&nbsp;Monique Helen Cravo Soares Farias<br><strong>Orientador(a)<\/strong>: Profa. Dra. Norma Ely Santos Beltr\u00e3o<br><strong><a href=\"https:\/\/propesp.uepa.br\/ppgca\/wp-content\/uploads\/2023\/02\/dissertacao_monique_farias_turma_2014.pdf\" target=\"_blank\" rel=\"noreferrer noopener\">Download da Disserta\u00e7\u00e3o<\/a><\/strong><\/p>\n\n\n\n<p><strong>Tema da Disserta\u00e7\u00e3o<\/strong>: Biomassa microbiana do solo em diferentes sistemas de uso da terra no munic\u00edpio de Santa Barbara-PA<br><strong>Orientando(a)<\/strong>:&nbsp;Nariane Quaresma Vilhena<br><strong>Orientador(a)<\/strong>: Prof. Dr. Manoel Tavares de Paula<br><a rel=\"noreferrer noopener\" href=\"https:\/\/propesp.uepa.br\/ppgca\/wp-content\/uploads\/2023\/02\/dissertacao_nariane_vilhena_turma_2014.pdf\" target=\"_blank\"><strong>Download da Disserta\u00e7\u00e3o<\/strong><\/a><\/p>\n\n\n\n<p><strong>Tema da Disserta\u00e7\u00e3o<\/strong>: Diagn\u00f3stico socioecon\u00f4mico, ambiental e de sustentabilidade em comunidades rurais do munic\u00edpio de Marapanim, Par\u00e1, Brasil<br><strong>Orientando(a)<\/strong>:&nbsp;Raynon Joel Monteiro Alves<br><strong>Orientador(a)<\/strong>: Prof. Dr. Altem Nascimento Pontess<br><strong><a href=\"https:\/\/propesp.uepa.br\/ppgca\/wp-content\/uploads\/2023\/02\/dissertacao_raynon_alves_turma_2014.pdf\" target=\"_blank\" rel=\"noreferrer noopener\">Download da Disserta\u00e7\u00e3o<\/a><\/strong><\/p>\n\n\n\n<p><strong>Tema da Disserta\u00e7\u00e3o<\/strong>: Classifica\u00e7\u00e3o de vegeta\u00e7\u00e3o em Concess\u00f5es Florestais: Estudo no Conjunto de Glebas Estaduais Mamuru-Arapiuns (Par\u00e1), baseado em t\u00e9cnicas de intelig\u00eancia computacional, sensoriamento remoto e invent\u00e1rio florestal<br><strong>Orientando(a)<\/strong>:&nbsp;Renata Sousa Ten\u00f3rio<br><strong>Orientador(a)<\/strong>: Prof. Dr. Gundisalvo Piratoba Moraless<br><strong><a href=\"https:\/\/propesp.uepa.br\/ppgca\/wp-content\/uploads\/2023\/02\/dissertacao_renata_tenorio_turma_2014.pdf\" target=\"_blank\" rel=\"noreferrer noopener\">Download da Disserta\u00e7\u00e3o<\/a><\/strong><\/p>\n\n\n\n<p><strong>Tema da Disserta\u00e7\u00e3o<\/strong>: Silagem \u00e1cida de res\u00edduos de filetagem de duas esp\u00e9cies de peixes amaz\u00f4nicos para utiliza\u00e7\u00e3o em ra\u00e7\u00e3o animal<br><strong>Orientando(a)<\/strong>:&nbsp;Jeferson Stiver Oliveira de Castro<br><strong>Orientador(a)<\/strong>: Profa. Dra. Suezilde da Concei\u00e7\u00e3o Amaral Ribeiros<br><strong><a href=\"https:\/\/propesp.uepa.br\/ppgca\/wp-content\/uploads\/2023\/02\/dissertacao_jeferson_stiver_turma_2014.pdf\" target=\"_blank\" rel=\"noreferrer noopener\">Download da Disserta\u00e7\u00e3o<\/a><\/strong><\/p>\n\n\n\n<p><strong>Tema da Disserta\u00e7\u00e3o<\/strong>: Aplica\u00e7\u00e3o de algoritmo computacional baseado em dist\u00e2ncia para classifica\u00e7\u00f5es autom\u00e1ticas de tipologias florestais e de classes de volume de biomassa florestal nas Glebas Mamuru-Arapiuns localizadas no estado do Par\u00e1<br><strong>Orientando(a)<\/strong>:&nbsp;Thamiris das Gra\u00e7as Pereira<br><strong>Orientador(a)<\/strong>: Prof. Dr. H\u00e9lio Raymundo Ferreira Filhos<br><strong><a href=\"https:\/\/propesp.uepa.br\/ppgca\/wp-content\/uploads\/2023\/02\/dissertacao_thamiris_pereira_turma_2014.pdf\" target=\"_blank\" rel=\"noreferrer noopener\">Download da Disserta\u00e7\u00e3o<\/a><\/strong><\/p>\n\n\n\n<p><strong>Tema da Disserta\u00e7\u00e3o<\/strong>: Classifica\u00e7\u00e3o de Estratos Florestais e Estimativa de biomassa arb\u00f3rea por meio de Invent\u00e1rio Florestal com o uso de redes neurais artificiais associadas a dados de sensoriamento remoto no Conjunto de Glebas Estaduais Mamuru-Arapiuns \u2013 Par\u00e1 \u2013 Brasil<br><strong>Orientando(a)<\/strong>:&nbsp;Wanderson Gon\u00e7alves e Gon\u00e7alves<br><strong>Orientador(a)<\/strong>: Profa. Dra. Hebe Morganne Campos Ribeiro<br><strong><a href=\"https:\/\/propesp.uepa.br\/ppgca\/wp-content\/uploads\/2023\/02\/dissertacao_wanderson_goncalves_turma_2014.pdf\" target=\"_blank\" rel=\"noreferrer noopener\">Download da Disserta\u00e7\u00e3o<\/a><\/strong><\/p>\n<\/div><\/div>\n","protected":false},"excerpt":{"rendered":"<p>Disserta\u00e7\u00f5es Conclu\u00eddas \u2013 Turma de 2014 Tema da Disserta\u00e7\u00e3o: Aspectos biol\u00f3gicos e Alimentar de&nbsp;Cornops frenatum frenatum&nbsp;(Marschall, 1836) (Orthoptera: Acrididae)Orientando(a):&nbsp;Benedito Tavares Bechara Resque J\u00faniorOrientador(a): Profa. Dra. Ana L\u00facia Nunes GutjharDownload da Disserta\u00e7\u00e3o Tema da Disserta\u00e7\u00e3o: Plantas medicinais em comunidades tradicionais da Reserva Extrativista Marinha de Soure-Par\u00e1, BrasilOrientando(a):&nbsp;Elis Ribeiro Magno SilvaOrientador(a): Profa. Dra. Ana Cl\u00e1udia Caldeira Tavares &hellip;<\/p>\n<p class=\"read-more\"> <a class=\"\" href=\"https:\/\/propesp.uepa.br\/ppgca\/index.php\/publicacoes\/dissertacoes\/tuma-2014\/\"> <span class=\"screen-reader-text\">Tuma 2014<\/span> Leia mais &raquo;<\/a><\/p>\n","protected":false},"author":4,"featured_media":0,"parent":145,"menu_order":0,"comment_status":"closed","ping_status":"closed","template":"","meta":{"_uag_custom_page_level_css":"","_mi_skip_tracking":false,"_exactmetrics_sitenote_active":false,"_exactmetrics_sitenote_note":"","_exactmetrics_sitenote_category":0,"site-sidebar-layout":"default","site-content-layout":"","ast-site-content-layout":"","site-content-style":"default","site-sidebar-style":"default","ast-global-header-display":"","ast-banner-title-visibility":"","ast-main-header-display":"","ast-hfb-above-header-display":"","ast-hfb-below-header-display":"","ast-hfb-mobile-header-display":"","site-post-title":"disabled","ast-breadcrumbs-content":"","ast-featured-img":"","footer-sml-layout":"","theme-transparent-header-meta":"","adv-header-id-meta":"","stick-header-meta":"","header-above-stick-meta":"","header-main-stick-meta":"","header-below-stick-meta":"","astra-migrate-meta-layouts":"","ast-page-background-enabled":"default","ast-page-background-meta":{"desktop":{"background-color":"var(--ast-global-color-4)","background-image":"","background-repeat":"repeat","background-position":"center center","background-size":"auto","background-attachment":"scroll","background-type":"","background-media":"","overlay-type":"","overlay-color":"","overlay-gradient":""},"tablet":{"background-color":"","background-image":"","background-repeat":"repeat","background-position":"center center","background-size":"auto","background-attachment":"scroll","background-type":"","background-media":"","overlay-type":"","overlay-color":"","overlay-gradient":""},"mobile":{"background-color":"","background-image":"","background-repeat":"repeat","background-position":"center center","background-size":"auto","background-attachment":"scroll","background-type":"","background-media":"","overlay-type":"","overlay-color":"","overlay-gradient":""}},"ast-content-background-meta":{"desktop":{"background-color":"var(--ast-global-color-5)","background-image":"","background-repeat":"repeat","background-position":"center center","background-size":"auto","background-attachment":"scroll","background-type":"","background-media":"","overlay-type":"","overlay-color":"","overlay-gradient":""},"tablet":{"background-color":"var(--ast-global-color-5)","background-image":"","background-repeat":"repeat","background-position":"center center","background-size":"auto","background-attachment":"scroll","background-type":"","background-media":"","overlay-type":"","overlay-color":"","overlay-gradient":""},"mobile":{"background-color":"var(--ast-global-color-5)","background-image":"","background-repeat":"repeat","background-position":"center center","background-size":"auto","background-attachment":"scroll","background-type":"","background-media":"","overlay-type":"","overlay-color":"","overlay-gradient":""}},"footnotes":""},"uagb_featured_image_src":{"full":false,"thumbnail":false,"medium":false,"medium_large":false,"large":false,"1536x1536":false,"2048x2048":false},"uagb_author_info":{"display_name":"adminsites@uepa.br","author_link":"https:\/\/propesp.uepa.br\/ppgca\/index.php\/author\/adminsitesuepa-br\/"},"uagb_comment_info":0,"uagb_excerpt":"Disserta\u00e7\u00f5es Conclu\u00eddas \u2013 Turma de 2014 Tema da Disserta\u00e7\u00e3o: Aspectos biol\u00f3gicos e Alimentar de&nbsp;Cornops frenatum frenatum&nbsp;(Marschall, 1836) (Orthoptera: Acrididae)Orientando(a):&nbsp;Benedito Tavares Bechara Resque J\u00faniorOrientador(a): Profa. Dra. Ana L\u00facia Nunes GutjharDownload da Disserta\u00e7\u00e3o Tema da Disserta\u00e7\u00e3o: Plantas medicinais em comunidades tradicionais da Reserva Extrativista Marinha de Soure-Par\u00e1, BrasilOrientando(a):&nbsp;Elis Ribeiro Magno SilvaOrientador(a): Profa. Dra. Ana Cl\u00e1udia Caldeira Tavares&hellip;","_links":{"self":[{"href":"https:\/\/propesp.uepa.br\/ppgca\/index.php\/wp-json\/wp\/v2\/pages\/2327"}],"collection":[{"href":"https:\/\/propesp.uepa.br\/ppgca\/index.php\/wp-json\/wp\/v2\/pages"}],"about":[{"href":"https:\/\/propesp.uepa.br\/ppgca\/index.php\/wp-json\/wp\/v2\/types\/page"}],"author":[{"embeddable":true,"href":"https:\/\/propesp.uepa.br\/ppgca\/index.php\/wp-json\/wp\/v2\/users\/4"}],"replies":[{"embeddable":true,"href":"https:\/\/propesp.uepa.br\/ppgca\/index.php\/wp-json\/wp\/v2\/comments?post=2327"}],"version-history":[{"count":3,"href":"https:\/\/propesp.uepa.br\/ppgca\/index.php\/wp-json\/wp\/v2\/pages\/2327\/revisions"}],"predecessor-version":[{"id":2350,"href":"https:\/\/propesp.uepa.br\/ppgca\/index.php\/wp-json\/wp\/v2\/pages\/2327\/revisions\/2350"}],"up":[{"embeddable":true,"href":"https:\/\/propesp.uepa.br\/ppgca\/index.php\/wp-json\/wp\/v2\/pages\/145"}],"wp:attachment":[{"href":"https:\/\/propesp.uepa.br\/ppgca\/index.php\/wp-json\/wp\/v2\/media?parent=2327"}],"curies":[{"name":"wp","href":"https:\/\/api.w.org\/{rel}","templated":true}]}}