{"id":2334,"date":"2023-02-27T10:03:27","date_gmt":"2023-02-27T13:03:27","guid":{"rendered":"https:\/\/propesp.uepa.br\/ppgca\/?page_id=2334"},"modified":"2023-02-27T10:04:43","modified_gmt":"2023-02-27T13:04:43","slug":"turma-2013","status":"publish","type":"page","link":"https:\/\/propesp.uepa.br\/ppgca\/index.php\/publicacoes\/dissertacoes\/turma-2013\/","title":{"rendered":"Turma 2013"},"content":{"rendered":"\n<div class=\"wp-block-uagb-container uagb-block-44191fcc alignfull uagb-is-root-container\"><div class=\"uagb-container-inner-blocks-wrap\">\n<div class=\"wp-block-uagb-advanced-heading uagb-block-ef949b46\"><h2 class=\"uagb-heading-text\"><strong>Disserta\u00e7\u00f5es Conclu\u00eddas \u2013 Turma de 201<\/strong>3<\/h2><div class=\"uagb-separator\"><\/div><\/div>\n\n\n\n<p><strong>Tema da Disserta\u00e7\u00e3o<\/strong>: An\u00e1lise dos fatores socioecon\u00f4micos de uma comunidade rural produtora de dend\u00ea em Moju, Par\u00e1, Brasil<br><strong>Orientando(a)<\/strong>: Amanda Madalena da Silva Gemaque<br><strong>Orientador(a)<\/strong>: Prof. Dr. H\u00e9lio Raymundo Ferreira Filho<br><strong><a href=\"https:\/\/propesp.uepa.br\/ppgca\/wp-content\/uploads\/2023\/02\/dissertacao_amanda_gemaque_turma_2013.pdf\" target=\"_blank\" rel=\"noreferrer noopener\">Download da Disserta\u00e7\u00e3o<\/a><\/strong><\/p>\n\n\n\n<p><strong>Tema da Disserta\u00e7\u00e3o<\/strong>: Condi\u00e7\u00f5es ecoepidemiol\u00f3gicas da preval\u00eancia da infec\u00e7\u00e3o pelo v\u00edrus HIV e S\u00edfilis entre pu\u00e9rperas em maternidade p\u00fablica de refer\u00eancia<strong><br>Orientando(a)<\/strong>: Bruna Lorena Rodrigues Henderson<br><strong>Orientador(a)<\/strong>: Profa. Dra. Cl\u00e9a Nazar\u00e9 Carneiro Bichara<br><strong><a href=\"https:\/\/propesp.uepa.br\/ppgca\/wp-content\/uploads\/2023\/02\/dissertacao_bruna_henderson_turma_2013.pdf\" target=\"_blank\" rel=\"noreferrer noopener\">Download da Disserta\u00e7\u00e3o<\/a><\/strong><\/p>\n\n\n\n<p><strong>Tema da Disserta\u00e7\u00e3o<\/strong>: Acumula\u00e7\u00e3o de elementos met\u00e1licos no caranguejo&nbsp;<em>Ucides cordatus<\/em>&nbsp;Linnaeus (1763) em Manguezal Amaz\u00f4nico, Par\u00e1, Brasil<br><strong>Orientando(a)<\/strong>: Bruna Mari\u00e1h da Silva e Silva<br><strong>Orientador(a)<\/strong>: Prof. Dr. Gundisalvo Piratoba Morales<br><strong><a href=\"https:\/\/propesp.uepa.br\/ppgca\/wp-content\/uploads\/2023\/02\/dissertacao_bruna_mariah_turma_2013.pdf\" target=\"_blank\" rel=\"noreferrer noopener\">Download da Disserta\u00e7\u00e3o<\/a><\/strong><\/p>\n\n\n\n<p><strong>Tema da Disserta\u00e7\u00e3o<\/strong>:&nbsp;Socioeconomia do Complexo Ver-o-Peso: uma an\u00e1lise dos setores de ervas e artesanato na perspectiva do turismo&nbsp;<br><strong>Orientando(a)<\/strong>: Camila Alice da Silva Gomes<br><strong>Orientador(a)<\/strong>: Prof. Dr. Altem Nascimento Pontes<br><strong><a href=\"https:\/\/propesp.uepa.br\/ppgca\/wp-content\/uploads\/2023\/02\/dissertacao_camila_gomes_turma_2013.pdf\" target=\"_blank\" rel=\"noreferrer noopener\">Download da Disserta\u00e7\u00e3o<\/a><\/strong><\/p>\n\n\n\n<p><strong>Tema da Disserta\u00e7\u00e3o<\/strong>:Quintais Urbanos: alternativas para a qualidade de vida e o conforto ambiental em Abaetetuba, Par\u00e1<br><strong>Orientando(a)<\/strong>: Gerciene de Jesus Miranda Lobato<br><strong>Orientador(a)<\/strong>: Profa. Dra. Fl\u00e1via Cristina Ara\u00fajo Lucas<br><strong><a href=\"https:\/\/propesp.uepa.br\/ppgca\/wp-content\/uploads\/2023\/02\/dissertacao_gerciene_lobato_turma_2013.pdf\" target=\"_blank\" rel=\"noreferrer noopener\">Download da Disserta\u00e7\u00e3o<\/a><\/strong><\/p>\n\n\n\n<p><strong>Tema da Disserta\u00e7\u00e3o<\/strong>:An\u00e1lise do Marco Regulat\u00f3rio do mecanismo REDD+ no estado do Par\u00e1: contexto e perspectivas<br><strong>Orientando(a)<\/strong>: Haeliton Andrade Arruda<br><strong>Orientador(a)<\/strong>: Profa. Dra. Norma Ely Beltr\u00e3o<br><strong><a href=\"https:\/\/propesp.uepa.br\/ppgca\/wp-content\/uploads\/2023\/02\/dissertacao_haeliton_arruda_turma_2013.pdf\" target=\"_blank\" rel=\"noreferrer noopener\">Download da Disserta\u00e7\u00e3o<\/a><\/strong><\/p>\n\n\n\n<p><strong>Tema da Disserta\u00e7\u00e3o<\/strong>:Quintais urbanos e plantas medicinais: um estudo etnobot\u00e2nico no bairro S\u00e3o Sebasti\u00e3o, Abaetetuba-PA<br><strong>Orientando(a)<\/strong>: Ivanete Cardoso Palheta&nbsp;<br><strong>Orientador(a)<\/strong>: Profa. Dra. Ana Cl\u00e1udia Caldeira Tavares Martins<br><strong><a href=\"https:\/\/propesp.uepa.br\/ppgca\/wp-content\/uploads\/2023\/02\/dissertacao_ivanete_palhete_turma_2013.pdf\" target=\"_blank\" rel=\"noreferrer noopener\">Download da Disserta\u00e7\u00e3o<\/a><\/strong><\/p>\n\n\n\n<p><strong>Tema da Disserta\u00e7\u00e3o<\/strong>: Monitoramento da qualidade f\u00edsico-qu\u00edmica e microbiol\u00f3gica da \u00e1gua de cultivo de ostra (<em>Crassostrea rhizophorae<\/em>) em uma comunidade de ostreicultores no estado do Par\u00e1<br><strong>Orientando(a)<\/strong>: Jackson de Freitas Figueiredo&nbsp;<br><strong>Orientador(a)<\/strong>: Profa. Dra. Suezilde da Concei\u00e7\u00e3o Amaral Ribeiro<br><strong><a href=\"https:\/\/propesp.uepa.br\/ppgca\/wp-content\/uploads\/2023\/02\/dissertacao_Jackson_figueiredo_turma_2013.pdf\" target=\"_blank\" rel=\"noreferrer noopener\">Download da Disserta\u00e7\u00e3o<\/a><\/strong><\/p>\n\n\n\n<p><strong>Tema da Disserta\u00e7\u00e3o<\/strong>: An\u00e1lise dos \u00edndices de qualidade de \u00e1gua (IQA e IT) do rio Amazonas para fins de abastecimento p\u00fablico na orla da cidade de Macap\u00e1-AP<br><strong>Orientando(a)<\/strong>: Maria da Concei\u00e7\u00e3o Silva Damasceno<br><strong>Orientador(a)<\/strong>: Profa. Dra. Hebe Morganne Campos Ribeiro<br><strong><a href=\"https:\/\/propesp.uepa.br\/ppgca\/wp-content\/uploads\/2023\/02\/dissertacao_conceicao_turma_2013.pdf\" target=\"_blank\" rel=\"noreferrer noopener\">Download da Disserta\u00e7\u00e3o<\/a><\/strong><\/p>\n\n\n\n<p><strong>Tema da Disserta\u00e7\u00e3o<\/strong>: Registro em Herb\u00e1rios e Express\u00f5es Fenol\u00f3gicas de Palmeiras Associadas \u00e0 Condi\u00e7\u00f5es Pluviais na<br>Floresta Nacional do Tapaj\u00f3s, Estado do Par\u00e1<br><strong>Orientando(a)<\/strong>: M\u00fcller Silva Pimentel&nbsp;<br><strong>Orientador(a)<\/strong>: Profa. Dra. Lucieta Guerreiro Martorano<br><strong><a href=\"https:\/\/propesp.uepa.br\/ppgca\/wp-content\/uploads\/2023\/02\/dissertacao_muller_pimentel_turma_2013.pdf\" target=\"_blank\" rel=\"noreferrer noopener\">Download da Disserta\u00e7\u00e3o<\/a><\/strong><\/p>\n\n\n\n<p><strong>Tema da Disserta\u00e7\u00e3o<\/strong>:&nbsp;Din\u00e2mica de nitrog\u00eanio no solo submetido a diferentes sistemas de manejo em Paragominas &#8211; PA<br><strong>Orientando(a)<\/strong>:&nbsp;Paulo C\u00e9sar Ramos Oliveira<br><strong>Orientador(a)<\/strong>: Prof. Dr. Manoel Tavares de Paula<br><strong><a href=\"https:\/\/propesp.uepa.br\/ppgca\/wp-content\/uploads\/2023\/02\/dissertacao_paulo_oliveira_turma_2013.pdf\" target=\"_blank\" rel=\"noreferrer noopener\">Download da Disserta\u00e7\u00e3o<\/a><\/strong><\/p>\n\n\n\n<p><strong>Tema da Disserta\u00e7\u00e3o<\/strong>:Estudo sobre as formigas (Hymenoptera: Formicidae) da Reserva Mocambo, Bel\u00e9m, Par\u00e1, Brasil&nbsp;&nbsp;&nbsp;&nbsp;&nbsp;&nbsp;&nbsp;&nbsp;&nbsp;&nbsp;&nbsp;&nbsp;&nbsp;&nbsp;&nbsp;&nbsp;&nbsp;&nbsp;&nbsp;&nbsp;&nbsp;&nbsp;&nbsp;&nbsp;&nbsp;&nbsp;&nbsp;&nbsp;&nbsp;&nbsp;&nbsp;&nbsp;&nbsp;&nbsp;&nbsp;&nbsp;&nbsp;&nbsp;&nbsp;&nbsp;&nbsp;&nbsp;&nbsp;&nbsp;&nbsp;&nbsp;&nbsp;&nbsp;&nbsp;&nbsp;&nbsp;&nbsp;&nbsp;&nbsp;&nbsp;&nbsp;&nbsp;&nbsp;&nbsp;&nbsp;&nbsp;&nbsp;&nbsp;&nbsp;&nbsp;&nbsp;&nbsp;&nbsp;&nbsp;&nbsp;&nbsp;&nbsp;&nbsp;&nbsp;&nbsp;&nbsp;&nbsp;&nbsp;&nbsp;&nbsp;&nbsp;&nbsp;&nbsp;&nbsp;&nbsp;&nbsp;&nbsp;&nbsp;&nbsp;&nbsp;&nbsp;&nbsp;&nbsp;&nbsp;&nbsp;&nbsp;&nbsp;&nbsp;&nbsp;&nbsp;&nbsp;&nbsp;&nbsp;&nbsp;&nbsp;&nbsp;&nbsp;&nbsp;&nbsp;&nbsp;&nbsp;<br><strong>Orientando(a)<\/strong>:Rejane das Chagas Rabelo<br><strong>Orientador(a)<\/strong>: Profa. Dra. Ana L\u00facia Nunes Gutjhar<br><strong><a href=\"https:\/\/propesp.uepa.br\/ppgca\/wp-content\/uploads\/2023\/02\/dissertacao_rejane_rabelo_turma_2013.pdf\" target=\"_blank\" rel=\"noreferrer noopener\">Download da Disserta\u00e7\u00e3o<\/a><\/strong><\/p>\n<\/div><\/div>\n","protected":false},"excerpt":{"rendered":"<p>Disserta\u00e7\u00f5es Conclu\u00eddas \u2013 Turma de 2013 Tema da Disserta\u00e7\u00e3o: An\u00e1lise dos fatores socioecon\u00f4micos de uma comunidade rural produtora de dend\u00ea em Moju, Par\u00e1, BrasilOrientando(a): Amanda Madalena da Silva GemaqueOrientador(a): Prof. Dr. H\u00e9lio Raymundo Ferreira FilhoDownload da Disserta\u00e7\u00e3o Tema da Disserta\u00e7\u00e3o: Condi\u00e7\u00f5es ecoepidemiol\u00f3gicas da preval\u00eancia da infec\u00e7\u00e3o pelo v\u00edrus HIV e S\u00edfilis entre pu\u00e9rperas em maternidade &hellip;<\/p>\n<p class=\"read-more\"> <a class=\"\" href=\"https:\/\/propesp.uepa.br\/ppgca\/index.php\/publicacoes\/dissertacoes\/turma-2013\/\"> <span class=\"screen-reader-text\">Turma 2013<\/span> Leia mais &raquo;<\/a><\/p>\n","protected":false},"author":4,"featured_media":0,"parent":145,"menu_order":0,"comment_status":"closed","ping_status":"closed","template":"","meta":{"_uag_custom_page_level_css":"","_mi_skip_tracking":false,"_exactmetrics_sitenote_active":false,"_exactmetrics_sitenote_note":"","_exactmetrics_sitenote_category":0,"site-sidebar-layout":"default","site-content-layout":"","ast-site-content-layout":"","site-content-style":"default","site-sidebar-style":"default","ast-global-header-display":"","ast-banner-title-visibility":"","ast-main-header-display":"","ast-hfb-above-header-display":"","ast-hfb-below-header-display":"","ast-hfb-mobile-header-display":"","site-post-title":"disabled","ast-breadcrumbs-content":"","ast-featured-img":"","footer-sml-layout":"","theme-transparent-header-meta":"","adv-header-id-meta":"","stick-header-meta":"","header-above-stick-meta":"","header-main-stick-meta":"","header-below-stick-meta":"","astra-migrate-meta-layouts":"","ast-page-background-enabled":"default","ast-page-background-meta":{"desktop":{"background-color":"var(--ast-global-color-4)","background-image":"","background-repeat":"repeat","background-position":"center center","background-size":"auto","background-attachment":"scroll","background-type":"","background-media":"","overlay-type":"","overlay-color":"","overlay-gradient":""},"tablet":{"background-color":"","background-image":"","background-repeat":"repeat","background-position":"center center","background-size":"auto","background-attachment":"scroll","background-type":"","background-media":"","overlay-type":"","overlay-color":"","overlay-gradient":""},"mobile":{"background-color":"","background-image":"","background-repeat":"repeat","background-position":"center center","background-size":"auto","background-attachment":"scroll","background-type":"","background-media":"","overlay-type":"","overlay-color":"","overlay-gradient":""}},"ast-content-background-meta":{"desktop":{"background-color":"var(--ast-global-color-5)","background-image":"","background-repeat":"repeat","background-position":"center center","background-size":"auto","background-attachment":"scroll","background-type":"","background-media":"","overlay-type":"","overlay-color":"","overlay-gradient":""},"tablet":{"background-color":"var(--ast-global-color-5)","background-image":"","background-repeat":"repeat","background-position":"center center","background-size":"auto","background-attachment":"scroll","background-type":"","background-media":"","overlay-type":"","overlay-color":"","overlay-gradient":""},"mobile":{"background-color":"var(--ast-global-color-5)","background-image":"","background-repeat":"repeat","background-position":"center center","background-size":"auto","background-attachment":"scroll","background-type":"","background-media":"","overlay-type":"","overlay-color":"","overlay-gradient":""}},"footnotes":""},"uagb_featured_image_src":{"full":false,"thumbnail":false,"medium":false,"medium_large":false,"large":false,"1536x1536":false,"2048x2048":false},"uagb_author_info":{"display_name":"adminsites@uepa.br","author_link":"https:\/\/propesp.uepa.br\/ppgca\/index.php\/author\/adminsitesuepa-br\/"},"uagb_comment_info":0,"uagb_excerpt":"Disserta\u00e7\u00f5es Conclu\u00eddas \u2013 Turma de 2013 Tema da Disserta\u00e7\u00e3o: An\u00e1lise dos fatores socioecon\u00f4micos de uma comunidade rural produtora de dend\u00ea em Moju, Par\u00e1, BrasilOrientando(a): Amanda Madalena da Silva GemaqueOrientador(a): Prof. Dr. H\u00e9lio Raymundo Ferreira FilhoDownload da Disserta\u00e7\u00e3o Tema da Disserta\u00e7\u00e3o: Condi\u00e7\u00f5es ecoepidemiol\u00f3gicas da preval\u00eancia da infec\u00e7\u00e3o pelo v\u00edrus HIV e S\u00edfilis entre pu\u00e9rperas em maternidade&hellip;","_links":{"self":[{"href":"https:\/\/propesp.uepa.br\/ppgca\/index.php\/wp-json\/wp\/v2\/pages\/2334"}],"collection":[{"href":"https:\/\/propesp.uepa.br\/ppgca\/index.php\/wp-json\/wp\/v2\/pages"}],"about":[{"href":"https:\/\/propesp.uepa.br\/ppgca\/index.php\/wp-json\/wp\/v2\/types\/page"}],"author":[{"embeddable":true,"href":"https:\/\/propesp.uepa.br\/ppgca\/index.php\/wp-json\/wp\/v2\/users\/4"}],"replies":[{"embeddable":true,"href":"https:\/\/propesp.uepa.br\/ppgca\/index.php\/wp-json\/wp\/v2\/comments?post=2334"}],"version-history":[{"count":2,"href":"https:\/\/propesp.uepa.br\/ppgca\/index.php\/wp-json\/wp\/v2\/pages\/2334\/revisions"}],"predecessor-version":[{"id":2337,"href":"https:\/\/propesp.uepa.br\/ppgca\/index.php\/wp-json\/wp\/v2\/pages\/2334\/revisions\/2337"}],"up":[{"embeddable":true,"href":"https:\/\/propesp.uepa.br\/ppgca\/index.php\/wp-json\/wp\/v2\/pages\/145"}],"wp:attachment":[{"href":"https:\/\/propesp.uepa.br\/ppgca\/index.php\/wp-json\/wp\/v2\/media?parent=2334"}],"curies":[{"name":"wp","href":"https:\/\/api.w.org\/{rel}","templated":true}]}}