{"id":461,"date":"2019-02-09T22:21:20","date_gmt":"2019-02-10T00:21:20","guid":{"rendered":"https:\/\/paginas.uepa.br\/pcambientais\/ppgca\/?page_id=461"},"modified":"2023-01-26T09:59:20","modified_gmt":"2023-01-26T12:59:20","slug":"disciplinas-2","status":"publish","type":"page","link":"https:\/\/propesp.uepa.br\/ppgca\/index.php\/disciplinas-2\/","title":{"rendered":"Disciplinas"},"content":{"rendered":"\n<div class=\"wp-block-uagb-container uagb-block-12ef7228 alignfull uagb-is-root-container\"><div class=\"uagb-container-inner-blocks-wrap\">\n<div class=\"wp-block-uagb-advanced-heading uagb-block-d32ff2b1\"><h1 class=\"uagb-heading-text\">Cole\u00e7\u00f5es Zool\u00f3gicas<\/h1><div class=\"uagb-separator\"><\/div><\/div>\n\n\n\n<div class=\"wp-block-uagb-container uagb-block-3bda1cb7\">\n<div class=\"wp-block-uagb-advanced-heading uagb-block-85b286dc\"><h3 class=\"uagb-heading-text\">Disciplinas Obrigat\u00f3rias<\/h3><div class=\"uagb-separator\"><\/div><\/div>\n\n\n\n<p><a href=\"https:\/\/paginas.uepa.br\/pcambientais\/downloads\/disciplinas\/obrigatorias\/Dinamicaeocioeconomiadocossistemasmazonicos.pdf\" target=\"_blank\" rel=\"noreferrer noopener\">1. Din\u00e2mica e Socioeconomia dos Ecossistemas Amaz\u00f4nicos<\/a><\/p>\n\n\n\n<p><a href=\"https:\/\/paginas.uepa.br\/pcambientais\/downloads\/disciplinas\/obrigatorias\/InterdiciplinariedadeMeioAmbienteeSustentabilidade.pdf\" target=\"_blank\" rel=\"noreferrer noopener\" aria-label=\" (abre em uma nova aba)\">2. Interdiciplinariedade, Meio Ambiente e Sustentabilidade<\/a><\/p>\n\n\n\n<p><a href=\"https:\/\/paginas.uepa.br\/pcambientais\/estatistica_aplicada_as_ciencias_ambientais.pdf\" target=\"_blank\" rel=\"noreferrer noopener\" aria-label=\" (abre em uma nova aba)\">3. Estat\u00edstica Aplicada \u00e0s Ci\u00eancias Ambientais<\/a><\/p>\n\n\n\n<p><a rel=\"noreferrer noopener\" aria-label=\" (abre em uma nova aba)\" href=\"https:\/\/paginas.uepa.br\/pcambientais\/downloads\/disciplinas\/obrigatorias\/Semin%C3%A1riodePesquisa.pdf\" target=\"_blank\">4. Semin\u00e1rio de Pesquisa<\/a><br><\/p>\n<\/div>\n\n\n\n<div class=\"wp-block-uagb-container uagb-block-c005380e\">\n<div class=\"wp-block-uagb-advanced-heading uagb-block-7fd9a55e\"><h3 class=\"uagb-heading-text\">Disciplinas Optativas<\/h3><div class=\"uagb-separator\"><\/div><\/div>\n\n\n\n<p><a href=\"https:\/\/paginas.uepa.br\/pcambientais\/downloads\/disciplinas\/optativas\/linha01\/EcologiadosEcossistemasAmazonicos.pdf\" target=\"_blank\" rel=\"noreferrer noopener\" aria-label=\" (abre em uma nova aba)\">1. Ecologia dos Ecossistemas Amaz\u00f4nicos<\/a><\/p>\n\n\n\n<p><a href=\"https:\/\/paginas.uepa.br\/pcambientais\/downloads\/disciplinas\/optativas\/linha01\/GeomaticaAplicadaaoMonitoramentoAmazonico.pdf\" target=\"_blank\" rel=\"noreferrer noopener\" aria-label=\" (abre em uma nova aba)\">2. Geom\u00e1tica Aplicada ao Monitoramento Amaz\u00f4nico<\/a><\/p>\n\n\n\n<p><a href=\"https:\/\/paginas.uepa.br\/pcambientais\/downloads\/disciplinas\/optativas\/linha01\/Intera%C3%A7%C3%A3oSoloPlanta.pdf\" target=\"_blank\" rel=\"noreferrer noopener\" aria-label=\" (abre em uma nova aba)\">3. Intera\u00e7\u00e3o Solo-Planta-Atmosfera<\/a><\/p>\n\n\n\n<p><a href=\"https:\/\/paginas.uepa.br\/pcambientais\/downloads\/disciplinas\/optativas\/linha01\/ModelagemAmbienta%20AplicadaaoAmbienteAmazonico.pdf\" target=\"_blank\" rel=\"noreferrer noopener\" aria-label=\" (abre em uma nova aba)\">4. Modelagem Ambiental Aplicada ao Ambiente Amaz\u00f4nico<\/a><\/p>\n\n\n\n<p><a href=\"https:\/\/paginas.uepa.br\/pcambientais\/downloads\/disciplinas\/optativas\/linha01\/MonitoramentoeConserva%C3%A7%C3%A3oAmbiental.pdf\" target=\"_blank\" rel=\"noreferrer noopener\" aria-label=\" (abre em uma nova aba)\">5. Monitoramento e Conserva\u00e7\u00e3o Ambiental<\/a><\/p>\n\n\n\n<p><a href=\"https:\/\/paginas.uepa.br\/pcambientais\/downloads\/disciplinas\/optativas\/linha01\/Pr%C3%A1ticasdeCampoemCiencias%20Ambientais.pdf\" target=\"_blank\" rel=\"noreferrer noopener\" aria-label=\" (abre em uma nova aba)\">6. Pr\u00e1ticas de Campo em Ci\u00eancias Ambientais<\/a><\/p>\n\n\n\n<p><a href=\"https:\/\/paginas.uepa.br\/pcambientais\/downloads\/disciplinas\/optativas\/linha02\/AnaliseeAvalia%C3%A7%C3%A3odeImpactosAmbientais.pdf\" target=\"_blank\" rel=\"noreferrer noopener\" aria-label=\" (abre em uma nova aba)\">7. An\u00e1lise e Avalia\u00e7\u00e3o de Impactos Ambientais<\/a><\/p>\n\n\n\n<p><a href=\"https:\/\/paginas.uepa.br\/pcambientais\/downloads\/disciplinas\/optativas\/linha02\/BiotecnologiaAplicadaa%20AmbienteAmazonico.pdf\" target=\"_blank\" rel=\"noreferrer noopener\" aria-label=\" (abre em uma nova aba)\">8. Biotecnologia Aplicada ao Ambiente Amaz\u00f4nico<\/a><\/p>\n\n\n\n<p><a href=\"https:\/\/paginas.uepa.br\/pcambientais\/downloads\/disciplinas\/optativas\/linha02\/EpidemologiaeControledeDoen%C3%A7asTropicais.pdf\" target=\"_blank\" rel=\"noreferrer noopener\" aria-label=\" (abre em uma nova aba)\">9. Epidemologia e Controle de Doen\u00e7as Tropicais Amaz\u00f4nicas<\/a><\/p>\n\n\n\n<p><a href=\"https:\/\/paginas.uepa.br\/pcambientais\/downloads\/disciplinas\/optativas\/linha02\/EtomologiaAmbiental.pdf\" target=\"_blank\" rel=\"noreferrer noopener\" aria-label=\" (abre em uma nova aba)\">10. Entomologia Ambiental<\/a><\/p>\n\n\n\n<p><a href=\"https:\/\/paginas.uepa.br\/pcambientais\/educacao_ambiental.pdf\" target=\"_blank\" rel=\"noreferrer noopener\" aria-label=\" (abre em uma nova aba)\">11. Educa\u00e7\u00e3o Ambiental e Desenvolvimento Sustent\u00e1vel na Amaz\u00f4nia<\/a><\/p>\n\n\n\n<p><a href=\"https:\/\/paginas.uepa.br\/pcambientais\/downloads\/disciplinas\/optativas\/linha02\/PoliticasP%C3%BAblicaseGest%C3%A3o%20Ambiental.pdf\" target=\"_blank\" rel=\"noreferrer noopener\" aria-label=\" (abre em uma nova aba)\">12. Politicas P\u00fablicas e Gest\u00e3o Ambiental<\/a><\/p>\n\n\n\n<p><a href=\"https:\/\/paginas.uepa.br\/pcambientais\/Qu%C3%ADmica%20Ambiental.pdf\" target=\"_blank\" rel=\"noreferrer noopener\" aria-label=\" (abre em uma nova aba)\">13. Qu\u00edmica Ambiental<\/a><\/p>\n\n\n\n<p><a href=\"https:\/\/paginas.uepa.br\/pcambientais\/ementa_recursos_hidricos.pdf\" target=\"_blank\" rel=\"noreferrer noopener\" aria-label=\" (abre em uma nova aba)\">14. Recursos H\u00eddricos<\/a><\/p>\n\n\n\n<p><a href=\"https:\/\/paginas.uepa.br\/pcambientais\/Etnobotanica.pdf\" target=\"_blank\" rel=\"noreferrer noopener\" aria-label=\" (abre em uma nova aba)\">15. Etnobot\u00e2nica<\/a><\/p>\n\n\n\n<p><a href=\"https:\/\/paginas.uepa.br\/pcambientais\/Economia%20Verde.pdf\" target=\"_blank\" rel=\"noreferrer noopener\" aria-label=\" (abre em uma nova aba)\">16. Economia Verde<\/a><\/p>\n\n\n\n<p><a href=\"https:\/\/paginas.uepa.br\/pcambientais\/Sistemas%20Agroflorestais.pdf\" target=\"_blank\" rel=\"noreferrer noopener\" aria-label=\" (abre em uma nova aba)\">17. Sistemas Agroflorestais<\/a><\/p>\n\n\n\n<p><a href=\"https:\/\/paginas.uepa.br\/pcambientais\/logistica_verde.pdf\" target=\"_blank\" rel=\"noreferrer noopener\" aria-label=\" (abre em uma nova aba)\">18. Log\u00edstica Verde<\/a><\/p>\n<\/div>\n<\/div><\/div>\n","protected":false},"excerpt":{"rendered":"<p>Cole\u00e7\u00f5es Zool\u00f3gicas Disciplinas Obrigat\u00f3rias 1. Din\u00e2mica e Socioeconomia dos Ecossistemas Amaz\u00f4nicos 2. Interdiciplinariedade, Meio Ambiente e Sustentabilidade 3. Estat\u00edstica Aplicada \u00e0s Ci\u00eancias Ambientais 4. Semin\u00e1rio de Pesquisa Disciplinas Optativas 1. Ecologia dos Ecossistemas Amaz\u00f4nicos 2. Geom\u00e1tica Aplicada ao Monitoramento Amaz\u00f4nico 3. Intera\u00e7\u00e3o Solo-Planta-Atmosfera 4. Modelagem Ambiental Aplicada ao Ambiente Amaz\u00f4nico 5. Monitoramento e Conserva\u00e7\u00e3o Ambiental &hellip;<\/p>\n<p class=\"read-more\"> <a class=\"\" href=\"https:\/\/propesp.uepa.br\/ppgca\/index.php\/disciplinas-2\/\"> <span class=\"screen-reader-text\">Disciplinas<\/span> Leia mais &raquo;<\/a><\/p>\n","protected":false},"author":4,"featured_media":0,"parent":0,"menu_order":0,"comment_status":"closed","ping_status":"closed","template":"","meta":{"_uag_custom_page_level_css":"","_mi_skip_tracking":false,"_exactmetrics_sitenote_active":false,"_exactmetrics_sitenote_note":"","_exactmetrics_sitenote_category":0,"site-sidebar-layout":"default","site-content-layout":"","ast-site-content-layout":"","site-content-style":"default","site-sidebar-style":"default","ast-global-header-display":"","ast-banner-title-visibility":"","ast-main-header-display":"","ast-hfb-above-header-display":"","ast-hfb-below-header-display":"","ast-hfb-mobile-header-display":"","site-post-title":"disabled","ast-breadcrumbs-content":"","ast-featured-img":"","footer-sml-layout":"","theme-transparent-header-meta":"","adv-header-id-meta":"","stick-header-meta":"","header-above-stick-meta":"","header-main-stick-meta":"","header-below-stick-meta":"","astra-migrate-meta-layouts":"","ast-page-background-enabled":"default","ast-page-background-meta":{"desktop":{"background-color":"var(--ast-global-color-4)","background-image":"","background-repeat":"repeat","background-position":"center center","background-size":"auto","background-attachment":"scroll","background-type":"","background-media":"","overlay-type":"","overlay-color":"","overlay-gradient":""},"tablet":{"background-color":"","background-image":"","background-repeat":"repeat","background-position":"center center","background-size":"auto","background-attachment":"scroll","background-type":"","background-media":"","overlay-type":"","overlay-color":"","overlay-gradient":""},"mobile":{"background-color":"","background-image":"","background-repeat":"repeat","background-position":"center center","background-size":"auto","background-attachment":"scroll","background-type":"","background-media":"","overlay-type":"","overlay-color":"","overlay-gradient":""}},"ast-content-background-meta":{"desktop":{"background-color":"var(--ast-global-color-5)","background-image":"","background-repeat":"repeat","background-position":"center center","background-size":"auto","background-attachment":"scroll","background-type":"","background-media":"","overlay-type":"","overlay-color":"","overlay-gradient":""},"tablet":{"background-color":"var(--ast-global-color-5)","background-image":"","background-repeat":"repeat","background-position":"center center","background-size":"auto","background-attachment":"scroll","background-type":"","background-media":"","overlay-type":"","overlay-color":"","overlay-gradient":""},"mobile":{"background-color":"var(--ast-global-color-5)","background-image":"","background-repeat":"repeat","background-position":"center center","background-size":"auto","background-attachment":"scroll","background-type":"","background-media":"","overlay-type":"","overlay-color":"","overlay-gradient":""}},"footnotes":""},"uagb_featured_image_src":{"full":false,"thumbnail":false,"medium":false,"medium_large":false,"large":false,"1536x1536":false,"2048x2048":false},"uagb_author_info":{"display_name":"adminsites@uepa.br","author_link":"https:\/\/propesp.uepa.br\/ppgca\/index.php\/author\/adminsitesuepa-br\/"},"uagb_comment_info":0,"uagb_excerpt":"Cole\u00e7\u00f5es Zool\u00f3gicas Disciplinas Obrigat\u00f3rias 1. Din\u00e2mica e Socioeconomia dos Ecossistemas Amaz\u00f4nicos 2. Interdiciplinariedade, Meio Ambiente e Sustentabilidade 3. Estat\u00edstica Aplicada \u00e0s Ci\u00eancias Ambientais 4. Semin\u00e1rio de Pesquisa Disciplinas Optativas 1. Ecologia dos Ecossistemas Amaz\u00f4nicos 2. Geom\u00e1tica Aplicada ao Monitoramento Amaz\u00f4nico 3. Intera\u00e7\u00e3o Solo-Planta-Atmosfera 4. Modelagem Ambiental Aplicada ao Ambiente Amaz\u00f4nico 5. Monitoramento e Conserva\u00e7\u00e3o Ambiental&hellip;","_links":{"self":[{"href":"https:\/\/propesp.uepa.br\/ppgca\/index.php\/wp-json\/wp\/v2\/pages\/461"}],"collection":[{"href":"https:\/\/propesp.uepa.br\/ppgca\/index.php\/wp-json\/wp\/v2\/pages"}],"about":[{"href":"https:\/\/propesp.uepa.br\/ppgca\/index.php\/wp-json\/wp\/v2\/types\/page"}],"author":[{"embeddable":true,"href":"https:\/\/propesp.uepa.br\/ppgca\/index.php\/wp-json\/wp\/v2\/users\/4"}],"replies":[{"embeddable":true,"href":"https:\/\/propesp.uepa.br\/ppgca\/index.php\/wp-json\/wp\/v2\/comments?post=461"}],"version-history":[{"count":6,"href":"https:\/\/propesp.uepa.br\/ppgca\/index.php\/wp-json\/wp\/v2\/pages\/461\/revisions"}],"predecessor-version":[{"id":2533,"href":"https:\/\/propesp.uepa.br\/ppgca\/index.php\/wp-json\/wp\/v2\/pages\/461\/revisions\/2533"}],"wp:attachment":[{"href":"https:\/\/propesp.uepa.br\/ppgca\/index.php\/wp-json\/wp\/v2\/media?parent=461"}],"curies":[{"name":"wp","href":"https:\/\/api.w.org\/{rel}","templated":true}]}}