{"id":478,"date":"2019-02-09T22:30:23","date_gmt":"2019-02-10T00:30:23","guid":{"rendered":"https:\/\/paginas.uepa.br\/pcambientais\/ppgca\/?page_id=478"},"modified":"2023-01-31T13:32:55","modified_gmt":"2023-01-31T16:32:55","slug":"insercao-social-2","status":"publish","type":"page","link":"https:\/\/propesp.uepa.br\/ppgca\/index.php\/insercao-social-2\/","title":{"rendered":"Inser\u00e7\u00e3o Social"},"content":{"rendered":"\n<div class=\"wp-block-uagb-advanced-heading uagb-block-0cc670d4\"><h1 class=\"uagb-heading-text\">Inser\u00e7\u00e3o Social<\/h1><div class=\"uagb-separator\"><\/div><\/div>\n\n\n\n<p><strong>1. Simp\u00f3sio de Estudos e Pesquisas em Ci\u00eancias Ambientais na Amaz\u00f4nia<\/strong><\/p>\n\n\n\n<p>O Programa de P\u00f3s-Gradua\u00e7\u00e3o em Ci\u00eancias Ambientais (PPGCA) da Universidade do Estado do Par\u00e1 (UEPA) foi autorizado pela Capes no final do ano de 2010 e sua primeira turma foi implementada em 2011. No ano de 2012, o PPGCA\/UEPA lan\u00e7ou seu primeiro Evento &#8211; o Simp\u00f3sio de Estudos e Pesquisas em Ci\u00eancias Ambientais na Amaz\u00f4nia.<\/p>\n\n\n\n<p>O Simp\u00f3sio \u00e9 realizado anualmente e \u00e9 voltado primordialmente para tratar das Ci\u00eancias Ambientais numa perspectiva multidisciplinar\/interdisciplinar. Atualmente, o Simp\u00f3sio contempla mais de 70 \u00e1reas de interesse.<\/p>\n\n\n\n<p>No Simp\u00f3sio \u00e9 poss\u00edvel participar de confer\u00eancias, palestras, mesas-redondas, pain\u00e9is, minicursos, oficinas, visitas de campo e apresentar trabalhos na forma de Resumo e Trabalho Completo. Al\u00e9m disso, todos os trabalhos aceitos s\u00e3o publicados nos Anais do Simp\u00f3sio que j\u00e1 tem inclusive ISSN.<\/p>\n\n\n\n<p><strong>2. Escola de Ver\u00e3o<\/strong><\/p>\n\n\n\n<p>O Programa de Mestrado em Ci\u00eancias Ambientais da Universidade do Estado do Par\u00e1 \u00e9 um programa que oportuniza a graduados \u2013 em qualquer \u00e1rea do conhecimento \u2013 a forma\u00e7\u00e3o em n\u00edvel de p\u00f3s-gradua\u00e7\u00e3o&nbsp;<em>stricto sensu<\/em>. Acontece que al\u00e9m do compromisso acad\u00eamico, este mestrado tem um compromisso com a sociedade e \u00e9 nessa conjuntura que foi idealizada a<strong>&nbsp;Escola de Ver\u00e3o da P\u00f3s-Gradua\u00e7\u00e3o em Ci\u00eancias Ambientais da UEPA<\/strong>.<\/p>\n\n\n\n<p>O evento se destina a pesquisadores, professores, alunos de p\u00f3s-gradua\u00e7\u00e3o, alunos de gradua\u00e7\u00e3o, bem como a toda a comunidade. A programa\u00e7\u00e3o \u00e9 multidisciplinar e o&nbsp;<strong>evento ocorre anualmente no m\u00eas de julho<\/strong>. Al\u00e9m da amplia\u00e7\u00e3o do conhecimento, todos os participantes recebem um Certificado.<\/p>\n\n\n\n<p><strong>3. Escola de Inverno<\/strong><\/p>\n\n\n\n<p>O Programa de P\u00f3s-Gradua\u00e7\u00e3o em Ci\u00eancias Ambientais, da Universidade do Estado do Par\u00e1, promove anualmente a&nbsp;<strong>Escola de Inverno na Amaz\u00f4nia<\/strong>. A Escola ocorre sempre<strong>&nbsp;no m\u00eas de janeiro<\/strong>.<\/p>\n\n\n\n<p>Os objetivos s\u00e3o oferecer oportunidade de estudos aos alunos de gradua\u00e7\u00e3o, p\u00f3s-gradua\u00e7\u00e3o e membros da comunidade que desejam ampliar seus conhecimentos no per\u00edodo de f\u00e9rias, permitir maior aproxima\u00e7\u00e3o entre a comunidade acad\u00eamica e capacitar recursos humanos em assuntos relacionados \u00e0s Ci\u00eancias Ambientais, nas perspectivas econ\u00f4mica, social, ambiental, cultural e institucional.<\/p>\n\n\n\n<p><strong>4. Semin\u00e1rios da P\u00f3s-Gradua\u00e7\u00e3o<\/strong><\/p>\n\n\n\n<p>Estes Semin\u00e1rios s\u00e3o ofertados mensalmente pelo Programa de P\u00f3s-Gradua\u00e7\u00e3o em Ci\u00eancias Ambientais, da Universidade do Estado do Par\u00e1, com o objetivo de socializar informa\u00e7\u00f5es atualizadas sobre quest\u00f5es ambientais, associadas \u00e0 aspectos sociais, econ\u00f4micos, ambientais, culturais e de infraestrutura.<\/p>\n","protected":false},"excerpt":{"rendered":"<p>Inser\u00e7\u00e3o Social 1. Simp\u00f3sio de Estudos e Pesquisas em Ci\u00eancias Ambientais na Amaz\u00f4nia O Programa de P\u00f3s-Gradua\u00e7\u00e3o em Ci\u00eancias Ambientais (PPGCA) da Universidade do Estado do Par\u00e1 (UEPA) foi autorizado pela Capes no final do ano de 2010 e sua primeira turma foi implementada em 2011. No ano de 2012, o PPGCA\/UEPA lan\u00e7ou seu primeiro &hellip;<\/p>\n<p class=\"read-more\"> <a class=\"\" href=\"https:\/\/propesp.uepa.br\/ppgca\/index.php\/insercao-social-2\/\"> <span class=\"screen-reader-text\">Inser\u00e7\u00e3o Social<\/span> Leia mais &raquo;<\/a><\/p>\n","protected":false},"author":4,"featured_media":0,"parent":0,"menu_order":0,"comment_status":"closed","ping_status":"closed","template":"","meta":{"_uag_custom_page_level_css":"","_mi_skip_tracking":false,"_exactmetrics_sitenote_active":false,"_exactmetrics_sitenote_note":"","_exactmetrics_sitenote_category":0,"site-sidebar-layout":"default","site-content-layout":"","ast-site-content-layout":"","site-content-style":"default","site-sidebar-style":"default","ast-global-header-display":"","ast-banner-title-visibility":"","ast-main-header-display":"","ast-hfb-above-header-display":"","ast-hfb-below-header-display":"","ast-hfb-mobile-header-display":"","site-post-title":"disabled","ast-breadcrumbs-content":"","ast-featured-img":"","footer-sml-layout":"","theme-transparent-header-meta":"","adv-header-id-meta":"","stick-header-meta":"","header-above-stick-meta":"","header-main-stick-meta":"","header-below-stick-meta":"","astra-migrate-meta-layouts":"","ast-page-background-enabled":"default","ast-page-background-meta":{"desktop":{"background-color":"var(--ast-global-color-4)","background-image":"","background-repeat":"repeat","background-position":"center center","background-size":"auto","background-attachment":"scroll","background-type":"","background-media":"","overlay-type":"","overlay-color":"","overlay-gradient":""},"tablet":{"background-color":"","background-image":"","background-repeat":"repeat","background-position":"center center","background-size":"auto","background-attachment":"scroll","background-type":"","background-media":"","overlay-type":"","overlay-color":"","overlay-gradient":""},"mobile":{"background-color":"","background-image":"","background-repeat":"repeat","background-position":"center center","background-size":"auto","background-attachment":"scroll","background-type":"","background-media":"","overlay-type":"","overlay-color":"","overlay-gradient":""}},"ast-content-background-meta":{"desktop":{"background-color":"var(--ast-global-color-5)","background-image":"","background-repeat":"repeat","background-position":"center center","background-size":"auto","background-attachment":"scroll","background-type":"","background-media":"","overlay-type":"","overlay-color":"","overlay-gradient":""},"tablet":{"background-color":"var(--ast-global-color-5)","background-image":"","background-repeat":"repeat","background-position":"center center","background-size":"auto","background-attachment":"scroll","background-type":"","background-media":"","overlay-type":"","overlay-color":"","overlay-gradient":""},"mobile":{"background-color":"var(--ast-global-color-5)","background-image":"","background-repeat":"repeat","background-position":"center center","background-size":"auto","background-attachment":"scroll","background-type":"","background-media":"","overlay-type":"","overlay-color":"","overlay-gradient":""}},"footnotes":""},"uagb_featured_image_src":{"full":false,"thumbnail":false,"medium":false,"medium_large":false,"large":false,"1536x1536":false,"2048x2048":false},"uagb_author_info":{"display_name":"adminsites@uepa.br","author_link":"https:\/\/propesp.uepa.br\/ppgca\/index.php\/author\/adminsitesuepa-br\/"},"uagb_comment_info":0,"uagb_excerpt":"Inser\u00e7\u00e3o Social 1. Simp\u00f3sio de Estudos e Pesquisas em Ci\u00eancias Ambientais na Amaz\u00f4nia O Programa de P\u00f3s-Gradua\u00e7\u00e3o em Ci\u00eancias Ambientais (PPGCA) da Universidade do Estado do Par\u00e1 (UEPA) foi autorizado pela Capes no final do ano de 2010 e sua primeira turma foi implementada em 2011. No ano de 2012, o PPGCA\/UEPA lan\u00e7ou seu primeiro&hellip;","_links":{"self":[{"href":"https:\/\/propesp.uepa.br\/ppgca\/index.php\/wp-json\/wp\/v2\/pages\/478"}],"collection":[{"href":"https:\/\/propesp.uepa.br\/ppgca\/index.php\/wp-json\/wp\/v2\/pages"}],"about":[{"href":"https:\/\/propesp.uepa.br\/ppgca\/index.php\/wp-json\/wp\/v2\/types\/page"}],"author":[{"embeddable":true,"href":"https:\/\/propesp.uepa.br\/ppgca\/index.php\/wp-json\/wp\/v2\/users\/4"}],"replies":[{"embeddable":true,"href":"https:\/\/propesp.uepa.br\/ppgca\/index.php\/wp-json\/wp\/v2\/comments?post=478"}],"version-history":[{"count":3,"href":"https:\/\/propesp.uepa.br\/ppgca\/index.php\/wp-json\/wp\/v2\/pages\/478\/revisions"}],"predecessor-version":[{"id":1972,"href":"https:\/\/propesp.uepa.br\/ppgca\/index.php\/wp-json\/wp\/v2\/pages\/478\/revisions\/1972"}],"wp:attachment":[{"href":"https:\/\/propesp.uepa.br\/ppgca\/index.php\/wp-json\/wp\/v2\/media?parent=478"}],"curies":[{"name":"wp","href":"https:\/\/api.w.org\/{rel}","templated":true}]}}