{"id":689,"date":"2019-02-21T11:44:19","date_gmt":"2019-02-21T14:44:19","guid":{"rendered":"https:\/\/paginas.uepa.br\/pcambientais\/ppgca\/?page_id=689"},"modified":"2022-11-30T08:38:37","modified_gmt":"2022-11-30T11:38:37","slug":"apresentacao-mestrado","status":"publish","type":"page","link":"https:\/\/propesp.uepa.br\/ppgca\/index.php\/apresentacao-mestrado\/","title":{"rendered":"Apresenta\u00e7\u00e3o"},"content":{"rendered":"<button id=\"listenButton1\" class=\"responsivevoice-button\" type=\"button\" value=\"Play\" title=\"ResponsiveVoice Tap to Start\/Stop Speech\"><span>&#128266; Ou\u00e7a nossa apresenta\u00e7\u00e3o<\/span><\/button>\n        <script>\n            listenButton1.onclick = function(){\n                if(responsiveVoice.isPlaying()){\n                    responsiveVoice.cancel();\n                }else{\n                    responsiveVoice.speak(\"Apresenta\u00e7\u00e3o O Programa de P\u00f3s-Gradua\u00e7\u00e3o em Ci\u00eancias Ambientais (PPGCA), em n\u00edvel de mestrado acad\u00eamico, foi aprovado pela Coordena\u00e7\u00e3o de Aperfei\u00e7oamento de Pessoal de N\u00edvel Superior (Capes) na 122\u00aa Reuni\u00e3o do Conselho T\u00e9cnico Consultivo (CTC), realizada em Bras\u00edlia (DF), no per\u00edodo de 25 a 29 de Outubro de 2010, e faz parte da \u00e1rea de avalia\u00e7\u00e3o denominada Interdisciplinar.O objetivo do PPGCA \u00e9 formar recursos humanos para atuarem no ensino, na pesquisa e no desenvolvimento da \u00e1rea ambiental atrav\u00e9s do conhecimento interdisciplinar e dom\u00ednio de tecnologias aplicadas no entendimento e resolu\u00e7\u00e3o dos problemas que envolvem as rela\u00e7\u00f5es homem-ambiente. Al\u00e9m disso, o curso visa tamb\u00e9m promover a conex\u00e3o entre o saber acad\u00eamico e as realidades sociais, permitindo que os resultados gerados a partir dessas pesquisas beneficiem tanto a popula\u00e7\u00e3o, quanto o setor produtivo, respeitando as realidades distintas dos ambientes amaz\u00f4nicos.O Curso \u00e9 ofertado pela Universidade do Estado do Par\u00e1 (UEPA) e funciona nas instala\u00e7\u00f5es do Centro de Ci\u00eancias Naturais e Tecnologia (CCNT) da UEPA. Em sua estrutura, apresenta uma \u00e1rea de concentra\u00e7\u00e3o \u201cAmbiente e Sustentabilidade na Amaz\u00f4nia Brasileira\u201d e duas linhas de pesquisas \u201cMeio Ambiente e Sustentabilidade\u201d e \u201cEstudos de Ecossistemas Amaz\u00f4nicos\u201d. Para dar suporte a estas linhas, o programa possui 20 disciplinas, sendo 4 obrigat\u00f3rias e 16 eletivas, al\u00e9m de 12 \u00e1reas de interesse.Atualmente, o PPGCA oferta 12 vagas, sendo que o quadro docente \u00e9 composto por 12 professores permanentes, al\u00e9m de participantes externos, que prov\u00eam dos v\u00e1rios centros da UEPA e tamb\u00e9m da Empresa Brasileira de Pesquisa Agropecu\u00e1ria (EMBRAPA), com a finalidade de manter uma atmosfera interdisciplinar e assim facilitar a pesquisa diante da complexidade dos problemas ambientais. O PPGCA destina-se a portadores de diploma de curso superior de gradua\u00e7\u00e3o, em qualquer \u00e1rea de conhecimento. \u00c9 a partir da uni\u00e3o de profissionais com diferentes forma\u00e7\u00f5es que a \u00e1rea interdisciplinar se diversifica, sendo a que mais cresce junto a Capes, devido sua propens\u00e3o natural para produ\u00e7\u00e3o do conhecimento nos dom\u00ednios da ci\u00eancia, tecnologia e inova\u00e7\u00e3o.Prof. Dr. Altem Nascimento PontesCoordenador do Mestrado\", \"Brazilian Portuguese Female\");\n                }\n            };\n        <\/script>\n    \n\n\n\n<div id=\"itens\" class=\"wp-block-uagb-container uagb-block-a88a9a14 alignfull uagb-is-root-container\"><div class=\"uagb-container-inner-blocks-wrap\">\n<div class=\"wp-block-uagb-advanced-heading uagb-block-3b3d2302\"><h1 class=\"uagb-heading-text\">Apresenta\u00e7\u00e3o<\/h1><div class=\"uagb-separator\"><\/div><\/div>\n\n\n\n<div class=\"wp-block-uagb-advanced-heading uagb-block-27f0a9c0 justify\"><p class=\"uagb-heading-text\">O Programa de P\u00f3s-Gradua\u00e7\u00e3o em Ci\u00eancias Ambientais (PPGCA), em n\u00edvel de mestrado acad\u00eamico, foi aprovado pela Coordena\u00e7\u00e3o de Aperfei\u00e7oamento de Pessoal de N\u00edvel Superior (Capes) na 122\u00aa Reuni\u00e3o do Conselho T\u00e9cnico Consultivo (CTC), realizada em Bras\u00edlia (DF), no per\u00edodo de 25 a 29 de Outubro de 2010, e faz parte da \u00e1rea de avalia\u00e7\u00e3o denominada Interdisciplinar.<br>O objetivo do PPGCA \u00e9 formar recursos humanos para atuarem no ensino, na pesquisa e no desenvolvimento da \u00e1rea ambiental atrav\u00e9s do conhecimento interdisciplinar e dom\u00ednio de tecnologias aplicadas no entendimento e resolu\u00e7\u00e3o dos problemas que envolvem as rela\u00e7\u00f5es homem-ambiente. Al\u00e9m disso, o curso visa tamb\u00e9m promover a conex\u00e3o entre o saber acad\u00eamico e as realidades sociais, permitindo que os resultados gerados a partir dessas pesquisas beneficiem tanto a popula\u00e7\u00e3o, quanto o setor produtivo, respeitando as realidades distintas dos ambientes amaz\u00f4nicos.<br>O Curso \u00e9 ofertado pela Universidade do Estado do Par\u00e1 (UEPA) e funciona nas instala\u00e7\u00f5es do Centro de Ci\u00eancias Naturais e Tecnologia (CCNT) da UEPA. Em sua estrutura, apresenta uma \u00e1rea de concentra\u00e7\u00e3o \u201cAmbiente e Sustentabilidade na Amaz\u00f4nia Brasileira\u201d e duas linhas de pesquisas \u201cMeio Ambiente e Sustentabilidade\u201d e \u201cEstudos de Ecossistemas Amaz\u00f4nicos\u201d. Para dar suporte a estas linhas, o programa possui 20 disciplinas, sendo 4 obrigat\u00f3rias e 16 eletivas, al\u00e9m de 12 \u00e1reas de interesse.<br>Atualmente, o PPGCA oferta 12 vagas, sendo que o quadro docente \u00e9 composto por 12 professores permanentes, al\u00e9m de participantes externos, que prov\u00eam dos v\u00e1rios centros da UEPA e tamb\u00e9m da Empresa Brasileira de Pesquisa Agropecu\u00e1ria (EMBRAPA), com a finalidade de manter uma atmosfera interdisciplinar e assim facilitar a pesquisa diante da complexidade dos problemas ambientais.<br> O PPGCA destina-se a portadores de diploma de curso superior de gradua\u00e7\u00e3o, em qualquer \u00e1rea de conhecimento. \u00c9 a partir da uni\u00e3o de profissionais com diferentes forma\u00e7\u00f5es que a \u00e1rea interdisciplinar se diversifica, sendo a que mais cresce junto a Capes, devido sua propens\u00e3o natural para produ\u00e7\u00e3o do conhecimento nos dom\u00ednios da ci\u00eancia, tecnologia e inova\u00e7\u00e3o.<br><br>Prof. Dr. Altem Nascimento Pontes<br>Coordenador do Mestrado<\/p><\/div>\n<\/div><\/div>\n","protected":false},"excerpt":{"rendered":"<p>Apresenta\u00e7\u00e3o O Programa de P\u00f3s-Gradua\u00e7\u00e3o em Ci\u00eancias Ambientais (PPGCA), em n\u00edvel de mestrado acad\u00eamico, foi aprovado pela Coordena\u00e7\u00e3o de Aperfei\u00e7oamento de Pessoal de N\u00edvel Superior (Capes) na 122\u00aa Reuni\u00e3o do Conselho T\u00e9cnico Consultivo (CTC), realizada em Bras\u00edlia (DF), no per\u00edodo de 25 a 29 de Outubro de 2010, e faz parte da \u00e1rea de avalia\u00e7\u00e3o &hellip;<\/p>\n<p class=\"read-more\"> <a class=\"\" href=\"https:\/\/propesp.uepa.br\/ppgca\/index.php\/apresentacao-mestrado\/\"> <span class=\"screen-reader-text\">Apresenta\u00e7\u00e3o<\/span> Leia mais &raquo;<\/a><\/p>\n","protected":false},"author":4,"featured_media":0,"parent":0,"menu_order":0,"comment_status":"closed","ping_status":"closed","template":"","meta":{"_uag_custom_page_level_css":"","_mi_skip_tracking":false,"_exactmetrics_sitenote_active":false,"_exactmetrics_sitenote_note":"","_exactmetrics_sitenote_category":0,"site-sidebar-layout":"default","site-content-layout":"","ast-site-content-layout":"","site-content-style":"default","site-sidebar-style":"default","ast-global-header-display":"","ast-banner-title-visibility":"","ast-main-header-display":"","ast-hfb-above-header-display":"","ast-hfb-below-header-display":"","ast-hfb-mobile-header-display":"","site-post-title":"disabled","ast-breadcrumbs-content":"","ast-featured-img":"","footer-sml-layout":"","theme-transparent-header-meta":"","adv-header-id-meta":"","stick-header-meta":"","header-above-stick-meta":"","header-main-stick-meta":"","header-below-stick-meta":"","astra-migrate-meta-layouts":"","ast-page-background-enabled":"default","ast-page-background-meta":{"desktop":{"background-color":"var(--ast-global-color-4)","background-image":"","background-repeat":"repeat","background-position":"center center","background-size":"auto","background-attachment":"scroll","background-type":"","background-media":"","overlay-type":"","overlay-color":"","overlay-gradient":""},"tablet":{"background-color":"","background-image":"","background-repeat":"repeat","background-position":"center center","background-size":"auto","background-attachment":"scroll","background-type":"","background-media":"","overlay-type":"","overlay-color":"","overlay-gradient":""},"mobile":{"background-color":"","background-image":"","background-repeat":"repeat","background-position":"center center","background-size":"auto","background-attachment":"scroll","background-type":"","background-media":"","overlay-type":"","overlay-color":"","overlay-gradient":""}},"ast-content-background-meta":{"desktop":{"background-color":"var(--ast-global-color-5)","background-image":"","background-repeat":"repeat","background-position":"center center","background-size":"auto","background-attachment":"scroll","background-type":"","background-media":"","overlay-type":"","overlay-color":"","overlay-gradient":""},"tablet":{"background-color":"var(--ast-global-color-5)","background-image":"","background-repeat":"repeat","background-position":"center center","background-size":"auto","background-attachment":"scroll","background-type":"","background-media":"","overlay-type":"","overlay-color":"","overlay-gradient":""},"mobile":{"background-color":"var(--ast-global-color-5)","background-image":"","background-repeat":"repeat","background-position":"center center","background-size":"auto","background-attachment":"scroll","background-type":"","background-media":"","overlay-type":"","overlay-color":"","overlay-gradient":""}},"footnotes":""},"uagb_featured_image_src":{"full":false,"thumbnail":false,"medium":false,"medium_large":false,"large":false,"1536x1536":false,"2048x2048":false},"uagb_author_info":{"display_name":"adminsites@uepa.br","author_link":"https:\/\/propesp.uepa.br\/ppgca\/index.php\/author\/adminsitesuepa-br\/"},"uagb_comment_info":0,"uagb_excerpt":"Apresenta\u00e7\u00e3o O Programa de P\u00f3s-Gradua\u00e7\u00e3o em Ci\u00eancias Ambientais (PPGCA), em n\u00edvel de mestrado acad\u00eamico, foi aprovado pela Coordena\u00e7\u00e3o de Aperfei\u00e7oamento de Pessoal de N\u00edvel Superior (Capes) na 122\u00aa Reuni\u00e3o do Conselho T\u00e9cnico Consultivo (CTC), realizada em Bras\u00edlia (DF), no per\u00edodo de 25 a 29 de Outubro de 2010, e faz parte da \u00e1rea de avalia\u00e7\u00e3o&hellip;","_links":{"self":[{"href":"https:\/\/propesp.uepa.br\/ppgca\/index.php\/wp-json\/wp\/v2\/pages\/689"}],"collection":[{"href":"https:\/\/propesp.uepa.br\/ppgca\/index.php\/wp-json\/wp\/v2\/pages"}],"about":[{"href":"https:\/\/propesp.uepa.br\/ppgca\/index.php\/wp-json\/wp\/v2\/types\/page"}],"author":[{"embeddable":true,"href":"https:\/\/propesp.uepa.br\/ppgca\/index.php\/wp-json\/wp\/v2\/users\/4"}],"replies":[{"embeddable":true,"href":"https:\/\/propesp.uepa.br\/ppgca\/index.php\/wp-json\/wp\/v2\/comments?post=689"}],"version-history":[{"count":5,"href":"https:\/\/propesp.uepa.br\/ppgca\/index.php\/wp-json\/wp\/v2\/pages\/689\/revisions"}],"predecessor-version":[{"id":1910,"href":"https:\/\/propesp.uepa.br\/ppgca\/index.php\/wp-json\/wp\/v2\/pages\/689\/revisions\/1910"}],"wp:attachment":[{"href":"https:\/\/propesp.uepa.br\/ppgca\/index.php\/wp-json\/wp\/v2\/media?parent=689"}],"curies":[{"name":"wp","href":"https:\/\/api.w.org\/{rel}","templated":true}]}}