{"id":1251,"date":"2025-09-11T11:42:06","date_gmt":"2025-09-11T14:42:06","guid":{"rendered":"https:\/\/propesp.uepa.br\/ppgcipe\/?page_id=1251"},"modified":"2025-11-04T10:51:57","modified_gmt":"2025-11-04T13:51:57","slug":"jornadas","status":"publish","type":"page","link":"https:\/\/propesp.uepa.br\/ppgcipe\/index.php\/jornadas\/","title":{"rendered":"Jornadas"},"content":{"rendered":"\n<p>Documentos para Download:<\/p>\n\n\n\n<p><a href=\"https:\/\/propesp.uepa.br\/ppgcipe\/wp-content\/uploads\/2025\/09\/1a-Jornada-PPGCIPE-Projeto-Proposto.pptx\" data-type=\"attachment\" data-id=\"1267\">1\u00b0Jornada &#8211; Projeto Proposto<\/a><\/p>\n\n\n\n<p><a href=\"https:\/\/propesp.uepa.br\/ppgcipe\/wp-content\/uploads\/2025\/09\/2a-Jornada-PPGCIPE-Efetivacao-do-Projeto-e-Documentos-de-Autorizacao-para-o-desenvolvimento.pptx\" data-type=\"attachment\" data-id=\"1268\">2\u00b0Jornada &#8211; Efetivac\u0327a\u0303o do Projeto e Documentos de Autorizac\u0327a\u0303o para o desenvolvimento<\/a><\/p>\n\n\n\n<p><a href=\"https:\/\/propesp.uepa.br\/ppgcipe\/wp-content\/uploads\/2025\/09\/3a-Jornada-PPGCIPE-Apresentacao-do-desenvolvimento-e-primeiros-resultados.pptx\" data-type=\"attachment\" data-id=\"1269\">3\u00b0Jornada &#8211; Apresentac\u0327a\u0303o do desenvolvimento e primeiros resultados<\/a><\/p>\n\n\n\n<p><a href=\"https:\/\/propesp.uepa.br\/ppgcipe\/wp-content\/uploads\/2025\/09\/4a-Jornada-PPGCIPE-Apresentacao-do-desenvolvimento-resultados-e-o-que-falta-para-as-defesas.pptx\" data-type=\"attachment\" data-id=\"1270\">4\u00b0Jornada- Apresentac\u0327a\u0303o do desenvolvimento, resultados e o que falta para as defesas<\/a><\/p>\n\n\n\n<p><a href=\"https:\/\/propesp.uepa.br\/ppgcipe\/wp-content\/uploads\/2025\/10\/Modelo-do-Cartaz-de-Socializacao.pptx\" data-type=\"attachment\" data-id=\"1274\">Modelo do Cartaz de Socializa\u00e7\u00e3o<\/a><\/p>\n\n\n\n<p>Documentos para a inscri\u00e7\u00e3o(Jornada 2025.2):<\/p>\n\n\n\n<p><a href=\"https:\/\/propesp.uepa.br\/ppgcipe\/wp-content\/uploads\/2025\/11\/1_-_INFORMACOES_SOBRE_XXIV_JORNADA_CIPE_2025.2.pdf\" data-type=\"attachment\" data-id=\"1276\">1 &#8211; INFORMAC\u0327O\u0303ES_SOBRE_XXIV_JORNADA_CIPE_2025.2<\/a><\/p>\n\n\n\n<p><a href=\"https:\/\/propesp.uepa.br\/ppgcipe\/wp-content\/uploads\/2025\/11\/2-_ORIENTACOES_PARA_APRESENTACOES.pdf\" data-type=\"attachment\" data-id=\"1277\">2 &#8211; ORIENTA\u00c7\u00d5ES PARA AS APRESENTA\u00c7\u00d5ES<\/a><\/p>\n\n\n\n<p><a href=\"https:\/\/propesp.uepa.br\/ppgcipe\/wp-content\/uploads\/2025\/11\/Documento-1_Ciencia-do-Orientador-XXIV-JORNADA-CIPE-2025.2.docx\" data-type=\"attachment\" data-id=\"1278\">Documento 1 &#8211; Cie\u0302ncia do Orientador XXIV JORNADA CIPE 2025.2<\/a><\/p>\n\n\n\n<p><a href=\"https:\/\/propesp.uepa.br\/ppgcipe\/wp-content\/uploads\/2025\/11\/Documento-2_Aprovacao_Qualificacao-das-Jornadas-anteriores-Orientador.docx\" data-type=\"attachment\" data-id=\"1279\">Documento 2 &#8211; Aprovac\u0327a\u0303o_Qualificac\u0327a\u0303o das Jornadas anteriores (Orientador<\/a>)<\/p>\n\n\n\n<p><a href=\"https:\/\/propesp.uepa.br\/ppgcipe\/wp-content\/uploads\/2025\/11\/Documento-2_Aprovacao_Qualificacao-das-Jornadas-anteriores-PPGCIPE.docx\" data-type=\"attachment\" data-id=\"1280\">Documento 2 &#8211; Aprovac\u0327a\u0303o_Qualificac\u0327a\u0303o das Jornadas anteriores PPGCIPE<\/a><\/p>\n\n\n\n<p>Link do Formul\u00e1rio de Inscri\u00e7\u00e3o:<\/p>\n\n\n\n<p><a href=\"https:\/\/forms.gle\/cwz4pkV9kLqwPXrx6\">https:\/\/forms.gle\/cwz4pkV9kLqwPXrx6<\/a><\/p>\n\n\n\n<p>Comunicado:<\/p>\n\n\n\n<figure class=\"wp-block-image size-full\"><img loading=\"lazy\" decoding=\"async\" width=\"505\" height=\"827\" src=\"https:\/\/propesp.uepa.br\/ppgcipe\/wp-content\/uploads\/2025\/11\/WhatsApp-Image-2025-11-04-at-09.23.34.jpeg\" alt=\"\" class=\"wp-image-1289\" srcset=\"https:\/\/propesp.uepa.br\/ppgcipe\/wp-content\/uploads\/2025\/11\/WhatsApp-Image-2025-11-04-at-09.23.34.jpeg 505w, https:\/\/propesp.uepa.br\/ppgcipe\/wp-content\/uploads\/2025\/11\/WhatsApp-Image-2025-11-04-at-09.23.34-183x300.jpeg 183w\" sizes=\"(max-width: 505px) 100vw, 505px\" \/><\/figure>\n","protected":false},"excerpt":{"rendered":"<p>Documentos para Download: 1\u00b0Jornada &#8211; Projeto Proposto 2\u00b0Jornada &#8211; Efetivac\u0327a\u0303o do Projeto e Documentos de Autorizac\u0327a\u0303o para o desenvolvimento 3\u00b0Jornada [&hellip;]<\/p>\n","protected":false},"author":1,"featured_media":0,"parent":0,"menu_order":0,"comment_status":"closed","ping_status":"closed","template":"","meta":{"_uag_custom_page_level_css":"","site-sidebar-layout":"default","site-content-layout":"","ast-site-content-layout":"","site-content-style":"default","site-sidebar-style":"default","ast-global-header-display":"","ast-banner-title-visibility":"","ast-main-header-display":"","ast-hfb-above-header-display":"","ast-hfb-below-header-display":"","ast-hfb-mobile-header-display":"","site-post-title":"","ast-breadcrumbs-content":"","ast-featured-img":"","footer-sml-layout":"","theme-transparent-header-meta":"","adv-header-id-meta":"","stick-header-meta":"","header-above-stick-meta":"","header-main-stick-meta":"","header-below-stick-meta":"","astra-migrate-meta-layouts":"default","ast-page-background-enabled":"default","ast-page-background-meta":{"desktop":{"background-color":"var(--ast-global-color-4)","background-image":"","background-repeat":"repeat","background-position":"center center","background-size":"auto","background-attachment":"scroll","background-type":"","background-media":"","overlay-type":"","overlay-color":"","overlay-gradient":""},"tablet":{"background-color":"","background-image":"","background-repeat":"repeat","background-position":"center center","background-size":"auto","background-attachment":"scroll","background-type":"","background-media":"","overlay-type":"","overlay-color":"","overlay-gradient":""},"mobile":{"background-color":"","background-image":"","background-repeat":"repeat","background-position":"center center","background-size":"auto","background-attachment":"scroll","background-type":"","background-media":"","overlay-type":"","overlay-color":"","overlay-gradient":""}},"ast-content-background-meta":{"desktop":{"background-color":"var(--ast-global-color-5)","background-image":"","background-repeat":"repeat","background-position":"center center","background-size":"auto","background-attachment":"scroll","background-type":"","background-media":"","overlay-type":"","overlay-color":"","overlay-gradient":""},"tablet":{"background-color":"var(--ast-global-color-5)","background-image":"","background-repeat":"repeat","background-position":"center center","background-size":"auto","background-attachment":"scroll","background-type":"","background-media":"","overlay-type":"","overlay-color":"","overlay-gradient":""},"mobile":{"background-color":"var(--ast-global-color-5)","background-image":"","background-repeat":"repeat","background-position":"center center","background-size":"auto","background-attachment":"scroll","background-type":"","background-media":"","overlay-type":"","overlay-color":"","overlay-gradient":""}},"footnotes":""},"class_list":["post-1251","page","type-page","status-publish","hentry"],"uagb_featured_image_src":{"full":false,"thumbnail":false,"medium":false,"medium_large":false,"large":false,"1536x1536":false,"2048x2048":false},"uagb_author_info":{"display_name":"adminsites@uepa.br","author_link":"https:\/\/propesp.uepa.br\/ppgcipe\/index.php\/author\/adminsitesuepa-br\/"},"uagb_comment_info":0,"uagb_excerpt":"Documentos para Download: 1\u00b0Jornada &#8211; Projeto Proposto 2\u00b0Jornada &#8211; Efetivac\u0327a\u0303o do Projeto e Documentos de Autorizac\u0327a\u0303o para o desenvolvimento 3\u00b0Jornada [&hellip;]","_links":{"self":[{"href":"https:\/\/propesp.uepa.br\/ppgcipe\/index.php\/wp-json\/wp\/v2\/pages\/1251"}],"collection":[{"href":"https:\/\/propesp.uepa.br\/ppgcipe\/index.php\/wp-json\/wp\/v2\/pages"}],"about":[{"href":"https:\/\/propesp.uepa.br\/ppgcipe\/index.php\/wp-json\/wp\/v2\/types\/page"}],"author":[{"embeddable":true,"href":"https:\/\/propesp.uepa.br\/ppgcipe\/index.php\/wp-json\/wp\/v2\/users\/1"}],"replies":[{"embeddable":true,"href":"https:\/\/propesp.uepa.br\/ppgcipe\/index.php\/wp-json\/wp\/v2\/comments?post=1251"}],"version-history":[{"count":14,"href":"https:\/\/propesp.uepa.br\/ppgcipe\/index.php\/wp-json\/wp\/v2\/pages\/1251\/revisions"}],"predecessor-version":[{"id":1290,"href":"https:\/\/propesp.uepa.br\/ppgcipe\/index.php\/wp-json\/wp\/v2\/pages\/1251\/revisions\/1290"}],"wp:attachment":[{"href":"https:\/\/propesp.uepa.br\/ppgcipe\/index.php\/wp-json\/wp\/v2\/media?parent=1251"}],"curies":[{"name":"wp","href":"https:\/\/api.w.org\/{rel}","templated":true}]}}