{"id":1303,"date":"2025-11-28T10:45:59","date_gmt":"2025-11-28T13:45:59","guid":{"rendered":"https:\/\/propesp.uepa.br\/ppgcipe\/?page_id=1303"},"modified":"2026-01-26T17:06:25","modified_gmt":"2026-01-26T20:06:25","slug":"conteudo-programatico-para-o-processo-seletivo","status":"publish","type":"page","link":"https:\/\/propesp.uepa.br\/ppgcipe\/index.php\/conteudo-programatico-para-o-processo-seletivo\/","title":{"rendered":"Conte\u00fado Program\u00e1tico para o Processo Seletivo"},"content":{"rendered":"\n<div data-wp-interactive=\"core\/file\" class=\"wp-block-file\"><object data-wp-bind--hidden=\"!state.hasPdfPreview\"  class=\"wp-block-file__embed\" data=\"https:\/\/propesp.uepa.br\/ppgcipe\/wp-content\/uploads\/2026\/01\/edital032026.pdf\" type=\"application\/pdf\" style=\"width:100%;height:600px\" aria-label=\"Incorporado de edital032026.\"><\/object><a id=\"wp-block-file--media-fa331f78-9bad-4e1c-aea8-2d8def6239f7\" href=\"https:\/\/propesp.uepa.br\/ppgcipe\/wp-content\/uploads\/2026\/01\/edital032026.pdf\">edital032026<\/a><a href=\"https:\/\/propesp.uepa.br\/ppgcipe\/wp-content\/uploads\/2026\/01\/edital032026.pdf\" class=\"wp-block-file__button wp-element-button\" download aria-describedby=\"wp-block-file--media-fa331f78-9bad-4e1c-aea8-2d8def6239f7\">Baixar<\/a><\/div>\n\n\n\n<p><\/p>\n\n\n\n<ol class=\"wp-block-list\">\n<li>Declara\u00e7\u00e3o de Helsinque dispon\u00edvel e<br>m http:\/\/pt.wikipedia.org\/wiki\/Declara%C3%A7%C3%A3o_de_Helsinque acessado em<br>12\/10\/2017.<a href=\"https:\/\/pt.wikipedia.org\/wiki\/Declara%C3%A7%C3%A3o_de_Helsinque\" data-type=\"link\" data-id=\"https:\/\/pt.wikipedia.org\/wiki\/Declara%C3%A7%C3%A3o_de_Helsinque\">https:\/\/pt.wikipedia.org\/wiki\/Declara%C3%A7%C3%A3o_de_Helsinque<\/a><\/li>\n<\/ol>\n\n\n\n<ol start=\"2\" class=\"wp-block-list\">\n<li>C\u00f3digo de Nuremberg dispon\u00edvel em<br>http:\/\/pt.wikipedia.org\/wiki\/C%C3%B3digo_de_Nuremberg acessado e<br>m 12\/10\/2017. <a href=\"https:\/\/pt.wikipedia.org\/wiki\/C%C3%B3digo_de_Nuremberg\" data-type=\"link\" data-id=\"https:\/\/pt.wikipedia.org\/wiki\/C%C3%B3digo_de_Nuremberg\">https:\/\/pt.wikipedia.org\/wiki\/C%C3%B3digo_de_Nuremberg<\/a><\/li>\n<\/ol>\n\n\n\n<ol start=\"3\" class=\"wp-block-list\">\n<li>CNS 466\/2012 dispon\u00edvel e<br>m http:\/\/conselho.saude.gov.br\/resolucoes\/2012\/Reso466.pdf acessado em<br>12\/10\/2017. <a href=\"https:\/\/www.gov.br\/conselho-nacional-de-saude\/pt-br\/atos-normativos\/resolucoes\/2012\/resolucao-no-466.pdf\/view\">https:\/\/www.gov.br\/conselho-nacional-de-saude\/pt-br\/atos-normativos\/resolucoes\/2012\/resolucao-no-466.pdf\/view<\/a><\/li>\n<\/ol>\n\n\n\n<ol start=\"4\" class=\"wp-block-list\">\n<li>Lei 11.794 Lei Arouca dispon\u00edvel em<br>http:\/\/www.planalto.gov.br\/ccivil_03\/_ato2007-2010\/2008\/lei\/l11794.htm acessado em 12\/10\/2017.<a href=\"https:\/\/www.planalto.gov.br\/ccivil_03\/_ato2007-2010\/2008\/lei\/l11794.htm\">https:\/\/www.planalto.gov.br\/ccivil_03\/_ato2007-2010\/2008\/lei\/l11794.htm<\/a><\/li>\n<\/ol>\n\n\n\n<ol start=\"5\" class=\"wp-block-list\">\n<li>Diretriz brasileira para o cuidado e a utiliza\u00e7\u00e3o de animais para fins cient\u00edficos e<br>did\u00e1ticos &#8211; DBCA dispon\u00edvel em:<br>http:\/\/www.sbcal.org.br\/download\/download?ID_DOWNLOAD=58 acessado em 12\/10\/2017. <a href=\"https:\/\/drive.google.com\/file\/d\/1CLmSF75tyKwDPbvI1Q4X3TUXVzvjEzoz\/view\">https:\/\/drive.google.com\/file\/d\/1CLmSF75tyKwDPbvI1Q4X3TUXVzvjEzoz\/view<\/a><\/li>\n<\/ol>\n\n\n\n<ol start=\"6\" class=\"wp-block-list\"><\/ol>\n\n\n\n<ol start=\"7\" class=\"wp-block-list\">\n<li>Regimento interno do Programa Dispon\u00edvel e<br>m: https:\/\/paginas.uepa.br\/mestradocipe\/Regimento.php acessado em 12\/10\/2017. <a href=\"https:\/\/propesp.uepa.br\/ppgcipe\/index.php\/regimento-interno\/\">https:\/\/propesp.uepa.br\/ppgcipe\/index.php\/regimento-interno\/<\/a><\/li>\n<\/ol>\n\n\n\n<ol start=\"8\" class=\"wp-block-list\">\n<li>Inova\u00e7\u00e3o e propriedade intelectual Guia para o Docente. Dispon\u00edvel<br>em: http:\/\/www.inpi.gov.br\/sobre\/arquivos\/guia_docente_iel-senai-einpi.<br>pdf\/@@download\/file\/Guia_docente_IEL%20SENAI%20e%20INPI.pdf acessado em<br>12\/10\/2017. <a href=\"https:\/\/www.gov.br\/inpi\/pt-br\/servicos\/patentes\/materiais-de-consulta-e-apoio\/guia-para-o-docente.pdf\">https:\/\/www.gov.br\/inpi\/pt-br\/servicos\/patentes\/materiais-de-consulta-e-apoio\/guia-para-o-docente.pdf<\/a><\/li>\n<\/ol>\n\n\n\n<ol start=\"9\" class=\"wp-block-list\">\n<li>P\u00e1gina do programa de Mestrado Profissional em Cirurgia e Pesquisa Experimental:<br>https:\/\/paginas.uepa.br\/mestradocipe <a href=\"https:\/\/propesp.uepa.br\/ppgcipe\/\">https:\/\/propesp.uepa.br\/ppgcipe\/<\/a><\/li>\n<\/ol>\n\n\n\n<ol start=\"10\" class=\"wp-block-list\">\n<li>Teses em curso no programa. Dispon\u00edvel e<br>m: https:\/\/paginas.uepa.br\/mestradocipe\/EmCurso.php acessado em 22\/10\/2018. <a href=\"https:\/\/propesp.uepa.br\/ppgcipe\/index.php\/comunidade-academica\/egressos\/\">https:\/\/propesp.uepa.br\/ppgcipe\/index.php\/comunidade-academica\/egressos\/<\/a><\/li>\n<\/ol>\n\n\n\n<ol start=\"11\" class=\"wp-block-list\">\n<li>Livros produzidos no programa.<br>Dispon\u00edvel em:https:\/\/paginas.uepa.br\/mestradocipe\/Livros%20e%20capitulos.phpacessado em<br>22\/10\/2018. <a href=\"https:\/\/propesp.uepa.br\/ppgcipe\/index.php\/comunidade-academica\/egressos\/\">https:\/\/propesp.uepa.br\/ppgcipe\/index.php\/comunidade-academica\/egressos\/<\/a><\/li>\n<\/ol>\n\n\n\n<ol start=\"12\" class=\"wp-block-list\">\n<li>Patentes produzidas no programa.<br>Dispon\u00edvel em:https:\/\/paginas.uepa.br\/mestradocipe\/Patentes.phpacessado em 22\/10\/2018. <a href=\"https:\/\/propesp.uepa.br\/ppgcipe\/index.php\/comunidade-academica\/egressos\/\">https:\/\/propesp.uepa.br\/ppgcipe\/index.php\/comunidade-academica\/egressos\/<\/a><\/li>\n<\/ol>\n\n\n\n<ol start=\"13\" class=\"wp-block-list\">\n<li>Modelos de utilidade produzidos no programa. Dispon\u00edvel<br>em:https:\/\/paginas.uepa.br\/mestradocipe\/Patentes.php acessado em 22\/10\/2018. <a href=\"https:\/\/propesp.uepa.br\/ppgcipe\/index.php\/comunidade-academica\/egressos\/\">https:\/\/propesp.uepa.br\/ppgcipe\/index.php\/comunidade-academica\/egressos\/<\/a><\/li>\n<\/ol>\n\n\n\n<ol start=\"14\" class=\"wp-block-list\">\n<li>Registros de software produzidos no programa. Dispon\u00edvel<br>em:https:\/\/paginas.uepa.br\/mestradocipe\/Patentes.php acessado em 22\/10\/2018. <a href=\"https:\/\/propesp.uepa.br\/ppgcipe\/index.php\/comunidade-academica\/egressos\/\">https:\/\/propesp.uepa.br\/ppgcipe\/index.php\/comunidade-academica\/egressos\/<\/a><\/li>\n<\/ol>\n\n\n\n<ol start=\"15\" class=\"wp-block-list\">\n<li>Modelos experimentais alternativos para o treinamento de incis\u00f5es cir\u00fargicas. Brito<br>et al. Para Res Med J. 2017;1(1):e10. DOI: 10.4322\/prmj.2017.010 &#8211; Dispon\u00edvel em<br>http:\/\/s3.amazonaws.com\/host- article- assets\/prmjournal\/59d272cb0e8825101cfbe3d5\/fulltext.pdf<br>acessado em 22\/10\/2018. <a href=\"https:\/\/prmjournal.emnuvens.com.br\/revista\/article\/view\/29\">https:\/\/prmjournal.emnuvens.com.br\/revista\/article\/view\/29<\/a><\/li>\n<\/ol>\n\n\n\n<p><\/p>\n","protected":false},"excerpt":{"rendered":"","protected":false},"author":1,"featured_media":0,"parent":0,"menu_order":0,"comment_status":"closed","ping_status":"closed","template":"","meta":{"_uag_custom_page_level_css":"","site-sidebar-layout":"default","site-content-layout":"","ast-site-content-layout":"","site-content-style":"default","site-sidebar-style":"default","ast-global-header-display":"","ast-banner-title-visibility":"","ast-main-header-display":"","ast-hfb-above-header-display":"","ast-hfb-below-header-display":"","ast-hfb-mobile-header-display":"","site-post-title":"","ast-breadcrumbs-content":"","ast-featured-img":"","footer-sml-layout":"","theme-transparent-header-meta":"","adv-header-id-meta":"","stick-header-meta":"","header-above-stick-meta":"","header-main-stick-meta":"","header-below-stick-meta":"","astra-migrate-meta-layouts":"default","ast-page-background-enabled":"default","ast-page-background-meta":{"desktop":{"background-color":"var(--ast-global-color-4)","background-image":"","background-repeat":"repeat","background-position":"center center","background-size":"auto","background-attachment":"scroll","background-type":"","background-media":"","overlay-type":"","overlay-color":"","overlay-gradient":""},"tablet":{"background-color":"","background-image":"","background-repeat":"repeat","background-position":"center center","background-size":"auto","background-attachment":"scroll","background-type":"","background-media":"","overlay-type":"","overlay-color":"","overlay-gradient":""},"mobile":{"background-color":"","background-image":"","background-repeat":"repeat","background-position":"center center","background-size":"auto","background-attachment":"scroll","background-type":"","background-media":"","overlay-type":"","overlay-color":"","overlay-gradient":""}},"ast-content-background-meta":{"desktop":{"background-color":"var(--ast-global-color-5)","background-image":"","background-repeat":"repeat","background-position":"center center","background-size":"auto","background-attachment":"scroll","background-type":"","background-media":"","overlay-type":"","overlay-color":"","overlay-gradient":""},"tablet":{"background-color":"var(--ast-global-color-5)","background-image":"","background-repeat":"repeat","background-position":"center center","background-size":"auto","background-attachment":"scroll","background-type":"","background-media":"","overlay-type":"","overlay-color":"","overlay-gradient":""},"mobile":{"background-color":"var(--ast-global-color-5)","background-image":"","background-repeat":"repeat","background-position":"center center","background-size":"auto","background-attachment":"scroll","background-type":"","background-media":"","overlay-type":"","overlay-color":"","overlay-gradient":""}},"footnotes":""},"class_list":["post-1303","page","type-page","status-publish","hentry"],"uagb_featured_image_src":{"full":false,"thumbnail":false,"medium":false,"medium_large":false,"large":false,"1536x1536":false,"2048x2048":false},"uagb_author_info":{"display_name":"adminsites@uepa.br","author_link":"https:\/\/propesp.uepa.br\/ppgcipe\/index.php\/author\/adminsitesuepa-br\/"},"uagb_comment_info":0,"uagb_excerpt":null,"_links":{"self":[{"href":"https:\/\/propesp.uepa.br\/ppgcipe\/index.php\/wp-json\/wp\/v2\/pages\/1303"}],"collection":[{"href":"https:\/\/propesp.uepa.br\/ppgcipe\/index.php\/wp-json\/wp\/v2\/pages"}],"about":[{"href":"https:\/\/propesp.uepa.br\/ppgcipe\/index.php\/wp-json\/wp\/v2\/types\/page"}],"author":[{"embeddable":true,"href":"https:\/\/propesp.uepa.br\/ppgcipe\/index.php\/wp-json\/wp\/v2\/users\/1"}],"replies":[{"embeddable":true,"href":"https:\/\/propesp.uepa.br\/ppgcipe\/index.php\/wp-json\/wp\/v2\/comments?post=1303"}],"version-history":[{"count":9,"href":"https:\/\/propesp.uepa.br\/ppgcipe\/index.php\/wp-json\/wp\/v2\/pages\/1303\/revisions"}],"predecessor-version":[{"id":1384,"href":"https:\/\/propesp.uepa.br\/ppgcipe\/index.php\/wp-json\/wp\/v2\/pages\/1303\/revisions\/1384"}],"wp:attachment":[{"href":"https:\/\/propesp.uepa.br\/ppgcipe\/index.php\/wp-json\/wp\/v2\/media?parent=1303"}],"curies":[{"name":"wp","href":"https:\/\/api.w.org\/{rel}","templated":true}]}}