{"id":1308,"date":"2025-12-04T08:51:46","date_gmt":"2025-12-04T11:51:46","guid":{"rendered":"https:\/\/propesp.uepa.br\/ppgcipe\/?page_id=1308"},"modified":"2025-12-18T10:42:45","modified_gmt":"2025-12-18T13:42:45","slug":"vitrine-tecnologica","status":"publish","type":"page","link":"https:\/\/propesp.uepa.br\/ppgcipe\/index.php\/vitrine-tecnologica\/","title":{"rendered":"Vitrine Tecnol\u00f3gica"},"content":{"rendered":"\n<p class=\"has-text-align-center\"><strong>Trabalhos desenvolvidos pelos alunos<\/strong><\/p>\n\n\n\n<div class=\"wp-block-group is-layout-constrained wp-block-group-is-layout-constrained\">\n<p class=\"has-text-align-center\"><strong>Produ\u00e7\u00f5es cientificas de 2024:<\/strong><\/p>\n\n\n\n<p class=\"has-text-align-left\"><a href=\"https:\/\/propesp.uepa.br\/ppgcipe\/wp-content\/uploads\/2025\/12\/Atualidades-Tecnologicas-em-Endodontia-Clinica-e-CirurgicaE-book-Thiago-Cardoso-Vianna.pdf\" data-type=\"attachment\" data-id=\"1346\">Atualidades Tecnol\u00f3gicas em Endodontia Cl\u00ednica e Cir\u00fargica<\/a><\/p>\n\n\n\n<p class=\"has-text-align-center\">Autor Principal: Thiago Cardoso Vianna<br>Co-autores: Lyncoln Eduardo Alves Silva, Clara Maria Vit\u00f3ria Ara\u00fajo, Raianny de Souza, Lorena de Oliveira Tannus, Amanda da Costa Silveira Sabb\u00e1, Charles Alberto Villacorta de Barros<\/p>\n\n\n\n<p>___________________________________________________________________________________________________________________<\/p>\n\n\n\n<p class=\"has-text-align-left\"><a href=\"https:\/\/propesp.uepa.br\/ppgcipe\/wp-content\/uploads\/2025\/12\/CONSTRUCAO-E-VALIDACAO-DE-ALBUM-SERIADO-PARA-EQUIPE-DE-ENFERMAGEM-ATUANTE-EM-CENTRAL-DE-MATERIAL-E-ESTERILIZACAO-Natalina.pdf\" data-type=\"attachment\" data-id=\"1347\">Constru\u00e7\u00e3o e Valida\u00e7\u00e3o de \u00c1lbum Seriado para Equipe de Enfermagem Atuante em Central de Material e Esteriliza\u00e7\u00e3o<\/a><\/p>\n\n\n\n<p class=\"has-text-align-center\">Autora Principal: Natalina Gomes da Silva Farias<br>Co-autores: Renata Cunha Silva, Renata de Barros Braga, Rosa Helena de Figueiredo Chaves<\/p>\n\n\n\n<p>___________________________________________________________________________________________________________________<\/p>\n\n\n\n<p class=\"has-text-align-left\"><a href=\"https:\/\/propesp.uepa.br\/ppgcipe\/wp-content\/uploads\/2025\/12\/Desenvolvimento-e-avaliacao-da-usabilidade-de-um-aplicativo-para-registro-eletronico-de-atendimento-hospitalar-Joao-Vitor-Dias-Pereira.pdf\" data-type=\"attachment\" data-id=\"1348\">Desenvolvimento e avalia\u00e7\u00e3o da usabilidade de um aplicativo para registro eletr\u00f4nico de atendimento pr\u00e9-hospitalar<\/a><\/p>\n\n\n\n<p class=\"has-text-align-center\">Autor Principal: Jo\u00e3o Vitor Dias Pereira<br>Co-autores: Priscila Xavier de Ara\u00fajo, Anderson Bentes de Lima, Raianny de Oliveira, Bruna Rutiele Santos de Santana, Fabio Felismino Maia Junior<\/p>\n\n\n\n<p>___________________________________________________________________________________________________________________<\/p>\n\n\n\n<p class=\"has-text-align-left\"><a href=\"https:\/\/propesp.uepa.br\/ppgcipe\/wp-content\/uploads\/2025\/12\/Implantacao-de-um-ambulatorio-de-fisioterapia-em-cirurgias-uroginecologicas-Thaismaria.docx\" data-type=\"attachment\" data-id=\"1349\">Implanta\u00e7\u00e3o de um ambulat\u00f3rio de fisioterapia em cirurgias uroginecol\u00f3gicas \u2013 relato de experi\u00eancia<\/a><\/p>\n\n\n\n<p class=\"has-text-align-center\">Autora Principal: Thaism\u00e1ria Alves de Sousa<br>Co-autores: Rafael Gomes da Silva, Silvana Nascimento Soares, Felype Hanns Alves de Medeiros, Dhonnel Oliveira da Silva, Anderson Batista Nunes<\/p>\n\n\n\n<p>___________________________________________________________________________________________________________________<\/p>\n\n\n\n<p class=\"has-text-align-left\"><a href=\"https:\/\/propesp.uepa.br\/ppgcipe\/wp-content\/uploads\/2025\/12\/IMPLEMENTACAO-DO-CENTRO-DE-REFERENCIA-PARA-DOENCA-TROFOBLASTICA-GESTACIONAL-NO-SUL-DO-MARANHAO-Rafael-Gomes.docx\" data-type=\"attachment\" data-id=\"1350\">Implementa\u00e7\u00e3o do Centro de Refer\u00eancia para Doen\u00e7a Trofobl\u00e1stica Gestacional no Sul do Maranh\u00e3o: Relato de Experi\u00eancia<\/a><\/p>\n\n\n\n<p class=\"has-text-align-center\">Autor: Rafael Gomes<\/p>\n\n\n\n<p>___________________________________________________________________________________________________________________<\/p>\n\n\n\n<p><a href=\"https:\/\/propesp.uepa.br\/ppgcipe\/wp-content\/uploads\/2025\/12\/Manual-teorico-pratico-de-POCUS-para-a-crianca-grave.-Renata-Braga.docx\" data-type=\"attachment\" data-id=\"1351\">Manual-Te\u00f3rico Pr\u00e1tico de POCUS para a Crian\u00e7a Grave.<\/a><\/p>\n\n\n\n<p class=\"has-text-align-center\">Autora Principal: Renata de Barros Braga<br>Co-autores: Rafael Oliveira Chaves, Emmerson Carlos Franco de Farias, Robson Tadachi Oliveira Maciel, M\u00e1rcia de F\u00e1tima Maciel de Rojas, Andreza Holanda de Oliveira Pinheiro<\/p>\n\n\n\n<p>___________________________________________________________________________________________________________________<\/p>\n\n\n\n<p><a href=\"https:\/\/propesp.uepa.br\/ppgcipe\/wp-content\/uploads\/2025\/12\/OXYTRAINING-DESENVOLVIMENTO-E-VALIDACAO-DE-UM-SIMULADOR-DE-VENTILACAO-MECANICA-DE-TRANSPORTE.-Andreza-Holanda-de-Oliveira-Pinheiro.doc\" data-type=\"attachment\" data-id=\"1352\"><em>OXYTRAINING<\/em> &#8211; Desenvolvimento e Valida\u00e7\u00e3o de um Simulador de Ventila\u00e7\u00e3o Mec\u00e2nica de Transporte<\/a><\/p>\n\n\n\n<p class=\"has-text-align-center\">Autora Principal: Andreza Holanda de Oliveira Pinheiro<br>Co-autores: Rafael Oliveira Chaves, L\u00eada Lima da Silva, Carmen Fran\u00e7uasy Martins Nascimento, Renata de Barros Braga, Katia Simone Kietzer, Daniella Christina Valen\u00e7a, Herick Pampolha Huet de Bacelar<\/p>\n\n\n\n<p>___________________________________________________________________________________________________________________<\/p>\n\n\n\n<p class=\"has-text-align-left\"><a href=\"https:\/\/propesp.uepa.br\/ppgcipe\/wp-content\/uploads\/2025\/12\/Preparacao-Fisica-e-Cirurgia-Bariatrica-Construcao-e-validacao-de-uma-ferramenta-educacional-Carmen-Francuasy.docx\" data-type=\"attachment\" data-id=\"1353\">Prepara\u00e7\u00e3o F\u00edsica e Cirurgia Bari\u00e1trica: Constru\u00e7\u00e3o e valida\u00e7\u00e3o de uma ferramenta educacional<\/a><\/p>\n\n\n\n<p class=\"has-text-align-center\">Autora Principal: Carmen Francuasy Martins Nascimento<br>Co-autores: Edson Yuzur Yasojima, Daniella Cristina Valen\u00e7a, Andreza Holanda de Oliveira Pinheiro, Renata de Barros Braga, Mariseth Carvalho de Andrade, L\u00eada Lima da Silva, Emanuelle Costa Pantoja, Marcos Moraes de Oliveira, Jos\u00e9 Antonio Cordero da Silva<\/p>\n\n\n\n<p>___________________________________________________________________________________________________________________<\/p>\n\n\n\n<p class=\"has-text-align-left\"><a href=\"https:\/\/propesp.uepa.br\/ppgcipe\/wp-content\/uploads\/2025\/12\/SIMULADOR-DE-BAIXO-CUSTO-PARA-DESENVOLVIMENTO-DE-HABILIDADES-NA-ABORDAGEM-DE-SANGRAMENTO-NASAL-Daniella-Christina-Valenca.docx\" data-type=\"attachment\" data-id=\"1354\">Simulador de Baixo Custo para Desenvolvimento de Habilidades na Abordagem de Sangramento Nasal<\/a><\/p>\n\n\n\n<p class=\"has-text-align-center\">Autora Principal: Daniella Christina Valen\u00e7a<br>Co-autores: Charles Alberto Villacorta de Barros, Silvana Nobre de Assis Mazivieiro, Andreza Holanda de Oliveira Pinheiro, Carmen Fran\u00e7uasy Martins Nascimento, Renata de Barros Braga<\/p>\n\n\n\n<p>___________________________________________________________________________________________________________________<\/p>\n<\/div>\n\n\n\n<div class=\"wp-block-group is-layout-constrained wp-block-group-is-layout-constrained\">\n<p class=\"has-text-align-center\"><strong>Produ\u00e7\u00f5es cientificas de 2025:<\/strong><\/p>\n\n\n\n<p class=\"has-text-align-left\"><a href=\"https:\/\/propesp.uepa.br\/ppgcipe\/wp-content\/uploads\/2025\/12\/AMBULATORIO-DE-DERMATOLOGIA-E-HANSENOLOGIADyana.pdf\" data-type=\"attachment\" data-id=\"1358\">Procedimentos Operacionais Padr\u00e3o do Ambulat\u00f3rio de Dermatologia e Hansen\u00edase da Amaz\u00f4nia<\/a><\/p>\n\n\n\n<p class=\"has-text-align-center\">Autora Principal: Dyana Melkys Borges da Silva<br>Co-autores: Amanda da Costa Silveira Sabb\u00e1, Anderson Bentes de Lima, Priscila Xavier de Araujo<\/p>\n\n\n\n<p>___________________________________________________________________________________________________________________<\/p>\n\n\n\n<p class=\"has-text-align-left\"><a href=\"https:\/\/propesp.uepa.br\/ppgcipe\/wp-content\/uploads\/2025\/12\/ANATOMIA-DA-REGIAO-INGUINAL-APLICADA-A-CIRURGIADaniel.pdf\" data-type=\"attachment\" data-id=\"1359\">Anatomia da Regi\u00e3o Inguinal Aplicada \u00e0 Cirurgia<\/a><\/p>\n\n\n\n<p class=\"has-text-align-center\">Autor Principal: Daniel Matos Gaspar<br>Co-autores: Mariseth Carvalho de Andrade, Priscila Xavier de Araujo, Charles Alberto Villacorta de Barros<\/p>\n\n\n\n<p>___________________________________________________________________________________________________________________<\/p>\n\n\n\n<p class=\"has-text-align-left\"><a href=\"https:\/\/propesp.uepa.br\/ppgcipe\/wp-content\/uploads\/2025\/12\/Artigo-DESENVOLVIMENTO-E-VALIDACAO-DE-UM-PROCEDIMENTO-OPERACIONAL-PADRAO-NO-CENTRO-CIRURGICO-DE-UM-HOSPITAL-MUNICIPAL-\u2013-ISSN-1678-0817-Qualis-B2Edicarla.pdf\" data-type=\"attachment\" data-id=\"1360\">Desenvolvimento e Valida\u00e7\u00e3o de um Procedimento Operacional Padr\u00e3o no Centro Cir\u00fargico de um Hospital Municipal<\/a><\/p>\n\n\n\n<p class=\"has-text-align-center\">Autora Principal: Edicarla Torres Ribeiro<br>Co-autores: Kecyani Lima dos Reis, Stefani Gisele Bastos Dornas, Liana Pillar Lima Patroc\u00ednio, Carla Nogueira Soares, Allan Kardec Lima Brand\u00e3o, Katiucha Rodrigues dos Santos Mariano, Val\u00e9ria Machado dos Santos, Marcus Vinicius Henriques Brito<br><\/p>\n\n\n\n<p>___________________________________________________________________________________________________________________<\/p>\n\n\n\n<p class=\"has-text-align-left\"><a href=\"https:\/\/propesp.uepa.br\/ppgcipe\/wp-content\/uploads\/2025\/12\/ARTIGO-DE-VALIDACAO-LIVRODIGITAL-NEUROPATIA-E-AS-LESOES-HANSENICAS-1.pdf\" data-type=\"attachment\" data-id=\"1361\">Neuropatia e as Les\u00f5es Hans\u00eanicas<\/a><\/p>\n\n\n\n<p class=\"has-text-align-center\">Autora Principal: Jenniffer Pamella Balan<br>Co-autores: Sarah Menezes Albuquerque de Oliveira, Lyncoln Eduardo Alves Silva, Amanda da Costa Silveira Sabb\u00e1, Lorena Oliveira Tannus, Carla Avelar Pires, Antonio Erlindo Braga Junior<\/p>\n\n\n\n<p>___________________________________________________________________________________________________________________<\/p>\n\n\n\n<p class=\"has-text-align-left\"><a href=\"https:\/\/propesp.uepa.br\/ppgcipe\/wp-content\/uploads\/2025\/12\/Artigo-Pamela.pdf\" data-type=\"attachment\" data-id=\"1362\">Manejo da dor em pacientes p\u00f3s neurocirurgia<\/a><\/p>\n\n\n\n<p class=\"has-text-align-center\">Autora Principal: P\u00e2mela Daiana Cancian<br>Co-autores: Priscila Xavier de Ara\u00fajo, Amanda da Costa Silveira-Sabb\u00e1, Ariel Tavares Santiago, Arthur Wada, Dyana Melkys Borges da Silva, Jamille Cristina Concei\u00e7\u00e3o Santos, Keurry Lourhane Costa Silva, Luanda Brasil Guimar\u00e3es, Mariana Reis Soares.<\/p>\n\n\n\n<p>___________________________________________________________________________________________________________________<\/p>\n\n\n\n<p><a href=\"https:\/\/propesp.uepa.br\/ppgcipe\/wp-content\/uploads\/2025\/12\/ARTIGO-SILMA.docx\" data-type=\"attachment\" data-id=\"1363\">Plataforma de Gest\u00e3o de Seguran\u00e7a e Sa\u00fade Ocupacional Hospitalar em Centro Cir\u00fargico<\/a><\/p>\n\n\n\n<p class=\"has-text-align-center\">Autora Principal: Silma Sousa Paula<br>Co-autores: Marcus Vin\u00edcius Henriques Brito, Mariseth Carvalho de Andrade<\/p>\n\n\n\n<p>___________________________________________________________________________________________________________________<\/p>\n\n\n\n<p><a href=\"https:\/\/propesp.uepa.br\/ppgcipe\/wp-content\/uploads\/2025\/12\/Artigo_VALIDAA_A_O-DE-LIVRO-DIGITAL.pdf\" data-type=\"attachment\" data-id=\"1364\">Seguran\u00e7a do Paciente Clinico Cir\u00fargico Grave &#8211; Revis\u00e3o Sistem\u00e1tica<\/a><\/p>\n\n\n\n<p class=\"has-text-align-center\">Autor Principal: Jeyson Kleyson Pinheiro da Costa<br>Co-autores: Marcia de Fatima Maciel de Oliveira, Leda Lima da Silva, Renata de Barros Braga, Edson Yuzur Yasojima<br><\/p>\n\n\n\n<p>___________________________________________________________________________________________________________________<\/p>\n\n\n\n<p class=\"has-text-align-left\"><a href=\"https:\/\/propesp.uepa.br\/ppgcipe\/wp-content\/uploads\/2025\/12\/EXAMES-LABORATORIAIS-PRE-OPERATORIOS-EM-PEDIATRIACaroline.pdf\" data-type=\"attachment\" data-id=\"1365\">Exames Laborais Pr\u00e9-Operatorios em Pediatria<\/a><\/p>\n\n\n\n<p class=\"has-text-align-center\">Autora Principal: Caroline Mendes Santos<br>Co-autora: Ivete Furtado Ribeiro Caldas<\/p>\n\n\n\n<p>___________________________________________________________________________________________________________________<\/p>\n\n\n\n<p class=\"has-text-align-left\"><a href=\"https:\/\/propesp.uepa.br\/ppgcipe\/wp-content\/uploads\/2025\/12\/Humberto-Reale-Artigo-de-Validacao.pdf\" data-type=\"attachment\" data-id=\"1366\">Escleroterapia com espuma de polidocanol: uma alternativa de baixo custo para o tratamento de varizes no SUS<\/a><\/p>\n\n\n\n<p class=\"has-text-align-center\">Autor Principal: Humberto Balbi Reale Neto<br>Co-autores: Jos\u00e9 Maciel Caldas dos Reis, Daniel dos Santos Costa, Elane Cristina Lira, Charles Alberto Villacorta de Barros<\/p>\n\n\n\n<p>___________________________________________________________________________________________________________________<\/p>\n\n\n\n<p class=\"has-text-align-left\">Valida\u00e7\u00e3o de Website para Implanta\u00e7\u00e3o do Protocolo Perioperat\u00f3rio na Profilaxia do Tromboembolismo Venoso<\/p>\n\n\n\n<p class=\"has-text-align-center\">Autor Principal: Isaac Prado Ramos<br>Co-autores: Clara Maria Vit\u00f3ria Ara\u00fajo, Sabrina Barros Santiago, Lorena de Oliveira Tannus, F\u00e1bio Felismino Maia J\u00fanior, Jorge Luiz Dutra J\u00fanior, Ot\u00e1vio Luiz de Queiroz, Jos\u00e9 Wneyldson da Silveira, Priscila Xavier de Ara\u00fajo<\/p>\n\n\n\n<p>___________________________________________________________________________________________________________________<\/p>\n<\/div>\n\n\n\n<p><\/p>\n","protected":false},"excerpt":{"rendered":"<p>Trabalhos desenvolvidos pelos alunos Produ\u00e7\u00f5es cientificas de 2024: Atualidades Tecnol\u00f3gicas em Endodontia Cl\u00ednica e Cir\u00fargica Autor Principal: Thiago Cardoso ViannaCo-autores: [&hellip;]<\/p>\n","protected":false},"author":1,"featured_media":0,"parent":0,"menu_order":0,"comment_status":"closed","ping_status":"closed","template":"","meta":{"_uag_custom_page_level_css":"","site-sidebar-layout":"default","site-content-layout":"","ast-site-content-layout":"","site-content-style":"default","site-sidebar-style":"default","ast-global-header-display":"","ast-banner-title-visibility":"","ast-main-header-display":"","ast-hfb-above-header-display":"","ast-hfb-below-header-display":"","ast-hfb-mobile-header-display":"","site-post-title":"","ast-breadcrumbs-content":"","ast-featured-img":"","footer-sml-layout":"","theme-transparent-header-meta":"","adv-header-id-meta":"","stick-header-meta":"","header-above-stick-meta":"","header-main-stick-meta":"","header-below-stick-meta":"","astra-migrate-meta-layouts":"default","ast-page-background-enabled":"default","ast-page-background-meta":{"desktop":{"background-color":"var(--ast-global-color-4)","background-image":"","background-repeat":"repeat","background-position":"center center","background-size":"auto","background-attachment":"scroll","background-type":"","background-media":"","overlay-type":"","overlay-color":"","overlay-gradient":""},"tablet":{"background-color":"","background-image":"","background-repeat":"repeat","background-position":"center center","background-size":"auto","background-attachment":"scroll","background-type":"","background-media":"","overlay-type":"","overlay-color":"","overlay-gradient":""},"mobile":{"background-color":"","background-image":"","background-repeat":"repeat","background-position":"center center","background-size":"auto","background-attachment":"scroll","background-type":"","background-media":"","overlay-type":"","overlay-color":"","overlay-gradient":""}},"ast-content-background-meta":{"desktop":{"background-color":"var(--ast-global-color-5)","background-image":"","background-repeat":"repeat","background-position":"center center","background-size":"auto","background-attachment":"scroll","background-type":"","background-media":"","overlay-type":"","overlay-color":"","overlay-gradient":""},"tablet":{"background-color":"var(--ast-global-color-5)","background-image":"","background-repeat":"repeat","background-position":"center center","background-size":"auto","background-attachment":"scroll","background-type":"","background-media":"","overlay-type":"","overlay-color":"","overlay-gradient":""},"mobile":{"background-color":"var(--ast-global-color-5)","background-image":"","background-repeat":"repeat","background-position":"center center","background-size":"auto","background-attachment":"scroll","background-type":"","background-media":"","overlay-type":"","overlay-color":"","overlay-gradient":""}},"footnotes":""},"class_list":["post-1308","page","type-page","status-publish","hentry"],"uagb_featured_image_src":{"full":false,"thumbnail":false,"medium":false,"medium_large":false,"large":false,"1536x1536":false,"2048x2048":false},"uagb_author_info":{"display_name":"adminsites@uepa.br","author_link":"https:\/\/propesp.uepa.br\/ppgcipe\/index.php\/author\/adminsitesuepa-br\/"},"uagb_comment_info":0,"uagb_excerpt":"Trabalhos desenvolvidos pelos alunos Produ\u00e7\u00f5es cientificas de 2024: Atualidades Tecnol\u00f3gicas em Endodontia Cl\u00ednica e Cir\u00fargica Autor Principal: Thiago Cardoso ViannaCo-autores: [&hellip;]","_links":{"self":[{"href":"https:\/\/propesp.uepa.br\/ppgcipe\/index.php\/wp-json\/wp\/v2\/pages\/1308"}],"collection":[{"href":"https:\/\/propesp.uepa.br\/ppgcipe\/index.php\/wp-json\/wp\/v2\/pages"}],"about":[{"href":"https:\/\/propesp.uepa.br\/ppgcipe\/index.php\/wp-json\/wp\/v2\/types\/page"}],"author":[{"embeddable":true,"href":"https:\/\/propesp.uepa.br\/ppgcipe\/index.php\/wp-json\/wp\/v2\/users\/1"}],"replies":[{"embeddable":true,"href":"https:\/\/propesp.uepa.br\/ppgcipe\/index.php\/wp-json\/wp\/v2\/comments?post=1308"}],"version-history":[{"count":7,"href":"https:\/\/propesp.uepa.br\/ppgcipe\/index.php\/wp-json\/wp\/v2\/pages\/1308\/revisions"}],"predecessor-version":[{"id":1370,"href":"https:\/\/propesp.uepa.br\/ppgcipe\/index.php\/wp-json\/wp\/v2\/pages\/1308\/revisions\/1370"}],"wp:attachment":[{"href":"https:\/\/propesp.uepa.br\/ppgcipe\/index.php\/wp-json\/wp\/v2\/media?parent=1308"}],"curies":[{"name":"wp","href":"https:\/\/api.w.org\/{rel}","templated":true}]}}