{"id":747,"date":"2025-01-20T10:47:15","date_gmt":"2025-01-20T13:47:15","guid":{"rendered":"https:\/\/propesp.uepa.br\/ppgcipe\/?page_id=747"},"modified":"2026-01-30T10:35:53","modified_gmt":"2026-01-30T13:35:53","slug":"referencia-para-prova-escrita","status":"publish","type":"page","link":"https:\/\/propesp.uepa.br\/ppgcipe\/index.php\/referencia-para-prova-escrita\/","title":{"rendered":"Edital 2025"},"content":{"rendered":"\n<div data-wp-interactive=\"core\/file\" class=\"wp-block-file\"><object data-wp-bind--hidden=\"!state.hasPdfPreview\"  class=\"wp-block-file__embed\" data=\"https:\/\/propesp.uepa.br\/ppgcipe\/wp-content\/uploads\/2025\/02\/edital012025.pdf\" type=\"application\/pdf\" style=\"width:100%;height:600px\" aria-label=\"Incorporado de edital012025.\"><\/object><a id=\"wp-block-file--media-f3e2d79d-b442-443a-9f7a-0022674cf7db\" href=\"https:\/\/propesp.uepa.br\/ppgcipe\/wp-content\/uploads\/2025\/02\/edital012025.pdf\">edital012025<\/a><a href=\"https:\/\/propesp.uepa.br\/ppgcipe\/wp-content\/uploads\/2025\/02\/edital012025.pdf\" class=\"wp-block-file__button wp-element-button\" download aria-describedby=\"wp-block-file--media-f3e2d79d-b442-443a-9f7a-0022674cf7db\">Baixar<\/a><\/div>\n\n\n\n<p>Resultado final do processo seletivo de 2025:<\/p>\n\n\n\n<div data-wp-interactive=\"core\/file\" class=\"wp-block-file\"><object data-wp-bind--hidden=\"!state.hasPdfPreview\"  class=\"wp-block-file__embed\" data=\"https:\/\/propesp.uepa.br\/ppgcipe\/wp-content\/uploads\/2025\/12\/APROVADOS-APOS-A-JORNADA.pdf\" type=\"application\/pdf\" style=\"width:100%;height:600px\" aria-label=\"Incorporado de APROVADOS AP\u00d3S A JORNADA.\"><\/object><a id=\"wp-block-file--media-9e51ba16-68bd-476a-829b-014d33a796dc\" href=\"https:\/\/propesp.uepa.br\/ppgcipe\/wp-content\/uploads\/2025\/12\/APROVADOS-APOS-A-JORNADA.pdf\">APROVADOS AP\u00d3S A JORNADA<\/a><a href=\"https:\/\/propesp.uepa.br\/ppgcipe\/wp-content\/uploads\/2025\/12\/APROVADOS-APOS-A-JORNADA.pdf\" class=\"wp-block-file__button wp-element-button\" download aria-describedby=\"wp-block-file--media-9e51ba16-68bd-476a-829b-014d33a796dc\">Baixar<\/a><\/div>\n\n\n\n<p class=\"has-large-font-size\"><strong>Refer\u00eancias para prova escrita<\/strong><\/p>\n\n\n\n<div class=\"wp-block-uagb-container uagb-block-d77d15b5 alignfull uagb-is-root-container\"><div class=\"uagb-container-inner-blocks-wrap\">\n<div class=\"wp-block-uagb-advanced-heading uagb-block-9946d874\"><h2 class=\"uagb-heading-text\">Declara\u00e7\u00e3o de Disponibilidade<\/h2><\/div>\n\n\n\n<div class=\"wp-block-uagb-container uagb-block-0f7b0043 alignfull uagb-is-root-container\"><div class=\"uagb-container-inner-blocks-wrap\">\n<div class=\"wp-block-buttons is-vertical is-content-justification-center is-layout-flex wp-container-core-buttons-is-layout-1 wp-block-buttons-is-layout-flex\" style=\"margin-bottom:var(--wp--preset--spacing--40)\">\n<div class=\"wp-block-button is-style-outline is-style-outline--1ab78874b73f27f6ab692ac83d374857\"><a class=\"wp-block-button__link has-white-color has-text-color has-background has-link-color has-border-color has-ast-global-color-7-border-color has-text-align-center wp-element-button\" href=\"https:\/\/propesp.uepa.br\/ppgcipe\/wp-content\/uploads\/2026\/01\/Declaracao-de-Disponibilidade.pdf\" style=\"border-radius:2px;background-color:#7caece\" target=\"_blank\" rel=\"noreferrer noopener\">Acesse Aqui<\/a><\/div>\n<\/div>\n<\/div><\/div>\n<\/div><\/div>\n\n\n\n<div class=\"wp-block-uagb-container uagb-block-fc487bfd alignfull uagb-is-root-container\"><div class=\"uagb-container-inner-blocks-wrap\">\n<div class=\"wp-block-uagb-advanced-heading uagb-block-5e259cec\"><h2 class=\"uagb-heading-text\">Declara\u00e7\u00e3o de Helsinque<\/h2><\/div>\n\n\n\n<div class=\"wp-block-uagb-container uagb-block-a3e7c71d alignfull uagb-is-root-container\"><div class=\"uagb-container-inner-blocks-wrap\">\n<div class=\"wp-block-buttons is-vertical is-content-justification-center is-layout-flex wp-container-core-buttons-is-layout-2 wp-block-buttons-is-layout-flex\" style=\"margin-bottom:var(--wp--preset--spacing--40)\">\n<div class=\"wp-block-button is-style-outline is-style-outline--bb847bc7a32bbaa93b2e3c9b5a22b0dd\"><a class=\"wp-block-button__link has-white-color has-text-color has-background has-link-color has-border-color has-ast-global-color-7-border-color has-text-align-center wp-element-button\" href=\"https:\/\/pt.wikipedia.org\/wiki\/Declara%C3%A7%C3%A3o_de_Helsinque\" style=\"border-radius:2px;background-color:#7caece\" target=\"_blank\" rel=\"noreferrer noopener\">Acesse Aqui<\/a><\/div>\n<\/div>\n<\/div><\/div>\n<\/div><\/div>\n\n\n\n<div class=\"wp-block-uagb-container uagb-block-71b5d5fd alignfull uagb-is-root-container\"><div class=\"uagb-container-inner-blocks-wrap\">\n<div class=\"wp-block-uagb-advanced-heading uagb-block-f7a44aff\"><h2 class=\"uagb-heading-text\">C\u00f3digo de Nuremberg<\/h2><\/div>\n\n\n\n<div class=\"wp-block-uagb-container uagb-block-6b64a8c9 alignfull uagb-is-root-container\"><div class=\"uagb-container-inner-blocks-wrap\">\n<div class=\"wp-block-buttons is-vertical is-content-justification-center is-layout-flex wp-container-core-buttons-is-layout-3 wp-block-buttons-is-layout-flex\" style=\"margin-bottom:var(--wp--preset--spacing--40)\">\n<div class=\"wp-block-button is-style-outline is-style-outline--e538c4c40db1248beb3b78528158b761\"><a class=\"wp-block-button__link has-white-color has-text-color has-background has-link-color has-border-color has-ast-global-color-7-border-color has-text-align-center wp-element-button\" href=\"http:\/\/pt.wikipedia.org\/wiki\/C%C3%B3digo_de_Nuremberg\" style=\"border-radius:2px;background-color:#7caece\" target=\"_blank\" rel=\"noreferrer noopener\">Acesse Aqui<\/a><\/div>\n<\/div>\n<\/div><\/div>\n<\/div><\/div>\n\n\n\n<div class=\"wp-block-uagb-container uagb-block-aba4d5c6 alignfull uagb-is-root-container\"><div class=\"uagb-container-inner-blocks-wrap\">\n<div class=\"wp-block-uagb-advanced-heading uagb-block-7b5f8ecd\"><h2 class=\"uagb-heading-text\">CNS 466\/2012<\/h2><\/div>\n\n\n\n<div class=\"wp-block-uagb-container uagb-block-2d413fb8 alignfull uagb-is-root-container\"><div class=\"uagb-container-inner-blocks-wrap\">\n<div class=\"wp-block-buttons is-vertical is-content-justification-center is-layout-flex wp-container-core-buttons-is-layout-4 wp-block-buttons-is-layout-flex\" style=\"margin-bottom:var(--wp--preset--spacing--40)\">\n<div class=\"wp-block-button is-style-outline is-style-outline--efa1321097681695809a74ba666ccb32\"><a class=\"wp-block-button__link has-white-color has-text-color has-background has-link-color has-border-color has-ast-global-color-7-border-color has-text-align-center wp-element-button\" href=\"https:\/\/www.gov.br\/conselho-nacional-de-saude\/pt-br\/acesso-a-informacao\/legislacao\/resolucoes\/2012\/resolucao-no-466.pdf\" style=\"border-radius:2px;background-color:#7caece\" target=\"_blank\" rel=\"noreferrer noopener\">Acesse Aqui<\/a><\/div>\n<\/div>\n<\/div><\/div>\n<\/div><\/div>\n\n\n\n<div class=\"wp-block-uagb-container uagb-block-0b0034fa alignfull uagb-is-root-container\"><div class=\"uagb-container-inner-blocks-wrap\">\n<div class=\"wp-block-uagb-advanced-heading uagb-block-5a8e35db\"><h2 class=\"uagb-heading-text\">Lei 11.794 Lei Arouca<\/h2><\/div>\n\n\n\n<div class=\"wp-block-uagb-container uagb-block-6f291cdb alignfull uagb-is-root-container\"><div class=\"uagb-container-inner-blocks-wrap\">\n<div class=\"wp-block-buttons is-vertical is-content-justification-center is-layout-flex wp-container-core-buttons-is-layout-5 wp-block-buttons-is-layout-flex\" style=\"margin-bottom:var(--wp--preset--spacing--40)\">\n<div class=\"wp-block-button is-style-outline is-style-outline--112340d8c0eb3131c69c0b6294d53594\"><a class=\"wp-block-button__link has-white-color has-text-color has-background has-link-color has-border-color has-ast-global-color-7-border-color has-text-align-center wp-element-button\" href=\"https:\/\/www.planalto.gov.br\/ccivil_03\/_ato2007-2010\/2008\/lei\/l11794.htm\" style=\"border-radius:2px;background-color:#7caece\" target=\"_blank\" rel=\"noreferrer noopener\">Acesse Aqui<\/a><\/div>\n<\/div>\n<\/div><\/div>\n<\/div><\/div>\n\n\n\n<div class=\"wp-block-uagb-container uagb-block-add57ebb alignfull uagb-is-root-container\"><div class=\"uagb-container-inner-blocks-wrap\">\n<div class=\"wp-block-uagb-advanced-heading uagb-block-4c3ee1e3\"><h2 class=\"uagb-heading-text\">CNS 466\/2012<\/h2><\/div>\n\n\n\n<div class=\"wp-block-uagb-container uagb-block-ee07d28d alignfull uagb-is-root-container\"><div class=\"uagb-container-inner-blocks-wrap\">\n<div class=\"wp-block-buttons is-vertical is-content-justification-center is-layout-flex wp-container-core-buttons-is-layout-6 wp-block-buttons-is-layout-flex\" style=\"margin-bottom:var(--wp--preset--spacing--40)\">\n<div class=\"wp-block-button is-style-outline is-style-outline--efa1321097681695809a74ba666ccb32\"><a class=\"wp-block-button__link has-white-color has-text-color has-background has-link-color has-border-color has-ast-global-color-7-border-color has-text-align-center wp-element-button\" href=\"https:\/\/www.gov.br\/conselho-nacional-de-saude\/pt-br\/acesso-a-informacao\/legislacao\/resolucoes\/2012\/resolucao-no-466.pdf\" style=\"border-radius:2px;background-color:#7caece\" target=\"_blank\" rel=\"noreferrer noopener\">Acesse Aqui<\/a><\/div>\n<\/div>\n<\/div><\/div>\n<\/div><\/div>\n\n\n\n<div class=\"wp-block-uagb-container uagb-block-96239a44 alignfull uagb-is-root-container\"><div class=\"uagb-container-inner-blocks-wrap\">\n<div class=\"wp-block-uagb-advanced-heading uagb-block-d0587e52\"><h2 class=\"uagb-heading-text\">Diretriz brasileira para o cuidado e a utiliza\u00e7\u00e3o de animais para fins cient\u00edficos e did\u00e1ticos &#8211; DBCA<\/h2><\/div>\n\n\n\n<div class=\"wp-block-uagb-container uagb-block-630e3b65 alignfull uagb-is-root-container\"><div class=\"uagb-container-inner-blocks-wrap\">\n<div class=\"wp-block-buttons is-vertical is-content-justification-center is-layout-flex wp-container-core-buttons-is-layout-7 wp-block-buttons-is-layout-flex\" style=\"margin-bottom:var(--wp--preset--spacing--40)\">\n<div class=\"wp-block-button is-style-outline is-style-outline--112340d8c0eb3131c69c0b6294d53594\"><a class=\"wp-block-button__link has-white-color has-text-color has-background has-link-color has-border-color has-ast-global-color-7-border-color has-text-align-center wp-element-button\" href=\"https:\/\/www.planalto.gov.br\/ccivil_03\/_ato2007-2010\/2008\/lei\/l11794.htm\" style=\"border-radius:2px;background-color:#7caece\" target=\"_blank\" rel=\"noreferrer noopener\">Acesse Aqui<\/a><\/div>\n<\/div>\n<\/div><\/div>\n<\/div><\/div>\n\n\n\n<div class=\"wp-block-uagb-container uagb-block-411a72bf alignfull uagb-is-root-container\"><div class=\"uagb-container-inner-blocks-wrap\">\n<div class=\"wp-block-uagb-advanced-heading uagb-block-40d8cd89\"><h2 class=\"uagb-heading-text\">Inova\u00e7\u00e3o e propriedade intelectual Guia para o Docente<\/h2><\/div>\n\n\n\n<div class=\"wp-block-uagb-container uagb-block-96ceaaa1 alignfull uagb-is-root-container\"><div class=\"uagb-container-inner-blocks-wrap\">\n<div class=\"wp-block-buttons is-vertical is-content-justification-center is-layout-flex wp-container-core-buttons-is-layout-8 wp-block-buttons-is-layout-flex\" style=\"margin-bottom:var(--wp--preset--spacing--40)\">\n<div class=\"wp-block-button is-style-outline is-style-outline--7c3b550e4eb0691b4fb5d83f41749380\"><a class=\"wp-block-button__link has-white-color has-text-color has-background has-link-color has-border-color has-ast-global-color-7-border-color has-text-align-center wp-element-button\" href=\"https:\/\/www.gov.br\/inpi\/pt-br\/composicao\/arquivos\/guia_docente_iel-senai-e-inpi.pdf\" style=\"border-radius:2px;background-color:#7caece\" target=\"_blank\" rel=\"noreferrer noopener\">Acesse Aqui<\/a><\/div>\n<\/div>\n<\/div><\/div>\n<\/div><\/div>\n\n\n\n<div class=\"wp-block-uagb-container uagb-block-f7d1d2a7 alignfull uagb-is-root-container\"><div class=\"uagb-container-inner-blocks-wrap\">\n<div class=\"wp-block-uagb-advanced-heading uagb-block-0569d033\"><h2 class=\"uagb-heading-text\">Regimento interno do Programa CIPE<\/h2><\/div>\n\n\n\n<div class=\"wp-block-uagb-container uagb-block-9908aaf5 alignfull uagb-is-root-container\"><div class=\"uagb-container-inner-blocks-wrap\">\n<div class=\"wp-block-buttons is-vertical is-content-justification-center is-layout-flex wp-container-core-buttons-is-layout-9 wp-block-buttons-is-layout-flex\" style=\"margin-bottom:var(--wp--preset--spacing--40)\">\n<div class=\"wp-block-button is-style-outline is-style-outline--50cd4f209957bc48e04c57ffc0dff5b0\"><a class=\"wp-block-button__link has-white-color has-text-color has-background has-link-color has-border-color has-ast-global-color-7-border-color has-text-align-center wp-element-button\" href=\"https:\/\/propesp.uepa.br\/ppgcipe\/wp-content\/uploads\/2025\/02\/Regimento-Cipe-3.pdf\" style=\"border-radius:2px;background-color:#7caece\" target=\"_blank\" rel=\"noreferrer noopener\">Acesse Aqui<\/a><\/div>\n<\/div>\n<\/div><\/div>\n<\/div><\/div>\n\n\n\n<div class=\"wp-block-uagb-container uagb-block-c14cd1be alignfull uagb-is-root-container\"><div class=\"uagb-container-inner-blocks-wrap\">\n<div class=\"wp-block-uagb-advanced-heading uagb-block-40b0102e\"><h2 class=\"uagb-heading-text\">P\u00e1gina do Programa de Mestrado Profissional em Cirurgia e Pesquisa Experimenta<\/h2><\/div>\n\n\n\n<div class=\"wp-block-uagb-container uagb-block-8dfb5684 alignfull uagb-is-root-container\"><div class=\"uagb-container-inner-blocks-wrap\">\n<div class=\"wp-block-buttons is-vertical is-content-justification-center is-layout-flex wp-container-core-buttons-is-layout-10 wp-block-buttons-is-layout-flex\" style=\"margin-bottom:var(--wp--preset--spacing--40)\">\n<div class=\"wp-block-button is-style-outline is-style-outline--7423cc5769d17e0c5b08f2c6066e842e\"><a class=\"wp-block-button__link has-white-color has-text-color has-background has-link-color has-border-color has-ast-global-color-7-border-color has-text-align-center wp-element-button\" href=\"https:\/\/propesp.uepa.br\/ppgcipe\/\" style=\"border-radius:2px;background-color:#7caece\" target=\"_blank\" rel=\"noreferrer noopener\">Acesse Aqui<\/a><\/div>\n<\/div>\n<\/div><\/div>\n<\/div><\/div>\n\n\n\n<div class=\"wp-block-uagb-container uagb-block-f206df4a alignfull uagb-is-root-container\"><div class=\"uagb-container-inner-blocks-wrap\">\n<div class=\"wp-block-uagb-advanced-heading uagb-block-e1a07c9b\"><h2 class=\"uagb-heading-text\">Teses no Programa CIPE<\/h2><\/div>\n\n\n\n<div class=\"wp-block-uagb-container uagb-block-bef287a5 alignfull uagb-is-root-container\"><div class=\"uagb-container-inner-blocks-wrap\">\n<div class=\"wp-block-buttons is-vertical is-content-justification-center is-layout-flex wp-container-core-buttons-is-layout-11 wp-block-buttons-is-layout-flex\" style=\"margin-bottom:var(--wp--preset--spacing--40)\">\n<div class=\"wp-block-button is-style-outline is-style-outline--c8d3143ddb9e579eaf85bb043c9024dd\"><a class=\"wp-block-button__link has-white-color has-text-color has-background has-link-color has-border-color has-ast-global-color-7-border-color has-text-align-center wp-element-button\" href=\"https:\/\/propesp.uepa.br\/ppgcipe\/index.php\/comunidade-academica\/egressos\/\" style=\"border-radius:2px;background-color:#7caece\" target=\"_blank\" rel=\"noreferrer noopener\">Acesse Aqui<\/a><\/div>\n<\/div>\n<\/div><\/div>\n<\/div><\/div>\n\n\n\n<div class=\"wp-block-uagb-container uagb-block-8ae50c78 alignfull uagb-is-root-container\"><div class=\"uagb-container-inner-blocks-wrap\">\n<div class=\"wp-block-uagb-advanced-heading uagb-block-db8f3786\"><h2 class=\"uagb-heading-text\">Livros produzidos no Programa CIPE<\/h2><\/div>\n\n\n\n<div class=\"wp-block-uagb-container uagb-block-19d1ff89 alignfull uagb-is-root-container\"><div class=\"uagb-container-inner-blocks-wrap\">\n<div class=\"wp-block-buttons is-vertical is-content-justification-center is-layout-flex wp-container-core-buttons-is-layout-12 wp-block-buttons-is-layout-flex\" style=\"margin-bottom:var(--wp--preset--spacing--40)\">\n<div class=\"wp-block-button is-style-outline is-style-outline--41e8b5ad343374a11f16dc5ddb356891\"><a class=\"wp-block-button__link has-white-color has-text-color has-background has-link-color has-border-color has-ast-global-color-7-border-color has-text-align-center wp-element-button\" href=\"https:\/\/propesp.uepa.br\/ppgcipe\/index.php\/producao-academica\/producao-tecnica-cientifica-e-tecnologica\/\" style=\"border-radius:2px;background-color:#7caece\" target=\"_blank\" rel=\"noreferrer noopener\">Acesse Aqui<\/a><\/div>\n<\/div>\n<\/div><\/div>\n<\/div><\/div>\n\n\n\n<div class=\"wp-block-uagb-container uagb-block-554601d3 alignfull uagb-is-root-container\"><div class=\"uagb-container-inner-blocks-wrap\">\n<div class=\"wp-block-uagb-advanced-heading uagb-block-d42cb828\"><h2 class=\"uagb-heading-text\">Patentes produzidas no Programa CIPE<\/h2><\/div>\n\n\n\n<div class=\"wp-block-uagb-container uagb-block-97ea198c alignfull uagb-is-root-container\"><div class=\"uagb-container-inner-blocks-wrap\">\n<div class=\"wp-block-buttons is-vertical is-content-justification-center is-layout-flex wp-container-core-buttons-is-layout-13 wp-block-buttons-is-layout-flex\" style=\"margin-bottom:var(--wp--preset--spacing--40)\">\n<div class=\"wp-block-button is-style-outline is-style-outline--41e8b5ad343374a11f16dc5ddb356891\"><a class=\"wp-block-button__link has-white-color has-text-color has-background has-link-color has-border-color has-ast-global-color-7-border-color has-text-align-center wp-element-button\" href=\"https:\/\/propesp.uepa.br\/ppgcipe\/index.php\/producao-academica\/producao-tecnica-cientifica-e-tecnologica\/\" style=\"border-radius:2px;background-color:#7caece\" target=\"_blank\" rel=\"noreferrer noopener\">Acesse Aqui<\/a><\/div>\n<\/div>\n<\/div><\/div>\n<\/div><\/div>\n\n\n\n<div class=\"wp-block-uagb-container uagb-block-f204c941 alignfull uagb-is-root-container\"><div class=\"uagb-container-inner-blocks-wrap\">\n<div class=\"wp-block-uagb-advanced-heading uagb-block-16ad6f1d\"><h2 class=\"uagb-heading-text\">Registros de software produzidos no programa.<\/h2><\/div>\n\n\n\n<div class=\"wp-block-uagb-container uagb-block-41900664 alignfull uagb-is-root-container\"><div class=\"uagb-container-inner-blocks-wrap\">\n<div class=\"wp-block-buttons is-vertical is-content-justification-center is-layout-flex wp-container-core-buttons-is-layout-14 wp-block-buttons-is-layout-flex\" style=\"margin-bottom:var(--wp--preset--spacing--40)\">\n<div class=\"wp-block-button is-style-outline is-style-outline--41e8b5ad343374a11f16dc5ddb356891\"><a class=\"wp-block-button__link has-white-color has-text-color has-background has-link-color has-border-color has-ast-global-color-7-border-color has-text-align-center wp-element-button\" href=\"https:\/\/propesp.uepa.br\/ppgcipe\/index.php\/producao-academica\/producao-tecnica-cientifica-e-tecnologica\/\" style=\"border-radius:2px;background-color:#7caece\" target=\"_blank\" rel=\"noreferrer noopener\">Acesse Aqui<\/a><\/div>\n<\/div>\n<\/div><\/div>\n<\/div><\/div>\n\n\n\n<div class=\"wp-block-uagb-container uagb-block-b1a7cdea alignfull uagb-is-root-container\"><div class=\"uagb-container-inner-blocks-wrap\">\n<div class=\"wp-block-uagb-advanced-heading uagb-block-70a4e661\"><h2 class=\"uagb-heading-text\">Modelos experimentais alternativos para o treinamento de incis\u00f5es cir\u00fargicas.<\/h2><\/div>\n\n\n\n<div class=\"wp-block-uagb-container uagb-block-9b191901 alignfull uagb-is-root-container\"><div class=\"uagb-container-inner-blocks-wrap\">\n<div class=\"wp-block-buttons is-vertical is-content-justification-center is-layout-flex wp-container-core-buttons-is-layout-15 wp-block-buttons-is-layout-flex\" style=\"margin-bottom:var(--wp--preset--spacing--40)\">\n<div class=\"wp-block-button is-style-outline is-style-outline--4c5468c31bed49de462662a4082ef037\"><a class=\"wp-block-button__link has-white-color has-text-color has-background has-link-color has-border-color has-ast-global-color-7-border-color has-text-align-center wp-element-button\" href=\"https:\/\/propesp.uepa.br\/ppgcipe\/wp-content\/uploads\/2025\/01\/Modelos-experimentais-alternativos-para-o-treinamento-de-incisoes-cirurgicas.pdf\" style=\"border-radius:2px;background-color:#7caece\" target=\"_blank\" rel=\"noreferrer noopener\">Acesse Aqui<\/a><\/div>\n<\/div>\n<\/div><\/div>\n<\/div><\/div>\n","protected":false},"excerpt":{"rendered":"<p>Resultado final do processo seletivo de 2025: Refer\u00eancias para prova escrita Declara\u00e7\u00e3o de Disponibilidade Declara\u00e7\u00e3o de Helsinque C\u00f3digo de Nuremberg [&hellip;]<\/p>\n","protected":false},"author":1,"featured_media":0,"parent":0,"menu_order":0,"comment_status":"closed","ping_status":"closed","template":"","meta":{"_uag_custom_page_level_css":"","site-sidebar-layout":"default","site-content-layout":"","ast-site-content-layout":"","site-content-style":"default","site-sidebar-style":"default","ast-global-header-display":"","ast-banner-title-visibility":"","ast-main-header-display":"","ast-hfb-above-header-display":"","ast-hfb-below-header-display":"","ast-hfb-mobile-header-display":"","site-post-title":"","ast-breadcrumbs-content":"","ast-featured-img":"","footer-sml-layout":"","theme-transparent-header-meta":"","adv-header-id-meta":"","stick-header-meta":"","header-above-stick-meta":"","header-main-stick-meta":"","header-below-stick-meta":"","astra-migrate-meta-layouts":"default","ast-page-background-enabled":"default","ast-page-background-meta":{"desktop":{"background-color":"var(--ast-global-color-4)","background-image":"","background-repeat":"repeat","background-position":"center center","background-size":"auto","background-attachment":"scroll","background-type":"","background-media":"","overlay-type":"","overlay-color":"","overlay-gradient":""},"tablet":{"background-color":"","background-image":"","background-repeat":"repeat","background-position":"center center","background-size":"auto","background-attachment":"scroll","background-type":"","background-media":"","overlay-type":"","overlay-color":"","overlay-gradient":""},"mobile":{"background-color":"","background-image":"","background-repeat":"repeat","background-position":"center center","background-size":"auto","background-attachment":"scroll","background-type":"","background-media":"","overlay-type":"","overlay-color":"","overlay-gradient":""}},"ast-content-background-meta":{"desktop":{"background-color":"var(--ast-global-color-5)","background-image":"","background-repeat":"repeat","background-position":"center center","background-size":"auto","background-attachment":"scroll","background-type":"","background-media":"","overlay-type":"","overlay-color":"","overlay-gradient":""},"tablet":{"background-color":"var(--ast-global-color-5)","background-image":"","background-repeat":"repeat","background-position":"center center","background-size":"auto","background-attachment":"scroll","background-type":"","background-media":"","overlay-type":"","overlay-color":"","overlay-gradient":""},"mobile":{"background-color":"var(--ast-global-color-5)","background-image":"","background-repeat":"repeat","background-position":"center center","background-size":"auto","background-attachment":"scroll","background-type":"","background-media":"","overlay-type":"","overlay-color":"","overlay-gradient":""}},"footnotes":""},"class_list":["post-747","page","type-page","status-publish","hentry"],"uagb_featured_image_src":{"full":false,"thumbnail":false,"medium":false,"medium_large":false,"large":false,"1536x1536":false,"2048x2048":false},"uagb_author_info":{"display_name":"adminsites@uepa.br","author_link":"https:\/\/propesp.uepa.br\/ppgcipe\/index.php\/author\/adminsitesuepa-br\/"},"uagb_comment_info":0,"uagb_excerpt":"Resultado final do processo seletivo de 2025: Refer\u00eancias para prova escrita Declara\u00e7\u00e3o de Disponibilidade Declara\u00e7\u00e3o de Helsinque C\u00f3digo de Nuremberg [&hellip;]","_links":{"self":[{"href":"https:\/\/propesp.uepa.br\/ppgcipe\/index.php\/wp-json\/wp\/v2\/pages\/747"}],"collection":[{"href":"https:\/\/propesp.uepa.br\/ppgcipe\/index.php\/wp-json\/wp\/v2\/pages"}],"about":[{"href":"https:\/\/propesp.uepa.br\/ppgcipe\/index.php\/wp-json\/wp\/v2\/types\/page"}],"author":[{"embeddable":true,"href":"https:\/\/propesp.uepa.br\/ppgcipe\/index.php\/wp-json\/wp\/v2\/users\/1"}],"replies":[{"embeddable":true,"href":"https:\/\/propesp.uepa.br\/ppgcipe\/index.php\/wp-json\/wp\/v2\/comments?post=747"}],"version-history":[{"count":32,"href":"https:\/\/propesp.uepa.br\/ppgcipe\/index.php\/wp-json\/wp\/v2\/pages\/747\/revisions"}],"predecessor-version":[{"id":1416,"href":"https:\/\/propesp.uepa.br\/ppgcipe\/index.php\/wp-json\/wp\/v2\/pages\/747\/revisions\/1416"}],"wp:attachment":[{"href":"https:\/\/propesp.uepa.br\/ppgcipe\/index.php\/wp-json\/wp\/v2\/media?parent=747"}],"curies":[{"name":"wp","href":"https:\/\/api.w.org\/{rel}","templated":true}]}}