{"id":939,"date":"2025-02-05T15:01:12","date_gmt":"2025-02-05T18:01:12","guid":{"rendered":"https:\/\/propesp.uepa.br\/ppgcipe\/?page_id=939"},"modified":"2026-03-20T16:04:02","modified_gmt":"2026-03-20T19:04:02","slug":"coordenacao-e-vice-coordenacao","status":"publish","type":"page","link":"https:\/\/propesp.uepa.br\/ppgcipe\/index.php\/coordenacao-e-vice-coordenacao\/","title":{"rendered":"Coordena\u00e7\u00e3o e Vice-coordena\u00e7\u00e3o"},"content":{"rendered":"\n<figure class=\"wp-block-image aligncenter size-large is-resized\"><img loading=\"lazy\" decoding=\"async\" width=\"769\" height=\"1024\" src=\"https:\/\/propesp.uepa.br\/ppgcipe\/wp-content\/uploads\/2024\/03\/servletrecuperafoto-769x1024.jpg\" alt=\"\" class=\"wp-image-185\" style=\"aspect-ratio:1;object-fit:cover;width:153px;height:auto\" srcset=\"https:\/\/propesp.uepa.br\/ppgcipe\/wp-content\/uploads\/2024\/03\/servletrecuperafoto-769x1024.jpg 769w, https:\/\/propesp.uepa.br\/ppgcipe\/wp-content\/uploads\/2024\/03\/servletrecuperafoto-225x300.jpg 225w, https:\/\/propesp.uepa.br\/ppgcipe\/wp-content\/uploads\/2024\/03\/servletrecuperafoto-768x1022.jpg 768w, https:\/\/propesp.uepa.br\/ppgcipe\/wp-content\/uploads\/2024\/03\/servletrecuperafoto-1154x1536.jpg 1154w, https:\/\/propesp.uepa.br\/ppgcipe\/wp-content\/uploads\/2024\/03\/servletrecuperafoto-1539x2048.jpg 1539w, https:\/\/propesp.uepa.br\/ppgcipe\/wp-content\/uploads\/2024\/03\/servletrecuperafoto-scaled.jpg 1923w\" sizes=\"(max-width: 769px) 100vw, 769px\" \/><\/figure>\n\n\n\n<p class=\"has-text-align-center\"> <strong>Anderson Bentes de Lima<\/strong><\/p>\n\n\n\n<p class=\"has-text-align-center\"><strong>andersonbentes@uepa.br<\/strong><\/p>\n\n\n\n<p class=\"has-text-align-center\"><strong>Bolsista de Produtividade Desen. Tec. e Extens\u00e3o Inovadora do CNPq &#8211; N\u00edvel 2<\/strong><\/p>\n\n\n\n<div class=\"wp-block-uagb-buttons uagb-buttons__outer-wrap uagb-btn__default-btn uagb-btn-tablet__default-btn uagb-btn-mobile__default-btn uagb-block-ac8621ca\"><div class=\"uagb-buttons__wrap uagb-buttons-layout-wrap\">\n<div class=\"wp-block-uagb-buttons-child uagb-buttons__outer-wrap uagb-block-772bde18 wp-block-button\"><div class=\"uagb-button__wrapper\"><a class=\"uagb-buttons-repeater wp-block-button__link\" href=\"http:\/\/lattes.cnpq.br\/3455183793812931\" onclick=\"return true;\" rel=\"follow noopener\" target=\"_blank\"><div class=\"uagb-button__link\">Lattes<\/div><\/a><\/div><\/div>\n\n\n\n<div class=\"wp-block-uagb-buttons-child uagb-buttons__outer-wrap uagb-block-ec0f27da wp-block-button\"><div class=\"uagb-button__wrapper\"><a class=\"uagb-buttons-repeater wp-block-button__link\" href=\"https:\/\/orcid.org\/0009-0003-7187-9198\" onclick=\"return true;\" rel=\"follow noopener\" target=\"_blank\"><div class=\"uagb-button__link\">Orcid<\/div><span class=\"uagb-button__icon uagb-button__icon-position-after\"><svg xmlns=\"https:\/\/www.w3.org\/2000\/svg\" viewBox=\"0 0 512 512\"><path d=\"M294.8 188.2h-45.92V342h47.47c67.62 0 83.12-51.34 83.12-76.91 0-41.64-26.54-76.9-84.67-76.9zM256 8C119 8 8 119 8 256s111 248 248 248 248-111 248-248S393 8 256 8zm-80.79 360.8h-29.84v-207.5h29.84zm-14.92-231.1a19.57 19.57 0 1 1 19.57-19.57 19.64 19.64 0 0 1 -19.57 19.57zM300 369h-81V161.3h80.6c76.73 0 110.4 54.83 110.4 103.8C410 318.4 368.4 369 300 369z\"><\/path><\/svg><\/span><\/a><\/div><\/div>\n<\/div><\/div>\n\n\n\n<p><\/p>\n\n\n\n<div class=\"wp-block-uagb-image aligncenter uagb-block-8984a11d wp-block-uagb-image--layout-default wp-block-uagb-image--effect-static wp-block-uagb-image--align-center\"><figure class=\"wp-block-uagb-image__figure\"><img decoding=\"async\" srcset=\"https:\/\/propesp.uepa.br\/ppgcipe\/wp-content\/uploads\/2024\/03\/servletrecuperafoto-6-768x1024.jpg ,https:\/\/propesp.uepa.br\/ppgcipe\/wp-content\/uploads\/2024\/03\/servletrecuperafoto-6.jpg 780w, https:\/\/propesp.uepa.br\/ppgcipe\/wp-content\/uploads\/2024\/03\/servletrecuperafoto-6.jpg 360w\" sizes=\"(max-width: 480px) 150px\" src=\"https:\/\/propesp.uepa.br\/ppgcipe\/wp-content\/uploads\/2024\/03\/servletrecuperafoto-6-768x1024.jpg\" alt=\"\" class=\"uag-image-191\" width=\"161\" height=\"189\" title=\"\" loading=\"lazy\"\/><\/figure><\/div>\n\n\n\n<p><\/p>\n\n\n\n<p class=\"has-text-align-center\"><strong><strong>IVETE FURTADO RIBEIRO CALDAS<\/strong><\/strong><\/p>\n\n\n\n<p class=\"has-text-align-center\"><strong>ivetecaldas@uepa.br<\/strong><\/p>\n\n\n\n<div class=\"wp-block-uagb-buttons uagb-buttons__outer-wrap uagb-btn__default-btn uagb-btn-tablet__default-btn uagb-btn-mobile__default-btn uagb-block-4d0b9e95\"><div class=\"uagb-buttons__wrap uagb-buttons-layout-wrap\">\n<div class=\"wp-block-uagb-buttons-child uagb-buttons__outer-wrap uagb-block-fbd92a49 wp-block-button\"><div class=\"uagb-button__wrapper\"><a class=\"uagb-buttons-repeater wp-block-button__link\" href=\"https:\/\/lattes.cnpq.br\/7292576382211566\" onclick=\"return true;\" rel=\"follow noopener\" target=\"_blank\"><div class=\"uagb-button__link\">Lattes<\/div><\/a><\/div><\/div>\n\n\n\n<div class=\"wp-block-uagb-buttons-child uagb-buttons__outer-wrap uagb-block-06a68fae wp-block-button\"><div class=\"uagb-button__wrapper\"><a class=\"uagb-buttons-repeater wp-block-button__link\" href=\"https:\/\/orcid.org\/0000-0002-2095-101X\" onclick=\"return true;\" rel=\"follow noopener\" target=\"_blank\"><div class=\"uagb-button__link\">Orcid<\/div><span class=\"uagb-button__icon uagb-button__icon-position-after\"><svg xmlns=\"https:\/\/www.w3.org\/2000\/svg\" viewBox=\"0 0 512 512\"><path d=\"M294.8 188.2h-45.92V342h47.47c67.62 0 83.12-51.34 83.12-76.91 0-41.64-26.54-76.9-84.67-76.9zM256 8C119 8 8 119 8 256s111 248 248 248 248-111 248-248S393 8 256 8zm-80.79 360.8h-29.84v-207.5h29.84zm-14.92-231.1a19.57 19.57 0 1 1 19.57-19.57 19.64 19.64 0 0 1 -19.57 19.57zM300 369h-81V161.3h80.6c76.73 0 110.4 54.83 110.4 103.8C410 318.4 368.4 369 300 369z\"><\/path><\/svg><\/span><\/a><\/div><\/div>\n<\/div><\/div>\n\n\n\n<p><\/p>\n","protected":false},"excerpt":{"rendered":"<p>Anderson Bentes de Lima andersonbentes@uepa.br Bolsista de Produtividade Desen. Tec. e Extens\u00e3o Inovadora do CNPq &#8211; N\u00edvel 2 IVETE FURTADO [&hellip;]<\/p>\n","protected":false},"author":1,"featured_media":0,"parent":0,"menu_order":0,"comment_status":"closed","ping_status":"closed","template":"","meta":{"_uag_custom_page_level_css":"","site-sidebar-layout":"default","site-content-layout":"","ast-site-content-layout":"","site-content-style":"default","site-sidebar-style":"default","ast-global-header-display":"","ast-banner-title-visibility":"","ast-main-header-display":"","ast-hfb-above-header-display":"","ast-hfb-below-header-display":"","ast-hfb-mobile-header-display":"","site-post-title":"","ast-breadcrumbs-content":"","ast-featured-img":"","footer-sml-layout":"","theme-transparent-header-meta":"","adv-header-id-meta":"","stick-header-meta":"","header-above-stick-meta":"","header-main-stick-meta":"","header-below-stick-meta":"","astra-migrate-meta-layouts":"default","ast-page-background-enabled":"default","ast-page-background-meta":{"desktop":{"background-color":"var(--ast-global-color-4)","background-image":"","background-repeat":"repeat","background-position":"center center","background-size":"auto","background-attachment":"scroll","background-type":"","background-media":"","overlay-type":"","overlay-color":"","overlay-gradient":""},"tablet":{"background-color":"","background-image":"","background-repeat":"repeat","background-position":"center center","background-size":"auto","background-attachment":"scroll","background-type":"","background-media":"","overlay-type":"","overlay-color":"","overlay-gradient":""},"mobile":{"background-color":"","background-image":"","background-repeat":"repeat","background-position":"center center","background-size":"auto","background-attachment":"scroll","background-type":"","background-media":"","overlay-type":"","overlay-color":"","overlay-gradient":""}},"ast-content-background-meta":{"desktop":{"background-color":"var(--ast-global-color-5)","background-image":"","background-repeat":"repeat","background-position":"center center","background-size":"auto","background-attachment":"scroll","background-type":"","background-media":"","overlay-type":"","overlay-color":"","overlay-gradient":""},"tablet":{"background-color":"var(--ast-global-color-5)","background-image":"","background-repeat":"repeat","background-position":"center center","background-size":"auto","background-attachment":"scroll","background-type":"","background-media":"","overlay-type":"","overlay-color":"","overlay-gradient":""},"mobile":{"background-color":"var(--ast-global-color-5)","background-image":"","background-repeat":"repeat","background-position":"center center","background-size":"auto","background-attachment":"scroll","background-type":"","background-media":"","overlay-type":"","overlay-color":"","overlay-gradient":""}},"footnotes":""},"class_list":["post-939","page","type-page","status-publish","hentry"],"uagb_featured_image_src":{"full":false,"thumbnail":false,"medium":false,"medium_large":false,"large":false,"1536x1536":false,"2048x2048":false},"uagb_author_info":{"display_name":"adminsites@uepa.br","author_link":"https:\/\/propesp.uepa.br\/ppgcipe\/index.php\/author\/adminsitesuepa-br\/"},"uagb_comment_info":0,"uagb_excerpt":"Anderson Bentes de Lima andersonbentes@uepa.br Bolsista de Produtividade Desen. Tec. e Extens\u00e3o Inovadora do CNPq &#8211; N\u00edvel 2 IVETE FURTADO [&hellip;]","_links":{"self":[{"href":"https:\/\/propesp.uepa.br\/ppgcipe\/index.php\/wp-json\/wp\/v2\/pages\/939"}],"collection":[{"href":"https:\/\/propesp.uepa.br\/ppgcipe\/index.php\/wp-json\/wp\/v2\/pages"}],"about":[{"href":"https:\/\/propesp.uepa.br\/ppgcipe\/index.php\/wp-json\/wp\/v2\/types\/page"}],"author":[{"embeddable":true,"href":"https:\/\/propesp.uepa.br\/ppgcipe\/index.php\/wp-json\/wp\/v2\/users\/1"}],"replies":[{"embeddable":true,"href":"https:\/\/propesp.uepa.br\/ppgcipe\/index.php\/wp-json\/wp\/v2\/comments?post=939"}],"version-history":[{"count":14,"href":"https:\/\/propesp.uepa.br\/ppgcipe\/index.php\/wp-json\/wp\/v2\/pages\/939\/revisions"}],"predecessor-version":[{"id":1419,"href":"https:\/\/propesp.uepa.br\/ppgcipe\/index.php\/wp-json\/wp\/v2\/pages\/939\/revisions\/1419"}],"wp:attachment":[{"href":"https:\/\/propesp.uepa.br\/ppgcipe\/index.php\/wp-json\/wp\/v2\/media?parent=939"}],"curies":[{"name":"wp","href":"https:\/\/api.w.org\/{rel}","templated":true}]}}