{"id":963,"date":"2025-02-05T15:05:22","date_gmt":"2025-02-05T18:05:22","guid":{"rendered":"https:\/\/propesp.uepa.br\/ppgcipe\/?page_id=963"},"modified":"2025-03-23T19:06:29","modified_gmt":"2025-03-23T22:06:29","slug":"mapa-de-acompanhamento-de-egresso","status":"publish","type":"page","link":"https:\/\/propesp.uepa.br\/ppgcipe\/index.php\/mapa-de-acompanhamento-de-egresso\/","title":{"rendered":"Mapa de Acompanhamento de Egresso"},"content":{"rendered":"\n<p class=\"has-text-align-center has-medium-font-size\"><strong>Mapeamento dos egressos<\/strong> <strong>(2016-2024)<\/strong><\/p>\n\n\n\n<div data-wp-interactive=\"core\/file\" class=\"wp-block-file\"><object data-wp-bind--hidden=\"!state.hasPdfPreview\"  class=\"wp-block-file__embed\" data=\"https:\/\/propesp.uepa.br\/ppgcipe\/wp-content\/uploads\/2025\/03\/Mapeamento-dos-egressos.pdf\" type=\"application\/pdf\" style=\"width:100%;height:600px\" aria-label=\"Incorporado de Mapeamento dos egressos.\"><\/object><a id=\"wp-block-file--media-4775e6f4-b80f-45a8-b865-f48958416a61\" href=\"https:\/\/propesp.uepa.br\/ppgcipe\/wp-content\/uploads\/2025\/03\/Mapeamento-dos-egressos.pdf\">Mapeamento dos egressos<\/a><a href=\"https:\/\/propesp.uepa.br\/ppgcipe\/wp-content\/uploads\/2025\/03\/Mapeamento-dos-egressos.pdf\" class=\"wp-block-file__button wp-element-button\" download aria-describedby=\"wp-block-file--media-4775e6f4-b80f-45a8-b865-f48958416a61\">Baixar<\/a><\/div>\n\n\n\n<p><\/p>\n\n\n\n<p><strong>Egressos de 2023<\/strong><\/p>\n\n\n\n<p><\/p>\n\n\n\n<p class=\"has-text-align-center\"><strong>SOLY GUEDES DE OLIVEIRA<\/strong><\/p>\n\n\n\n<p class=\"has-text-align-center\">Aprova\u00e7\u00e3o em concurso p\u00fablico para Secretaria do Estado de Sa\u00fade de Mato Grosso (SES\/MT)<\/p>\n\n\n\n<div data-wp-interactive=\"core\/file\" class=\"wp-block-file\"><object data-wp-bind--hidden=\"!state.hasPdfPreview\"  class=\"wp-block-file__embed\" data=\"https:\/\/propesp.uepa.br\/ppgcipe\/wp-content\/uploads\/2025\/02\/Aprovacao-concurso-SES-MT-Pg-49.pdf\" type=\"application\/pdf\" style=\"width:100%;height:600px\" aria-label=\"Incorporado de Aprovac\u0327a\u0303o concurso SES MT Pg 49.\"><\/object><a id=\"wp-block-file--media-801cd1e3-3675-4201-aead-0f76c35c55df\" href=\"https:\/\/propesp.uepa.br\/ppgcipe\/wp-content\/uploads\/2025\/02\/Aprovacao-concurso-SES-MT-Pg-49.pdf\">Aprovac\u0327a\u0303o concurso SES MT Pg 49<\/a><a href=\"https:\/\/propesp.uepa.br\/ppgcipe\/wp-content\/uploads\/2025\/02\/Aprovacao-concurso-SES-MT-Pg-49.pdf\" class=\"wp-block-file__button wp-element-button\" download aria-describedby=\"wp-block-file--media-801cd1e3-3675-4201-aead-0f76c35c55df\">Baixar<\/a><\/div>\n\n\n\n<p class=\"has-text-align-center\">SELE\u00c7\u00c3O PARA PROFESSOR TUTOR DO PROGRAMA DE EDUCA\u00c7\u00c3O PELO TRABALHO PARA A SA\u00daDE PET-SA\u00daDE GEST\u00c3O E ASSIST\u00caNCIA<\/p>\n\n\n\n<div data-wp-interactive=\"core\/file\" class=\"wp-block-file\"><object data-wp-bind--hidden=\"!state.hasPdfPreview\"  class=\"wp-block-file__embed\" data=\"https:\/\/propesp.uepa.br\/ppgcipe\/wp-content\/uploads\/2025\/02\/Pet-Saude-2022-2023-edital822022_resultadopreliminar.pdf\" type=\"application\/pdf\" style=\"width:100%;height:600px\" aria-label=\"Incorporado de Pet Saude 2022-2023 - edital822022_resultadopreliminar.\"><\/object><a id=\"wp-block-file--media-4f93bdd7-f20f-4ad1-8b0c-bcd5048142bd\" href=\"https:\/\/propesp.uepa.br\/ppgcipe\/wp-content\/uploads\/2025\/02\/Pet-Saude-2022-2023-edital822022_resultadopreliminar.pdf\">Pet Saude 2022-2023 &#8211; edital822022_resultadopreliminar<\/a><a href=\"https:\/\/propesp.uepa.br\/ppgcipe\/wp-content\/uploads\/2025\/02\/Pet-Saude-2022-2023-edital822022_resultadopreliminar.pdf\" class=\"wp-block-file__button wp-element-button\" download aria-describedby=\"wp-block-file--media-4f93bdd7-f20f-4ad1-8b0c-bcd5048142bd\">Baixar<\/a><\/div>\n\n\n\n<p class=\"has-text-align-center\">PROCESSO SELETIVO SIMPLIFICADO PARA PROFESSOR SUBSTITUTO<\/p>\n\n\n\n<div data-wp-interactive=\"core\/file\" class=\"wp-block-file\"><object data-wp-bind--hidden=\"!state.hasPdfPreview\"  class=\"wp-block-file__embed\" data=\"https:\/\/propesp.uepa.br\/ppgcipe\/wp-content\/uploads\/2025\/02\/PSS-UEPA.pdf\" type=\"application\/pdf\" style=\"width:100%;height:600px\" aria-label=\"Incorporado de PSS - UEPA.\"><\/object><a id=\"wp-block-file--media-ffeca01c-495f-4b77-b195-68afe10b48c1\" href=\"https:\/\/propesp.uepa.br\/ppgcipe\/wp-content\/uploads\/2025\/02\/PSS-UEPA.pdf\">PSS &#8211; UEPA<\/a><a href=\"https:\/\/propesp.uepa.br\/ppgcipe\/wp-content\/uploads\/2025\/02\/PSS-UEPA.pdf\" class=\"wp-block-file__button wp-element-button\" download aria-describedby=\"wp-block-file--media-ffeca01c-495f-4b77-b195-68afe10b48c1\">Baixar<\/a><\/div>\n\n\n\n<p class=\"has-text-align-center\">CONCURSO P\u00daBLICO PARA O PROVIMENTO DE VAGAS DE CARGOS DA SECRETARIA DE ESTADO DE SA\u00daDE \u2013 SESACRE<\/p>\n\n\n\n<div data-wp-interactive=\"core\/file\" class=\"wp-block-file\"><object data-wp-bind--hidden=\"!state.hasPdfPreview\"  class=\"wp-block-file__embed\" data=\"https:\/\/propesp.uepa.br\/ppgcipe\/wp-content\/uploads\/2025\/02\/Convicacao-SES-AC.pdf\" type=\"application\/pdf\" style=\"width:100%;height:600px\" aria-label=\"Incorporado de Convicac\u0327a\u0303o SES AC.\"><\/object><a id=\"wp-block-file--media-39c65193-8ee7-4e13-8c13-9101d340006c\" href=\"https:\/\/propesp.uepa.br\/ppgcipe\/wp-content\/uploads\/2025\/02\/Convicacao-SES-AC.pdf\">Convicac\u0327a\u0303o SES AC<\/a><a href=\"https:\/\/propesp.uepa.br\/ppgcipe\/wp-content\/uploads\/2025\/02\/Convicacao-SES-AC.pdf\" class=\"wp-block-file__button wp-element-button\" download aria-describedby=\"wp-block-file--media-39c65193-8ee7-4e13-8c13-9101d340006c\">Baixar<\/a><\/div>\n\n\n\n<p><\/p>\n\n\n\n<p><strong>Egressos de 2022<\/strong><\/p>\n\n\n\n<p class=\"has-text-align-center has-medium-font-size\"><strong>Rennan Adonis Pinheiro da Silva<\/strong><\/p>\n\n\n\n<p class=\"has-text-align-center\"><strong>Aprova\u00e7\u00e3o em concurso p\u00fablico na cidade de Marab\u00e1<\/strong><\/p>\n\n\n\n<div data-wp-interactive=\"core\/file\" class=\"wp-block-file\"><object data-wp-bind--hidden=\"!state.hasPdfPreview\"  class=\"wp-block-file__embed\" data=\"https:\/\/propesp.uepa.br\/ppgcipe\/wp-content\/uploads\/2025\/02\/CamScanner-05-02-2025-19.56.pdf\" type=\"application\/pdf\" style=\"width:100%;height:600px\" aria-label=\"Incorporado de CamScanner 05-02-2025 19.56.\"><\/object><a id=\"wp-block-file--media-455aa1be-18bd-43a2-9cb4-691905c4bb6d\" href=\"https:\/\/propesp.uepa.br\/ppgcipe\/wp-content\/uploads\/2025\/02\/CamScanner-05-02-2025-19.56.pdf\">CamScanner 05-02-2025 19.56<\/a><a href=\"https:\/\/propesp.uepa.br\/ppgcipe\/wp-content\/uploads\/2025\/02\/CamScanner-05-02-2025-19.56.pdf\" class=\"wp-block-file__button wp-element-button\" download aria-describedby=\"wp-block-file--media-455aa1be-18bd-43a2-9cb4-691905c4bb6d\">Baixar<\/a><\/div>\n\n\n\n<p><\/p>\n\n\n\n<p><strong>Egressos de 2021<\/strong><\/p>\n\n\n\n<p class=\"has-text-align-center has-medium-font-size\"><strong>Thais de Oliveira Cardoso Brand\u00e3o<\/strong><\/p>\n\n\n\n<p class=\"has-text-align-center\"><strong>Aprova\u00e7\u00e3o em processo seletivo para professor substituto (UEPA &#8211; 2023)<\/strong><\/p>\n\n\n\n<div class=\"wp-block-uagb-image uagb-block-c92e4b62 wp-block-uagb-image--layout-default wp-block-uagb-image--effect-static wp-block-uagb-image--align-none\"><figure class=\"wp-block-uagb-image__figure\"><img decoding=\"async\" srcset=\"https:\/\/propesp.uepa.br\/ppgcipe\/wp-content\/uploads\/2025\/02\/Aprovacao-em-processo-seletivo.jpg ,https:\/\/propesp.uepa.br\/ppgcipe\/wp-content\/uploads\/2025\/02\/Aprovacao-em-processo-seletivo.jpg 780w, https:\/\/propesp.uepa.br\/ppgcipe\/wp-content\/uploads\/2025\/02\/Aprovacao-em-processo-seletivo.jpg 360w\" sizes=\"(max-width: 480px) 150px\" src=\"https:\/\/propesp.uepa.br\/ppgcipe\/wp-content\/uploads\/2025\/02\/Aprovacao-em-processo-seletivo.jpg\" alt=\"\" class=\"uag-image-1166\" width=\"828\" height=\"426\" title=\"\" loading=\"lazy\"\/><\/figure><\/div>\n\n\n\n<p class=\"has-text-align-center has-medium-font-size\"><strong>Cap\u00edtulos de livro no PPGCIPE<\/strong><\/p>\n\n\n\n<div class=\"wp-block-uagb-image uagb-block-696e9cff wp-block-uagb-image--layout-default wp-block-uagb-image--effect-static wp-block-uagb-image--align-none\"><figure class=\"wp-block-uagb-image__figure\"><img decoding=\"async\" srcset=\"https:\/\/propesp.uepa.br\/ppgcipe\/wp-content\/uploads\/2025\/02\/20250215_173255000_iOS-473x1024.png ,https:\/\/propesp.uepa.br\/ppgcipe\/wp-content\/uploads\/2025\/02\/20250215_173255000_iOS.png 780w, https:\/\/propesp.uepa.br\/ppgcipe\/wp-content\/uploads\/2025\/02\/20250215_173255000_iOS.png 360w\" sizes=\"(max-width: 480px) 150px\" src=\"https:\/\/propesp.uepa.br\/ppgcipe\/wp-content\/uploads\/2025\/02\/20250215_173255000_iOS-473x1024.png\" alt=\"\" class=\"uag-image-1167\" width=\"828\" height=\"1792\" title=\"\" loading=\"lazy\"\/><\/figure><\/div>\n\n\n\n<p><\/p>\n","protected":false},"excerpt":{"rendered":"<p>Mapeamento dos egressos (2016-2024) Egressos de 2023 SOLY GUEDES DE OLIVEIRA Aprova\u00e7\u00e3o em concurso p\u00fablico para Secretaria do Estado de [&hellip;]<\/p>\n","protected":false},"author":1,"featured_media":0,"parent":0,"menu_order":0,"comment_status":"closed","ping_status":"closed","template":"","meta":{"_uag_custom_page_level_css":"","site-sidebar-layout":"default","site-content-layout":"","ast-site-content-layout":"","site-content-style":"default","site-sidebar-style":"default","ast-global-header-display":"","ast-banner-title-visibility":"","ast-main-header-display":"","ast-hfb-above-header-display":"","ast-hfb-below-header-display":"","ast-hfb-mobile-header-display":"","site-post-title":"","ast-breadcrumbs-content":"","ast-featured-img":"","footer-sml-layout":"","theme-transparent-header-meta":"","adv-header-id-meta":"","stick-header-meta":"","header-above-stick-meta":"","header-main-stick-meta":"","header-below-stick-meta":"","astra-migrate-meta-layouts":"default","ast-page-background-enabled":"default","ast-page-background-meta":{"desktop":{"background-color":"var(--ast-global-color-4)","background-image":"","background-repeat":"repeat","background-position":"center center","background-size":"auto","background-attachment":"scroll","background-type":"","background-media":"","overlay-type":"","overlay-color":"","overlay-gradient":""},"tablet":{"background-color":"","background-image":"","background-repeat":"repeat","background-position":"center center","background-size":"auto","background-attachment":"scroll","background-type":"","background-media":"","overlay-type":"","overlay-color":"","overlay-gradient":""},"mobile":{"background-color":"","background-image":"","background-repeat":"repeat","background-position":"center center","background-size":"auto","background-attachment":"scroll","background-type":"","background-media":"","overlay-type":"","overlay-color":"","overlay-gradient":""}},"ast-content-background-meta":{"desktop":{"background-color":"var(--ast-global-color-5)","background-image":"","background-repeat":"repeat","background-position":"center center","background-size":"auto","background-attachment":"scroll","background-type":"","background-media":"","overlay-type":"","overlay-color":"","overlay-gradient":""},"tablet":{"background-color":"var(--ast-global-color-5)","background-image":"","background-repeat":"repeat","background-position":"center center","background-size":"auto","background-attachment":"scroll","background-type":"","background-media":"","overlay-type":"","overlay-color":"","overlay-gradient":""},"mobile":{"background-color":"var(--ast-global-color-5)","background-image":"","background-repeat":"repeat","background-position":"center center","background-size":"auto","background-attachment":"scroll","background-type":"","background-media":"","overlay-type":"","overlay-color":"","overlay-gradient":""}},"footnotes":""},"class_list":["post-963","page","type-page","status-publish","hentry"],"uagb_featured_image_src":{"full":false,"thumbnail":false,"medium":false,"medium_large":false,"large":false,"1536x1536":false,"2048x2048":false},"uagb_author_info":{"display_name":"adminsites@uepa.br","author_link":"https:\/\/propesp.uepa.br\/ppgcipe\/index.php\/author\/adminsitesuepa-br\/"},"uagb_comment_info":0,"uagb_excerpt":"Mapeamento dos egressos (2016-2024) Egressos de 2023 SOLY GUEDES DE OLIVEIRA Aprova\u00e7\u00e3o em concurso p\u00fablico para Secretaria do Estado de [&hellip;]","_links":{"self":[{"href":"https:\/\/propesp.uepa.br\/ppgcipe\/index.php\/wp-json\/wp\/v2\/pages\/963"}],"collection":[{"href":"https:\/\/propesp.uepa.br\/ppgcipe\/index.php\/wp-json\/wp\/v2\/pages"}],"about":[{"href":"https:\/\/propesp.uepa.br\/ppgcipe\/index.php\/wp-json\/wp\/v2\/types\/page"}],"author":[{"embeddable":true,"href":"https:\/\/propesp.uepa.br\/ppgcipe\/index.php\/wp-json\/wp\/v2\/users\/1"}],"replies":[{"embeddable":true,"href":"https:\/\/propesp.uepa.br\/ppgcipe\/index.php\/wp-json\/wp\/v2\/comments?post=963"}],"version-history":[{"count":6,"href":"https:\/\/propesp.uepa.br\/ppgcipe\/index.php\/wp-json\/wp\/v2\/pages\/963\/revisions"}],"predecessor-version":[{"id":1214,"href":"https:\/\/propesp.uepa.br\/ppgcipe\/index.php\/wp-json\/wp\/v2\/pages\/963\/revisions\/1214"}],"wp:attachment":[{"href":"https:\/\/propesp.uepa.br\/ppgcipe\/index.php\/wp-json\/wp\/v2\/media?parent=963"}],"curies":[{"name":"wp","href":"https:\/\/api.w.org\/{rel}","templated":true}]}}