{"id":968,"date":"2025-02-05T15:06:20","date_gmt":"2025-02-05T18:06:20","guid":{"rendered":"https:\/\/propesp.uepa.br\/ppgcipe\/?page_id=968"},"modified":"2025-09-03T10:21:54","modified_gmt":"2025-09-03T13:21:54","slug":"convenios-e-parcerias","status":"publish","type":"page","link":"https:\/\/propesp.uepa.br\/ppgcipe\/index.php\/convenios-e-parcerias\/","title":{"rendered":"Conv\u00eanios e Parcerias"},"content":{"rendered":"\n<p>O Reitor da Universidade do Estado do Par\u00e1 (UEPA), por meio da Pr\u00f3-Reitoria de Pesquisa e P\u00f3s- gradua\u00e7\u00e3o (PROPESP), do Centro de Ci\u00eancias Biol\u00f3gicas e da Sa\u00fade (CCBS) e da Coordena\u00e7\u00e3o do Programa de P\u00f3s-Gradua\u00e7\u00e3o em Cirurgia e Pesquisa Experimental (CIPE), torna p\u00fablica a abertura das inscri\u00e7\u00f5es para o Processo Seletivo 2025, em n\u00edvel de Mestrado profissional, visando o preenchimento de vagas ofertadas para servidores do Centro de Hemoterapia e Hematologia do Par\u00e1 (HEMOPA), referente \u00e0 demanda espec\u00edfica do conv\u00eanio entres as institui\u00e7\u00f5es.<\/p>\n\n\n\n<p>Segue abaixo o edital 89-2025:<\/p>\n\n\n\n<div data-wp-interactive=\"core\/file\" class=\"wp-block-file\"><object data-wp-bind--hidden=\"!state.hasPdfPreview\"  class=\"wp-block-file__embed\" data=\"https:\/\/propesp.uepa.br\/ppgcipe\/wp-content\/uploads\/2025\/09\/edital-89-2025-Hemopa.pdf\" type=\"application\/pdf\" style=\"width:100%;height:600px\" aria-label=\"Incorporado de edital 89-2025 Hemopa.\"><\/object><a id=\"wp-block-file--media-4e5a9eba-103b-410e-95d1-a96bdefb6818\" href=\"https:\/\/propesp.uepa.br\/ppgcipe\/wp-content\/uploads\/2025\/09\/edital-89-2025-Hemopa.pdf\">edital 89-2025 Hemopa<\/a><a href=\"https:\/\/propesp.uepa.br\/ppgcipe\/wp-content\/uploads\/2025\/09\/edital-89-2025-Hemopa.pdf\" class=\"wp-block-file__button wp-element-button\" download aria-describedby=\"wp-block-file--media-4e5a9eba-103b-410e-95d1-a96bdefb6818\">Baixar<\/a><\/div>\n\n\n\n<p>Segue abaixo a Homologa\u00e7\u00e3o das inscri\u00e7\u00f5es:<\/p>\n\n\n\n<div data-wp-interactive=\"core\/file\" class=\"wp-block-file\"><object data-wp-bind--hidden=\"!state.hasPdfPreview\"  class=\"wp-block-file__embed\" data=\"https:\/\/propesp.uepa.br\/ppgcipe\/wp-content\/uploads\/2025\/09\/Homologacao-das-inscricoesedital-89-2025-1.pdf\" type=\"application\/pdf\" style=\"width:100%;height:600px\" aria-label=\"Incorporado de Homologa\u00e7\u00e3o das inscri\u00e7\u00f5es(edital 89-2025).\"><\/object><a id=\"wp-block-file--media-8f9dc2eb-fdec-409d-9414-7f91004d0a84\" href=\"https:\/\/propesp.uepa.br\/ppgcipe\/wp-content\/uploads\/2025\/09\/Homologacao-das-inscricoesedital-89-2025-1.pdf\">Homologa\u00e7\u00e3o das inscri\u00e7\u00f5es(edital 89-2025)<\/a><a href=\"https:\/\/propesp.uepa.br\/ppgcipe\/wp-content\/uploads\/2025\/09\/Homologacao-das-inscricoesedital-89-2025-1.pdf\" class=\"wp-block-file__button wp-element-button\" download aria-describedby=\"wp-block-file--media-8f9dc2eb-fdec-409d-9414-7f91004d0a84\">Baixar<\/a><\/div>\n","protected":false},"excerpt":{"rendered":"<p>O Reitor da Universidade do Estado do Par\u00e1 (UEPA), por meio da Pr\u00f3-Reitoria de Pesquisa e P\u00f3s- gradua\u00e7\u00e3o (PROPESP), do [&hellip;]<\/p>\n","protected":false},"author":1,"featured_media":0,"parent":0,"menu_order":0,"comment_status":"closed","ping_status":"closed","template":"","meta":{"_uag_custom_page_level_css":"","site-sidebar-layout":"default","site-content-layout":"","ast-site-content-layout":"","site-content-style":"default","site-sidebar-style":"default","ast-global-header-display":"","ast-banner-title-visibility":"","ast-main-header-display":"","ast-hfb-above-header-display":"","ast-hfb-below-header-display":"","ast-hfb-mobile-header-display":"","site-post-title":"","ast-breadcrumbs-content":"","ast-featured-img":"","footer-sml-layout":"","theme-transparent-header-meta":"","adv-header-id-meta":"","stick-header-meta":"","header-above-stick-meta":"","header-main-stick-meta":"","header-below-stick-meta":"","astra-migrate-meta-layouts":"default","ast-page-background-enabled":"default","ast-page-background-meta":{"desktop":{"background-color":"var(--ast-global-color-4)","background-image":"","background-repeat":"repeat","background-position":"center center","background-size":"auto","background-attachment":"scroll","background-type":"","background-media":"","overlay-type":"","overlay-color":"","overlay-gradient":""},"tablet":{"background-color":"","background-image":"","background-repeat":"repeat","background-position":"center center","background-size":"auto","background-attachment":"scroll","background-type":"","background-media":"","overlay-type":"","overlay-color":"","overlay-gradient":""},"mobile":{"background-color":"","background-image":"","background-repeat":"repeat","background-position":"center center","background-size":"auto","background-attachment":"scroll","background-type":"","background-media":"","overlay-type":"","overlay-color":"","overlay-gradient":""}},"ast-content-background-meta":{"desktop":{"background-color":"var(--ast-global-color-5)","background-image":"","background-repeat":"repeat","background-position":"center center","background-size":"auto","background-attachment":"scroll","background-type":"","background-media":"","overlay-type":"","overlay-color":"","overlay-gradient":""},"tablet":{"background-color":"var(--ast-global-color-5)","background-image":"","background-repeat":"repeat","background-position":"center center","background-size":"auto","background-attachment":"scroll","background-type":"","background-media":"","overlay-type":"","overlay-color":"","overlay-gradient":""},"mobile":{"background-color":"var(--ast-global-color-5)","background-image":"","background-repeat":"repeat","background-position":"center center","background-size":"auto","background-attachment":"scroll","background-type":"","background-media":"","overlay-type":"","overlay-color":"","overlay-gradient":""}},"footnotes":""},"class_list":["post-968","page","type-page","status-publish","hentry"],"uagb_featured_image_src":{"full":false,"thumbnail":false,"medium":false,"medium_large":false,"large":false,"1536x1536":false,"2048x2048":false},"uagb_author_info":{"display_name":"adminsites@uepa.br","author_link":"https:\/\/propesp.uepa.br\/ppgcipe\/index.php\/author\/adminsitesuepa-br\/"},"uagb_comment_info":0,"uagb_excerpt":"O Reitor da Universidade do Estado do Par\u00e1 (UEPA), por meio da Pr\u00f3-Reitoria de Pesquisa e P\u00f3s- gradua\u00e7\u00e3o (PROPESP), do [&hellip;]","_links":{"self":[{"href":"https:\/\/propesp.uepa.br\/ppgcipe\/index.php\/wp-json\/wp\/v2\/pages\/968"}],"collection":[{"href":"https:\/\/propesp.uepa.br\/ppgcipe\/index.php\/wp-json\/wp\/v2\/pages"}],"about":[{"href":"https:\/\/propesp.uepa.br\/ppgcipe\/index.php\/wp-json\/wp\/v2\/types\/page"}],"author":[{"embeddable":true,"href":"https:\/\/propesp.uepa.br\/ppgcipe\/index.php\/wp-json\/wp\/v2\/users\/1"}],"replies":[{"embeddable":true,"href":"https:\/\/propesp.uepa.br\/ppgcipe\/index.php\/wp-json\/wp\/v2\/comments?post=968"}],"version-history":[{"count":4,"href":"https:\/\/propesp.uepa.br\/ppgcipe\/index.php\/wp-json\/wp\/v2\/pages\/968\/revisions"}],"predecessor-version":[{"id":1224,"href":"https:\/\/propesp.uepa.br\/ppgcipe\/index.php\/wp-json\/wp\/v2\/pages\/968\/revisions\/1224"}],"wp:attachment":[{"href":"https:\/\/propesp.uepa.br\/ppgcipe\/index.php\/wp-json\/wp\/v2\/media?parent=968"}],"curies":[{"name":"wp","href":"https:\/\/api.w.org\/{rel}","templated":true}]}}