{"id":10,"date":"2023-01-11T10:58:47","date_gmt":"2023-01-11T13:58:47","guid":{"rendered":"https:\/\/paginas.uepa.br\/ppgcr\/?page_id=10"},"modified":"2024-09-30T15:52:19","modified_gmt":"2024-09-30T18:52:19","slug":"home","status":"publish","type":"page","link":"https:\/\/propesp.uepa.br\/ppgcr\/","title":{"rendered":"Home"},"content":{"rendered":"\n<style>\n.ast-above-header-wrap  {\nbackground: none;\n}\n<\/style>\n\n\n\n<div class=\"wp-block-uagb-container uagb-block-38d3a7ba alignfull uagb-is-root-container\"><div class=\"uagb-container__shape uagb-container__shape-bottom uagb-container__invert\" data-negative=\"false\"><svg xmlns=\"https:\/\/www.w3.org\/2000\/svg\" viewBox=\"0 0 1000 100\" preserveAspectRatio=\"none\"><path class=\"uagb-container__shape-fill\" d=\"M0,0c0,0,0,6,0,6.7c0,18,240.2,93.6,615.2,92.6C989.8,98.5,1000,25,1000,6.7c0-0.7,0-6.7,0-6.7H0z\"><\/path><\/svg><\/div><div class=\"uagb-container-inner-blocks-wrap\">\n<div class=\"wp-block-uagb-container uagb-block-e009e536\">\n<div class=\"inherit-container-width wp-block-group is-layout-constrained wp-block-group-is-layout-constrained\">\n<div class=\"wp-block-uagb-advanced-heading uagb-block-527bef83 justify\"><h2 class=\"uagb-heading-text\">Bem vindo!<\/h2><p class=\"uagb-desc-text\">O Programa de P\u00f3s-Gradua\u00e7\u00e3o em Ci\u00eancias da Religi\u00e3o (PPGCR\/UEPA) foi criado em 2010, ano em que recebeu parecer favor\u00e1vel do CTC-ES\/CAPES para funcionamento. Ap\u00f3s anos de trabalho e aprimoramento t\u00e9cnico-cient\u00edfico, em 2022 o PPG-CR\/UEPA recebeu a nota 04 (quatro) no final da Avalia\u00e7\u00e3o Quadrienal 2017-2020, e em 2022 obteve a aprova\u00e7\u00e3o de sua proposta de doutorado em Ci\u00eancias da Religi\u00e3o pela CAPES<\/p><\/div>\n\n\n\n<div class=\"wp-block-uagb-buttons uagb-buttons__outer-wrap uagb-btn__default-btn uagb-btn-tablet__default-btn uagb-btn-mobile__default-btn uagb-block-5da0ea2f\"><div class=\"uagb-buttons__wrap uagb-buttons-layout-wrap\">\n<div class=\"wp-block-uagb-buttons-child uagb-buttons__outer-wrap uagb-block-e20c47c1 wp-block-button\"><div class=\"uagb-button__wrapper\"><a class=\"uagb-buttons-repeater wp-block-button__link\" href=\"https:\/\/propesp.uepa.br\/ppgcr\/277-2\/\" onclick=\"return true;\" rel=\"follow noopener\" target=\"_self\"><div class=\"uagb-button__link\">Saiba Mais<\/div><\/a><\/div><\/div>\n<\/div><\/div>\n<\/div>\n\n\n\n<div class=\"inherit-container-width wp-block-group is-layout-constrained wp-block-group-is-layout-constrained\">\n<div class=\"wp-block-uagb-image alignleft uagb-block-fee94202 wp-block-uagb-image--layout-default wp-block-uagb-image--effect-static wp-block-uagb-image--align-left\"><figure class=\"wp-block-uagb-image__figure\"><img decoding=\"async\" srcset=\"https:\/\/propesp.uepa.br\/ppged\/wp-content\/uploads\/2024\/04\/logo-uepa-branca_Prancheta-1-1024x724-1.png ,https:\/\/propesp.uepa.br\/ppged\/wp-content\/uploads\/2024\/04\/logo-uepa-branca_Prancheta-1-1024x724-1.png 780w, https:\/\/propesp.uepa.br\/ppged\/wp-content\/uploads\/2024\/04\/logo-uepa-branca_Prancheta-1-1024x724-1.png 360w\" sizes=\"auto, (max-width: 480px) 150px\" src=\"https:\/\/propesp.uepa.br\/ppged\/wp-content\/uploads\/2024\/04\/logo-uepa-branca_Prancheta-1-1024x724-1.png\" alt=\"\" class=\"uag-image-10080\" width=\"192\" height=\"135\" title=\"\" loading=\"lazy\"\/><\/figure><\/div>\n<\/div>\n<\/div>\n\n\n\n<div class=\"wp-block-uagb-container uag-hide-tab uag-hide-mob uagb-block-fb99ae13\"><\/div>\n<\/div><\/div>\n\n\n\n<div id=\"itens\" class=\"wp-block-uagb-container uagb-block-c643e6d0 alignfull uagb-is-root-container\"><div class=\"uagb-container__shape uagb-container__shape-bottom uagb-container__invert\" data-negative=\"false\"><svg xmlns=\"https:\/\/www.w3.org\/2000\/svg\" viewBox=\"0 0 1000 100\" preserveAspectRatio=\"none\"><path class=\"uagb-container__shape-fill\" d=\"M0,0c0,0,0,6,0,6.7c0,18,240.2,93.6,615.2,92.6C989.8,98.5,1000,25,1000,6.7c0-0.7,0-6.7,0-6.7H0z\"><\/path><\/svg><\/div><div class=\"uagb-container-inner-blocks-wrap\">\n<div class=\"wp-block-columns is-not-stacked-on-mobile is-layout-flex wp-container-core-columns-is-layout-28f84493 wp-block-columns-is-layout-flex\">\n<div class=\"wp-block-column is-layout-flow wp-block-column-is-layout-flow\" style=\"flex-basis:66.66%\">\n<div class=\"wp-block-uagb-advanced-heading uagb-block-3364c451\"><h3 class=\"uagb-heading-text\"><strong>Not\u00edcias<\/strong><\/h3><\/div>\n<\/div>\n\n\n\n<div class=\"wp-block-column is-layout-flow wp-block-column-is-layout-flow\" style=\"flex-basis:33.33%\">\n<div class=\"wp-block-uagb-buttons uagb-buttons__outer-wrap uagb-btn__default-btn uagb-btn-tablet__default-btn uagb-btn-mobile__default-btn uagb-block-551f88e5\"><div class=\"uagb-buttons__wrap uagb-buttons-layout-wrap\">\n<div class=\"wp-block-uagb-buttons-child uagb-buttons__outer-wrap uagb-block-2aa92508 wp-block-button\"><div class=\"uagb-button__wrapper\"><a class=\"uagb-buttons-repeater wp-block-button__link\" href=\"https:\/\/propesp.uepa.br\/ppgcr\/noticias\/\" onclick=\"return true;\" rel=\"follow noopener\" target=\"_self\"><div class=\"uagb-button__link\">Ver mais<\/div><\/a><\/div><\/div>\n<\/div><\/div>\n<\/div>\n<\/div>\n\n\n\n\t\t\t<div class=\"wp-block-uagb-post-carousel uagb-post-grid  uagb-post__image-position-top uagb-post__image-enabled uagb-block-be1d5385     uagb-post__arrow-outside uagb-slick-carousel uagb-post__items uagb-post__columns-1 is-carousel uagb-post__columns-tablet-2 uagb-post__columns-mobile-1\" data-total=\"1\" style=\"\">\n\n\t\t\t\t\t\t\t\t\t\t\t\t<article class=\"uagb-post__inner-wrap\">\t\t\t\t\t\t\t\t<h4 class=\"uagb-post__title uagb-post__text\">\n\t\t\t\t<a href=\"https:\/\/propesp.uepa.br\/ppgcr\/calendario-academico-2026\/\" target=\"_self\" rel=\"bookmark noopener noreferrer\">Calend\u00e1rio Acad\u00eamico 2026<\/a>\n\t\t\t<\/h4>\n\t\t\t\t\t\t<div class='uagb-post__text uagb-post-grid-byline'>\n\t\t\t\t\t\t\t\t<time datetime=\"2026-02-02T15:17:13-03:00\" class=\"uagb-post__date\">\n\t\t\t\t<span class=\"dashicons-calendar dashicons\"><\/span>\t\t\t\t\t02\/02\/2026\t\t\t\t<\/time>\n\t\t\t\t\t\t\t<span class=\"uagb-post__comment\">\n\t\t\t\t<span class=\"dashicons-admin-comments dashicons\"><\/span>\t\t\t\t\tNenhum coment\u00e1rio\t\t\t\t<\/span>\n\t\t\t\t\t\t<\/div>\n\t\t\t\t\t\t\t<div class='uagb-post__text uagb-post__excerpt'>\n\t\t\t\t\t<p>Calendario-Acad\u00eamico-2026Baixar<\/p>\n\t\t\t\t<\/div>\n\t\t\t\t\t\t<div class=\"uagb-post__text uagb-post__cta wp-block-button\">\n\t\t\t\t<a class=\"wp-block-button__link uagb-text-link\" href=\"https:\/\/propesp.uepa.br\/ppgcr\/calendario-academico-2026\/\" target=\"_self\" rel=\"bookmark noopener noreferrer\">Ler mais<\/a>\n\t\t\t<\/div>\n\t\t\t\t\t\t\t\t\t\t\t\t<\/article>\n\t\t\t\t\t\t\t\t\t\t\t\t\t\t\t\t<article class=\"uagb-post__inner-wrap\">\t\t\t\t\t\t\t\t<h4 class=\"uagb-post__title uagb-post__text\">\n\t\t\t\t<a href=\"https:\/\/propesp.uepa.br\/ppgcr\/edital-no-09-2026-uepa-processo-seletivo-de-doutorado-do-programa-de-programa-de-pos-graduacao-em-ciencias-da-religiao-ppgcr-uepa2026\/\" target=\"_self\" rel=\"bookmark noopener noreferrer\">Edital n\u00ba 09\/2026-UEPA,\u00a0Processo Seletivo de Doutorado do Programa de Programa de\u00a0 P\u00f3s-gradua\u00e7\u00e3o em Ci\u00eancias da Religi\u00e3o \u2013 PPGCR-UEPA,2026.<\/a>\n\t\t\t<\/h4>\n\t\t\t\t\t\t<div class='uagb-post__text uagb-post-grid-byline'>\n\t\t\t\t\t\t\t\t<time datetime=\"2026-01-21T11:00:36-03:00\" class=\"uagb-post__date\">\n\t\t\t\t<span class=\"dashicons-calendar dashicons\"><\/span>\t\t\t\t\t21\/01\/2026\t\t\t\t<\/time>\n\t\t\t\t\t\t\t<span class=\"uagb-post__comment\">\n\t\t\t\t<span class=\"dashicons-admin-comments dashicons\"><\/span>\t\t\t\t\tNenhum coment\u00e1rio\t\t\t\t<\/span>\n\t\t\t\t\t\t<\/div>\n\t\t\t\t\t\t\t<div class='uagb-post__text uagb-post__excerpt'>\n\t\t\t\t\t<p>Edital 2026 doutoradoBaixar<\/p>\n\t\t\t\t<\/div>\n\t\t\t\t\t\t<div class=\"uagb-post__text uagb-post__cta wp-block-button\">\n\t\t\t\t<a class=\"wp-block-button__link uagb-text-link\" href=\"https:\/\/propesp.uepa.br\/ppgcr\/edital-no-09-2026-uepa-processo-seletivo-de-doutorado-do-programa-de-programa-de-pos-graduacao-em-ciencias-da-religiao-ppgcr-uepa2026\/\" target=\"_self\" rel=\"bookmark noopener noreferrer\">Ler mais<\/a>\n\t\t\t<\/div>\n\t\t\t\t\t\t\t\t\t\t\t\t<\/article>\n\t\t\t\t\t\t\t\t\t\t\t\t\t\t\t\t<article class=\"uagb-post__inner-wrap\">\t\t\t\t\t\t\t\t<h4 class=\"uagb-post__title uagb-post__text\">\n\t\t\t\t<a href=\"https:\/\/propesp.uepa.br\/ppgcr\/edital-no-08-2026-uepa-processo-seletivo-de-mestrado-do-programa-de-programa-de-pos-graduacao-em-ciencias-da-religiao-ppgcr-uepa2026\/\" target=\"_self\" rel=\"bookmark noopener noreferrer\">Edital n\u00ba 08\/2026-UEPA,\u00a0Processo Seletivo  de Mestrado do Programa de Programa de\u00a0 P\u00f3s-gradua\u00e7\u00e3o em Ci\u00eancias da Religi\u00e3o \u2013 PPGCR-UEPA,2026.<\/a>\n\t\t\t<\/h4>\n\t\t\t\t\t\t<div class='uagb-post__text uagb-post-grid-byline'>\n\t\t\t\t\t\t\t\t<time datetime=\"2026-01-21T10:53:14-03:00\" class=\"uagb-post__date\">\n\t\t\t\t<span class=\"dashicons-calendar dashicons\"><\/span>\t\t\t\t\t21\/01\/2026\t\t\t\t<\/time>\n\t\t\t\t\t\t\t<span class=\"uagb-post__comment\">\n\t\t\t\t<span class=\"dashicons-admin-comments dashicons\"><\/span>\t\t\t\t\tNenhum coment\u00e1rio\t\t\t\t<\/span>\n\t\t\t\t\t\t<\/div>\n\t\t\t\t\t\t\t<div class='uagb-post__text uagb-post__excerpt'>\n\t\t\t\t\t<p>Edital 2026 mestradoBaixar<\/p>\n\t\t\t\t<\/div>\n\t\t\t\t\t\t<div class=\"uagb-post__text uagb-post__cta wp-block-button\">\n\t\t\t\t<a class=\"wp-block-button__link uagb-text-link\" href=\"https:\/\/propesp.uepa.br\/ppgcr\/edital-no-08-2026-uepa-processo-seletivo-de-mestrado-do-programa-de-programa-de-pos-graduacao-em-ciencias-da-religiao-ppgcr-uepa2026\/\" target=\"_self\" rel=\"bookmark noopener noreferrer\">Ler mais<\/a>\n\t\t\t<\/div>\n\t\t\t\t\t\t\t\t\t\t\t\t<\/article>\n\t\t\t\t\t\t\t\t\t\t\t\t\t\t\t\t<article class=\"uagb-post__inner-wrap\">\t\t\t\t\t\t\t\t<h4 class=\"uagb-post__title uagb-post__text\">\n\t\t\t\t<a href=\"https:\/\/propesp.uepa.br\/ppgcr\/bolsa-sanduiche-capes-programa-institucional-de-doutoradosanduiche-no-exterior-pdse\/\" target=\"_self\" rel=\"bookmark noopener noreferrer\">BOLSA SANDU\u00cdCHE CAPES &#8211; PROGRAMA INSTITUCIONAL DE DOUTORADOSANDU\u00cdCHE NO EXTERIOR (PDSE)<\/a>\n\t\t\t<\/h4>\n\t\t\t\t\t\t<div class='uagb-post__text uagb-post-grid-byline'>\n\t\t\t\t\t\t\t\t<time datetime=\"2025-09-11T15:01:29-03:00\" class=\"uagb-post__date\">\n\t\t\t\t<span class=\"dashicons-calendar dashicons\"><\/span>\t\t\t\t\t11\/09\/2025\t\t\t\t<\/time>\n\t\t\t\t\t\t\t<span class=\"uagb-post__comment\">\n\t\t\t\t<span class=\"dashicons-admin-comments dashicons\"><\/span>\t\t\t\t\tNenhum coment\u00e1rio\t\t\t\t<\/span>\n\t\t\t\t\t\t<\/div>\n\t\t\t\t\t\t\t<div class='uagb-post__text uagb-post__excerpt'>\n\t\t\t\t\t<p>Edital 01 &#8211; 2025 &#8211; PPGCR PDSE 2025Baixar<\/p>\n\t\t\t\t<\/div>\n\t\t\t\t\t\t<div class=\"uagb-post__text uagb-post__cta wp-block-button\">\n\t\t\t\t<a class=\"wp-block-button__link uagb-text-link\" href=\"https:\/\/propesp.uepa.br\/ppgcr\/bolsa-sanduiche-capes-programa-institucional-de-doutoradosanduiche-no-exterior-pdse\/\" target=\"_self\" rel=\"bookmark noopener noreferrer\">Ler mais<\/a>\n\t\t\t<\/div>\n\t\t\t\t\t\t\t\t\t\t\t\t<\/article>\n\t\t\t\t\t\t\t\t\t\t\t\t\t\t\t\t<article class=\"uagb-post__inner-wrap\">\t\t\t\t\t\t\t\t<h4 class=\"uagb-post__title uagb-post__text\">\n\t\t\t\t<a href=\"https:\/\/propesp.uepa.br\/ppgcr\/edital-af\/\" target=\"_self\" rel=\"bookmark noopener noreferrer\">Edital AF<\/a>\n\t\t\t<\/h4>\n\t\t\t\t\t\t<div class='uagb-post__text uagb-post-grid-byline'>\n\t\t\t\t\t\t\t\t<time datetime=\"2025-06-04T15:42:06-03:00\" class=\"uagb-post__date\">\n\t\t\t\t<span class=\"dashicons-calendar dashicons\"><\/span>\t\t\t\t\t04\/06\/2025\t\t\t\t<\/time>\n\t\t\t\t\t\t\t<span class=\"uagb-post__comment\">\n\t\t\t\t<span class=\"dashicons-admin-comments dashicons\"><\/span>\t\t\t\t\tNenhum coment\u00e1rio\t\t\t\t<\/span>\n\t\t\t\t\t\t<\/div>\n\t\t\t\t\t\t\t<div class='uagb-post__text uagb-post__excerpt'>\n\t\t\t\t\t<p>edital492025<\/p>\n\t\t\t\t<\/div>\n\t\t\t\t\t\t<div class=\"uagb-post__text uagb-post__cta wp-block-button\">\n\t\t\t\t<a class=\"wp-block-button__link uagb-text-link\" href=\"https:\/\/propesp.uepa.br\/ppgcr\/edital-af\/\" target=\"_self\" rel=\"bookmark noopener noreferrer\">Ler mais<\/a>\n\t\t\t<\/div>\n\t\t\t\t\t\t\t\t\t\t\t\t<\/article>\n\t\t\t\t\t\t\t\t\t\t\t\t\t\t\t\t<article class=\"uagb-post__inner-wrap\">\t\t\t\t\t\t\t\t<h4 class=\"uagb-post__title uagb-post__text\">\n\t\t\t\t<a href=\"https:\/\/propesp.uepa.br\/ppgcr\/ppgcr\/\" target=\"_self\" rel=\"bookmark noopener noreferrer\">PPGCR<\/a>\n\t\t\t<\/h4>\n\t\t\t\t\t\t<div class='uagb-post__text uagb-post-grid-byline'>\n\t\t\t\t\t\t\t\t<time datetime=\"2024-08-08T15:44:20-03:00\" class=\"uagb-post__date\">\n\t\t\t\t<span class=\"dashicons-calendar dashicons\"><\/span>\t\t\t\t\t08\/08\/2024\t\t\t\t<\/time>\n\t\t\t\t\t\t\t<span class=\"uagb-post__comment\">\n\t\t\t\t<span class=\"dashicons-admin-comments dashicons\"><\/span>\t\t\t\t\tNenhum coment\u00e1rio\t\t\t\t<\/span>\n\t\t\t\t\t\t<\/div>\n\t\t\t\t\t\t\t<div class='uagb-post__text uagb-post__excerpt'>\n\t\t\t\t\t<p>O Programa de P\u00f3s-Gradua\u00e7\u00e3o em Ci\u00eancias da Religi\u00e3o, PPGCR-UEPA, teve sua aprova\u00e7\u00e3o pela CAPES e&#8230;\t\t\t\t<\/div>\n\t\t\t\t\t\t<div class=\"uagb-post__text uagb-post__cta wp-block-button\">\n\t\t\t\t<a class=\"wp-block-button__link uagb-text-link\" href=\"https:\/\/propesp.uepa.br\/ppgcr\/ppgcr\/\" target=\"_self\" rel=\"bookmark noopener noreferrer\">Ler mais<\/a>\n\t\t\t<\/div>\n\t\t\t\t\t\t\t\t\t\t\t\t<\/article>\n\t\t\t\t\t\t\t\t\t\t\t<\/div>\n\t\t\t\n\n\n<div class=\"wp-block-uagb-advanced-heading uagb-block-134303ef\"><h2 class=\"uagb-heading-text\">Acesso R\u00e1pido<\/h2><div class=\"uagb-separator\"><\/div><\/div>\n\n\n\n<div class=\"wp-block-uagb-container uagb-block-ebbc47bb alignfull uagb-is-root-container\"><div class=\"uagb-container-inner-blocks-wrap\">\n<div data-aos= \"fade-right\" data-aos-duration=\"400\" data-aos-delay=\"0\" data-aos-easing=\"ease\" data-aos-once=\"true\" class=\"wp-block-uagb-image aligncenter uagb-block-6eabfc16 wp-block-uagb-image--layout-overlay wp-block-uagb-image--effect-zoomin wp-block-uagb-image--align-center\"><figure class=\"wp-block-uagb-image__figure\"><a class=\"\" href=\"https:\/\/propesp.uepa.br\/ppgcr\/index.php\/matriz-curricular\/\" target=\"\" rel=\"noopener\"><img decoding=\"async\" srcset=\"https:\/\/pssparauapebas.uepa.br\/23\/wp-content\/uploads\/2023\/06\/pexels-rfstudio-3059748-1-1024x683.jpg \" sizes=\"auto, (max-width: 480px) 150px\" src=\"https:\/\/pssparauapebas.uepa.br\/23\/wp-content\/uploads\/2023\/06\/pexels-rfstudio-3059748-1-1024x683.jpg\" alt=\"\" class=\"uag-image-259\" width=\"600\" height=\"400\" title=\"\" loading=\"lazy\"\/><\/a><div class=\"wp-block-uagb-image--layout-overlay__color-wrapper\"><\/div><div class=\"wp-block-uagb-image--layout-overlay__inner center-center\"><a class=\"wp-block-uagb-image--layout-overlay-link \" href=\"https:\/\/propesp.uepa.br\/ppgcr\/index.php\/matriz-curricular\/\" target=\"\" rel=\"noopener\"><\/a><h2 class=\"uagb-image-heading\"><a href=\"https:\/\/propesp.uepa.br\/ppgcr\/index.php\/matriz-curricular\/\">Matriz Curricular<\/a><\/h2><\/div><\/figure><\/div>\n\n\n\n<div data-aos= \"fade-left\" data-aos-duration=\"400\" data-aos-delay=\"0\" data-aos-easing=\"ease\" data-aos-once=\"true\" class=\"wp-block-uagb-image aligncenter uagb-block-dddbcffe wp-block-uagb-image--layout-overlay wp-block-uagb-image--effect-zoomin wp-block-uagb-image--align-center\"><figure class=\"wp-block-uagb-image__figure\"><a class=\"\" href=\"https:\/\/propesp.uepa.br\/ppgcr\/index.php\/resolucoes\/\" target=\"\" rel=\"noopener\"><img decoding=\"async\" srcset=\"https:\/\/pssparauapebas.uepa.br\/23\/wp-content\/uploads\/2023\/06\/pexels-tima-miroshnichenko-5198239-1024x683.jpg \" sizes=\"auto, (max-width: 480px) 150px\" src=\"https:\/\/pssparauapebas.uepa.br\/23\/wp-content\/uploads\/2023\/06\/pexels-tima-miroshnichenko-5198239-1024x683.jpg\" alt=\"\" class=\"uag-image-261\" width=\"600\" height=\"400\" title=\"\" loading=\"lazy\"\/><\/a><div class=\"wp-block-uagb-image--layout-overlay__color-wrapper\"><\/div><div class=\"wp-block-uagb-image--layout-overlay__inner center-center\"><a class=\"wp-block-uagb-image--layout-overlay-link \" href=\"https:\/\/propesp.uepa.br\/ppgcr\/index.php\/resolucoes\/\" target=\"\" rel=\"noopener\"><\/a><h2 class=\"uagb-image-heading\"><a href=\"https:\/\/propesp.uepa.br\/ppgcr\/index.php\/resolucoes\/\">Resolu\u00e7\u00f5es<\/a><\/h2><\/div><\/figure><\/div>\n<\/div><\/div>\n<\/div><\/div>\n","protected":false},"excerpt":{"rendered":"<p>Bem vindo! O Programa de P\u00f3s-Gradua\u00e7\u00e3o em Ci\u00eancias da Religi\u00e3o (PPGCR\/UEPA) foi criado em 2010, ano em que recebeu parecer favor\u00e1vel do CTC-ES\/CAPES para funcionamento. Ap\u00f3s anos de trabalho e aprimoramento t\u00e9cnico-cient\u00edfico, em 2022 o PPG-CR\/UEPA recebeu a nota 04 (quatro) no final da Avalia\u00e7\u00e3o Quadrienal 2017-2020, e em 2022 obteve a aprova\u00e7\u00e3o de sua [&hellip;]<\/p>\n","protected":false},"author":1,"featured_media":0,"parent":0,"menu_order":0,"comment_status":"closed","ping_status":"closed","template":"","meta":{"_uag_custom_page_level_css":"","site-sidebar-layout":"no-sidebar","site-content-layout":"plain-container","ast-site-content-layout":"normal-width-container","site-content-style":"unboxed","site-sidebar-style":"unboxed","ast-global-header-display":"","ast-banner-title-visibility":"","ast-main-header-display":"","ast-hfb-above-header-display":"","ast-hfb-below-header-display":"","ast-hfb-mobile-header-display":"","site-post-title":"disabled","ast-breadcrumbs-content":"","ast-featured-img":"","footer-sml-layout":"","theme-transparent-header-meta":"enabled","adv-header-id-meta":"","stick-header-meta":"","header-above-stick-meta":"","header-main-stick-meta":"","header-below-stick-meta":"","astra-migrate-meta-layouts":"set","ast-page-background-enabled":"default","ast-page-background-meta":{"desktop":{"background-color":"var(--ast-global-color-4)","background-image":"","background-repeat":"repeat","background-position":"center center","background-size":"auto","background-attachment":"scroll","background-type":"","background-media":"","overlay-type":"","overlay-color":"","overlay-gradient":""},"tablet":{"background-color":"","background-image":"","background-repeat":"repeat","background-position":"center center","background-size":"auto","background-attachment":"scroll","background-type":"","background-media":"","overlay-type":"","overlay-color":"","overlay-gradient":""},"mobile":{"background-color":"","background-image":"","background-repeat":"repeat","background-position":"center center","background-size":"auto","background-attachment":"scroll","background-type":"","background-media":"","overlay-type":"","overlay-color":"","overlay-gradient":""}},"ast-content-background-meta":{"desktop":{"background-color":"var(--ast-global-color-5)","background-image":"","background-repeat":"repeat","background-position":"center center","background-size":"auto","background-attachment":"scroll","background-type":"","background-media":"","overlay-type":"","overlay-color":"","overlay-gradient":""},"tablet":{"background-color":"var(--ast-global-color-5)","background-image":"","background-repeat":"repeat","background-position":"center center","background-size":"auto","background-attachment":"scroll","background-type":"","background-media":"","overlay-type":"","overlay-color":"","overlay-gradient":""},"mobile":{"background-color":"var(--ast-global-color-5)","background-image":"","background-repeat":"repeat","background-position":"center center","background-size":"auto","background-attachment":"scroll","background-type":"","background-media":"","overlay-type":"","overlay-color":"","overlay-gradient":""}},"footnotes":""},"class_list":["post-10","page","type-page","status-publish","hentry"],"uagb_featured_image_src":{"full":false,"thumbnail":false,"medium":false,"medium_large":false,"large":false,"1536x1536":false,"2048x2048":false},"uagb_author_info":{"display_name":"adminsites@uepa.br","author_link":"https:\/\/propesp.uepa.br\/ppgcr\/author\/adminsitesuepa-br\/"},"uagb_comment_info":0,"uagb_excerpt":"Bem vindo! O Programa de P\u00f3s-Gradua\u00e7\u00e3o em Ci\u00eancias da Religi\u00e3o (PPGCR\/UEPA) foi criado em 2010, ano em que recebeu parecer favor\u00e1vel do CTC-ES\/CAPES para funcionamento. Ap\u00f3s anos de trabalho e aprimoramento t\u00e9cnico-cient\u00edfico, em 2022 o PPG-CR\/UEPA recebeu a nota 04 (quatro) no final da Avalia\u00e7\u00e3o Quadrienal 2017-2020, e em 2022 obteve a aprova\u00e7\u00e3o de sua&hellip;","_links":{"self":[{"href":"https:\/\/propesp.uepa.br\/ppgcr\/wp-json\/wp\/v2\/pages\/10","targetHints":{"allow":["GET"]}}],"collection":[{"href":"https:\/\/propesp.uepa.br\/ppgcr\/wp-json\/wp\/v2\/pages"}],"about":[{"href":"https:\/\/propesp.uepa.br\/ppgcr\/wp-json\/wp\/v2\/types\/page"}],"author":[{"embeddable":true,"href":"https:\/\/propesp.uepa.br\/ppgcr\/wp-json\/wp\/v2\/users\/1"}],"replies":[{"embeddable":true,"href":"https:\/\/propesp.uepa.br\/ppgcr\/wp-json\/wp\/v2\/comments?post=10"}],"version-history":[{"count":46,"href":"https:\/\/propesp.uepa.br\/ppgcr\/wp-json\/wp\/v2\/pages\/10\/revisions"}],"predecessor-version":[{"id":932,"href":"https:\/\/propesp.uepa.br\/ppgcr\/wp-json\/wp\/v2\/pages\/10\/revisions\/932"}],"wp:attachment":[{"href":"https:\/\/propesp.uepa.br\/ppgcr\/wp-json\/wp\/v2\/media?parent=10"}],"curies":[{"name":"wp","href":"https:\/\/api.w.org\/{rel}","templated":true}]}}