{"id":245,"date":"2023-01-27T12:39:53","date_gmt":"2023-01-27T15:39:53","guid":{"rendered":"https:\/\/paginas.uepa.br\/ppgcr\/?page_id=245"},"modified":"2026-02-02T17:49:45","modified_gmt":"2026-02-02T20:49:45","slug":"docentes","status":"publish","type":"page","link":"https:\/\/propesp.uepa.br\/ppgcr\/docentes\/","title":{"rendered":"Docentes"},"content":{"rendered":"\n<div class=\"wp-block-uagb-container uagb-block-ebcb0e98 default uagb-is-root-container\">\n<details class=\"wp-block-details has-border-color has-background has-medium-font-size is-layout-flow wp-container-core-details-is-layout-8a368f38 wp-block-details-is-layout-flow\" style=\"border-color:#e8e8e8;border-width:15px;background-color:#e8e8e8\"><summary>Dr. Donizete Aparecido Rodrigues<\/summary>\n<ul class=\"wp-block-list\">\n<li>Doutorado em Antropologia Social, Universidade de Coimbra.<\/li>\n\n\n\n<li>Curr\u00edculo Lattes:&nbsp;<a href=\"http:\/\/lattes.cnpq.br\/8683413945729524\">http:\/\/lattes.cnpq.br\/8683413945729524<\/a><\/li>\n\n\n\n<li>Linha de Pesquisa Religi\u00e3o e Sociedades<\/li>\n<\/ul>\n<\/details>\n\n\n\n<details class=\"wp-block-details has-border-color has-background has-medium-font-size is-layout-flow wp-container-core-details-is-layout-8a368f38 wp-block-details-is-layout-flow\" style=\"border-color:#e8e8e8;border-width:15px;background-color:#e8e8e8\"><summary>Dr. Douglas Rodrigues da Concei\u00e7\u00e3o<\/summary>\n<ul class=\"wp-block-list\">\n<li>Doutorado em Ci\u00eancias da Religi\u00e3o, UMESP.<\/li>\n\n\n\n<li>P\u00f3s-Doutorado em Literatura, Universit\u00e9 Paris Nanterre<\/li>\n\n\n\n<li>Curr\u00edculo Lattes:&nbsp;<a href=\"http:\/\/lattes.cnpq.br\/4549796540582541lINK\">http:\/\/lattes.cnpq.br\/4549796540582541lINK<\/a><\/li>\n\n\n\n<li>Linha de Pesquisa Linguagens da Religi\u00e3o<\/li>\n<\/ul>\n<\/details>\n\n\n\n<details class=\"wp-block-details has-border-color has-background has-medium-font-size is-layout-flow wp-container-core-details-is-layout-8a368f38 wp-block-details-is-layout-flow\" style=\"border-color:#e8e8e8;border-width:15px;background-color:#e8e8e8\"><summary>Dra. Fl\u00e1via Cristina Ara\u00fajo Lucas<\/summary>\n<ul class=\"wp-block-list\">\n<li>Doutorado em Ci\u00eancias Biol\u00f3gicas, INPA.<\/li>\n\n\n\n<li>P\u00f3s-Doutorado no Observat\u00f3rio Intera\u00e7\u00e3o Planta-Medicamento, Universidade de Coimbra<\/li>\n\n\n\n<li>Curr\u00edculo Lattes:&nbsp;<a href=\"http:\/\/lattes.cnpq.br\/4286675736752972\">http:\/\/lattes.cnpq.br\/4286675736752972<\/a><\/li>\n\n\n\n<li>Linha de Pesquisa Religi\u00e3o e Sociedades<\/li>\n<\/ul>\n<\/details>\n\n\n\n<details class=\"wp-block-details has-border-color has-background has-medium-font-size is-layout-flow wp-container-core-details-is-layout-8a368f38 wp-block-details-is-layout-flow\" style=\"border-color:#e8e8e8;border-width:15px;background-color:#e8e8e8\"><summary>Dr. Leif Ericksson Nunes Gr\u00fcnewald<\/summary>\n<ul class=\"wp-block-list\">\n<li>Doutorado em Antropologia, UFF.<\/li>\n\n\n\n<li>P\u00f3s-Doutorado em Filosofia, Universit\u00e9 Toulouse II &#8211; Jean Jaur\u00e8s<\/li>\n\n\n\n<li>Curr\u00edculo Lattes:&nbsp;<a href=\"http:\/\/lattes.cnpq.br\/9190184122896989\">http:\/\/lattes.cnpq.br\/9190184122896989<\/a><\/li>\n\n\n\n<li>Linha de Pesquisa Linguagens da Religi\u00e3o<\/li>\n<\/ul>\n<\/details>\n\n\n\n<details class=\"wp-block-details has-border-color has-background has-medium-font-size is-layout-flow wp-container-core-details-is-layout-8a368f38 wp-block-details-is-layout-flow\" style=\"border-color:#e8e8e8;border-width:15px;background-color:#e8e8e8\"><summary>Dr. Francisco Willams Campos Lima<\/summary>\n<ul class=\"wp-block-list\">\n<li>Doutorado em Educa\u00e7\u00e3o, UFPA.<\/li>\n\n\n\n<li>Curr\u00edculo Lattes:&nbsp;<a href=\"http:\/\/lattes.cnpq.br\/3830731699132201\">http:\/\/lattes.cnpq.br\/3830731699132201<\/a><\/li>\n\n\n\n<li>Linha de Pesquisa Religi\u00e3o e Sociedades<\/li>\n<\/ul>\n<\/details>\n\n\n\n<details class=\"wp-block-details has-border-color has-background has-medium-font-size is-layout-flow wp-container-core-details-is-layout-8a368f38 wp-block-details-is-layout-flow\" style=\"border-color:#e8e8e8;border-width:15px;background-color:#e8e8e8\"><summary>Dr. Ipojucan Campos Dias<\/summary>\n<ul class=\"wp-block-list\">\n<li>Doutorado em Hist\u00f3ria Social, PUC-SP<\/li>\n\n\n\n<li>Curr\u00edculo Lattes:&nbsp;<a href=\"http:\/\/lattes.cnpq.br\/0380400211532063\">http:\/\/lattes.cnpq.br\/0380400211532063<\/a><\/li>\n\n\n\n<li>Linha de Pesquisa Religi\u00e3o e Sociedades<\/li>\n<\/ul>\n<\/details>\n\n\n\n<details class=\"wp-block-details has-border-color has-background has-medium-font-size is-layout-flow wp-container-core-details-is-layout-8a368f38 wp-block-details-is-layout-flow\" style=\"border-color:#e8e8e8;border-width:15px;background-color:#e8e8e8\"><summary>Dra. Daniela Cordovil Corr\u00eaa dos Santos<\/summary>\n<ul class=\"wp-block-list\">\n<li>Doutorado em Antropologia, UnB.<\/li>\n\n\n\n<li>P\u00f3s-Doutorado em Ci\u00eancias Humanas, Universidade de Coimbra.<\/li>\n\n\n\n<li>Curr\u00edculo Lattes:&nbsp;<a href=\"http:\/\/lattes.cnpq.br\/7504588150091029\">http:\/\/lattes.cnpq.br\/7504588150091029<\/a><\/li>\n\n\n\n<li>Linha de Pesquisa Linguagens da Religi\u00e3o<\/li>\n<\/ul>\n<\/details>\n\n\n\n<details class=\"wp-block-details has-border-color has-background has-medium-font-size is-layout-flow wp-container-core-details-is-layout-8a368f38 wp-block-details-is-layout-flow\" style=\"border-color:#e8e8e8;border-width:15px;background-color:#e8e8e8\"><summary>Dr. Raimundo S\u00e9rgio de Farias J\u00fanior<\/summary>\n<ul class=\"wp-block-list\">\n<li>Doutorado em Educa\u00e7\u00e3o, UFPA<\/li>\n\n\n\n<li>P\u00f3s-Doutorado em Educa\u00e7\u00e3o, PUC-SP<\/li>\n\n\n\n<li>Curr\u00edculo Lattes&nbsp;<a href=\"http:\/\/lattes.cnpq.br\/5767392608877546\">http:\/\/lattes.cnpq.br\/5767392608877546<\/a><\/li>\n\n\n\n<li>Linha de Pesquisa: Religi\u00e3o e Sociedades<\/li>\n<\/ul>\n<\/details>\n\n\n\n<details class=\"wp-block-details has-border-color has-background has-medium-font-size is-layout-flow wp-container-core-details-is-layout-8a368f38 wp-block-details-is-layout-flow\" style=\"border-color:#e8e8e8;border-width:15px;background-color:#e8e8e8\"><summary>Dr. S\u00e9rgio Rog\u00e9rio Azevedo Junqueira<\/summary>\n<ul class=\"wp-block-list\">\n<li>Doutorado em Ci\u00eancias da Educa\u00e7\u00e3o. Universit\u00e1 Pontificia Salesiana di Roma<\/li>\n\n\n\n<li>Livre-Docente (PUC-SP,2012)<\/li>\n\n\n\n<li>Curr\u00edculo Lattes&nbsp;&nbsp;<a href=\"http:\/\/lattes.cnpq.br\/8648726976057922\">http:\/\/lattes.cnpq.br\/8648726976057922<\/a><\/li>\n\n\n\n<li>Linha de Pesquisa: Religi\u00e3o e Sociedades<\/li>\n<\/ul>\n<\/details>\n\n\n\n<details class=\"wp-block-details has-border-color has-background has-medium-font-size is-layout-flow wp-container-core-details-is-layout-8a368f38 wp-block-details-is-layout-flow\" style=\"border-color:#e8e8e8;border-width:15px;background-color:#e8e8e8\"><summary>Dra. Maria do Socorro Vasconcelos<\/summary>\n<ul class=\"wp-block-list\">\n<li>Doutorado em Educa\u00e7\u00e3o, UFPA<\/li>\n\n\n\n<li>Curr\u00edculo Lattes&nbsp;&nbsp;<a href=\"https:\/\/lattes.cnpq.br\/8464004094228951\">https:\/\/lattes.cnpq.br\/8464004094228951<\/a><\/li>\n\n\n\n<li>Linha de Pesquisa: Pol\u00edticas P\u00fablicas Educacionais<\/li>\n<\/ul>\n\n\n\n<div class=\"wp-block-uagb-container uagb-block-68143490\"><\/div>\n<\/details>\n\n\n\n<details class=\"wp-block-details has-border-color has-background has-medium-font-size is-layout-flow wp-container-core-details-is-layout-8a368f38 wp-block-details-is-layout-flow\" style=\"border-color:#e8e8e8;border-width:15px;background-color:#e8e8e8\"><summary>Dr. Helio Figueiredo da Serra Netto<\/summary>\n<ul class=\"wp-block-list\">\n<li>Doutorado em Sociologia e Antropologia, UFPA<\/li>\n\n\n\n<li>Curr\u00edculo Lattes: <a href=\"http:\/\/lattes.cnpq.br\/4224391015335802\">http:\/\/lattes.cnpq.br\/4224391015335802<\/a><\/li>\n\n\n\n<li>Linha de Pesquisa: Linguagens da Religi\u00e3o<\/li>\n<\/ul>\n\n\n\n<div class=\"wp-block-uagb-container uagb-block-cdaf4c3c\"><\/div>\n<\/details>\n\n\n\n<div class=\"wp-block-uagb-advanced-heading uagb-block-6b554d0f\"><h2 class=\"uagb-heading-text\">\u00a0Docente em Est\u00e1gio de P\u00f3s-doutorado\u00a0<\/h2><\/div>\n\n\n\n<details class=\"wp-block-details has-border-color has-background has-medium-font-size is-layout-flow wp-container-core-details-is-layout-8a368f38 wp-block-details-is-layout-flow\" style=\"border-color:#e8e8e8;border-width:15px;background-color:#e8e8e8\"><summary>Dr. Stefan van der Hoek<\/summary>\n<ul class=\"wp-block-list\">\n<li>Bolsista Walter Benjamin da Comunidade Alem\u00e3 de Pesquisa&nbsp;<br>(DFG \/ Deutsche Forschungsgemeinschaft)<\/li>\n\n\n\n<li>Curr\u00edculo Lattes: <a href=\"http:\/\/lattes.cnpq.br\/7009374940179769\">http:\/\/lattes.cnpq.br\/7009374940179769<\/a><\/li>\n\n\n\n<li>Linha de Pesquisa: Religi\u00e3o e Educa\u00e7\u00e3o<\/li>\n<\/ul>\n\n\n\n<div class=\"wp-block-uagb-container uagb-block-8760b95f\"><\/div>\n<\/details>\n<\/div>\n\n\n\n<p><\/p>\n","protected":false},"excerpt":{"rendered":"<p>\u00a0Docente em Est\u00e1gio de P\u00f3s-doutorado\u00a0<\/p>\n","protected":false},"author":6,"featured_media":0,"parent":0,"menu_order":0,"comment_status":"closed","ping_status":"closed","template":"","meta":{"_uag_custom_page_level_css":"","site-sidebar-layout":"default","site-content-layout":null,"ast-site-content-layout":"default","site-content-style":"default","site-sidebar-style":"default","ast-global-header-display":"","ast-banner-title-visibility":"","ast-main-header-display":"","ast-hfb-above-header-display":"","ast-hfb-below-header-display":"","ast-hfb-mobile-header-display":"","site-post-title":"","ast-breadcrumbs-content":"","ast-featured-img":"","footer-sml-layout":"","theme-transparent-header-meta":"","adv-header-id-meta":null,"stick-header-meta":null,"header-above-stick-meta":null,"header-main-stick-meta":null,"header-below-stick-meta":null,"astra-migrate-meta-layouts":"set","ast-page-background-enabled":"default","ast-page-background-meta":{"desktop":{"background-color":"var(--ast-global-color-4)","background-image":"","background-repeat":"repeat","background-position":"center center","background-size":"auto","background-attachment":"scroll","background-type":"","background-media":"","overlay-type":"","overlay-color":"","overlay-gradient":""},"tablet":{"background-color":"","background-image":"","background-repeat":"repeat","background-position":"center center","background-size":"auto","background-attachment":"scroll","background-type":"","background-media":"","overlay-type":"","overlay-color":"","overlay-gradient":""},"mobile":{"background-color":"","background-image":"","background-repeat":"repeat","background-position":"center center","background-size":"auto","background-attachment":"scroll","background-type":"","background-media":"","overlay-type":"","overlay-color":"","overlay-gradient":""}},"ast-content-background-meta":{"desktop":{"background-color":"var(--ast-global-color-5)","background-image":"","background-repeat":"repeat","background-position":"center center","background-size":"auto","background-attachment":"scroll","background-type":"","background-media":"","overlay-type":"","overlay-color":"","overlay-gradient":""},"tablet":{"background-color":"var(--ast-global-color-5)","background-image":"","background-repeat":"repeat","background-position":"center center","background-size":"auto","background-attachment":"scroll","background-type":"","background-media":"","overlay-type":"","overlay-color":"","overlay-gradient":""},"mobile":{"background-color":"var(--ast-global-color-5)","background-image":"","background-repeat":"repeat","background-position":"center center","background-size":"auto","background-attachment":"scroll","background-type":"","background-media":"","overlay-type":"","overlay-color":"","overlay-gradient":""}},"footnotes":""},"class_list":["post-245","page","type-page","status-publish","hentry"],"uagb_featured_image_src":{"full":false,"thumbnail":false,"medium":false,"medium_large":false,"large":false,"1536x1536":false,"2048x2048":false},"uagb_author_info":{"display_name":"pollyene.santos","author_link":"https:\/\/propesp.uepa.br\/ppgcr\/author\/pollyene-santos\/"},"uagb_comment_info":0,"uagb_excerpt":"\u00a0Docente em Est\u00e1gio de P\u00f3s-doutorado\u00a0","_links":{"self":[{"href":"https:\/\/propesp.uepa.br\/ppgcr\/wp-json\/wp\/v2\/pages\/245","targetHints":{"allow":["GET"]}}],"collection":[{"href":"https:\/\/propesp.uepa.br\/ppgcr\/wp-json\/wp\/v2\/pages"}],"about":[{"href":"https:\/\/propesp.uepa.br\/ppgcr\/wp-json\/wp\/v2\/types\/page"}],"author":[{"embeddable":true,"href":"https:\/\/propesp.uepa.br\/ppgcr\/wp-json\/wp\/v2\/users\/6"}],"replies":[{"embeddable":true,"href":"https:\/\/propesp.uepa.br\/ppgcr\/wp-json\/wp\/v2\/comments?post=245"}],"version-history":[{"count":19,"href":"https:\/\/propesp.uepa.br\/ppgcr\/wp-json\/wp\/v2\/pages\/245\/revisions"}],"predecessor-version":[{"id":1126,"href":"https:\/\/propesp.uepa.br\/ppgcr\/wp-json\/wp\/v2\/pages\/245\/revisions\/1126"}],"wp:attachment":[{"href":"https:\/\/propesp.uepa.br\/ppgcr\/wp-json\/wp\/v2\/media?parent=245"}],"curies":[{"name":"wp","href":"https:\/\/api.w.org\/{rel}","templated":true}]}}