{"id":277,"date":"2023-01-30T14:45:29","date_gmt":"2023-01-30T17:45:29","guid":{"rendered":"https:\/\/paginas.uepa.br\/ppgcr\/?page_id=277"},"modified":"2024-07-01T15:43:43","modified_gmt":"2024-07-01T18:43:43","slug":"277-2","status":"publish","type":"page","link":"https:\/\/propesp.uepa.br\/ppgcr\/277-2\/","title":{"rendered":"Apresenta\u00e7\u00e3o"},"content":{"rendered":"\n<div class=\"wp-block-uagb-container uagb-block-1e0b5490 alignfull uagb-is-root-container\"><div class=\"uagb-container-inner-blocks-wrap\">\n<p>O Programa de P\u00f3s-Gradua\u00e7\u00e3o em Ci\u00eancias da Religi\u00e3o (PPGCR\/UEPA) foi criado em 2010, ano em que recebeu parecer favor\u00e1vel do CTC-ES\/CAPES para funcionamento. Ap\u00f3s anos de trabalho e aprimoramento t\u00e9cnico-cient\u00edfico, em 2022 o PPG-CR\/UEPA recebeu a nota 04 (quatro) no final da Avalia\u00e7\u00e3o Quadrienal 2017-2020, e em 2022 obteve a aprova\u00e7\u00e3o de sua proposta de doutorado em Ci\u00eancias da Religi\u00e3o pela CAPES  <br><br>A atua\u00e7\u00e3o do PPGCR\/UEPA procura responder \u00e0 evidente demanda pela pesquisa<\/p>\n\n\n\n<p> de alto n\u00edvel acerca da religi\u00e3o em seu contexto regional. Considerando a natureza e o espa\u00e7o sociocultural de inser\u00e7\u00e3o do PPGCR, sua exist\u00eancia institucional e suas atividades, o PPGCR\/UEPA se orienta pelos seguintes \u201cobjetivos\u201d e, ao mesmo tempo, prop\u00f5e o seguinte \u201cperfil do egresso\u201d: Objetivos: &#8211; Geral: Investigar a religi\u00e3o a partir de suas formas de express\u00e3o e das inter-rela\u00e7\u00f5es que ela estabelece com outras esferas da cultura e com a sociedade. &#8211; Espec\u00edficos: a) promover a forma\u00e7\u00e3o de mestres(as) e doutores(as) na regi\u00e3o Norte do Brasil; b) estimular a fixa\u00e7\u00e3o de mestres(as) e doutores(as) na Amaz\u00f4nia brasileira; c) favorecer a forma\u00e7\u00e3o de docentes para atuar em institui\u00e7\u00f5es de ensino superior da regi\u00e3o Norte e do pa\u00eds; d) estimular a produ\u00e7\u00e3o cient\u00edfica na \u00e1rea de Ci\u00eancias da Religi\u00e3o e Teologia; e) contribuir para o aperfei\u00e7oamento de docentes que atuam na Educa\u00e7\u00e3o B\u00e1sica; f) debater teorias e produzir metodologias para o estudo cient\u00edfico da religi\u00e3o; g) promover di\u00e1logos com a sociedade sobre temas relacionados ao fen\u00f4meno religioso; h) cooperar para a capacita\u00e7\u00e3o e o aperfei\u00e7oamento de profissionais da guarda e da promo\u00e7\u00e3o do patrim\u00f4nio p\u00fablico cultural relacionado \u00e0s quest\u00f5es religiosas e i) contribuir para compreens\u00e3o civil p\u00fablica e de Estado sobre a diversidade cultural religiosa e sobre a import\u00e2ncia de uma articula\u00e7\u00e3o p\u00fablica de inclus\u00e3o e da democracia religiosa. Perfil do Egresso: &#8211; Dominar e aprimorar os referenciais te\u00f3ricos e os m\u00e9todos de pesquisa das Ci\u00eancias da Religi\u00e3o a partir do contexto amaz\u00f4nico. &#8211; Contribuir para o exerc\u00edcio e o aperfei\u00e7oamento do ensino da religi\u00e3o, considerando o multiculturalismo e a publicidade como caracter\u00edsticas fundamentais do instituto educacional (b\u00e1sico e superior) no Brasil, bem como para a explora\u00e7\u00e3o e o ordenamento te\u00f3rico do patrim\u00f4nio s\u00f3cio-cultural da religi\u00e3o na Amaz\u00f4nia. &#8211; Atuar no di\u00e1logo religioso privilegiando: a inclus\u00e3o das vozes minorit\u00e1rias, o comprometimento \u00e9tico no manuseio e na disponibiliza\u00e7\u00e3o p\u00fablica de fontes, documentos e bens culturais e, por fim, a produ\u00e7\u00e3o e a difus\u00e3o do conhecimento pr\u00f3prio \u00e0 \u00e1rea das Ci\u00eancias da Religi\u00e3o.<\/p>\n\n\n\n<p><\/p>\n<\/div><\/div>\n","protected":false},"excerpt":{"rendered":"<p>O Programa de P\u00f3s-Gradua\u00e7\u00e3o em Ci\u00eancias da Religi\u00e3o (PPGCR\/UEPA) foi criado em 2010, ano em que recebeu parecer favor\u00e1vel do CTC-ES\/CAPES para funcionamento. Ap\u00f3s anos de trabalho e aprimoramento t\u00e9cnico-cient\u00edfico, em 2022 o PPG-CR\/UEPA recebeu a nota 04 (quatro) no final da Avalia\u00e7\u00e3o Quadrienal 2017-2020, e em 2022 obteve a aprova\u00e7\u00e3o de sua proposta de [&hellip;]<\/p>\n","protected":false},"author":1,"featured_media":0,"parent":0,"menu_order":0,"comment_status":"closed","ping_status":"closed","template":"","meta":{"_uag_custom_page_level_css":"","site-sidebar-layout":"default","site-content-layout":"","ast-site-content-layout":"default","site-content-style":"default","site-sidebar-style":"default","ast-global-header-display":"","ast-banner-title-visibility":"","ast-main-header-display":"","ast-hfb-above-header-display":"","ast-hfb-below-header-display":"","ast-hfb-mobile-header-display":"","site-post-title":"","ast-breadcrumbs-content":"","ast-featured-img":"","footer-sml-layout":"","theme-transparent-header-meta":"","adv-header-id-meta":"","stick-header-meta":"","header-above-stick-meta":"","header-main-stick-meta":"","header-below-stick-meta":"","astra-migrate-meta-layouts":"set","ast-page-background-enabled":"default","ast-page-background-meta":{"desktop":{"background-color":"var(--ast-global-color-4)","background-image":"","background-repeat":"repeat","background-position":"center center","background-size":"auto","background-attachment":"scroll","background-type":"","background-media":"","overlay-type":"","overlay-color":"","overlay-gradient":""},"tablet":{"background-color":"","background-image":"","background-repeat":"repeat","background-position":"center center","background-size":"auto","background-attachment":"scroll","background-type":"","background-media":"","overlay-type":"","overlay-color":"","overlay-gradient":""},"mobile":{"background-color":"","background-image":"","background-repeat":"repeat","background-position":"center center","background-size":"auto","background-attachment":"scroll","background-type":"","background-media":"","overlay-type":"","overlay-color":"","overlay-gradient":""}},"ast-content-background-meta":{"desktop":{"background-color":"var(--ast-global-color-5)","background-image":"","background-repeat":"repeat","background-position":"center center","background-size":"auto","background-attachment":"scroll","background-type":"","background-media":"","overlay-type":"","overlay-color":"","overlay-gradient":""},"tablet":{"background-color":"var(--ast-global-color-5)","background-image":"","background-repeat":"repeat","background-position":"center center","background-size":"auto","background-attachment":"scroll","background-type":"","background-media":"","overlay-type":"","overlay-color":"","overlay-gradient":""},"mobile":{"background-color":"var(--ast-global-color-5)","background-image":"","background-repeat":"repeat","background-position":"center center","background-size":"auto","background-attachment":"scroll","background-type":"","background-media":"","overlay-type":"","overlay-color":"","overlay-gradient":""}},"footnotes":""},"class_list":["post-277","page","type-page","status-publish","hentry"],"uagb_featured_image_src":{"full":false,"thumbnail":false,"medium":false,"medium_large":false,"large":false,"1536x1536":false,"2048x2048":false},"uagb_author_info":{"display_name":"adminsites@uepa.br","author_link":"https:\/\/propesp.uepa.br\/ppgcr\/author\/adminsitesuepa-br\/"},"uagb_comment_info":0,"uagb_excerpt":"O Programa de P\u00f3s-Gradua\u00e7\u00e3o em Ci\u00eancias da Religi\u00e3o (PPGCR\/UEPA) foi criado em 2010, ano em que recebeu parecer favor\u00e1vel do CTC-ES\/CAPES para funcionamento. Ap\u00f3s anos de trabalho e aprimoramento t\u00e9cnico-cient\u00edfico, em 2022 o PPG-CR\/UEPA recebeu a nota 04 (quatro) no final da Avalia\u00e7\u00e3o Quadrienal 2017-2020, e em 2022 obteve a aprova\u00e7\u00e3o de sua proposta de&hellip;","_links":{"self":[{"href":"https:\/\/propesp.uepa.br\/ppgcr\/wp-json\/wp\/v2\/pages\/277","targetHints":{"allow":["GET"]}}],"collection":[{"href":"https:\/\/propesp.uepa.br\/ppgcr\/wp-json\/wp\/v2\/pages"}],"about":[{"href":"https:\/\/propesp.uepa.br\/ppgcr\/wp-json\/wp\/v2\/types\/page"}],"author":[{"embeddable":true,"href":"https:\/\/propesp.uepa.br\/ppgcr\/wp-json\/wp\/v2\/users\/1"}],"replies":[{"embeddable":true,"href":"https:\/\/propesp.uepa.br\/ppgcr\/wp-json\/wp\/v2\/comments?post=277"}],"version-history":[{"count":9,"href":"https:\/\/propesp.uepa.br\/ppgcr\/wp-json\/wp\/v2\/pages\/277\/revisions"}],"predecessor-version":[{"id":671,"href":"https:\/\/propesp.uepa.br\/ppgcr\/wp-json\/wp\/v2\/pages\/277\/revisions\/671"}],"wp:attachment":[{"href":"https:\/\/propesp.uepa.br\/ppgcr\/wp-json\/wp\/v2\/media?parent=277"}],"curies":[{"name":"wp","href":"https:\/\/api.w.org\/{rel}","templated":true}]}}