{"id":310,"date":"2023-02-01T11:46:57","date_gmt":"2023-02-01T14:46:57","guid":{"rendered":"https:\/\/paginas.uepa.br\/ppgcr\/?page_id=310"},"modified":"2024-07-01T16:47:38","modified_gmt":"2024-07-01T19:47:38","slug":"linha-de-pesquisa","status":"publish","type":"page","link":"https:\/\/propesp.uepa.br\/ppgcr\/linha-de-pesquisa\/","title":{"rendered":"Linha de Pesquisa"},"content":{"rendered":"\n<div class=\"wp-block-uagb-container uagb-block-2895affa alignfull uagb-is-root-container\"><div class=\"uagb-container-inner-blocks-wrap\">\n<p><strong>Linhas de Pesquisa:<\/strong><\/p>\n\n\n\n<div class=\"wp-block-group is-layout-constrained wp-block-group-is-layout-constrained\">\n<p class=\"has-text-align-left\"><br><strong>Linguagens da Religi\u00e3o <\/strong><br>Estuda a religi\u00e3o a partir de seus mitos, s\u00edmbolos, ritos, textos sagrados, narrativas e<br>doutrinas. Estuda tamb\u00e9m os temas sacros presentes em express\u00f5es art\u00edsticas liter\u00e1rias e<br>visuais, sob o enfoque de teorias provenientes das Ci\u00eancias Interpretativas, das Ci\u00eancias<br>da Linguagem, das Ci\u00eancias da Literatura, das Ci\u00eancias da Cultura e tamb\u00e9m da<br>Teologia e da Filosofia.<\/p>\n<\/div>\n\n\n\n<div class=\"wp-block-group is-layout-constrained wp-block-group-is-layout-constrained\">\n<p class=\"has-text-align-left\"><br><strong>Religi\u00e3o e Sociedades<\/strong><br>Estuda as organiza\u00e7\u00f5es religiosas, a religi\u00e3o de grupos \u00e9tnicos, as rela\u00e7\u00f5es da religi\u00e3o<br>com o espa\u00e7o p\u00fablico, o fato da diversidade religiosa, as pr\u00e1ticas bioculturais com<br>\u00eanfases religiosas, as pr\u00e1ticas de cura e as espiritualidades desenvolvidas por sujeitos ou<br>grupos sob o enfoque de teorias e m\u00e9todos provenientes da Etnologia, da Antropologia,<br>da Sociologia, da Hist\u00f3ria, da Bioantropologia e da Etnobot\u00e2nica.<\/p>\n<\/div>\n\n\n\n<p><\/p>\n<\/div><\/div>\n","protected":false},"excerpt":{"rendered":"<p>Linhas de Pesquisa: Linguagens da Religi\u00e3o Estuda a religi\u00e3o a partir de seus mitos, s\u00edmbolos, ritos, textos sagrados, narrativas edoutrinas. Estuda tamb\u00e9m os temas sacros presentes em express\u00f5es art\u00edsticas liter\u00e1rias evisuais, sob o enfoque de teorias provenientes das Ci\u00eancias Interpretativas, das Ci\u00eanciasda Linguagem, das Ci\u00eancias da Literatura, das Ci\u00eancias da Cultura e tamb\u00e9m daTeologia e [&hellip;]<\/p>\n","protected":false},"author":1,"featured_media":0,"parent":0,"menu_order":0,"comment_status":"closed","ping_status":"closed","template":"","meta":{"_uag_custom_page_level_css":"","site-sidebar-layout":"default","site-content-layout":"","ast-site-content-layout":"default","site-content-style":"default","site-sidebar-style":"default","ast-global-header-display":"","ast-banner-title-visibility":"","ast-main-header-display":"","ast-hfb-above-header-display":"","ast-hfb-below-header-display":"","ast-hfb-mobile-header-display":"","site-post-title":"","ast-breadcrumbs-content":"","ast-featured-img":"","footer-sml-layout":"","theme-transparent-header-meta":"","adv-header-id-meta":"","stick-header-meta":"","header-above-stick-meta":"","header-main-stick-meta":"","header-below-stick-meta":"","astra-migrate-meta-layouts":"set","ast-page-background-enabled":"default","ast-page-background-meta":{"desktop":{"background-color":"var(--ast-global-color-4)","background-image":"","background-repeat":"repeat","background-position":"center center","background-size":"auto","background-attachment":"scroll","background-type":"","background-media":"","overlay-type":"","overlay-color":"","overlay-gradient":""},"tablet":{"background-color":"","background-image":"","background-repeat":"repeat","background-position":"center center","background-size":"auto","background-attachment":"scroll","background-type":"","background-media":"","overlay-type":"","overlay-color":"","overlay-gradient":""},"mobile":{"background-color":"","background-image":"","background-repeat":"repeat","background-position":"center center","background-size":"auto","background-attachment":"scroll","background-type":"","background-media":"","overlay-type":"","overlay-color":"","overlay-gradient":""}},"ast-content-background-meta":{"desktop":{"background-color":"var(--ast-global-color-5)","background-image":"","background-repeat":"repeat","background-position":"center center","background-size":"auto","background-attachment":"scroll","background-type":"","background-media":"","overlay-type":"","overlay-color":"","overlay-gradient":""},"tablet":{"background-color":"var(--ast-global-color-5)","background-image":"","background-repeat":"repeat","background-position":"center center","background-size":"auto","background-attachment":"scroll","background-type":"","background-media":"","overlay-type":"","overlay-color":"","overlay-gradient":""},"mobile":{"background-color":"var(--ast-global-color-5)","background-image":"","background-repeat":"repeat","background-position":"center center","background-size":"auto","background-attachment":"scroll","background-type":"","background-media":"","overlay-type":"","overlay-color":"","overlay-gradient":""}},"footnotes":""},"class_list":["post-310","page","type-page","status-publish","hentry"],"uagb_featured_image_src":{"full":false,"thumbnail":false,"medium":false,"medium_large":false,"large":false,"1536x1536":false,"2048x2048":false},"uagb_author_info":{"display_name":"adminsites@uepa.br","author_link":"https:\/\/propesp.uepa.br\/ppgcr\/author\/adminsitesuepa-br\/"},"uagb_comment_info":0,"uagb_excerpt":"Linhas de Pesquisa: Linguagens da Religi\u00e3o Estuda a religi\u00e3o a partir de seus mitos, s\u00edmbolos, ritos, textos sagrados, narrativas edoutrinas. Estuda tamb\u00e9m os temas sacros presentes em express\u00f5es art\u00edsticas liter\u00e1rias evisuais, sob o enfoque de teorias provenientes das Ci\u00eancias Interpretativas, das Ci\u00eanciasda Linguagem, das Ci\u00eancias da Literatura, das Ci\u00eancias da Cultura e tamb\u00e9m daTeologia e&hellip;","_links":{"self":[{"href":"https:\/\/propesp.uepa.br\/ppgcr\/wp-json\/wp\/v2\/pages\/310","targetHints":{"allow":["GET"]}}],"collection":[{"href":"https:\/\/propesp.uepa.br\/ppgcr\/wp-json\/wp\/v2\/pages"}],"about":[{"href":"https:\/\/propesp.uepa.br\/ppgcr\/wp-json\/wp\/v2\/types\/page"}],"author":[{"embeddable":true,"href":"https:\/\/propesp.uepa.br\/ppgcr\/wp-json\/wp\/v2\/users\/1"}],"replies":[{"embeddable":true,"href":"https:\/\/propesp.uepa.br\/ppgcr\/wp-json\/wp\/v2\/comments?post=310"}],"version-history":[{"count":5,"href":"https:\/\/propesp.uepa.br\/ppgcr\/wp-json\/wp\/v2\/pages\/310\/revisions"}],"predecessor-version":[{"id":686,"href":"https:\/\/propesp.uepa.br\/ppgcr\/wp-json\/wp\/v2\/pages\/310\/revisions\/686"}],"wp:attachment":[{"href":"https:\/\/propesp.uepa.br\/ppgcr\/wp-json\/wp\/v2\/media?parent=310"}],"curies":[{"name":"wp","href":"https:\/\/api.w.org\/{rel}","templated":true}]}}